{"id":641,"date":"2021-01-18T20:10:43","date_gmt":"2021-01-18T20:10:43","guid":{"rendered":"https:\/\/nilbilisim.com.tr\/magaza\/urun\/dahua-sd6ce245u-hni-2mp-45x-starlight-ir-ptz-network-kamera\/"},"modified":"2024-07-01T01:42:08","modified_gmt":"2024-06-30T22:42:08","slug":"dahua-sd6ce245u-hni-2mp-45x-starlight-ir-ptz-network-kamera","status":"publish","type":"product","link":"https:\/\/nilbilisim.com.tr\/magaza\/urun\/dahua-sd6ce245u-hni-2mp-45x-starlight-ir-ptz-network-kamera\/","title":{"rendered":"Dahua SD6CE245U-HNI 2MP 45x Starlight IR PTZ Network Kamera"},"content":{"rendered":"<ul>\n<li>1\/2.8&rdquo; 2Megapiksel STARVIS&trade; CMOS<\/li>\n<li>G&uuml;&ccedil;l&uuml; 45x optik zoom<\/li>\n<li>Starlight teknolojisi<\/li>\n<li>Maks. 50\/60fps@1080P<\/li>\n<li>Otomatik izleme ve IVS<\/li>\n<li>250m&rsquo;ye&nbsp;kadar IR mesafesi<\/li>\n<li>PoE +<\/li>\n<li>IP67, IK10<\/li>\n<\/ul>\n<table border=\"1\" cellpadding=\"5\" cellspacing=\"1\">\n<tbody>\n<tr>\n<td><strong>Model<\/strong><\/td>\n<td><strong>Dahua SD6CE245U-HNI Teknik &Ouml;zellikleri<\/strong><\/td>\n<\/tr>\n<tr>\n<td><strong>Kamera<\/strong><\/td>\n<td colspan=\"1\">&nbsp;<\/td>\n<\/tr>\n<tr>\n<td>G&ouml;r&uuml;nt&uuml; Sens&ouml;r&uuml;<\/td>\n<td colspan=\"1\">1 \/ 2.8 &rdquo;&nbsp;STARVIS &trade;&nbsp;CMOS<\/td>\n<\/tr>\n<tr>\n<td>Efektif Piksel<\/td>\n<td colspan=\"1\">1920 (H) x 1080 (V), 2 Megapiksel<\/td>\n<\/tr>\n<tr>\n<td>RAM \/ ROM<\/td>\n<td>512M\/128M<\/td>\n<\/tr>\n<tr>\n<td>Tarama Sistemi<\/td>\n<td colspan=\"1\">Progresif<\/td>\n<\/tr>\n<tr>\n<td>Elektronik Shutter H\u0131z\u0131<\/td>\n<td>1\/1 s ~ 1 \/ 30,000s<\/td>\n<\/tr>\n<tr>\n<td>Min. Ayd\u0131nlatma<\/td>\n<td colspan=\"1\">Renk: 0.005Lux @ F1.6, B \/ W: 0.0005 Lux@F1.6;&nbsp;0Lux@F1.6 (IR)<\/td>\n<\/tr>\n<tr>\n<td>S\/N Oran\u0131<\/td>\n<td colspan=\"1\">55 dB&rsquo;den fazla<\/td>\n<\/tr>\n<tr>\n<td>IR Mesafesi<\/td>\n<td>250m&rsquo;ye (820ft) kadar mesafe<\/td>\n<\/tr>\n<tr>\n<td>IR A&ccedil;\u0131k \/ Kapal\u0131 Kontrol<\/td>\n<td>Otomatik\/Manuel<\/td>\n<\/tr>\n<tr>\n<td>IR Led<\/td>\n<td>6<\/td>\n<\/tr>\n<tr>\n<td><strong>Lens<\/strong><\/td>\n<td>&nbsp;<\/td>\n<\/tr>\n<tr>\n<td>Odak Uzakl\u0131\u011f\u0131<\/td>\n<td>3.95mm ~ 177.7mm<\/td>\n<\/tr>\n<tr>\n<td>Maks. Aral\u0131k<\/td>\n<td>F1.6 ~ F4.95<\/td>\n<\/tr>\n<tr>\n<td>G&ouml;r&uuml;\u015f A&ccedil;\u0131s\u0131<\/td>\n<td>H: 70.3 &deg; ~ 1.8 &deg;<\/td>\n<\/tr>\n<tr>\n<td>Optik Zoom<\/td>\n<td>45x<\/td>\n<\/tr>\n<tr>\n<td>Odak Kontrol&uuml;<\/td>\n<td>Otomatik\/Manuel<\/td>\n<\/tr>\n<tr>\n<td>Yak\u0131n Odak Mesafesi<\/td>\n<td>100mm~ 1000mm<\/td>\n<\/tr>\n<tr>\n<td><strong>Pan \/ Tilt \/ Flip<\/strong><\/td>\n<td>&nbsp;<\/td>\n<\/tr>\n<tr>\n<td>Pan \/ Tilt \/ Flip<\/td>\n<td>Pan: 0&deg; ~ 360&deg; endless; Tilt: -20&deg; ~ 90&deg;, otomatik flip 180&deg;<\/td>\n<\/tr>\n<tr>\n<td>Manuel Kontrol H\u0131z\u0131<\/td>\n<td>Pan: 0.1&deg; ~ 200&deg;\/s; Tilt: 0.1&deg; ~ 120&deg;\/s<\/td>\n<\/tr>\n<tr>\n<td>Preset H\u0131z\u0131<\/td>\n<td>Pan: 300&deg;\/s; Tilt: 200&deg;\/s<\/td>\n<\/tr>\n<tr>\n<td>Preset<\/td>\n<td>300<\/td>\n<\/tr>\n<tr>\n<td>PTZ Modu<\/td>\n<td>5 Pattern, 8 Tur, Otomatik Tarama, Otomatik Pan<\/td>\n<\/tr>\n<tr>\n<td>H\u0131z Ayar\u0131<\/td>\n<td>Ki\u015fi Odakl\u0131 Odak Uzunlu\u011fu \/ H\u0131z Adaptasyonu<\/td>\n<\/tr>\n<tr>\n<td>Eylem Durumu<\/td>\n<td>G&uuml;&ccedil; Kesintisinden sonra &ouml;nceki PTZ ve Lens durumuna Otomatik Geri Y&uuml;kleme<\/td>\n<\/tr>\n<tr>\n<td>PTZ Bo\u015fta \u0130ken<\/td>\n<td>Belirtilen s&uuml;re i&ccedil;inde komut yoksa Preset \/ Tarama \/ Tur \/ Pattern&rsquo;i etkinle\u015ftirme<\/td>\n<\/tr>\n<tr>\n<td>Protokol<\/td>\n<td>DH-SD, Pelco-P\/D (Otomatik Tan\u0131ma)<\/td>\n<\/tr>\n<tr>\n<td><strong>Ak\u0131ll\u0131 Fonksiyonlar<\/strong><\/td>\n<td>&nbsp;<\/td>\n<\/tr>\n<tr>\n<td>Etkinlik Tetikleyici<\/td>\n<td>Hareket alg\u0131lama, Video kurcalama, Sahne de\u011fi\u015ftirme, A\u011f ba\u011flant\u0131 kesme, IP adresi &ccedil;ak\u0131\u015fmas\u0131, Yasad\u0131\u015f\u0131 Eri\u015fim, Depolama anormalli\u011fi<\/td>\n<\/tr>\n<tr>\n<td>Otomatik \u0130zleme<\/td>\n<td>Mevcut<\/td>\n<\/tr>\n<tr>\n<td>IVS<\/td>\n<td>Tripwire, Sald\u0131r\u0131, Terkedilmi\u015f \/ Eksik<\/td>\n<\/tr>\n<tr>\n<td>Geli\u015fmi\u015f Ak\u0131ll\u0131 Fonksiyonlar<\/td>\n<td>Y&uuml;z Alg\u0131lama, Is\u0131 Haritas\u0131<\/td>\n<\/tr>\n<tr>\n<td><strong>Video<\/strong><\/td>\n<td>&nbsp;<\/td>\n<\/tr>\n<tr>\n<td>S\u0131k\u0131\u015ft\u0131rma<\/td>\n<td>H.265 + \/ H.265 \/ H.264 + \/ H.264<\/td>\n<\/tr>\n<tr>\n<td>G&ouml;r&uuml;nt&uuml; Ak\u0131\u015f Kapasitesi<\/td>\n<td>3&rsquo;l&uuml; ak\u0131\u015f<\/td>\n<\/tr>\n<tr>\n<td>&Ccedil;&ouml;z&uuml;n&uuml;rl&uuml;k<\/td>\n<td>1080P (1920 x 1080) \/ 720P (1280 x 720) \/ D1 (\/ 704 x 480 704 x 576) \/ CIF (352 x 288\/352 x 240)<\/td>\n<\/tr>\n<tr>\n<td>Frame Oran\u0131<\/td>\n<td>Ana ak\u0131\u015f: 1080P \/ 1.3M \/ 720P (1 ~ 50 \/ 60fps)<\/p>\n<p>&nbsp;<\/p>\n<p>Alt ak\u0131\u015f1: D1 \/ CIF (1 ~ 25 \/ 30fps)<\/p>\n<p>Alt ak\u0131\u015f2: 1080P \/ 1.3M \/ 720P \/ D1 \/ CIF (1 ~ 25 \/ 30fps)<\/p>\n<\/td>\n<\/tr>\n<tr>\n<td>Bit H\u0131z\u0131 Kontrol&uuml;<\/td>\n<td>CBR \/ VBR<\/td>\n<\/tr>\n<tr>\n<td>Bit Oran\u0131<\/td>\n<td>H.265 \/ H.264: 448K ~ 8192Kbps<\/td>\n<\/tr>\n<tr>\n<td>Gece\/G&uuml;nd&uuml;z<\/td>\n<td colspan=\"1\">Otomatik (ICR) \/ Renkli \/ S\/B<\/td>\n<\/tr>\n<tr>\n<td>Arka I\u015f\u0131k Telafisi<\/td>\n<td colspan=\"1\">BLC \/ HLC \/ WDR (120dB)<\/td>\n<\/tr>\n<tr>\n<td>Beyaz Dengesi<\/td>\n<td colspan=\"1\">Otomatik, ATW, Kapal\u0131, A&ccedil;\u0131k, Manuel<\/td>\n<\/tr>\n<tr>\n<td>Kazan&ccedil; Kontrol&uuml;<\/td>\n<td colspan=\"1\">Otomatik\/Manuel<\/td>\n<\/tr>\n<tr>\n<td>Parazit Azaltma<\/td>\n<td colspan=\"1\">Ultra DNR (2D \/ 3D)<\/td>\n<\/tr>\n<tr>\n<td>Hareket Alg\u0131lama<\/td>\n<td>Mevcut<\/td>\n<\/tr>\n<tr>\n<td>ROI<\/td>\n<td>Mevcut<\/td>\n<\/tr>\n<tr>\n<td>Elektronik G&ouml;r&uuml;nt&uuml;&nbsp;\u0130stikrar (EIS)<\/td>\n<td>Mevcut<\/td>\n<\/tr>\n<tr>\n<td>Ultra Defog (Anti Sis)<\/td>\n<td>Mevcut<\/td>\n<\/tr>\n<tr>\n<td>Dijital Zoom<\/td>\n<td>16x<\/td>\n<\/tr>\n<tr>\n<td>Flip<\/td>\n<td>180&deg;<\/td>\n<\/tr>\n<tr>\n<td>&Ouml;zel Alan Maskelemesi<\/td>\n<td colspan=\"1\">24 Alana Kadar<\/td>\n<\/tr>\n<tr>\n<td><strong>Ses<\/strong><\/td>\n<td colspan=\"1\">&nbsp;<\/td>\n<\/tr>\n<tr>\n<td>S\u0131k\u0131\u015ft\u0131rma<\/td>\n<td colspan=\"1\">G.711a \/ G.711Mu \/ AAC \/ G.722 \/ G.726 \/ G.729 \/ MPEG2-L2<\/td>\n<\/tr>\n<tr>\n<td><strong>Network<\/strong><\/td>\n<td colspan=\"1\">&nbsp;<\/td>\n<\/tr>\n<tr>\n<td>Ethernet<\/td>\n<td colspan=\"1\">RJ-45 (10Base-T\/100Base-TX)<\/td>\n<\/tr>\n<tr>\n<td>Protokol<\/td>\n<td colspan=\"1\">IPv4 \/ IPv6, HTTP, HTTPS, SSL, TCP \/ IP, UDP, UPnP,ICMP, IGMP, SNMP, RTSP, RTP, SMTP, NTP, DHCP,DNS, PPPOE, DDNS, FTP,&nbsp;IP Filtresi, QoS, Bonjour, 802.1x<\/td>\n<\/tr>\n<tr>\n<td>ONVIF<\/td>\n<td colspan=\"1\">ONVIF Profili S &amp; G, API<\/td>\n<\/tr>\n<tr>\n<td>Ak\u0131\u015f Metodu<\/td>\n<td>Tek\/&Ccedil;ok Noktaya Yay\u0131n<\/td>\n<\/tr>\n<tr>\n<td>Maks. Kullan\u0131c\u0131 Eri\u015fimi<\/td>\n<td colspan=\"1\">S\u0131n\u0131rs\u0131z say\u0131da kullan\u0131c\u0131 deste\u011fi<\/td>\n<\/tr>\n<tr>\n<td>Direkt Depolama<\/td>\n<td>NAS (A\u011fa Ba\u011fl\u0131 Depolama), anl\u0131k kay\u0131t i&ccedil;in Yerel PC, Mikro SD kart 256GB<\/td>\n<\/tr>\n<tr>\n<td>Web G&ouml;r&uuml;nt&uuml;leyici<\/td>\n<td>IE, Chrome, Firefox, Safari<\/td>\n<\/tr>\n<tr>\n<td>Yaz\u0131l\u0131m Y&ouml;netimi<\/td>\n<td>Ak\u0131ll\u0131 PSS, DSS, DMSS<\/td>\n<\/tr>\n<tr>\n<td>Ak\u0131ll\u0131 Telefon<\/td>\n<td colspan=\"1\">IOS, Android<\/td>\n<\/tr>\n<tr>\n<td><strong>Sertifikalar<\/strong><\/td>\n<td>&nbsp;<\/td>\n<\/tr>\n<tr>\n<td>Sertifikalar<\/td>\n<td>CE: EN55032 \/ EN55024 \/ EN50130-4<\/p>\n<p>&nbsp;<\/p>\n<p>FCC: Part15 altpartB, ANSI C63.4- 2014<\/p>\n<p>UL: UL60950-1 + CAN \/ CSA C22.2&nbsp;,&nbsp;No. 60950-1<\/p>\n<\/td>\n<\/tr>\n<tr>\n<td><strong>Aray&uuml;z<\/strong><\/td>\n<td colspan=\"1\">&nbsp;<\/td>\n<\/tr>\n<tr>\n<td>Video Aray&uuml;z&uuml;<\/td>\n<td colspan=\"1\">1 port (BNC, 1.0V [pp], 75&Omega;)<\/td>\n<\/tr>\n<tr>\n<td>Ses Aray&uuml;z&uuml;<\/td>\n<td colspan=\"1\">1\/1<\/td>\n<\/tr>\n<tr>\n<td>RS485<\/td>\n<td colspan=\"1\">1<\/td>\n<\/tr>\n<tr>\n<td>Alarm<\/td>\n<td>7\/2<\/td>\n<\/tr>\n<tr>\n<td><strong>Genel<\/strong><\/td>\n<td colspan=\"1\">&nbsp;<\/td>\n<\/tr>\n<tr>\n<td>G&uuml;&ccedil; Kayna\u011f\u0131<\/td>\n<td colspan=\"1\">AC24V \/ 3A (&plusmn;% 25), PoE + (802.3at)<\/td>\n<\/tr>\n<tr>\n<td>G&uuml;&ccedil; T&uuml;ketimi<\/td>\n<td colspan=\"1\">17W, 25W (IR, Is\u0131t\u0131c\u0131)<\/td>\n<\/tr>\n<tr>\n<td>&Ccedil;al\u0131\u015fma Ko\u015fullar\u0131<\/td>\n<td colspan=\"1\">-40 &deg; C ~ 70 &deg; C (-40 &deg; F ~ + 158 &deg; F) \/% 95 RH&rsquo;den d&uuml;\u015f&uuml;k<\/td>\n<\/tr>\n<tr>\n<td>Koruma Sertifikas\u0131<\/td>\n<td colspan=\"1\">IP67<\/td>\n<\/tr>\n<tr>\n<td>Dayan\u0131kl\u0131l\u0131k Sertifikas\u0131<\/td>\n<td>IK10<\/td>\n<\/tr>\n<tr>\n<td><strong>Kasa<\/strong><\/td>\n<td>&nbsp;<\/td>\n<\/tr>\n<tr>\n<td>Kasa<\/td>\n<td>Metal<\/td>\n<\/tr>\n<tr>\n<td>Boyutlar<\/td>\n<td colspan=\"1\">&phi;209&times;337.4mm<\/td>\n<\/tr>\n<tr>\n<td>Net A\u011f\u0131rl\u0131k<\/td>\n<td>5.8kg<\/td>\n<\/tr>\n<\/tbody>\n<\/table>\n<p>&nbsp;<\/p>\n<p><img loading=\"lazy\" alt=\"\" height=\"375\" sizes=\"(max-width: 500px) 100vw, 500px\" src=\"https:\/\/www.okisan.com\/wp-content\/uploads\/2018\/02\/SD6CE225U-HNI-b-1-500x375.png\" srcset=\"https:\/\/www.okisan.com\/wp-content\/uploads\/2018\/02\/SD6CE225U-HNI-b-1-120x90.png 120w, https:\/\/www.okisan.com\/wp-content\/uploads\/2018\/02\/SD6CE225U-HNI-b-1-150x112.png 150w, https:\/\/www.okisan.com\/wp-content\/uploads\/2018\/02\/SD6CE225U-HNI-b-1-200x150.png 200w, https:\/\/www.okisan.com\/wp-content\/uploads\/2018\/02\/SD6CE225U-HNI-b-1-300x225.png 300w, https:\/\/www.okisan.com\/wp-content\/uploads\/2018\/02\/SD6CE225U-HNI-b-1-400x300.png 400w, https:\/\/www.okisan.com\/wp-content\/uploads\/2018\/02\/SD6CE225U-HNI-b-1-500x375.png 500w, https:\/\/www.okisan.com\/wp-content\/uploads\/2018\/02\/SD6CE225U-HNI-b-1-600x450.png 600w, https:\/\/www.okisan.com\/wp-content\/uploads\/2018\/02\/SD6CE225U-HNI-b-1.png 743w\" width=\"500\" \/>&nbsp;<img loading=\"lazy\" alt=\"\" height=\"179\" sizes=\"(max-width: 500px) 100vw, 500px\" src=\"https:\/\/www.okisan.com\/wp-content\/uploads\/2018\/03\/SD6CE230U-HNI-500x179.png\" srcset=\"https:\/\/www.okisan.com\/wp-content\/uploads\/2018\/03\/SD6CE230U-HNI-120x43.png 120w, https:\/\/www.okisan.com\/wp-content\/uploads\/2018\/03\/SD6CE230U-HNI-150x54.png 150w, https:\/\/www.okisan.com\/wp-content\/uploads\/2018\/03\/SD6CE230U-HNI-200x72.png 200w, https:\/\/www.okisan.com\/wp-content\/uploads\/2018\/03\/SD6CE230U-HNI-300x107.png 300w, https:\/\/www.okisan.com\/wp-content\/uploads\/2018\/03\/SD6CE230U-HNI-400x143.png 400w, https:\/\/www.okisan.com\/wp-content\/uploads\/2018\/03\/SD6CE230U-HNI-500x179.png 500w, https:\/\/www.okisan.com\/wp-content\/uploads\/2018\/03\/SD6CE230U-HNI.png 575w\" width=\"500\" \/><\/p>\n","protected":false},"excerpt":{"rendered":"<p>1\/2.8&rdquo; 2Megapiksel STARVIS&trade; CMOS G&uuml;&ccedil;l&uuml; 45x optik zoom Starlight teknolojisi Maks. 50\/60fps@1080P Otomatik izleme ve IVS 250m&rsquo;ye&nbsp;kadar IR mesafesi PoE + IP67, IK10 Model Dahua SD6CE245U-HNI Teknik &Ouml;zellikleri Kamera &nbsp; G&ouml;r&uuml;nt&uuml; Sens&ouml;r&uuml; 1 \/ 2.8 &rdquo;&nbsp;STARVIS &trade;&nbsp;CMOS Efektif Piksel 1920 (H) x 1080 (V), 2 Megapiksel RAM \/ ROM 512M\/128M Tarama Sistemi Progresif Elektronik Shutter [&#8230;]\n","protected":false},"featured_media":642,"comment_status":"closed","ping_status":"closed","template":"","meta":[],"_links":{"self":[{"href":"https:\/\/nilbilisim.com.tr\/magaza\/wp-json\/wp\/v2\/product\/641"}],"collection":[{"href":"https:\/\/nilbilisim.com.tr\/magaza\/wp-json\/wp\/v2\/product"}],"about":[{"href":"https:\/\/nilbilisim.com.tr\/magaza\/wp-json\/wp\/v2\/types\/product"}],"replies":[{"embeddable":true,"href":"https:\/\/nilbilisim.com.tr\/magaza\/wp-json\/wp\/v2\/comments?post=641"}],"wp:featuredmedia":[{"embeddable":true,"href":"https:\/\/nilbilisim.com.tr\/magaza\/wp-json\/wp\/v2\/media\/642"}],"wp:attachment":[{"href":"https:\/\/nilbilisim.com.tr\/magaza\/wp-json\/wp\/v2\/media?parent=641"}],"curies":[{"name":"wp","href":"https:\/\/api.w.org\/{rel}","templated":true}]}}