{"id":643,"date":"2021-01-18T20:11:16","date_gmt":"2021-01-18T20:11:16","guid":{"rendered":"https:\/\/nilbilisim.com.tr\/magaza\/urun\/dahua-sd6ae230ua-hni-2mp-30x-network-ir-ptz-dome-kamera\/"},"modified":"2024-07-01T01:42:08","modified_gmt":"2024-06-30T22:42:08","slug":"dahua-sd6ae230ua-hni-2mp-30x-network-ir-ptz-dome-kamera","status":"publish","type":"product","link":"https:\/\/nilbilisim.com.tr\/magaza\/urun\/dahua-sd6ae230ua-hni-2mp-30x-network-ir-ptz-dome-kamera\/","title":{"rendered":"Dahua SD6AE230UA-HNI 2MP 30x Network IR PTZ Dome Kamera"},"content":{"rendered":"<ul>\n<li>G&uuml;&ccedil;l&uuml; 30x optik zoom<\/li>\n<li>H.265 kodlamas\u0131, Ultra d&uuml;\u015f&uuml;k bit h\u0131z\u0131nda iletim<\/li>\n<li>Max 60fps@1080P &ccedil;&ouml;z&uuml;n&uuml;rl&uuml;k<\/li>\n<li>Defog, EIS, ROI, WDR, G&uuml;nd&uuml;z\/Gece (ICR), DNR (2D&amp;3D), Otomatik iris, Otomatik odaklanma, AWB, AGC,BLC<\/li>\n<li>Birden fazla network izleme: Web g&ouml;r&uuml;nt&uuml;leyici, CMS (DSS \/ PSS) ve DMSS<\/li>\n<li>Max 240&deg;\/s pan h\u0131z\u0131, 360&deg; pan d&ouml;n&uuml;\u015f&uuml;<\/li>\n<li>300 presets, 5 otomatik tarama, 8 tur, 5 pattern<\/li>\n<li>Built-in 7\/2 alarm giri\u015fi\/&ccedil;\u0131k\u0131\u015f\u0131<\/li>\n<li>Micro SD bellek, IP67, IK10<\/li>\n<li>IR 200m&rsquo;ye kadar mesafe<\/li>\n<\/ul>\n<table border=\"1\" cellpadding=\"5\" cellspacing=\"1\" id=\"table001\">\n<tbody>\n<tr>\n<td colspan=\"3\"><strong>Dahua&nbsp;SD6AE230UA-HNI Teknik &Ouml;zellikleri<\/strong><\/td>\n<\/tr>\n<tr>\n<td colspan=\"3\"><strong>Kamera<\/strong><\/td>\n<\/tr>\n<tr>\n<td colspan=\"2\">G&ouml;r&uuml;nt&uuml; Sens&ouml;r&uuml;<\/td>\n<td>1 \/ 1.9 &ldquo;Exmor CMOS<\/td>\n<\/tr>\n<tr>\n<td colspan=\"2\">Etkin Piksel<\/td>\n<td>2 megapiksel<\/td>\n<\/tr>\n<tr>\n<td colspan=\"2\">Tarama Sistemi<\/td>\n<td>Progresif<\/td>\n<\/tr>\n<tr>\n<td colspan=\"2\">Elektronik Shutter H\u0131z\u0131<\/td>\n<td>1\/1 ~ 1\/30000s<\/td>\n<\/tr>\n<tr>\n<td colspan=\"2\">Minimum Ayd\u0131nlatma<\/td>\n<td>Renk: : 0.002Lux@F1.5; B\/S: 0.0002Lux@F1.5; 0Lux (IR)<\/td>\n<\/tr>\n<tr>\n<td colspan=\"2\">S \/ N Oran\u0131<\/td>\n<td>55 dB&rsquo;den fazla<\/td>\n<\/tr>\n<tr>\n<td colspan=\"2\">IR Mesafesi<\/td>\n<td>200m kadar mesafe (656ft)<\/td>\n<\/tr>\n<tr>\n<td colspan=\"2\">Video &Ccedil;\u0131k\u0131\u015f\u0131<\/td>\n<td>BNC(1.0Vp-p\/75&Omega;), PAL \/ NTSC<\/td>\n<\/tr>\n<tr>\n<td colspan=\"2\"><strong>Kamera &Ouml;zellikleri<\/strong><\/td>\n<td>&nbsp;<\/td>\n<\/tr>\n<tr>\n<td colspan=\"2\">Gece\/G&uuml;nd&uuml;z<\/td>\n<td>Otomatik (ICR) \/ Renkli \/ B\/S<\/td>\n<\/tr>\n<tr>\n<td colspan=\"2\">Arka I\u015f\u0131k Tanzimi<\/td>\n<td>BLC \/ HLC \/ WDR(120dB)<\/td>\n<\/tr>\n<tr>\n<td colspan=\"2\">Beyaz Dengesi<\/td>\n<td>Otomatik, ATW, \u0130&ccedil; Ortam, D\u0131\u015f Ortam, Manuel<\/td>\n<\/tr>\n<tr>\n<td colspan=\"2\">Kazan&ccedil; Kontrol&uuml;<\/td>\n<td>Otomatik \/ Manuel<\/td>\n<\/tr>\n<tr>\n<td colspan=\"2\">Parazit Azaltma<\/td>\n<td>Ultra DNR(2D\/3D)<\/td>\n<\/tr>\n<tr>\n<td colspan=\"2\">&Ouml;zel Alan Maskeleme<\/td>\n<td>24 Alana Kadar<\/td>\n<\/tr>\n<tr>\n<td colspan=\"2\">Dijital Zoom<\/td>\n<td>16x<\/td>\n<\/tr>\n<tr>\n<td colspan=\"2\">EIS<\/td>\n<td>Mevcut<\/td>\n<\/tr>\n<tr>\n<td colspan=\"2\">Ultra Defog (Anti Sis)<\/td>\n<td>Mevcut<\/td>\n<\/tr>\n<tr>\n<td colspan=\"3\"><strong>Lens<\/strong><\/td>\n<\/tr>\n<tr>\n<td colspan=\"2\">Odak Uzakl\u0131\u011f\u0131<\/td>\n<td>6mm ~ 180mm (30x Optik zoom)<\/td>\n<\/tr>\n<tr>\n<td colspan=\"2\">Maks. A&ccedil;\u0131kl\u0131k<\/td>\n<td>F1.5 ~ F4.3<\/td>\n<\/tr>\n<tr>\n<td colspan=\"2\">Odak Kontrol&uuml;<\/td>\n<td>Otomatik \/ Manuel<\/td>\n<\/tr>\n<tr>\n<td colspan=\"2\">G&ouml;r&uuml;\u015f A&ccedil;\u0131s\u0131<\/td>\n<td>H: 61.2 &deg; ~ 2.1 &deg;<\/td>\n<\/tr>\n<tr>\n<td colspan=\"2\">Yak\u0131n Odak Mesafesi<\/td>\n<td>100mm ~ 1000mm<\/td>\n<\/tr>\n<tr>\n<td colspan=\"3\"><strong>Pan \/ Tilt \/ Flip<\/strong><\/td>\n<\/tr>\n<tr>\n<td colspan=\"2\">Pan \/ Tilt \/ Flip<\/td>\n<td>Pan: 0&deg; ~ 360&deg; endless; Tilt: -10&deg; ~ 90&deg;, otomatik flip 180&deg;<\/td>\n<\/tr>\n<tr>\n<td colspan=\"2\">Manuel Kontrol H\u0131z<\/td>\n<td>Pan: 0.1&deg; ~200&deg; \/s; Tilt: 0.1&deg; ~120&deg; \/s<\/td>\n<\/tr>\n<tr>\n<td colspan=\"2\">Ayarlanabilir H\u0131z<\/td>\n<td>Pan: 240 &deg; \/ s; Tilt: 200 &deg; \/ s<\/td>\n<\/tr>\n<tr>\n<td colspan=\"2\">Presets<\/td>\n<td>300<\/td>\n<\/tr>\n<tr>\n<td colspan=\"2\">PTZ Modu<\/td>\n<td>5 Pattern, 8 Tur, Otomatik Pan, Otomatik Tarama<\/td>\n<\/tr>\n<tr>\n<td colspan=\"2\">H\u0131z Ayar\u0131<\/td>\n<td>\u0130nsan odakl\u0131 odak uzakl\u0131\u011f\u0131 \/ h\u0131z adaptasyonu<\/td>\n<\/tr>\n<tr>\n<td colspan=\"2\">PTZ Bo\u015fta \u0130ken<\/td>\n<td>Belirtilen periyotta komut yoksa Preset \/ Pan \/ Scan \/ Tour \/ Pattern&rsquo;i etkinle\u015ftirme<\/td>\n<\/tr>\n<tr>\n<td colspan=\"2\">Eylem Durumu<\/td>\n<td>G&uuml;&ccedil; kesildi\u011finde &ouml;nceki PTZ ve lens durumuna otomatik geri y&uuml;kleme<\/td>\n<\/tr>\n<tr>\n<td colspan=\"2\">Zaman Programl\u0131 Komut<\/td>\n<td>Preset \/ Pan \/ Scan \/ Tour \/ Pattern&rsquo;&uuml;n &ouml;nceden ayarlanm\u0131\u015f zamana g&ouml;re otomatik olarak etkinle\u015ftirme<\/td>\n<\/tr>\n<tr>\n<td colspan=\"3\"><strong>Video<\/strong><\/td>\n<\/tr>\n<tr>\n<td colspan=\"2\">S\u0131k\u0131\u015ft\u0131rma<\/td>\n<td>H.265 \/ H.264 Temel Profil \/ H.264 Ana Profil \/ H.264 Y&uuml;ksek Profil\/ M-JPEG<\/td>\n<\/tr>\n<tr>\n<td colspan=\"2\">&Ccedil;&ouml;z&uuml;n&uuml;rl&uuml;k<\/td>\n<td>1080P(1920*1080)\/1.3Mp(1280*960)\/720P(1280*720\uff09<\/td>\n<\/tr>\n<tr>\n<td rowspan=\"3\">Frame H\u0131z\u0131<\/td>\n<td>Ana Ak\u0131\u015f<\/td>\n<td>1080P (1~50\/60fps)\/1.3Mp(1~25\/30fps)\/720P(1~25\/30fps)<\/td>\n<\/tr>\n<tr>\n<td>Alt Ak\u0131\u015f 1<\/td>\n<td>D1\/CIF(1~25\/30fps)<\/td>\n<\/tr>\n<tr>\n<td>Alt Ak\u0131\u015f 2<\/td>\n<td>1080P(1~25\/30fps)\/1.3Mp(1~25\/30fps)\/720P(1~25\/30fps)<\/td>\n<\/tr>\n<\/tbody>\n<\/table>\n<table border=\"1\" cellpadding=\"5\" cellspacing=\"1\" id=\"table002\">\n<tbody>\n<tr>\n<td><strong>Ses<\/strong><\/td>\n<td>&nbsp;<\/td>\n<\/tr>\n<tr>\n<td>S\u0131k\u0131\u015ft\u0131rma<\/td>\n<td>G.711a\/G.711Mu\/AAC\/G.722 \/ G.726<\/td>\n<\/tr>\n<tr>\n<td>Aray&uuml;z<\/td>\n<td>1\/1 kanal Giri\u015f \/ &Ccedil;\u0131k\u0131\u015f<\/td>\n<\/tr>\n<tr>\n<td><strong>Ak\u0131ll\u0131 Fonksiyonlar<\/strong><\/td>\n<td>&nbsp;<\/td>\n<\/tr>\n<tr>\n<td>IVS<\/td>\n<td>Tripwire, Sald\u0131r\u0131, Terk \/ Eksik, Y&uuml;z Alg\u0131lama<\/td>\n<\/tr>\n<tr>\n<td>Otomatik \u0130zleme<\/td>\n<td>Mevcut<\/td>\n<\/tr>\n<tr>\n<td colspan=\"2\"><strong>Network<\/strong><\/td>\n<\/tr>\n<tr>\n<td>Ethernet<\/td>\n<td>RJ-45 (10 \/ 100Base-T)<\/td>\n<\/tr>\n<tr>\n<td>Protokol<\/td>\n<td>IPv4\/IPv6,HTTP,HTTPS,802.1x,Qos,FTP,SMTP,UPnP,SNMP,DNS,DDNS,NTP,RTSP,RTP<\/p>\n<p>&nbsp;<\/p>\n<p>TCP,UDP,IGMP,ICMP,DHCP,PPPoE<\/p>\n<\/td>\n<\/tr>\n<tr>\n<td>Maks. Kullan\u0131c\u0131 Eri\u015fim<\/td>\n<td>20 kullan\u0131c\u0131<\/td>\n<\/tr>\n<tr>\n<td>Ak\u0131ll\u0131 Telefon<\/td>\n<td>iPhone, iPad, Android, Windows Phone<\/td>\n<\/tr>\n<tr>\n<td><strong>Aray&uuml;z<\/strong><\/td>\n<td>&nbsp;<\/td>\n<\/tr>\n<tr>\n<td>Bellek Yuvas\u0131<\/td>\n<td>Micro SD, Maks. 128GB<\/td>\n<\/tr>\n<tr>\n<td>Alarm<\/td>\n<td>7\/2 kanal Giri\u015f \/ &Ccedil;\u0131k\u0131\u015f<\/td>\n<\/tr>\n<tr>\n<td colspan=\"2\"><strong>Genel<\/strong><\/td>\n<\/tr>\n<tr>\n<td>G&uuml;&ccedil; Kayna\u011f\u0131<\/td>\n<td>AC24V\/3A(&plusmn;25%)<\/td>\n<\/tr>\n<tr>\n<td>G&uuml;&ccedil; T&uuml;ketimi<\/td>\n<td>24W,&nbsp;38W (IR, Is\u0131t\u0131c\u0131)<\/td>\n<\/tr>\n<\/tbody>\n<\/table>\n<table border=\"1\" cellpadding=\"5\" cellspacing=\"1\" id=\"table003\">\n<tbody>\n<tr>\n<td>&Ccedil;al\u0131\u015fma Ko\u015fullar\u0131<\/td>\n<td>-40&ordm;C ~ 70&ordm;C \/% 95 RH&rsquo;den az<\/td>\n<\/tr>\n<tr>\n<td>Koruma Sertifikas\u0131<\/td>\n<td>IP67<\/td>\n<\/tr>\n<tr>\n<td>Dayan\u0131kl\u0131l\u0131k Sertifikas\u0131<\/td>\n<td>IK10<\/td>\n<\/tr>\n<tr>\n<td>Boyutlar<\/td>\n<td>&Phi;240mm&times;382mm<\/td>\n<\/tr>\n<tr>\n<td>Net A\u011f\u0131rl\u0131k<\/td>\n<td>6.8kg<\/td>\n<\/tr>\n<\/tbody>\n<\/table>\n<p>&nbsp;<\/p>\n<p><img loading=\"lazy\" alt=\"\" height=\"345\" sizes=\"(max-width: 500px) 100vw, 500px\" src=\"https:\/\/www.okisan.com\/wp-content\/uploads\/2017\/02\/SD6AE230UA-HNI-1-500x345.jpg\" srcset=\"https:\/\/www.okisan.com\/wp-content\/uploads\/2017\/02\/SD6AE230UA-HNI-1-120x83.jpg 120w, https:\/\/www.okisan.com\/wp-content\/uploads\/2017\/02\/SD6AE230UA-HNI-1-150x104.jpg 150w, https:\/\/www.okisan.com\/wp-content\/uploads\/2017\/02\/SD6AE230UA-HNI-1-200x138.jpg 200w, https:\/\/www.okisan.com\/wp-content\/uploads\/2017\/02\/SD6AE230UA-HNI-1-300x207.jpg 300w, https:\/\/www.okisan.com\/wp-content\/uploads\/2017\/02\/SD6AE230UA-HNI-1-400x276.jpg 400w, https:\/\/www.okisan.com\/wp-content\/uploads\/2017\/02\/SD6AE230UA-HNI-1-500x345.jpg 500w, https:\/\/www.okisan.com\/wp-content\/uploads\/2017\/02\/SD6AE230UA-HNI-1.jpg 581w\" width=\"500\" \/><img loading=\"lazy\" alt=\"\" height=\"337\" sizes=\"(max-width: 500px) 100vw, 500px\" src=\"https:\/\/www.okisan.com\/wp-content\/uploads\/2017\/02\/SD6AE230UA-HNI-Aksesuarlar-1-500x337.jpg\" srcset=\"https:\/\/www.okisan.com\/wp-content\/uploads\/2017\/02\/SD6AE230UA-HNI-Aksesuarlar-1-120x81.jpg 120w, https:\/\/www.okisan.com\/wp-content\/uploads\/2017\/02\/SD6AE230UA-HNI-Aksesuarlar-1-150x101.jpg 150w, https:\/\/www.okisan.com\/wp-content\/uploads\/2017\/02\/SD6AE230UA-HNI-Aksesuarlar-1-200x135.jpg 200w, https:\/\/www.okisan.com\/wp-content\/uploads\/2017\/02\/SD6AE230UA-HNI-Aksesuarlar-1-300x202.jpg 300w, https:\/\/www.okisan.com\/wp-content\/uploads\/2017\/02\/SD6AE230UA-HNI-Aksesuarlar-1-400x269.jpg 400w, https:\/\/www.okisan.com\/wp-content\/uploads\/2017\/02\/SD6AE230UA-HNI-Aksesuarlar-1-500x337.jpg 500w, https:\/\/www.okisan.com\/wp-content\/uploads\/2017\/02\/SD6AE230UA-HNI-Aksesuarlar-1.jpg 517w\" width=\"500\" \/><\/p>\n","protected":false},"excerpt":{"rendered":"<p>G&uuml;&ccedil;l&uuml; 30x optik zoom H.265 kodlamas\u0131, Ultra d&uuml;\u015f&uuml;k bit h\u0131z\u0131nda iletim Max 60fps@1080P &ccedil;&ouml;z&uuml;n&uuml;rl&uuml;k Defog, EIS, ROI, WDR, G&uuml;nd&uuml;z\/Gece (ICR), DNR (2D&amp;3D), Otomatik iris, Otomatik odaklanma, AWB, AGC,BLC Birden fazla network izleme: Web g&ouml;r&uuml;nt&uuml;leyici, CMS (DSS \/ PSS) ve DMSS Max 240&deg;\/s pan h\u0131z\u0131, 360&deg; pan d&ouml;n&uuml;\u015f&uuml; 300 presets, 5 otomatik tarama, 8 tur, 5 [&#8230;]\n","protected":false},"featured_media":644,"comment_status":"closed","ping_status":"closed","template":"","meta":[],"_links":{"self":[{"href":"https:\/\/nilbilisim.com.tr\/magaza\/wp-json\/wp\/v2\/product\/643"}],"collection":[{"href":"https:\/\/nilbilisim.com.tr\/magaza\/wp-json\/wp\/v2\/product"}],"about":[{"href":"https:\/\/nilbilisim.com.tr\/magaza\/wp-json\/wp\/v2\/types\/product"}],"replies":[{"embeddable":true,"href":"https:\/\/nilbilisim.com.tr\/magaza\/wp-json\/wp\/v2\/comments?post=643"}],"wp:featuredmedia":[{"embeddable":true,"href":"https:\/\/nilbilisim.com.tr\/magaza\/wp-json\/wp\/v2\/media\/644"}],"wp:attachment":[{"href":"https:\/\/nilbilisim.com.tr\/magaza\/wp-json\/wp\/v2\/media?parent=643"}],"curies":[{"name":"wp","href":"https:\/\/api.w.org\/{rel}","templated":true}]}}