{"id":645,"date":"2021-01-18T20:11:38","date_gmt":"2021-01-18T20:11:38","guid":{"rendered":"https:\/\/nilbilisim.com.tr\/magaza\/urun\/dahua-sd6ae240v-hni-2mp-40x-starlight-ir-ptz-network-kamera\/"},"modified":"2024-07-01T01:42:08","modified_gmt":"2024-06-30T22:42:08","slug":"dahua-sd6ae240v-hni-2mp-40x-starlight-ir-ptz-network-kamera","status":"publish","type":"product","link":"https:\/\/nilbilisim.com.tr\/magaza\/urun\/dahua-sd6ae240v-hni-2mp-40x-starlight-ir-ptz-network-kamera\/","title":{"rendered":"Dahua SD6AE240V-HNI 2MP 40x Starlight IR PTZ Network Kamera"},"content":{"rendered":"<ul>\n<li>1 \/ 2.8 &ldquo;2Megapiksel STARVIS &trade; CMOS<\/li>\n<li>G&uuml;&ccedil;l&uuml; 40x optik zoom<\/li>\n<li>Starlight teknolojisi<\/li>\n<li>H.265 Kodlama<\/li>\n<li>Maks. 50\/60fps@1080P<\/li>\n<li>Hi-PoE mevcut<\/li>\n<li>IR 200m&rsquo;ye kadar mesafe<\/li>\n<li>IP67 , IK10<\/li>\n<\/ul>\n<table border=\"1\" cellpadding=\"5\" cellspacing=\"1\" id=\"table001\">\n<tbody>\n<tr>\n<td colspan=\"3\"><strong>Dahua SD6AE240V-HNI Teknik &Ouml;zellikleri<\/strong><\/td>\n<\/tr>\n<tr>\n<td colspan=\"3\"><strong>Kamera<\/strong><\/td>\n<\/tr>\n<tr>\n<td colspan=\"2\">G&ouml;r&uuml;nt&uuml; Sens&ouml;r&uuml;<\/td>\n<td>1 \/ 2.8 &ldquo;STARVIS &trade; CMOS<\/td>\n<\/tr>\n<tr>\n<td colspan=\"2\">Etkin Piksel<\/td>\n<td>1920 (H) x 1080 (V), 2 megapiksel<\/td>\n<\/tr>\n<tr>\n<td colspan=\"2\">Tarama Sistemi<\/td>\n<td>Progresif<\/td>\n<\/tr>\n<tr>\n<td colspan=\"2\">Elektronik Shutter H\u0131z\u0131<\/td>\n<td>1\/1 s ~ 1 \/ 30,000s<\/td>\n<\/tr>\n<tr>\n<td colspan=\"2\">Minimum Ayd\u0131nlatma<\/td>\n<td>Renk: 0.005Lux@F1.2;&nbsp;B \/ W: 0.0005Lux@F1.2;&nbsp;0Lux@F1.2 (IR)<\/td>\n<\/tr>\n<tr>\n<td colspan=\"2\">S \/ N Oran\u0131<\/td>\n<td>56 dB&rsquo;den fazla<\/td>\n<\/tr>\n<tr>\n<td colspan=\"2\">IR Mesafesi<\/td>\n<td>200m&rsquo;ye (656ft) kadar mesafe<\/td>\n<\/tr>\n<tr>\n<td colspan=\"2\">IR A&ccedil;ma \/ Kapama Kontrol&uuml;<\/td>\n<td>Otomatik \/ Manuel<\/td>\n<\/tr>\n<tr>\n<td colspan=\"2\">IR LED<\/td>\n<td>10<\/td>\n<\/tr>\n<tr>\n<td colspan=\"3\"><strong>Lens<\/strong><\/td>\n<\/tr>\n<tr>\n<td colspan=\"2\">Odak Uzakl\u0131\u011f\u0131<\/td>\n<td>4.5mm ~ 180mm<\/td>\n<\/tr>\n<tr>\n<td colspan=\"2\">Maks. A&ccedil;\u0131kl\u0131k<\/td>\n<td>F1.2 ~ F3.5<\/td>\n<\/tr>\n<tr>\n<td colspan=\"2\">G&ouml;r&uuml;\u015f A&ccedil;\u0131s\u0131<\/td>\n<td>H: 67.5 &deg; ~ 1.7 &deg;<\/td>\n<\/tr>\n<tr>\n<td colspan=\"2\">Optik Zoom<\/td>\n<td>40x<\/td>\n<\/tr>\n<tr>\n<td colspan=\"2\">Odak Kontrol&uuml;<\/td>\n<td>Otomatik \/ Manuel<\/td>\n<\/tr>\n<tr>\n<td colspan=\"2\">Yak\u0131n Odak Mesafesi<\/td>\n<td>100mm ~ 1000mm<\/td>\n<\/tr>\n<tr>\n<td colspan=\"3\"><strong>Pan \/ Tilt \/ Flip<\/strong><\/td>\n<\/tr>\n<tr>\n<td colspan=\"2\">Pan \/ Tilt \/ Flip<\/td>\n<td>Pan: 0&deg; ~ 360&deg; endless; Tilt: -20&deg; ~ 90&deg;, otomatik flip 180&deg;<\/td>\n<\/tr>\n<tr>\n<td colspan=\"2\">Manuel Kontrol H\u0131z\u0131<\/td>\n<td>Pan: 0.1&deg; ~200&deg; \/s; Tilt: 0.1&deg; ~120&deg; \/s<\/td>\n<\/tr>\n<tr>\n<td colspan=\"2\">Ayarlanabilir H\u0131z<\/td>\n<td>Pan: 240 &deg; \/ s; Tilt: 200 &deg; \/ s<\/td>\n<\/tr>\n<tr>\n<td colspan=\"2\">Presets<\/td>\n<td>300<\/td>\n<\/tr>\n<tr>\n<td colspan=\"2\">PTZ Modu<\/td>\n<td>5 Pattern, 8 Tur, Otomatik Pan, Otomatik Tarama<\/td>\n<\/tr>\n<tr>\n<td colspan=\"2\">H\u0131z Ayar\u0131<\/td>\n<td>\u0130nsan odakl\u0131 odak uzakl\u0131\u011f\u0131 \/ h\u0131z adaptasyonu<\/td>\n<\/tr>\n<tr>\n<td colspan=\"2\">PTZ Bo\u015fta \u0130ken<\/td>\n<td>Belirtilen s&uuml;re i&ccedil;inde komut yoksa Preset \/ Tarama \/ Tur \/ Pattern&rsquo;i etkinle\u015ftirme<\/td>\n<\/tr>\n<tr>\n<td colspan=\"2\">Eylem Durumu<\/td>\n<td>G&uuml;&ccedil; kesildi\u011finde &ouml;nceki PTZ ve lens durumuna otomatik geri y&uuml;kleme<\/td>\n<\/tr>\n<tr>\n<td colspan=\"2\">Protokol<\/td>\n<td>DH-SD, Pelco-P \/ D (Otomatik tan\u0131ma)<\/td>\n<\/tr>\n<tr>\n<td colspan=\"2\"><strong>Ak\u0131ll\u0131 Fonksiyonlar<\/strong><\/td>\n<td>&nbsp;<\/td>\n<\/tr>\n<tr>\n<td colspan=\"2\">Etkinlik Tetikleyici<\/td>\n<td>Hareket alg\u0131lama, Video kurcalama, Sahne de\u011fi\u015ftirme, A\u011f ba\u011flant\u0131 kesme, IP adresi &ccedil;ak\u0131\u015fmas\u0131, Yasad\u0131\u015f\u0131 Eri\u015fim, Depolama anormalli\u011fi<\/td>\n<\/tr>\n<tr>\n<td colspan=\"2\">Otomatik \u0130zleme<\/td>\n<td>Mevcut<\/td>\n<\/tr>\n<tr>\n<td colspan=\"2\">IVS<\/td>\n<td>Tripwire, Sald\u0131r\u0131, Terkedilmi\u015f \/ Eksik<\/td>\n<\/tr>\n<tr>\n<td colspan=\"2\">Geli\u015fmi\u015f Ak\u0131ll\u0131 Fonksiyonlar<\/td>\n<td>Y&uuml;z Alg\u0131lama, Is\u0131 Haritas\u0131<\/td>\n<\/tr>\n<tr>\n<td colspan=\"3\"><strong>Video<\/strong><\/td>\n<\/tr>\n<tr>\n<td colspan=\"2\">S\u0131k\u0131\u015ft\u0131rma<\/td>\n<td>H.265 + \/ H.265 \/ H.264 + \/ H.264<\/td>\n<\/tr>\n<tr>\n<td colspan=\"2\">G&ouml;r&uuml;nt&uuml; Ak\u0131\u015f Kapasitesi<\/td>\n<td>3&rsquo;l&uuml; ak\u0131\u015f<\/td>\n<\/tr>\n<tr>\n<td colspan=\"2\">&Ccedil;&ouml;z&uuml;n&uuml;rl&uuml;k<\/td>\n<td>1080P (1920 &times; 1080) \/1.3M (1280&times;960) \/ 720P (1280 &times; 720) \/ D1 (704 &times; 576\/704 &times; 480) \/ CIF (352 &times; 288\/352 &times; 240)<\/td>\n<\/tr>\n<tr>\n<td rowspan=\"3\">Frame Oran\u0131<\/td>\n<td>Ana Ak\u0131\u015f<\/td>\n<td>1080P\/1.3M\/720P((1~50\/60fps)<\/td>\n<\/tr>\n<tr>\n<td>Alt Ak\u0131\u015f 1<\/td>\n<td>D1 \/ CIF (1 ~ 25 \/ 30fps)<\/td>\n<\/tr>\n<tr>\n<td>Alt Ak\u0131\u015f 2<\/td>\n<td>1080P \/ 720P \/ D1 \/ (1 ~ 25 \/ 30fps)<\/td>\n<\/tr>\n<\/tbody>\n<\/table>\n<table border=\"1\" cellpadding=\"5\" cellspacing=\"1\" id=\"table002\">\n<tbody>\n<tr>\n<td>Bit H\u0131z\u0131 Kontrol&uuml;<\/td>\n<td>CBR \/ VBR<\/td>\n<\/tr>\n<tr>\n<td>Bit Oran\u0131<\/td>\n<td>H.265\/H.264: 256K ~ 8192Kbps<\/td>\n<\/tr>\n<tr>\n<td>G&uuml;nd&uuml;z \/ Gece<\/td>\n<td>Otomatik (ICR) \/ Renkli \/ S \/ B<\/td>\n<\/tr>\n<tr>\n<td>Arka I\u015f\u0131k Telafisi<\/td>\n<td>BLC \/ HLC \/ WDR (140dB)<\/td>\n<\/tr>\n<tr>\n<td>Beyaz Dengesi<\/td>\n<td>Otomatik, ATW, Kapal\u0131, A&ccedil;\u0131k, Manuel<\/td>\n<\/tr>\n<tr>\n<td>Kazan&ccedil; Kontrol&uuml;<\/td>\n<td>Otomatik \/ Manuel<\/td>\n<\/tr>\n<tr>\n<td>Parazit Azaltma<\/td>\n<td>Ultra DNR (2D \/ 3D)<\/td>\n<\/tr>\n<tr>\n<td>Hareket Alg\u0131lama<\/td>\n<td>Mevcut<\/td>\n<\/tr>\n<tr>\n<td>ROI<\/td>\n<td>Mevcut<\/td>\n<\/tr>\n<tr>\n<td>Elektronik G&ouml;r&uuml;nt&uuml;<\/p>\n<p>&nbsp;<\/p>\n<p>\u0130stikrar (EIS)<\/p>\n<\/td>\n<td>Mevcut<\/td>\n<\/tr>\n<tr>\n<td>Optik Defog<\/td>\n<td>Mevcut<\/td>\n<\/tr>\n<tr>\n<td>Dijital Zoom<\/td>\n<td>16x<\/td>\n<\/tr>\n<tr>\n<td>Flip<\/td>\n<td>180&deg;<\/td>\n<\/tr>\n<tr>\n<td>&Ouml;zel Alan Maskelemesi<\/td>\n<td>24 Alana Kadar<\/td>\n<\/tr>\n<tr>\n<td><strong>Ses<\/strong><\/td>\n<td>&nbsp;<\/td>\n<\/tr>\n<tr>\n<td>S\u0131k\u0131\u015ft\u0131rma<\/td>\n<td>G.711a \/ G.711mu \/ PCM \/ G.726 \/ AAC \/ G722.1 \/ G.729 \/ MPEG2-Layer2<\/td>\n<\/tr>\n<tr>\n<td colspan=\"2\"><strong>Network<\/strong><\/td>\n<\/tr>\n<tr>\n<td>Ethernet<\/td>\n<td>RJ-45 (10Base-T \/ 100Base-TX)<\/td>\n<\/tr>\n<tr>\n<td>Protokol<\/td>\n<td>IPv4 \/ IPv6, HTTP, HTTPS, SSL, TCP \/ IP, UDP, UPnP, ICMP, IGMP, SNMP, RTSP, RTP, SMTP, NTP, DHCP, DNS, PPPOE, DDNS, FTP,&nbsp;IP Filtresi, QoS, Bonjour, 802.1 x<\/td>\n<\/tr>\n<tr>\n<td>ONVIF<\/td>\n<td>ONVIF Profili S &amp; G, API<\/td>\n<\/tr>\n<tr>\n<td>Ak\u0131\u015f Metodu<\/td>\n<td>Tek Noktaya Yay\u0131n \/ &Ccedil;ok Noktaya Yay\u0131n<\/td>\n<\/tr>\n<tr>\n<td>Maks. Kullan\u0131c\u0131 Eri\u015fimi<\/td>\n<td>20 kullan\u0131c\u0131<\/td>\n<\/tr>\n<tr>\n<td>Kenar Depolama Alan\u0131<\/td>\n<td>NAS (A\u011fa Ba\u011fl\u0131 Depolama), anl\u0131k kay\u0131t i&ccedil;in Yerel PC, Mikro SD kart 256GB<\/td>\n<\/tr>\n<tr>\n<td>Web G&ouml;r&uuml;nt&uuml;leyici<\/td>\n<td>IE, Chrome, Firefox, Safari<\/td>\n<\/tr>\n<tr>\n<td>Yaz\u0131l\u0131m Y&ouml;netimi<\/td>\n<td>Ak\u0131ll\u0131 PSS, DSS, DMSS<\/td>\n<\/tr>\n<tr>\n<td>Ak\u0131ll\u0131 Telefon<\/td>\n<td>IOS, Android<\/td>\n<\/tr>\n<tr>\n<td><strong>Sertifikalar<\/strong><\/td>\n<td>&nbsp;<\/td>\n<\/tr>\n<tr>\n<td>Sertifikalar<\/td>\n<td>CE: EN55032 \/ EN55024 \/ EN50130-4<\/p>\n<p>&nbsp;<\/p>\n<p>FCC: Part15 altpartB, ANSI C63.4- 2014<\/p>\n<p>UL: UL60950-1 + CAN \/ CSA C22.2&nbsp;,&nbsp;No. 60950-1<\/p>\n<\/td>\n<\/tr>\n<tr>\n<td><strong>Aray&uuml;z<\/strong><\/td>\n<td>&nbsp;<\/td>\n<\/tr>\n<tr>\n<td>Video Aray&uuml;z&uuml;<\/td>\n<td>1 port(BNC, 1.0V[p-p], 75&Omega;)<\/td>\n<\/tr>\n<tr>\n<td>Ses Aray&uuml;z&uuml;<\/td>\n<td>1\/1<\/td>\n<\/tr>\n<tr>\n<td>RS485<\/td>\n<td>1<\/td>\n<\/tr>\n<tr>\n<td>Alarm<\/td>\n<td>7\/2<\/td>\n<\/tr>\n<tr>\n<td colspan=\"2\"><strong>Genel<\/strong><\/td>\n<\/tr>\n<tr>\n<td>G&uuml;&ccedil; Kayna\u011f\u0131<\/td>\n<td>AC24V \/ 3A (&plusmn;% 25), Hi-PoE<\/td>\n<\/tr>\n<tr>\n<td>G&uuml;&ccedil; T&uuml;ketimi<\/td>\n<td>24W, 38W (IR)<\/td>\n<\/tr>\n<\/tbody>\n<\/table>\n<table border=\"1\" cellpadding=\"5\" cellspacing=\"1\" id=\"table003\">\n<tbody>\n<tr>\n<td>&Ccedil;al\u0131\u015fma Ko\u015fullar\u0131<\/td>\n<td>-40 &deg; C ~ 70 &deg; C (-40 &deg; F ~ + 158 &deg; F) \/% 95&rsquo;den az RH<\/td>\n<\/tr>\n<tr>\n<td>Koruma Sertifikas\u0131<\/td>\n<td>IP67<\/td>\n<\/tr>\n<tr>\n<td>Dayan\u0131kl\u0131l\u0131k Sertifikas\u0131<\/td>\n<td>IK10<\/td>\n<\/tr>\n<tr>\n<td>Kasa<\/td>\n<td>Metal<\/td>\n<\/tr>\n<tr>\n<td>Boyutlar<\/td>\n<td>&Phi;240 (mm) x 382 (mm)<\/td>\n<\/tr>\n<tr>\n<td>Net A\u011f\u0131rl\u0131k<\/td>\n<td>6.75kg<\/td>\n<\/tr>\n<\/tbody>\n<\/table>\n<p><img loading=\"lazy\" alt=\"\" height=\"582\" sizes=\"(max-width: 373px) 100vw, 373px\" src=\"https:\/\/www.okisan.com\/wp-content\/uploads\/2017\/04\/SD6AE240V-HNI-2.png\" srcset=\"https:\/\/www.okisan.com\/wp-content\/uploads\/2017\/04\/SD6AE240V-HNI-2-120x187.png 120w, https:\/\/www.okisan.com\/wp-content\/uploads\/2017\/04\/SD6AE240V-HNI-2-150x234.png 150w, https:\/\/www.okisan.com\/wp-content\/uploads\/2017\/04\/SD6AE240V-HNI-2-200x312.png 200w, https:\/\/www.okisan.com\/wp-content\/uploads\/2017\/04\/SD6AE240V-HNI-2-300x468.png 300w, https:\/\/www.okisan.com\/wp-content\/uploads\/2017\/04\/SD6AE240V-HNI-2.png 373w\" width=\"373\" \/>&nbsp;<img loading=\"lazy\" alt=\"\" height=\"137\" sizes=\"(max-width: 500px) 100vw, 500px\" src=\"https:\/\/www.okisan.com\/wp-content\/uploads\/2017\/04\/SD6AE240V-HNI-1-500x137.png\" srcset=\"https:\/\/www.okisan.com\/wp-content\/uploads\/2017\/04\/SD6AE240V-HNI-1-120x33.png 120w, https:\/\/www.okisan.com\/wp-content\/uploads\/2017\/04\/SD6AE240V-HNI-1-150x41.png 150w, https:\/\/www.okisan.com\/wp-content\/uploads\/2017\/04\/SD6AE240V-HNI-1-200x55.png 200w, https:\/\/www.okisan.com\/wp-content\/uploads\/2017\/04\/SD6AE240V-HNI-1-300x82.png 300w, https:\/\/www.okisan.com\/wp-content\/uploads\/2017\/04\/SD6AE240V-HNI-1-400x110.png 400w, https:\/\/www.okisan.com\/wp-content\/uploads\/2017\/04\/SD6AE240V-HNI-1-500x137.png 500w, https:\/\/www.okisan.com\/wp-content\/uploads\/2017\/04\/SD6AE240V-HNI-1-600x165.png 600w, https:\/\/www.okisan.com\/wp-content\/uploads\/2017\/04\/SD6AE240V-HNI-1.png 733w\" width=\"500\" \/><\/p>\n","protected":false},"excerpt":{"rendered":"<p>1 \/ 2.8 &ldquo;2Megapiksel STARVIS &trade; CMOS G&uuml;&ccedil;l&uuml; 40x optik zoom Starlight teknolojisi H.265 Kodlama Maks. 50\/60fps@1080P Hi-PoE mevcut IR 200m&rsquo;ye kadar mesafe IP67 , IK10 Dahua SD6AE240V-HNI Teknik &Ouml;zellikleri Kamera G&ouml;r&uuml;nt&uuml; Sens&ouml;r&uuml; 1 \/ 2.8 &ldquo;STARVIS &trade; CMOS Etkin Piksel 1920 (H) x 1080 (V), 2 megapiksel Tarama Sistemi Progresif Elektronik Shutter H\u0131z\u0131 1\/1 [&#8230;]\n","protected":false},"featured_media":646,"comment_status":"closed","ping_status":"closed","template":"","meta":[],"_links":{"self":[{"href":"https:\/\/nilbilisim.com.tr\/magaza\/wp-json\/wp\/v2\/product\/645"}],"collection":[{"href":"https:\/\/nilbilisim.com.tr\/magaza\/wp-json\/wp\/v2\/product"}],"about":[{"href":"https:\/\/nilbilisim.com.tr\/magaza\/wp-json\/wp\/v2\/types\/product"}],"replies":[{"embeddable":true,"href":"https:\/\/nilbilisim.com.tr\/magaza\/wp-json\/wp\/v2\/comments?post=645"}],"wp:featuredmedia":[{"embeddable":true,"href":"https:\/\/nilbilisim.com.tr\/magaza\/wp-json\/wp\/v2\/media\/646"}],"wp:attachment":[{"href":"https:\/\/nilbilisim.com.tr\/magaza\/wp-json\/wp\/v2\/media?parent=645"}],"curies":[{"name":"wp","href":"https:\/\/api.w.org\/{rel}","templated":true}]}}