{"id":679,"date":"2021-01-18T20:52:20","date_gmt":"2021-01-18T20:52:20","guid":{"rendered":"https:\/\/nilbilisim.com.tr\/magaza\/urun\/dahua-nvr2108hs-4ks2-8-kanal-lite-h265-network-kaiat-cihaza\/"},"modified":"2024-07-01T01:42:05","modified_gmt":"2024-06-30T22:42:05","slug":"dahua-nvr2108hs-4ks2-8-kanal-lite-h265-network-kaiat-cihaza","status":"publish","type":"product","link":"https:\/\/nilbilisim.com.tr\/magaza\/urun\/dahua-nvr2108hs-4ks2-8-kanal-lite-h265-network-kaiat-cihaza\/","title":{"rendered":"Dahua NVR2108HS-4KS2 8 Kanal Lite H.265 Network Kay\u0131t Cihaz\u0131"},"content":{"rendered":"<ul>\n<li>H.265 \/ H.264 codec kod &ccedil;&ouml;zme<\/li>\n<li>Maks. 80Mbps gelen bant geni\u015fli\u011fi<\/li>\n<li>8MP &ccedil;&ouml;z&uuml;n&uuml;rl&uuml;kte &ouml;nizleme ve playback<\/li>\n<li>1&nbsp;kanala&nbsp;kadar @ 8MP \/ 4ch @ 1080P kod &ccedil;&ouml;zme<\/li>\n<li>HDMI \/ VGA e\u015f zamanl\u0131 video &ccedil;\u0131k\u0131\u015f\u0131<\/li>\n<\/ul>\n<table border=\"1\" cellpadding=\"5\" cellspacing=\"1\" id=\"table001\">\n<tbody>\n<tr>\n<td colspan=\"2\"><strong>Dahua DHI-NVR2108HS-4KS2 Teknik &Ouml;zellikleri<\/strong><\/td>\n<\/tr>\n<tr>\n<td colspan=\"2\"><strong>Sistem<\/strong><\/td>\n<\/tr>\n<tr>\n<td>Ana \u0130\u015flemci<\/td>\n<td>&Ccedil;ift &ccedil;ekirdekli g&ouml;m&uuml;l&uuml; i\u015flemci<\/td>\n<\/tr>\n<tr>\n<td>\u0130\u015fletim Sistemi<\/td>\n<td>G&ouml;m&uuml;l&uuml; LINUX<\/td>\n<\/tr>\n<tr>\n<td colspan=\"2\"><strong>Ses ve G&ouml;r&uuml;nt&uuml;<\/strong><\/td>\n<\/tr>\n<tr>\n<td>IP Kamera Giri\u015fi<\/td>\n<td>8 Kanal<\/td>\n<\/tr>\n<tr>\n<td>\u0130ki Y&ouml;nl&uuml; Konu\u015fma<\/td>\n<td>1 Kanal Giri\u015fi, 1 Kanal &Ccedil;\u0131k\u0131\u015f\u0131, RCA<\/td>\n<\/tr>\n<tr>\n<td colspan=\"2\"><strong>Ekran<\/strong><\/td>\n<\/tr>\n<tr>\n<td>Aray&uuml;z<\/td>\n<td>1 HDMI, 1 VGA<\/td>\n<\/tr>\n<tr>\n<td>&Ccedil;&ouml;z&uuml;n&uuml;rl&uuml;k<\/td>\n<td>HDMI:&nbsp;3840 &times; 2160,1920 &times; 1080,1280 &times; 1024,1280 &times; 720<\/p>\n<p>&nbsp;<\/p>\n<p>VGA: 1920 &times; 1080, 1280 &times; 1024, 1280 &times; 720<\/p>\n<\/td>\n<\/tr>\n<tr>\n<td>Kod &Ccedil;&ouml;zme Kapasitesi<\/td>\n<td>1 kanal @ 8MP 30 fps, 4 kanal @ 1080P 30 fps<\/td>\n<\/tr>\n<tr>\n<td>B&ouml;l&uuml;nm&uuml;\u015f Ekran<\/td>\n<td>1\/4\/8\/9<\/td>\n<\/tr>\n<tr>\n<td>OSD<\/td>\n<td>Kamera ba\u015fl\u0131\u011f\u0131, Zaman, kamera kilidi, Hareket alg\u0131lama, kay\u0131t<\/td>\n<\/tr>\n<tr>\n<td colspan=\"2\"><strong>Video<\/strong><\/td>\n<\/tr>\n<tr>\n<td>S\u0131k\u0131\u015ft\u0131rma<\/td>\n<td>H.265 \/ H.264<\/td>\n<\/tr>\n<tr>\n<td>&Ccedil;&ouml;z&uuml;n&uuml;rl&uuml;k<\/td>\n<td>8MP \/ 6MP \/ 5MP \/ 4MP \/ 3MP \/ 1080P \/ 720P \/ D1 &amp; vb.<\/td>\n<\/tr>\n<tr>\n<td>Frame Oran\u0131<\/td>\n<td>80Mbps<\/td>\n<\/tr>\n<tr>\n<td>Bit H\u0131z\u0131<\/td>\n<td>Kanal ba\u015f\u0131na 16Kbps ~ 20Mbps<\/td>\n<\/tr>\n<tr>\n<td>Kay\u0131t Modu<\/td>\n<td>Manuel, Plan (D&uuml;zenli (S&uuml;rekli), MD, Durdur<\/td>\n<\/tr>\n<tr>\n<td>Kay\u0131t Aral\u0131\u011f\u0131<\/td>\n<td>1 ~ 120 dakika (varsay\u0131lan: 60 dak), &Ouml;n kay\u0131t: 1 ~ 30 sn, Post-kay\u0131t: 10 ~ 300 sn<\/td>\n<\/tr>\n<tr>\n<td colspan=\"2\"><strong>Video Alg\u0131lama ve Alarm<\/strong><\/td>\n<\/tr>\n<tr>\n<td>Tetikleyen Olaylar<\/td>\n<td>Kay\u0131t, PTZ, Tur, Video Push, Snapshot ve Ekran \u0130pu&ccedil;lar\u0131<\/td>\n<\/tr>\n<tr>\n<td>Video Alg\u0131lama<\/td>\n<td>Hareket Alg\u0131lama, MD B&ouml;lgeleri: 396 (22 &times; 18) ve Sabotaj<\/td>\n<\/tr>\n<tr>\n<td>Alarm Giri\u015fi<\/td>\n<td>&ndash;<\/td>\n<\/tr>\n<tr>\n<td>Alarm &Ccedil;\u0131k\u0131\u015f\u0131<\/td>\n<td>&ndash;<\/td>\n<\/tr>\n<tr>\n<td colspan=\"2\"><strong>Playback ve Yedekleme<\/strong><\/td>\n<\/tr>\n<tr>\n<td>Senkronize Playback<\/td>\n<td>1\/4<\/td>\n<\/tr>\n<tr>\n<td>Arama Modu<\/td>\n<td>Zaman \/ Tarih, MD ve Tam Arama<\/p>\n<p>&nbsp;<\/p>\n<p>(saniyeye kadar do\u011fru)<\/p>\n<\/td>\n<\/tr>\n<tr>\n<td>Playback Fonksiyonu<\/td>\n<td>Oynat, Duraklat, Durdur, Geri Sar, H\u0131zl\u0131 Oynat, Yava\u015f Oynat, Sonraki Dosya, &Ouml;nceki Dosya, Sonraki Kamera, &Ouml;nceki Kamera, Tam Ekran, Kar\u0131\u015ft\u0131r, Yedekleme Se&ccedil;imi, Dijital Zoom<\/td>\n<\/tr>\n<tr>\n<td>Yedekleme Modu<\/td>\n<td>USB Ayg\u0131t\u0131 \/ Network<\/td>\n<\/tr>\n<\/tbody>\n<\/table>\n<table border=\"1\" cellpadding=\"5\" cellspacing=\"1\" id=\"table002\">\n<tbody>\n<tr>\n<td colspan=\"2\"><strong>Di\u011fer Markalarla Uyumluluk<\/strong><\/td>\n<\/tr>\n<tr>\n<td>Di\u011fer Markalarla Uyumluluk<\/td>\n<td>Arecont Vision, AXIS, Bosch, Brickcom, Canon, CP Plus, Dynacolor, Honeywell, Panasonic, Pelco, Samsung, Sanyo, Sony, Videotec ve daha fazlas\u0131<\/td>\n<\/tr>\n<tr>\n<td colspan=\"2\"><strong>Network<\/strong><\/td>\n<\/tr>\n<tr>\n<td>Aray&uuml;z<\/td>\n<td>1 RJ-45 port (10\/100Mbps)<\/td>\n<\/tr>\n<tr>\n<td>PoE<\/td>\n<td>&ndash;<\/td>\n<\/tr>\n<tr>\n<td>Network Fonksiyonu<\/td>\n<td>HTTP \/ HTTPS, TCP \/ IP, IPv4 \/ IPv6, RTSP, UDP, NTP, DHCP, DNS, IP Filtresi, DDNS, IP Arama (Destek Dahua IP kamera, DVR, NVS ve vb.), Easy4ip<\/td>\n<\/tr>\n<tr>\n<td>Fiber Optik Aray&uuml;z<\/td>\n<td>&ndash;<\/td>\n<\/tr>\n<tr>\n<td>Maks. Kullan\u0131c\u0131 Eri\u015fimi<\/td>\n<td>128 kullan\u0131c\u0131<\/td>\n<\/tr>\n<tr>\n<td>Ak\u0131ll\u0131 Telefon<\/td>\n<td>iPhone, iPad, Android<\/td>\n<\/tr>\n<tr>\n<td>ONVIF<\/td>\n<td>ONVIF 2.4, SDK, CGI<\/td>\n<\/tr>\n<tr>\n<td colspan=\"2\"><strong>Depolama<\/strong><\/td>\n<\/tr>\n<tr>\n<td>Dahili HDD<\/td>\n<td>1 SATA III port, her HDD i&ccedil;in 6 TB&rsquo;a kadar kapasite<\/td>\n<\/tr>\n<tr>\n<td>HDD Modu<\/td>\n<td>Tek<\/td>\n<\/tr>\n<tr>\n<td>eSATA<\/td>\n<td>&ndash;<\/td>\n<\/tr>\n<tr>\n<td colspan=\"2\"><strong>Aray&uuml;z<\/strong><\/td>\n<\/tr>\n<tr>\n<td>USB<\/td>\n<td>2 ports (1 Arka USB2.0, 1 &Ouml;n USB2.0)<\/td>\n<\/tr>\n<tr>\n<td>RS232<\/td>\n<td>&ndash;<\/td>\n<\/tr>\n<tr>\n<td>RS485<\/td>\n<td>&ndash;<\/td>\n<\/tr>\n<tr>\n<td colspan=\"2\"><strong>G&uuml;&ccedil;<\/strong><\/td>\n<\/tr>\n<tr>\n<td>G&uuml;&ccedil; Kayna\u011f\u0131<\/td>\n<td>Tek, DC12V \/ 2A<\/td>\n<\/tr>\n<tr>\n<td>G&uuml;&ccedil; T&uuml;ketimi<\/td>\n<td>&lt;3W (HDD olmadan)<\/td>\n<\/tr>\n<tr>\n<td colspan=\"2\"><strong>&Ccedil;evre Ko\u015fullar\u0131<\/strong><\/td>\n<\/tr>\n<tr>\n<td>&Ccedil;al\u0131\u015fma Ko\u015fullar\u0131<\/td>\n<td>-10 &deg; C ~ + 55 &deg; C (+ 14 &deg; F ~ + 131 &deg; F), 86 ~ 106kpa<\/td>\n<\/tr>\n<tr>\n<td>Dayan\u0131kl\u0131l\u0131k Ko\u015fullar\u0131<\/td>\n<td>-20 &deg; C ~ + 70 &deg; C (-4 &deg; F ~ + 158 &deg; F), 0 ~ 90% RH<\/td>\n<\/tr>\n<tr>\n<td colspan=\"2\"><strong>Kasa<\/strong><\/td>\n<\/tr>\n<tr>\n<td>Boyutlar<\/td>\n<td>Kompakt 1U, 260mm x 224.9mm x 47.6mm<\/td>\n<\/tr>\n<tr>\n<td>Net A\u011f\u0131rl\u0131k<\/td>\n<td>0.8kg (HDD olmadan)<\/td>\n<\/tr>\n<tr>\n<td><strong>Sertifikalar<\/strong><\/td>\n<td>&nbsp;<\/td>\n<\/tr>\n<tr>\n<td>Sertifikalar<\/td>\n<td>EN55032, EN55024, EN50130-4, EN60950-1<\/p>\n<p>&nbsp;<\/p>\n<p>FCC:B&ouml;l&uuml;m 15 Subpart B, ANSI C63.4-2014<\/p>\n<p>UL:UL60950-1<\/p>\n<\/td>\n<\/tr>\n<\/tbody>\n<\/table>\n<p><img loading=\"lazy\" alt=\"ghhrtyjruykryuktyiktyiktiktuikti\" height=\"307\" sizes=\"(max-width: 500px) 100vw, 500px\" src=\"https:\/\/www.okisan.com\/wp-content\/uploads\/2016\/11\/ghhrtyjruykryukty%C4%B1kty%C4%B1kt%C4%B1ktu%C4%B1kt%C4%B1-500x307.png\" srcset=\"https:\/\/www.okisan.com\/wp-content\/uploads\/2016\/11\/ghhrtyjruykryukty\u0131kty\u0131kt\u0131ktu\u0131kt\u0131-120x74.png 120w, https:\/\/www.okisan.com\/wp-content\/uploads\/2016\/11\/ghhrtyjruykryukty\u0131kty\u0131kt\u0131ktu\u0131kt\u0131-150x92.png 150w, https:\/\/www.okisan.com\/wp-content\/uploads\/2016\/11\/ghhrtyjruykryukty\u0131kty\u0131kt\u0131ktu\u0131kt\u0131-200x123.png 200w, https:\/\/www.okisan.com\/wp-content\/uploads\/2016\/11\/ghhrtyjruykryukty\u0131kty\u0131kt\u0131ktu\u0131kt\u0131-300x184.png 300w, https:\/\/www.okisan.com\/wp-content\/uploads\/2016\/11\/ghhrtyjruykryukty\u0131kty\u0131kt\u0131ktu\u0131kt\u0131-400x246.png 400w, https:\/\/www.okisan.com\/wp-content\/uploads\/2016\/11\/ghhrtyjruykryukty\u0131kty\u0131kt\u0131ktu\u0131kt\u0131-500x307.png 500w, https:\/\/www.okisan.com\/wp-content\/uploads\/2016\/11\/ghhrtyjruykryukty\u0131kty\u0131kt\u0131ktu\u0131kt\u0131-600x368.png 600w, https:\/\/www.okisan.com\/wp-content\/uploads\/2016\/11\/ghhrtyjruykryukty\u0131kty\u0131kt\u0131ktu\u0131kt\u0131.png 736w\" width=\"500\" \/><\/p>\n<p><img loading=\"lazy\" alt=\"\" height=\"114\" sizes=\"(max-width: 500px) 100vw, 500px\" src=\"https:\/\/www.okisan.com\/wp-content\/uploads\/2018\/08\/arka-panel-500x114.png\" srcset=\"https:\/\/www.okisan.com\/wp-content\/uploads\/2018\/08\/arka-panel-120x27.png 120w, https:\/\/www.okisan.com\/wp-content\/uploads\/2018\/08\/arka-panel-150x34.png 150w, https:\/\/www.okisan.com\/wp-content\/uploads\/2018\/08\/arka-panel-200x46.png 200w, https:\/\/www.okisan.com\/wp-content\/uploads\/2018\/08\/arka-panel-300x69.png 300w, https:\/\/www.okisan.com\/wp-content\/uploads\/2018\/08\/arka-panel-400x91.png 400w, https:\/\/www.okisan.com\/wp-content\/uploads\/2018\/08\/arka-panel-500x114.png 500w, https:\/\/www.okisan.com\/wp-content\/uploads\/2018\/08\/arka-panel-600x137.png 600w, https:\/\/www.okisan.com\/wp-content\/uploads\/2018\/08\/arka-panel-768x175.png 768w, https:\/\/www.okisan.com\/wp-content\/uploads\/2018\/08\/arka-panel-800x183.png 800w, https:\/\/www.okisan.com\/wp-content\/uploads\/2018\/08\/arka-panel.png 849w\" width=\"500\" \/><\/p>\n","protected":false},"excerpt":{"rendered":"<p>H.265 \/ H.264 codec kod &ccedil;&ouml;zme Maks. 80Mbps gelen bant geni\u015fli\u011fi 8MP &ccedil;&ouml;z&uuml;n&uuml;rl&uuml;kte &ouml;nizleme ve playback 1&nbsp;kanala&nbsp;kadar @ 8MP \/ 4ch @ 1080P kod &ccedil;&ouml;zme HDMI \/ VGA e\u015f zamanl\u0131 video &ccedil;\u0131k\u0131\u015f\u0131 Dahua DHI-NVR2108HS-4KS2 Teknik &Ouml;zellikleri Sistem Ana \u0130\u015flemci &Ccedil;ift &ccedil;ekirdekli g&ouml;m&uuml;l&uuml; i\u015flemci \u0130\u015fletim Sistemi G&ouml;m&uuml;l&uuml; LINUX Ses ve G&ouml;r&uuml;nt&uuml; IP Kamera Giri\u015fi 8 Kanal [&#8230;]\n","protected":false},"featured_media":680,"comment_status":"closed","ping_status":"closed","template":"","meta":[],"_links":{"self":[{"href":"https:\/\/nilbilisim.com.tr\/magaza\/wp-json\/wp\/v2\/product\/679"}],"collection":[{"href":"https:\/\/nilbilisim.com.tr\/magaza\/wp-json\/wp\/v2\/product"}],"about":[{"href":"https:\/\/nilbilisim.com.tr\/magaza\/wp-json\/wp\/v2\/types\/product"}],"replies":[{"embeddable":true,"href":"https:\/\/nilbilisim.com.tr\/magaza\/wp-json\/wp\/v2\/comments?post=679"}],"wp:featuredmedia":[{"embeddable":true,"href":"https:\/\/nilbilisim.com.tr\/magaza\/wp-json\/wp\/v2\/media\/680"}],"wp:attachment":[{"href":"https:\/\/nilbilisim.com.tr\/magaza\/wp-json\/wp\/v2\/media?parent=679"}],"curies":[{"name":"wp","href":"https:\/\/api.w.org\/{rel}","templated":true}]}}