{"id":689,"date":"2021-01-18T20:52:52","date_gmt":"2021-01-18T20:52:52","guid":{"rendered":"https:\/\/nilbilisim.com.tr\/magaza\/urun\/dahua-nvr4216-16p-4ks2-16-kanal-poe-4k-h265-network-kaiat-cihaza\/"},"modified":"2024-07-01T01:42:03","modified_gmt":"2024-06-30T22:42:03","slug":"dahua-nvr4216-16p-4ks2-16-kanal-poe-4k-h265-network-kaiat-cihaza","status":"publish","type":"product","link":"https:\/\/nilbilisim.com.tr\/magaza\/urun\/dahua-nvr4216-16p-4ks2-16-kanal-poe-4k-h265-network-kaiat-cihaza\/","title":{"rendered":"Dahua NVR4216-16P-4KS2 16 Kanal PoE 4K H.265 Network Kay\u0131t Cihaz\u0131"},"content":{"rendered":"<ul>\n<li>H.265 \/ H.264 codec kod &ccedil;&ouml;zme<\/li>\n<li>Maksimum 200Mbps gelen band geni\u015fli\u011fi<\/li>\n<li>&Ouml;nizleme ve Playback i&ccedil;in 8MP&rsquo;ye Kadar &Ccedil;&ouml;z&uuml;n&uuml;rl&uuml;k<\/li>\n<li>HDMI \/ VGA e\u015f zamanl\u0131 video &ccedil;\u0131k\u0131\u015f\u0131<\/li>\n<li>IPC UPnP, 16PoE ports mevcut<\/li>\n<li>Network &ccedil;&ouml;kt&uuml;\u011f&uuml;nde depolama g&uuml;venilirli\u011fini art\u0131rmak i&ccedil;in ANR teknolojisini destekleme<\/li>\n<\/ul>\n<table border=\"1\" cellpadding=\"5\" cellspacing=\"1\">\n<tbody>\n<tr>\n<td><strong>Model<\/strong><\/td>\n<td><strong>Dahua NVR4216-16P-4KS2 Teknik &Ouml;zellikleri<\/strong><\/td>\n<\/tr>\n<tr>\n<td><strong>Sistem<\/strong><\/td>\n<td colspan=\"1\">&nbsp;<\/td>\n<\/tr>\n<tr>\n<td>Ana \u0130\u015flemci<\/td>\n<td colspan=\"1\">D&ouml;rt &ccedil;ekirdekli i\u015flemci<\/td>\n<\/tr>\n<tr>\n<td>\u0130\u015fletim Sistemi<\/td>\n<td colspan=\"1\">G&ouml;m&uuml;l&uuml; LINUX<\/td>\n<\/tr>\n<tr>\n<td><strong>Ekran<\/strong><\/td>\n<td colspan=\"1\">&nbsp;<\/td>\n<\/tr>\n<tr>\n<td>Aray&uuml;z<\/td>\n<td colspan=\"1\">1 HDMI, 1 VGA<\/td>\n<\/tr>\n<tr>\n<td>&Ccedil;&ouml;z&uuml;n&uuml;rl&uuml;k<\/td>\n<td colspan=\"1\">3840 &times; 2160, 1920 &times; 1080, 1280 &times; 1024, 1280 &times; 720, 1024 &times; 768<\/td>\n<\/tr>\n<tr>\n<td>B&ouml;l&uuml;nm&uuml;\u015f Ekran<\/td>\n<td colspan=\"1\">1\/4\/8\/9\/16<\/td>\n<\/tr>\n<tr>\n<td>OSD<\/td>\n<td colspan=\"1\">Kamera Ba\u015fl\u0131\u011f\u0131, Zaman, Video Kayb\u0131, Kamera Kilit, Hareket Alg\u0131lama, Kay\u0131t<\/td>\n<\/tr>\n<tr>\n<td><strong>Video Alg\u0131lama ve Alarm<\/strong><\/td>\n<td colspan=\"1\">&nbsp;<\/td>\n<\/tr>\n<tr>\n<td>Tetikleyen Olaylar<\/td>\n<td colspan=\"1\">Kay\u0131t, PTZ, Tur, Alarm &Ccedil;\u0131k\u0131\u015f\u0131, Video Push, E-posta, FTP, Anl\u0131k G&ouml;r&uuml;nt&uuml;, Buzzer &amp; Ekran ipu&ccedil;lar\u0131<\/td>\n<\/tr>\n<tr>\n<td>Video Alg\u0131lama<\/td>\n<td colspan=\"1\">Hareket Alg\u0131lama, MD B&ouml;lgeleri: 396 (22 &times; 18), Video Kayb\u0131 &amp; Kamera Bo\u015f<\/td>\n<\/tr>\n<tr>\n<td>Alarm Giri\u015fi<\/td>\n<td colspan=\"1\">4 Kanal, D&uuml;\u015f&uuml;k Seviyeli Etkili, Ye\u015fil Terminal Aray&uuml;z&uuml;<\/td>\n<\/tr>\n<tr>\n<td>Alarm &Ccedil;\u0131k\u0131\u015f\u0131<\/td>\n<td colspan=\"1\">2 Kanal, NO \/ NC Programlanabilir, Ye\u015fil Terminal Aray&uuml;z&uuml;<\/td>\n<\/tr>\n<tr>\n<td><strong>Playback ve Yedekleme<\/strong><\/td>\n<td colspan=\"1\">&nbsp;<\/td>\n<\/tr>\n<tr>\n<td>Senkronize Playback<\/td>\n<td colspan=\"1\">1\/4\/8\/16<\/td>\n<\/tr>\n<tr>\n<td>Arama Modu<\/td>\n<td colspan=\"1\">Zaman \/ Tarih, Alarm, MD ve Tam arama (saniye hassasiyetinde), Ak\u0131ll\u0131 arama<\/td>\n<\/tr>\n<tr>\n<td>Playback Fonksiyonu<\/td>\n<td colspan=\"1\">Oynat, Duraklat, Dur, Geri Sar, H\u0131zl\u0131 oyna, Yava\u015f Oyna,<\/p>\n<p>&nbsp;<\/p>\n<p>Sonraki Dosya, &Ouml;nceki Dosya, Sonraki Kamera,<\/p>\n<p>&Ouml;nceki Kamera, Tam Ekran, Tekrarla, Kar\u0131\u015f\u0131k, Yedek Se&ccedil;imi, Dijital Zoom<\/p>\n<\/td>\n<\/tr>\n<tr>\n<td>Yedekleme Modu<\/td>\n<td colspan=\"1\">USB Ayg\u0131t\u0131 \/ Network<\/td>\n<\/tr>\n<tr>\n<td><strong>Depolama<\/strong><\/td>\n<td colspan=\"1\">&nbsp;<\/td>\n<\/tr>\n<tr>\n<td>Dahili HDD<\/td>\n<td colspan=\"1\">2 SATA III ports, her HDD i&ccedil;in 6 TB&rsquo;a kadar kapasite<\/td>\n<\/tr>\n<tr>\n<td>HDD Modu<\/td>\n<td>Tek<\/td>\n<\/tr>\n<tr>\n<td>eSATA<\/td>\n<td>&ndash;<\/td>\n<\/tr>\n<tr>\n<td><strong>Aray&uuml;z<\/strong><\/td>\n<td colspan=\"1\">&nbsp;<\/td>\n<\/tr>\n<tr>\n<td>USB<\/td>\n<td colspan=\"1\">2 USB Ports (1 USB 2.0 , 1 USB 3.0 )<\/td>\n<\/tr>\n<tr>\n<td>RS232<\/td>\n<td colspan=\"1\">1 port<\/td>\n<\/tr>\n<tr>\n<td>RS485<\/td>\n<td colspan=\"1\">&ndash;<\/td>\n<\/tr>\n<tr>\n<td><strong>Di\u011fer Markalarla Uyumluluk<\/strong><\/td>\n<td>&nbsp;<\/td>\n<\/tr>\n<tr>\n<td>Di\u011fer Markalarla Uyumluluk<\/td>\n<td>Dahua, Arecont Vision, AXIS, Bosch, Brickcom,<\/p>\n<p>&nbsp;<\/p>\n<p>Canon, CP Plus, Dynacolor, Honeywell, Panasonic,<\/p>\n<p>Pelco, Samsung, Sanyo, Sony, Videotec ve daha fazlas\u0131<\/p>\n<\/td>\n<\/tr>\n<tr>\n<td><strong>Ses ve Video<\/strong><\/td>\n<td>&nbsp;<\/td>\n<\/tr>\n<tr>\n<td>IP Kamera Giri\u015fi<\/td>\n<td>16 Kanal<\/td>\n<\/tr>\n<tr>\n<td>\u0130ki Y&ouml;nl&uuml; Konu\u015fma<\/td>\n<td>1 Kanal Giri\u015fi, 1 Kanal &Ccedil;\u0131k\u0131\u015f\u0131, RCA<\/td>\n<\/tr>\n<tr>\n<td><strong>Kay\u0131t<\/strong><\/td>\n<td>&nbsp;<\/td>\n<\/tr>\n<tr>\n<td>S\u0131k\u0131\u015ft\u0131rma<\/td>\n<td>H.265 \/ H.264<\/td>\n<\/tr>\n<tr>\n<td>&Ccedil;&ouml;z&uuml;n&uuml;rl&uuml;k<\/td>\n<td>8Mp \/ 6Mp \/ 5MP&nbsp;\/&nbsp;4MP \/ 3MP \/ 1080P \/ 1.3MP \/ 720P vb.<\/td>\n<\/tr>\n<tr>\n<td>Kay\u0131t H\u0131z\u0131<\/td>\n<td>200Mbps<\/td>\n<\/tr>\n<tr>\n<td>Bit Oran\u0131<\/td>\n<td>Kanal ba\u015f\u0131na 16Kbps ~ 20Mbps<\/td>\n<\/tr>\n<tr>\n<td>Kay\u0131t Modu<\/td>\n<td>Manuel, Plan (Normal, S&uuml;rekli), MD (Video alg\u0131lama: Hareket Alg\u0131lama, Kamera Bo\u015f, Video Kayb\u0131), Alarm, Durdur<\/td>\n<\/tr>\n<tr>\n<td>Kay\u0131t Aral\u0131\u011f\u0131<\/td>\n<td>1 ~ 120 dk (varsay\u0131lan: 60 dak), &Ouml;n kay\u0131t:<\/p>\n<p>&nbsp;<\/p>\n<p>1 ~ 30 sn, Kay\u0131t sonras\u0131: 10 ~ 300 sn<\/p>\n<\/td>\n<\/tr>\n<tr>\n<td><strong>Network<\/strong><\/td>\n<td>&nbsp;<\/td>\n<\/tr>\n<tr>\n<td>Aray&uuml;z<\/td>\n<td>1 RJ-45 Port (10\/100\/1000Mbps)<\/td>\n<\/tr>\n<tr>\n<td>Ethernet Port<\/td>\n<td>Ba\u011f\u0131ms\u0131z 1000Mbps Ethernet Port<\/td>\n<\/tr>\n<tr>\n<td>PoE<\/td>\n<td>16 ports (IEEE802.3at\/af)<\/td>\n<\/tr>\n<tr>\n<td>Network Fonksiyonu<\/td>\n<td>HTTP, HTTPS, TCP \/ IP, IPv4 \/ IPv6, UPnP, RTSP, UDP, SMTP, NTP, DHCP, DNS, IP Filtresi, PPPoE, DDNS, FTP,<\/p>\n<p>&nbsp;<\/p>\n<p>IP Arama (Dahua IP kamera, DVR, NVS, vb. Deste\u011fi), Easy4ip<\/p>\n<\/td>\n<\/tr>\n<tr>\n<td>Maks. Kullan\u0131c\u0131 Eri\u015fimi<\/td>\n<td>128 kullan\u0131c\u0131<\/td>\n<\/tr>\n<tr>\n<td>Ak\u0131ll\u0131 Telefon<\/td>\n<td>IPhone, iPad, Android<\/td>\n<\/tr>\n<tr>\n<td>ONVIF<\/td>\n<td>ONVIF 2.4, CGI Uyumlu<\/td>\n<\/tr>\n<tr>\n<td><strong>G&uuml;&ccedil;<\/strong><\/td>\n<td colspan=\"1\">&nbsp;<\/td>\n<\/tr>\n<tr>\n<td>G&uuml;&ccedil; Kayna\u011f\u0131<\/td>\n<td colspan=\"1\">AC100V ~ 240V, 50 ~ 60 Hz<\/td>\n<\/tr>\n<tr>\n<td>G&uuml;&ccedil; T&uuml;ketimi<\/td>\n<td colspan=\"1\">NVR: &lt;13.2W (HDD Olmadan)<\/p>\n<p>&nbsp;<\/p>\n<p>PoE: Tekli port i&ccedil;in maksimum 25.5W, toplamda 130w<\/p>\n<\/td>\n<\/tr>\n<tr>\n<td><strong>&Ccedil;evre Ko\u015fullar\u0131<\/strong><\/td>\n<td>&nbsp;<\/td>\n<\/tr>\n<tr>\n<td>&Ccedil;al\u0131\u015fma Ko\u015fullar\u0131<\/td>\n<td colspan=\"1\">-10 &deg; C ~ + 55 &deg; C (+ 14 &deg; F ~ + 131 &deg; F), 86 ~ 106kpa<\/td>\n<\/tr>\n<tr>\n<td>Dayan\u0131kl\u0131l\u0131k Ko\u015fullar\u0131<\/td>\n<td>-20 &deg; C ~ + 70 &deg; C (-4 &deg; F ~ + 158 &deg; F),% 0 ila 90 RH<\/td>\n<\/tr>\n<tr>\n<td><strong>Kasa<\/strong><\/td>\n<td>&nbsp;<\/td>\n<\/tr>\n<tr>\n<td>Boyutlar<\/td>\n<td colspan=\"1\">1U, 375mm x 327.5mm x 53mm<\/td>\n<\/tr>\n<tr>\n<td>Net A\u011f\u0131rl\u0131k<\/td>\n<td colspan=\"1\">2,7 kg (HDD olmadan)<\/td>\n<\/tr>\n<tr>\n<td><strong>Sertifikalar<\/strong><\/td>\n<td>&nbsp;<\/td>\n<\/tr>\n<tr>\n<td>CE<\/td>\n<td>EN55022, EN55024, EN50130-4, EN60950-1<\/td>\n<\/tr>\n<tr>\n<td>FCC<\/td>\n<td>B&ouml;l&uuml;m 15 Subpart B, ANSI C63.4-2014<\/td>\n<\/tr>\n<tr>\n<td>UL<\/td>\n<td>UL60950-1 + CAN \/ CSA C22.2 No.60950-1<\/td>\n<\/tr>\n<\/tbody>\n<\/table>\n<p><img loading=\"lazy\" alt=\"\" height=\"244\" sizes=\"(max-width: 500px) 100vw, 500px\" src=\"https:\/\/www.okisan.com\/wp-content\/uploads\/2018\/01\/NVR4216-16P-4KS2-1-500x244.png\" srcset=\"https:\/\/www.okisan.com\/wp-content\/uploads\/2018\/01\/NVR4216-16P-4KS2-1-120x58.png 120w, https:\/\/www.okisan.com\/wp-content\/uploads\/2018\/01\/NVR4216-16P-4KS2-1-150x73.png 150w, https:\/\/www.okisan.com\/wp-content\/uploads\/2018\/01\/NVR4216-16P-4KS2-1-200x97.png 200w, https:\/\/www.okisan.com\/wp-content\/uploads\/2018\/01\/NVR4216-16P-4KS2-1-300x146.png 300w, https:\/\/www.okisan.com\/wp-content\/uploads\/2018\/01\/NVR4216-16P-4KS2-1-400x195.png 400w, https:\/\/www.okisan.com\/wp-content\/uploads\/2018\/01\/NVR4216-16P-4KS2-1-500x244.png 500w, https:\/\/www.okisan.com\/wp-content\/uploads\/2018\/01\/NVR4216-16P-4KS2-1-600x292.png 600w, https:\/\/www.okisan.com\/wp-content\/uploads\/2018\/01\/NVR4216-16P-4KS2-1-768x374.png 768w, https:\/\/www.okisan.com\/wp-content\/uploads\/2018\/01\/NVR4216-16P-4KS2-1-800x390.png 800w, https:\/\/www.okisan.com\/wp-content\/uploads\/2018\/01\/NVR4216-16P-4KS2-1.png 876w\" width=\"500\" \/><img loading=\"lazy\" alt=\"\" height=\"87\" sizes=\"(max-width: 500px) 100vw, 500px\" src=\"https:\/\/www.okisan.com\/wp-content\/uploads\/2018\/01\/NVR4216-16P-4KS2-a-1-500x87.png\" srcset=\"https:\/\/www.okisan.com\/wp-content\/uploads\/2018\/01\/NVR4216-16P-4KS2-a-1-120x21.png 120w, https:\/\/www.okisan.com\/wp-content\/uploads\/2018\/01\/NVR4216-16P-4KS2-a-1-150x26.png 150w, https:\/\/www.okisan.com\/wp-content\/uploads\/2018\/01\/NVR4216-16P-4KS2-a-1-200x35.png 200w, https:\/\/www.okisan.com\/wp-content\/uploads\/2018\/01\/NVR4216-16P-4KS2-a-1-300x52.png 300w, https:\/\/www.okisan.com\/wp-content\/uploads\/2018\/01\/NVR4216-16P-4KS2-a-1-400x70.png 400w, https:\/\/www.okisan.com\/wp-content\/uploads\/2018\/01\/NVR4216-16P-4KS2-a-1-500x87.png 500w, https:\/\/www.okisan.com\/wp-content\/uploads\/2018\/01\/NVR4216-16P-4KS2-a-1-600x105.png 600w, https:\/\/www.okisan.com\/wp-content\/uploads\/2018\/01\/NVR4216-16P-4KS2-a-1-768x134.png 768w, https:\/\/www.okisan.com\/wp-content\/uploads\/2018\/01\/NVR4216-16P-4KS2-a-1-800x140.png 800w, https:\/\/www.okisan.com\/wp-content\/uploads\/2018\/01\/NVR4216-16P-4KS2-a-1.png 898w\" width=\"500\" \/><\/p>\n","protected":false},"excerpt":{"rendered":"<p>H.265 \/ H.264 codec kod &ccedil;&ouml;zme Maksimum 200Mbps gelen band geni\u015fli\u011fi &Ouml;nizleme ve Playback i&ccedil;in 8MP&rsquo;ye Kadar &Ccedil;&ouml;z&uuml;n&uuml;rl&uuml;k HDMI \/ VGA e\u015f zamanl\u0131 video &ccedil;\u0131k\u0131\u015f\u0131 IPC UPnP, 16PoE ports mevcut Network &ccedil;&ouml;kt&uuml;\u011f&uuml;nde depolama g&uuml;venilirli\u011fini art\u0131rmak i&ccedil;in ANR teknolojisini destekleme Model Dahua NVR4216-16P-4KS2 Teknik &Ouml;zellikleri Sistem &nbsp; Ana \u0130\u015flemci D&ouml;rt &ccedil;ekirdekli i\u015flemci \u0130\u015fletim Sistemi G&ouml;m&uuml;l&uuml; LINUX [&#8230;]\n","protected":false},"featured_media":690,"comment_status":"closed","ping_status":"closed","template":"","meta":[],"_links":{"self":[{"href":"https:\/\/nilbilisim.com.tr\/magaza\/wp-json\/wp\/v2\/product\/689"}],"collection":[{"href":"https:\/\/nilbilisim.com.tr\/magaza\/wp-json\/wp\/v2\/product"}],"about":[{"href":"https:\/\/nilbilisim.com.tr\/magaza\/wp-json\/wp\/v2\/types\/product"}],"replies":[{"embeddable":true,"href":"https:\/\/nilbilisim.com.tr\/magaza\/wp-json\/wp\/v2\/comments?post=689"}],"wp:featuredmedia":[{"embeddable":true,"href":"https:\/\/nilbilisim.com.tr\/magaza\/wp-json\/wp\/v2\/media\/690"}],"wp:attachment":[{"href":"https:\/\/nilbilisim.com.tr\/magaza\/wp-json\/wp\/v2\/media?parent=689"}],"curies":[{"name":"wp","href":"https:\/\/api.w.org\/{rel}","templated":true}]}}