{"id":691,"date":"2021-01-18T20:53:05","date_gmt":"2021-01-18T20:53:05","guid":{"rendered":"https:\/\/nilbilisim.com.tr\/magaza\/urun\/dahua-nvr5216-16p-4ks2e-16-kanal-poe-4k-h265-pro-kaiat-cihaza\/"},"modified":"2024-07-01T01:42:03","modified_gmt":"2024-06-30T22:42:03","slug":"dahua-nvr5216-16p-4ks2e-16-kanal-poe-4k-h265-pro-kaiat-cihaza","status":"publish","type":"product","link":"https:\/\/nilbilisim.com.tr\/magaza\/urun\/dahua-nvr5216-16p-4ks2e-16-kanal-poe-4k-h265-pro-kaiat-cihaza\/","title":{"rendered":"Dahua NVR5216-16P-4KS2E 16 Kanal PoE 4K H.265 Pro Kay\u0131t Cihaz\u0131"},"content":{"rendered":"<ul>\n<li>Ak\u0131ll\u0131 H.265 + \/ H.265 \/ Smart H.264 + \/ H.264 \/ MJPEG<\/li>\n<li>Maksimum 320Mbps gelen band geni\u015fli\u011fi<\/li>\n<li>12Mp &ccedil;&ouml;z&uuml;n&uuml;rl&uuml;kte &Ouml;nizleme ve playback<\/li>\n<li>HDMI \/ VGA e\u015f zamanl\u0131 video &ccedil;\u0131k\u0131\u015f\u0131<\/li>\n<li>1-8 PoE&nbsp; Ports 800m ePoE ve EoC<\/li>\n<\/ul>\n<p>&nbsp;<\/p>\n<table border=\"1\" cellpadding=\"5\" cellspacing=\"1\" width=\"100%\">\n<tbody>\n<tr>\n<td valign=\"middle\"><strong>Model<\/strong><\/td>\n<td valign=\"middle\"><strong>Dahua NVR5216-16P-4KS2E Teknik &Ouml;zellikleri<\/strong><\/td>\n<\/tr>\n<tr>\n<td valign=\"middle\"><strong>Sistem<\/strong><\/td>\n<td valign=\"middle\">&nbsp;<\/td>\n<\/tr>\n<tr>\n<td valign=\"middle\">Ana \u0130\u015flemci<\/td>\n<td valign=\"middle\">D&ouml;rt &ccedil;ekirdekli i\u015flemci<\/td>\n<\/tr>\n<tr>\n<td valign=\"middle\">\u0130\u015fletim Sistemi<\/td>\n<td valign=\"middle\">G&ouml;m&uuml;l&uuml; LINUX<\/td>\n<\/tr>\n<tr>\n<td valign=\"middle\"><strong>Ses ve Video<\/strong><\/td>\n<td valign=\"middle\">&nbsp;<\/td>\n<\/tr>\n<tr>\n<td valign=\"middle\">IP Kamera Giri\u015fi<\/td>\n<td valign=\"middle\">16 Kanal<\/td>\n<\/tr>\n<tr>\n<td valign=\"middle\">\u0130ki Y&ouml;nl&uuml; Konu\u015fma<\/td>\n<td valign=\"middle\">1 Kanal Giri\u015fi, 1 Kanal &Ccedil;\u0131k\u0131\u015f\u0131, RCA<\/td>\n<\/tr>\n<tr>\n<td colspan=\"2\" valign=\"middle\"><strong>G&ouml;r&uuml;nt&uuml;leme<\/strong><\/td>\n<\/tr>\n<tr>\n<td valign=\"middle\">Aray&uuml;z<\/td>\n<td valign=\"middle\">1 HDMI&nbsp;,&nbsp;1 VGA<\/td>\n<\/tr>\n<tr>\n<td valign=\"middle\">&Ccedil;&ouml;z&uuml;n&uuml;rl&uuml;k<\/td>\n<td valign=\"middle\">HDMI: 3840 &times; 2160, 1920 &times; 1080, 1280 &times; 1024, 1280 &times; 720, 1024 &times; 768<\/p>\n<p>&nbsp;<\/p>\n<p>VGA: 1920 &times; 1080, 1280 &times; 1024, 1280 &times; 720, 1024 &times; 768<\/p>\n<\/td>\n<\/tr>\n<tr>\n<td valign=\"middle\">Kod &Ccedil;&ouml;zme Yetene\u011fi<\/td>\n<td valign=\"middle\">4-kanal@8MP(30fps), 16-kanal@1080P(30fps)<\/td>\n<\/tr>\n<tr>\n<td valign=\"middle\">B&ouml;l&uuml;nm&uuml;\u015f Ekran<\/td>\n<td valign=\"middle\">16Kanal: 1\/4\/8\/9\/16<\/td>\n<\/tr>\n<tr>\n<td valign=\"middle\">OSD<\/td>\n<td valign=\"middle\">Kamera ba\u015fl\u0131\u011f\u0131, Zaman, Kamera kilidi, Hareket alg\u0131lama, Kay\u0131t<\/td>\n<\/tr>\n<tr>\n<td valign=\"middle\"><strong>Kay\u0131t<\/strong><\/td>\n<td valign=\"middle\">&nbsp;<\/td>\n<\/tr>\n<tr>\n<td valign=\"middle\">S\u0131k\u0131\u015ft\u0131rma<\/td>\n<td valign=\"middle\">Ak\u0131ll\u0131 H.265 + \/ H.265 \/ Ak\u0131ll\u0131 H.264 + \/ H.264 \/ MJPEG<\/td>\n<\/tr>\n<tr>\n<td valign=\"middle\">&Ccedil;&ouml;z&uuml;n&uuml;rl&uuml;k<\/td>\n<td valign=\"middle\">12MP, 8MP, 6MP, 5MP, 4MP, 3MP, 1080P, 1,3MP, 720P, D1 vb.<\/td>\n<\/tr>\n<tr>\n<td valign=\"middle\">Bit Oran\u0131<\/td>\n<td valign=\"middle\">Kanal ba\u015f\u0131na 16Kbps ~ 20Mbps<\/td>\n<\/tr>\n<tr>\n<td valign=\"middle\">Kay\u0131t Modu<\/td>\n<td valign=\"middle\">Manuel, Plan (D&uuml;zenli, MD (Hareket Alg\u0131lama), Alarm, IVS), Durdur<\/td>\n<\/tr>\n<tr>\n<td valign=\"middle\">Kay\u0131t Aral\u0131\u011f\u0131<\/td>\n<td valign=\"middle\">1 ~ 120 dk (varsay\u0131lan: 60 dk), &Ouml;n Kay\u0131t: 1 ~ 30 sn, Kay\u0131t Sonras\u0131: 10 ~ 300 sn<\/td>\n<\/tr>\n<tr>\n<td colspan=\"2\" valign=\"middle\"><strong>Video Alg\u0131lama ve Alarm<\/strong><\/td>\n<\/tr>\n<tr>\n<td valign=\"middle\">Tetikleyen Olaylar<\/td>\n<td valign=\"middle\">Kay\u0131t, PTZ, Tur, Alarm &Ccedil;\u0131k\u0131\u015f\u0131, Video Push, E-posta, Anl\u0131k G&ouml;r&uuml;nt&uuml;, Buzzer ve Ekran \u0130pu&ccedil;lar\u0131<\/td>\n<\/tr>\n<tr>\n<td valign=\"middle\">Video Alg\u0131lama<\/td>\n<td valign=\"middle\">Hareket Alg\u0131lama, MD B&ouml;lgeleri: 396 (22 &times; 18), Video Kayb\u0131 ve Kamera Bo\u015f<\/td>\n<\/tr>\n<tr>\n<td valign=\"middle\">Alarm Giri\u015fi<\/td>\n<td valign=\"middle\">4 Kanal<\/td>\n<\/tr>\n<tr>\n<td valign=\"middle\">Alarm &Ccedil;\u0131k\u0131\u015f\u0131<\/td>\n<td valign=\"middle\">2 Kanal<\/td>\n<\/tr>\n<tr>\n<td colspan=\"2\" valign=\"middle\"><strong>Playback ve Yedekleme<\/strong><\/td>\n<\/tr>\n<tr>\n<td valign=\"middle\">Senkronize Playback<\/td>\n<td valign=\"middle\">1\/4\/9\/16<\/td>\n<\/tr>\n<tr>\n<td valign=\"middle\">Arama Modu<\/td>\n<td valign=\"middle\">Zaman \/ Tarih, Alarm, MD ve Tam Arama (ikinci saniyede do\u011fru)<\/td>\n<\/tr>\n<tr>\n<td valign=\"middle\">Playback Fonksiyonu<\/td>\n<td valign=\"middle\">Y&uuml;r&uuml;t, Duraklat, Durdur, Geri Sar, H\u0131zl\u0131 oynat, Yava\u015f Oynat, Sonraki Dosya, &Ouml;nceki Dosya, Sonraki Kamera, &Ouml;nceki Kamera, Tam Ekran, Yedek Se&ccedil;imi, Dijital Zoom<\/td>\n<\/tr>\n<tr>\n<td valign=\"middle\">Yedekleme Modu<\/td>\n<td valign=\"middle\">USB Ayg\u0131t\u0131 \/ Network<\/td>\n<\/tr>\n<tr>\n<td valign=\"middle\"><strong>Di\u011fer Markalarla Uyumluluk<\/strong><\/td>\n<td valign=\"middle\">&nbsp;<\/td>\n<\/tr>\n<tr>\n<td valign=\"middle\">Di\u011fer Markalarla Uyumluluk<\/td>\n<td valign=\"middle\">Arecont Vision, Airlive, AXIS, Canon, Dynacolor, JVC, LG, Panasonic, Pelco, PSIA, Samsung, Sanyo, Sony, Watchnet ve daha fazlas\u0131<\/td>\n<\/tr>\n<tr>\n<td valign=\"middle\"><strong>Network<\/strong><\/td>\n<td valign=\"middle\">&nbsp;<\/td>\n<\/tr>\n<tr>\n<td valign=\"middle\">Aray&uuml;z<\/td>\n<td valign=\"middle\">1 RJ-45 Ports (10\/100\/1000Mbps)<\/td>\n<\/tr>\n<tr>\n<td valign=\"middle\">PoE<\/td>\n<td valign=\"middle\">16 ports (IEEE802.3af\/at)<\/p>\n<p>&nbsp;<\/p>\n<p>1-8 port ePoE ve EoC&rsquo;yi destekler<\/p>\n<\/td>\n<\/tr>\n<tr>\n<td valign=\"middle\">Network Fonksiyonu<\/td>\n<td valign=\"middle\">HTTP, HTTPS, TCP \/ IP, IPv4 \/ IPv6, UPnP, SNMP, RTSP, UDP, SMTP, NTP, DHCP, DNS, IP Filtresi, PPPoE, DDNS, FTP, Alarm Sunucusu, IP Arama (Dahua IP kamera, DVR, NVS, vb.), Easy4IP<\/td>\n<\/tr>\n<tr>\n<td valign=\"middle\">Maks.&nbsp;Kullan\u0131c\u0131 Eri\u015fimi<\/td>\n<td valign=\"middle\">128 kullan\u0131c\u0131<\/td>\n<\/tr>\n<tr>\n<td valign=\"middle\">Ak\u0131ll\u0131 Telefon<\/td>\n<td valign=\"middle\">iPhone, iPad, Android<\/td>\n<\/tr>\n<tr>\n<td valign=\"middle\">ONVIF<\/td>\n<td valign=\"middle\">ONVIF 2.4, SDK, CGI<\/td>\n<\/tr>\n<tr>\n<td colspan=\"2\" valign=\"middle\"><strong>Depolama<\/strong><\/td>\n<\/tr>\n<tr>\n<td valign=\"middle\">Dahili HDD<\/td>\n<td valign=\"middle\">2 SATA III Ports, her HDD i&ccedil;in 10 TB&rsquo;a kadar kapasite<\/td>\n<\/tr>\n<tr>\n<td valign=\"middle\">ESATA<\/td>\n<td valign=\"middle\">&ndash;<\/td>\n<\/tr>\n<tr>\n<td colspan=\"2\" valign=\"middle\"><strong>Aray&uuml;z<\/strong><\/td>\n<\/tr>\n<tr>\n<td valign=\"middle\">USB<\/td>\n<td valign=\"middle\">2 USB Ports (1 Arka USB 3.0, 1 &Ouml;n USB 2.0)<\/td>\n<\/tr>\n<tr>\n<td valign=\"middle\">RS232<\/td>\n<td valign=\"middle\">PC \u0130leti\u015fimi ve Keyboard i&ccedil;in, 1 port<\/td>\n<\/tr>\n<tr>\n<td valign=\"middle\">RS485<\/td>\n<td valign=\"middle\">PTZ Kontrol&uuml; i&ccedil;in, 1 port<\/td>\n<\/tr>\n<\/tbody>\n<\/table>\n<table border=\"1\" cellpadding=\"5\" cellspacing=\"1\" width=\"100%\">\n<tbody>\n<tr>\n<td colspan=\"2\" valign=\"middle\"><strong>G&uuml;&ccedil;<\/strong><\/td>\n<\/tr>\n<tr>\n<td valign=\"middle\">G&uuml;&ccedil; Kayna\u011f\u0131<\/td>\n<td valign=\"middle\">Tek, AC100V ~ 240V, 50 ~ 60 Hz<\/td>\n<\/tr>\n<tr>\n<td valign=\"middle\">G&uuml;&ccedil; T&uuml;ketimi<\/td>\n<td valign=\"middle\">NVR: &lt;15.2W (HDD Olmadan)<\/p>\n<p>&nbsp;<\/p>\n<p>PoE: Tekli ba\u011flant\u0131 noktas\u0131 i&ccedil;in maksimum 25.5W<\/p>\n<p>130W toplam anma g&uuml;c&uuml;, koruma i&ccedil;in% 80 kontrol<\/p>\n<\/td>\n<\/tr>\n<tr>\n<td valign=\"middle\">Fan<\/td>\n<td valign=\"middle\">Ak\u0131ll\u0131 fan, otomatik h\u0131z ayarlama<\/td>\n<\/tr>\n<tr>\n<td colspan=\"2\" valign=\"middle\"><strong>&Ccedil;evre Ko\u015fullar\u0131<\/strong><\/td>\n<\/tr>\n<tr>\n<td valign=\"middle\">&Ccedil;al\u0131\u015fma Ko\u015fullar\u0131<\/td>\n<td valign=\"middle\">-10 &deg; C ~ + 55 &deg; C (+ 14 &deg; F ~ + 131 &deg; F), 86 ~ 106kpa<\/td>\n<\/tr>\n<tr>\n<td valign=\"middle\">Dayan\u0131kl\u0131l\u0131k Ko\u015fullar\u0131<\/td>\n<td valign=\"middle\">-20 &deg; C ~ + 70 &deg; C (-4 &deg; F ~ + 158 &deg; F),% 0 ila 90 RH<\/td>\n<\/tr>\n<\/tbody>\n<\/table>\n<table border=\"1\" cellpadding=\"5\" cellspacing=\"1\" width=\"100%\">\n<tbody>\n<tr>\n<td colspan=\"2\" valign=\"middle\"><strong>Kasa<\/strong><\/td>\n<\/tr>\n<tr>\n<td valign=\"middle\">Boyutlar<\/td>\n<td valign=\"middle\">1U, 375mm x 326.5mm x 53mm<\/td>\n<\/tr>\n<tr>\n<td valign=\"middle\">Net A\u011f\u0131rl\u0131k<\/td>\n<td valign=\"middle\">2,7 kg (HDD hari&ccedil;)<\/td>\n<\/tr>\n<tr>\n<td colspan=\"2\" valign=\"middle\"><strong>Sertifikalar<\/strong><\/td>\n<\/tr>\n<tr>\n<td valign=\"middle\">CE<\/td>\n<td valign=\"middle\">EN55032, EN55024, EN50130-4, EN60950-1<\/td>\n<\/tr>\n<tr>\n<td valign=\"middle\">FCC<\/td>\n<td valign=\"middle\">B&ouml;l&uuml;m 15 Subpart B, ANSI C63.4-2014<\/td>\n<\/tr>\n<tr>\n<td valign=\"middle\">UL<\/td>\n<td valign=\"middle\">UL 60950-1<\/td>\n<\/tr>\n<\/tbody>\n<\/table>\n<p><img loading=\"lazy\" alt=\"\" height=\"320\" sizes=\"(max-width: 500px) 100vw, 500px\" src=\"https:\/\/www.okisan.com\/wp-content\/uploads\/2018\/03\/NVR5216-16P-4KS2E-1-500x320.png\" srcset=\"https:\/\/www.okisan.com\/wp-content\/uploads\/2018\/03\/NVR5216-16P-4KS2E-1-120x77.png 120w, https:\/\/www.okisan.com\/wp-content\/uploads\/2018\/03\/NVR5216-16P-4KS2E-1-150x96.png 150w, https:\/\/www.okisan.com\/wp-content\/uploads\/2018\/03\/NVR5216-16P-4KS2E-1-200x128.png 200w, https:\/\/www.okisan.com\/wp-content\/uploads\/2018\/03\/NVR5216-16P-4KS2E-1-300x192.png 300w, https:\/\/www.okisan.com\/wp-content\/uploads\/2018\/03\/NVR5216-16P-4KS2E-1-400x256.png 400w, https:\/\/www.okisan.com\/wp-content\/uploads\/2018\/03\/NVR5216-16P-4KS2E-1-460x295.png 460w, https:\/\/www.okisan.com\/wp-content\/uploads\/2018\/03\/NVR5216-16P-4KS2E-1-500x320.png 500w, https:\/\/www.okisan.com\/wp-content\/uploads\/2018\/03\/NVR5216-16P-4KS2E-1-600x383.png 600w, https:\/\/www.okisan.com\/wp-content\/uploads\/2018\/03\/NVR5216-16P-4KS2E-1-768x491.png 768w, https:\/\/www.okisan.com\/wp-content\/uploads\/2018\/03\/NVR5216-16P-4KS2E-1.png 773w\" width=\"500\" \/><img loading=\"lazy\" alt=\"\" height=\"93\" sizes=\"(max-width: 500px) 100vw, 500px\" src=\"https:\/\/www.okisan.com\/wp-content\/uploads\/2018\/03\/NVR5216-16P-4KS2E-ARKA-1-500x93.png\" srcset=\"https:\/\/www.okisan.com\/wp-content\/uploads\/2018\/03\/NVR5216-16P-4KS2E-ARKA-1-120x22.png 120w, https:\/\/www.okisan.com\/wp-content\/uploads\/2018\/03\/NVR5216-16P-4KS2E-ARKA-1-150x28.png 150w, https:\/\/www.okisan.com\/wp-content\/uploads\/2018\/03\/NVR5216-16P-4KS2E-ARKA-1-200x37.png 200w, https:\/\/www.okisan.com\/wp-content\/uploads\/2018\/03\/NVR5216-16P-4KS2E-ARKA-1-300x56.png 300w, https:\/\/www.okisan.com\/wp-content\/uploads\/2018\/03\/NVR5216-16P-4KS2E-ARKA-1-400x75.png 400w, https:\/\/www.okisan.com\/wp-content\/uploads\/2018\/03\/NVR5216-16P-4KS2E-ARKA-1-500x93.png 500w, https:\/\/www.okisan.com\/wp-content\/uploads\/2018\/03\/NVR5216-16P-4KS2E-ARKA-1-600x112.png 600w, https:\/\/www.okisan.com\/wp-content\/uploads\/2018\/03\/NVR5216-16P-4KS2E-ARKA-1.png 757w\" width=\"500\" \/><\/p>\n","protected":false},"excerpt":{"rendered":"<p>Ak\u0131ll\u0131 H.265 + \/ H.265 \/ Smart H.264 + \/ H.264 \/ MJPEG Maksimum 320Mbps gelen band geni\u015fli\u011fi 12Mp &ccedil;&ouml;z&uuml;n&uuml;rl&uuml;kte &Ouml;nizleme ve playback HDMI \/ VGA e\u015f zamanl\u0131 video &ccedil;\u0131k\u0131\u015f\u0131 1-8 PoE&nbsp; Ports 800m ePoE ve EoC &nbsp; Model Dahua NVR5216-16P-4KS2E Teknik &Ouml;zellikleri Sistem &nbsp; Ana \u0130\u015flemci D&ouml;rt &ccedil;ekirdekli i\u015flemci \u0130\u015fletim Sistemi G&ouml;m&uuml;l&uuml; LINUX Ses [&#8230;]\n","protected":false},"featured_media":692,"comment_status":"closed","ping_status":"closed","template":"","meta":[],"_links":{"self":[{"href":"https:\/\/nilbilisim.com.tr\/magaza\/wp-json\/wp\/v2\/product\/691"}],"collection":[{"href":"https:\/\/nilbilisim.com.tr\/magaza\/wp-json\/wp\/v2\/product"}],"about":[{"href":"https:\/\/nilbilisim.com.tr\/magaza\/wp-json\/wp\/v2\/types\/product"}],"replies":[{"embeddable":true,"href":"https:\/\/nilbilisim.com.tr\/magaza\/wp-json\/wp\/v2\/comments?post=691"}],"wp:featuredmedia":[{"embeddable":true,"href":"https:\/\/nilbilisim.com.tr\/magaza\/wp-json\/wp\/v2\/media\/692"}],"wp:attachment":[{"href":"https:\/\/nilbilisim.com.tr\/magaza\/wp-json\/wp\/v2\/media?parent=691"}],"curies":[{"name":"wp","href":"https:\/\/api.w.org\/{rel}","templated":true}]}}