{"id":703,"date":"2021-01-18T20:54:26","date_gmt":"2021-01-18T20:54:26","guid":{"rendered":"https:\/\/nilbilisim.com.tr\/magaza\/urun\/dahua-nvr5432-4ks2-32-kanal-15u-4k-pro-network-kaiat-cihaza\/"},"modified":"2024-07-01T01:44:32","modified_gmt":"2024-06-30T22:44:32","slug":"dahua-nvr5432-4ks2-32-kanal-15u-4k-pro-network-kaiat-cihaza","status":"publish","type":"product","link":"https:\/\/nilbilisim.com.tr\/magaza\/urun\/dahua-nvr5432-4ks2-32-kanal-15u-4k-pro-network-kaiat-cihaza\/","title":{"rendered":"Dahua NVR5432-4KS2 32 Kanal 1.5U 4K Pro Network Kay\u0131t Cihaz\u0131"},"content":{"rendered":"<ul>\n<li>H.265 \/ H.264 \/ MJPEG \/ MPEG4 codec kod &ccedil;&ouml;zme<\/li>\n<li>Maks. 320Mbps gelen bant geni\u015fli\u011fi<\/li>\n<li>12Mp &ccedil;&ouml;z&uuml;n&uuml;rl&uuml;kte &ouml;nizleme ve playback<\/li>\n<li>2HDMI \/ VGA e\u015f zamanl\u0131 video &ccedil;\u0131k\u0131\u015f\u0131<\/li>\n<li>DAHUA PTZ kamera ile 3D ak\u0131ll\u0131 konumland\u0131rma<\/li>\n<\/ul>\n<table border=\"1\" cellpadding=\"5\" cellspacing=\"1\">\n<tbody>\n<tr>\n<td><strong>Model<\/strong><\/td>\n<td colspan=\"3\"><strong>Dahua NVR5432-4KS2 Teknik &Ouml;zellikleri<\/strong><\/td>\n<\/tr>\n<tr>\n<td><strong>Sistem<\/strong><\/td>\n<td colspan=\"3\"><strong>&nbsp;<\/strong><\/td>\n<\/tr>\n<tr>\n<td>Ana \u0130\u015flemci<\/td>\n<td colspan=\"3\">D&ouml;rt &ccedil;ekirdekli i\u015flemci<\/td>\n<\/tr>\n<tr>\n<td>\u0130\u015fletim Sistemi<\/td>\n<td colspan=\"3\">G&ouml;m&uuml;l&uuml;&nbsp;LINUX<\/td>\n<\/tr>\n<tr>\n<td><strong>Ekran<\/strong><\/td>\n<td colspan=\"3\">&nbsp;<\/td>\n<\/tr>\n<tr>\n<td>Aray&uuml;z<\/td>\n<td colspan=\"3\">2 HDMI (1 HDMI, 3840&times;2160&rsquo;a kadar, Farkl\u0131 Kaynak), 1 VGA<\/td>\n<\/tr>\n<tr>\n<td>&Ccedil;&ouml;z&uuml;n&uuml;rl&uuml;k<\/td>\n<td colspan=\"3\">3840&times;2160, 1920&times;1080, 1280&times;1024, 1280&times;720, 1024&times;768<\/td>\n<\/tr>\n<tr>\n<td>B&ouml;l&uuml;nm&uuml;\u015f Ekran<\/td>\n<td colspan=\"3\" rowspan=\"1\">1. ekran: 1\/4\/8\/9\/16\/25\/36<\/p>\n<p>2. ekran: 1\/4 \/ 8 \/ 9\/16<\/p>\n<\/td>\n<\/tr>\n<tr>\n<td>OSD<\/td>\n<td colspan=\"3\">Kamera Ba\u015fl\u0131\u011f\u0131, Zaman, Video Kayb\u0131, Kamera Kilit, Hareket Alg\u0131lama, Kay\u0131t<\/td>\n<\/tr>\n<tr>\n<td><strong>Video Alg\u0131lama ve Alarm<\/strong><\/td>\n<td colspan=\"3\">&nbsp;<\/td>\n<\/tr>\n<tr>\n<td>Tetikleyen Olaylar<\/td>\n<td colspan=\"3\">Kay\u0131t, PTZ, Tur, Alarm &Ccedil;\u0131k\u0131\u015f\u0131, Video Push, E-posta, FTP, Anl\u0131k G&ouml;r&uuml;nt&uuml;, Buzzer ve Ekran \u0130pu&ccedil;lar\u0131<\/td>\n<\/tr>\n<tr>\n<td>Video Alg\u0131lama<\/td>\n<td colspan=\"3\">Hareket Alg\u0131lama, MD B&ouml;lgeleri: 396 (22 &times; 18), Video Kayb\u0131 &amp; Kamera Bo\u015f<\/td>\n<\/tr>\n<tr>\n<td>Alarm Giri\u015fi<\/td>\n<td colspan=\"3\">16 Kanal, D&uuml;\u015f&uuml;k Seviyeli Etkili, Ye\u015fil Terminal Aray&uuml;z&uuml;<\/td>\n<\/tr>\n<tr>\n<td>Alarm &Ccedil;\u0131k\u0131\u015f\u0131<\/td>\n<td colspan=\"3\">6 Kanal, NO \/ NC Programlanabilir, Ye\u015fil Terminal Aray&uuml;z&uuml;<\/td>\n<\/tr>\n<tr>\n<td>Takip Tetik Olay\u0131<\/td>\n<td colspan=\"3\">&ndash;<\/td>\n<\/tr>\n<tr>\n<td><strong>Playback ve Yedekleme<\/strong><\/td>\n<td colspan=\"3\">&nbsp;<\/td>\n<\/tr>\n<tr>\n<td>Senkronize Playback<\/td>\n<td colspan=\"3\" rowspan=\"1\">1\/4\/9\/16<\/td>\n<\/tr>\n<tr>\n<td>Arama Modu<\/td>\n<td colspan=\"3\">Zaman \/ Tarih, Alarm, MD ve Tam arama (hassas ikinci senkronizasyon)<\/td>\n<\/tr>\n<tr>\n<td>Playback Fonksiyonu<\/td>\n<td colspan=\"3\">Y&uuml;r&uuml;t, Duraklat, Durdur, Geri Sar, H\u0131zl\u0131 oynat, Yava\u015f Oynat, Sonraki Dosya, &Ouml;nceki Dosya, Sonraki Kamera, &Ouml;nceki Kamera, Tam Ekran, Tekrarla, Kar\u0131\u015f\u0131k, Yedek Se&ccedil;imi, Dijital Zoom<\/td>\n<\/tr>\n<tr>\n<td>Yedekleme Modu<\/td>\n<td colspan=\"3\">USB Ayg\u0131t\u0131 \/ Network \/ Dahili SATA Yak\u0131c\u0131 \/ eSATA Cihaz\u0131<\/td>\n<\/tr>\n<tr>\n<td><strong>Depolama<\/strong><\/td>\n<td colspan=\"3\">&nbsp;<\/td>\n<\/tr>\n<tr>\n<td>Dahili HDD<\/td>\n<td colspan=\"3\">4 SATA III Ports, , her HDD i&ccedil;in 8 TB&rsquo;a kadar kapasite<\/td>\n<\/tr>\n<tr>\n<td>HDD Modu<\/td>\n<td colspan=\"3\">Tek<\/td>\n<\/tr>\n<tr>\n<td>eSATA<\/td>\n<td colspan=\"3\">1 eSATA port<\/td>\n<\/tr>\n<tr>\n<td>SAS<\/td>\n<td colspan=\"3\">&ndash;<\/td>\n<\/tr>\n<tr>\n<td><strong>Aray&uuml;z<\/strong><\/td>\n<td colspan=\"3\">&nbsp;<\/td>\n<\/tr>\n<tr>\n<td>&Ouml;n K\u0131s\u0131m<\/td>\n<td colspan=\"3\">&ndash;<\/td>\n<\/tr>\n<tr>\n<td>USB<\/td>\n<td colspan=\"3\">3 ports (2 Arka USB3.0, 1 &Ouml;n USB2.0)<\/td>\n<\/tr>\n<tr>\n<td>RS232<\/td>\n<td colspan=\"3\">PC \u0130leti\u015fimi ve Keyboard i&ccedil;in, 1 Port<\/td>\n<\/tr>\n<tr>\n<td>RS485<\/td>\n<td colspan=\"3\">PTZ Kontrol&uuml; i&ccedil;in, 1 Port<\/td>\n<\/tr>\n<tr>\n<td>Di\u011fer Markalarla Uyumluluk<\/td>\n<td colspan=\"3\">DAHUA, Arecont Vision, AXIS, Bosch, Brickcom Canon CP Art\u0131, Dynacolor, Honeywell, Panasonic, Pelco, Samsung, Sanyo, Sony, Videotec vb.<\/td>\n<\/tr>\n<tr>\n<td><strong>Ses ve G&ouml;r&uuml;nt&uuml;<\/strong><\/td>\n<td colspan=\"3\">&nbsp;<\/td>\n<\/tr>\n<tr>\n<td>IP Kamera Giri\u015fi<\/td>\n<td colspan=\"3\">32 Kanal<\/td>\n<\/tr>\n<tr>\n<td>\u0130ki Y&ouml;nl&uuml; Konu\u015fma<\/td>\n<td colspan=\"3\">1 Kanal Giri\u015fi, 1 Kanal &Ccedil;\u0131k\u0131\u015f\u0131, RCA<\/td>\n<\/tr>\n<tr>\n<td><strong>Kay\u0131t<\/strong><\/td>\n<td colspan=\"3\">&nbsp;<\/td>\n<\/tr>\n<tr>\n<td>S\u0131k\u0131\u015ft\u0131rma<\/td>\n<td colspan=\"3\">H.265 \/ H.264 \/ MJPEG \/ MPEG4<\/td>\n<\/tr>\n<tr>\n<td>&Ccedil;&ouml;z&uuml;n&uuml;rl&uuml;k<\/td>\n<td colspan=\"3\">12MP \/ 8MP \/ 6MP \/ 5Mp \/ 4MP \/ 3MP \/ 1080P \/ 720P \/ D1 ve vb.<\/td>\n<\/tr>\n<tr>\n<td>Kay\u0131t H\u0131z\u0131<\/td>\n<td colspan=\"3\">320Mbps<\/td>\n<\/tr>\n<tr>\n<td>Bit H\u0131z\u0131<\/td>\n<td colspan=\"3\">Kanal ba\u015f\u0131na 16kbps ~ 20Mbps<\/td>\n<\/tr>\n<tr>\n<td>Kay\u0131t Modu<\/td>\n<td colspan=\"3\">Manuel, Plan (D&uuml;zenli (S&uuml;rekli), MD, Alarm), Durdur<\/td>\n<\/tr>\n<tr>\n<td>Kay\u0131t Aral\u0131\u011f\u0131<\/td>\n<td colspan=\"3\">1~120 dk. (Varsay\u0131lan: 60 dk.), &Ouml;n-Kay\u0131t: 1~30 sn, Son-Kay\u0131t: 10~300 sn.<\/td>\n<\/tr>\n<tr>\n<td><strong>Network<\/strong><\/td>\n<td colspan=\"3\">&nbsp;<\/td>\n<\/tr>\n<tr>\n<td>Aray&uuml;z<\/td>\n<td colspan=\"3\">2 RJ-45 ports (10\/100\/1000Mbps)<\/td>\n<\/tr>\n<tr>\n<td>Ethernet Port<\/td>\n<td colspan=\"3\">2 Ethernet Portlar\u0131 Ortak &Ccedil;al\u0131\u015fma ya da 2 ba\u011f\u0131ms\u0131z 1000Mbps Ethernet Ports<\/td>\n<\/tr>\n<tr>\n<td>PoE<\/td>\n<td colspan=\"3\">&ndash;<\/td>\n<\/tr>\n<tr>\n<td>Network Fonksiyonu<\/td>\n<td colspan=\"3\">HTTP, TCP \/ IP, IPv4 \/ IPv6, UPNP, RTSP, UDP, SMTP, NTP, DHCP, DNS, IP Filtresi, PPPOE, DDNS, FTP, Alarm Sunucusu, IP Arama (Dahua IP kamera, DVR, NVS vb. ), P2P<\/td>\n<\/tr>\n<tr>\n<td>Fiber Optik Aray&uuml;z&uuml;<\/td>\n<td colspan=\"3\">&ndash;<\/td>\n<\/tr>\n<tr>\n<td>Maks. Kullan\u0131c\u0131 Eri\u015fimi<\/td>\n<td colspan=\"3\">128 kullan\u0131c\u0131<\/td>\n<\/tr>\n<tr>\n<td>Ak\u0131ll\u0131 Telefon<\/td>\n<td colspan=\"3\">iPhone, iPad, Android<\/td>\n<\/tr>\n<tr>\n<td>ONVIF<\/td>\n<td colspan=\"3\">ONVIF 2.4, CGI Uyumlu<\/td>\n<\/tr>\n<tr>\n<td><strong>Genel<\/strong><\/td>\n<td colspan=\"3\">&nbsp;<\/td>\n<\/tr>\n<tr>\n<td>G&uuml;&ccedil; Kayna\u011f\u0131<\/td>\n<td colspan=\"3\">Tek,&nbsp;AC 100~240V, 50\/60 Hz<\/td>\n<\/tr>\n<tr>\n<td>G&uuml;&ccedil; T&uuml;ketimi<\/td>\n<td colspan=\"3\">16.7W (HDD hari&ccedil;)<\/td>\n<\/tr>\n<tr>\n<td>&Ccedil;evre Ko\u015fullar\u0131<\/td>\n<td colspan=\"3\">&Ccedil;al\u0131\u015fma Ko\u015fullar\u0131: -10 &deg; C ~ + 55 &deg; C (+ 14 &deg; F ~ + 131 &deg; F), 86 ~ 106kpa<\/p>\n<p>&nbsp;<\/p>\n<p>Dayan\u0131kl\u0131l\u0131k Ko\u015fullar\u0131: -20 &deg; C ~ + 70 &deg; C (-4 &deg; F ~ + 158 &deg; F),% 0 ila 90 RH<\/p>\n<\/td>\n<\/tr>\n<tr>\n<td>Boyutlar<\/td>\n<td colspan=\"3\">1.5U, 440mm&times;411.1mm&times;76mm<\/td>\n<\/tr>\n<tr>\n<td>Net A\u011f\u0131rl\u0131k<\/td>\n<td colspan=\"3\">4.3KG (HDD Hari&ccedil;)<\/td>\n<\/tr>\n<tr>\n<td><strong>Sertifikalar<\/strong><\/td>\n<td colspan=\"3\">&nbsp;<\/td>\n<\/tr>\n<tr>\n<td>CE<\/td>\n<td colspan=\"3\">EN55022, EN55024, EN50130-4, EN60950-1<\/td>\n<\/tr>\n<tr>\n<td>FCC<\/td>\n<td colspan=\"3\">B&ouml;l&uuml;m 15 alt b&ouml;l&uuml;m B, ANSI C63.4-2014<\/td>\n<\/tr>\n<tr>\n<td>UL<\/td>\n<td colspan=\"3\">UL60950-1 + CAN \/ CSA C22.2 No.60950-1<\/td>\n<\/tr>\n<\/tbody>\n<\/table>\n<p><img loading=\"lazy\" alt=\"nvr5432-4ks2-boyutlar\" height=\"342\" sizes=\"(max-width: 495px) 100vw, 495px\" src=\"http:\/\/www.okisan.com\/wp-content\/uploads\/2016\/05\/NVR5432-4KS2-boyutlar.png\" srcset=\"https:\/\/www.okisan.com\/wp-content\/uploads\/2016\/05\/NVR5432-4KS2-boyutlar-120x83.png 120w, https:\/\/www.okisan.com\/wp-content\/uploads\/2016\/05\/NVR5432-4KS2-boyutlar-150x104.png 150w, https:\/\/www.okisan.com\/wp-content\/uploads\/2016\/05\/NVR5432-4KS2-boyutlar-200x138.png 200w, https:\/\/www.okisan.com\/wp-content\/uploads\/2016\/05\/NVR5432-4KS2-boyutlar-300x207.png 300w, https:\/\/www.okisan.com\/wp-content\/uploads\/2016\/05\/NVR5432-4KS2-boyutlar-400x276.png 400w, https:\/\/www.okisan.com\/wp-content\/uploads\/2016\/05\/NVR5432-4KS2-boyutlar.png 495w\" width=\"495\" \/><img loading=\"lazy\" alt=\"nvr5432-4ks2\" height=\"169\" sizes=\"(max-width: 900px) 100vw, 900px\" src=\"http:\/\/www.okisan.com\/wp-content\/uploads\/2016\/05\/NVR5432-4KS2-900x169.png\" srcset=\"https:\/\/www.okisan.com\/wp-content\/uploads\/2016\/05\/NVR5432-4KS2-120x23.png 120w, https:\/\/www.okisan.com\/wp-content\/uploads\/2016\/05\/NVR5432-4KS2-150x28.png 150w, https:\/\/www.okisan.com\/wp-content\/uploads\/2016\/05\/NVR5432-4KS2-200x38.png 200w, https:\/\/www.okisan.com\/wp-content\/uploads\/2016\/05\/NVR5432-4KS2-300x56.png 300w, https:\/\/www.okisan.com\/wp-content\/uploads\/2016\/05\/NVR5432-4KS2-400x75.png 400w, https:\/\/www.okisan.com\/wp-content\/uploads\/2016\/05\/NVR5432-4KS2-500x94.png 500w, https:\/\/www.okisan.com\/wp-content\/uploads\/2016\/05\/NVR5432-4KS2-600x113.png 600w, https:\/\/www.okisan.com\/wp-content\/uploads\/2016\/05\/NVR5432-4KS2-768x144.png 768w, https:\/\/www.okisan.com\/wp-content\/uploads\/2016\/05\/NVR5432-4KS2-800x150.png 800w, https:\/\/www.okisan.com\/wp-content\/uploads\/2016\/05\/NVR5432-4KS2-900x169.png 900w, https:\/\/www.okisan.com\/wp-content\/uploads\/2016\/05\/NVR5432-4KS2.png 1152w\" width=\"900\" \/><\/p>\n","protected":false},"excerpt":{"rendered":"<p>H.265 \/ H.264 \/ MJPEG \/ MPEG4 codec kod &ccedil;&ouml;zme Maks. 320Mbps gelen bant geni\u015fli\u011fi 12Mp &ccedil;&ouml;z&uuml;n&uuml;rl&uuml;kte &ouml;nizleme ve playback 2HDMI \/ VGA e\u015f zamanl\u0131 video &ccedil;\u0131k\u0131\u015f\u0131 DAHUA PTZ kamera ile 3D ak\u0131ll\u0131 konumland\u0131rma Model Dahua NVR5432-4KS2 Teknik &Ouml;zellikleri Sistem &nbsp; Ana \u0130\u015flemci D&ouml;rt &ccedil;ekirdekli i\u015flemci \u0130\u015fletim Sistemi G&ouml;m&uuml;l&uuml;&nbsp;LINUX Ekran &nbsp; Aray&uuml;z 2 HDMI (1 [&#8230;]\n","protected":false},"featured_media":704,"comment_status":"closed","ping_status":"closed","template":"","meta":[],"_links":{"self":[{"href":"https:\/\/nilbilisim.com.tr\/magaza\/wp-json\/wp\/v2\/product\/703"}],"collection":[{"href":"https:\/\/nilbilisim.com.tr\/magaza\/wp-json\/wp\/v2\/product"}],"about":[{"href":"https:\/\/nilbilisim.com.tr\/magaza\/wp-json\/wp\/v2\/types\/product"}],"replies":[{"embeddable":true,"href":"https:\/\/nilbilisim.com.tr\/magaza\/wp-json\/wp\/v2\/comments?post=703"}],"wp:featuredmedia":[{"embeddable":true,"href":"https:\/\/nilbilisim.com.tr\/magaza\/wp-json\/wp\/v2\/media\/704"}],"wp:attachment":[{"href":"https:\/\/nilbilisim.com.tr\/magaza\/wp-json\/wp\/v2\/media?parent=703"}],"curies":[{"name":"wp","href":"https:\/\/api.w.org\/{rel}","templated":true}]}}