{"id":709,"date":"2021-01-18T20:54:49","date_gmt":"2021-01-18T20:54:49","guid":{"rendered":"https:\/\/nilbilisim.com.tr\/magaza\/urun\/dahua-pfs3005-4et-60-4-port-poe-switch-inetilmeien\/"},"modified":"2024-07-01T01:44:31","modified_gmt":"2024-06-30T22:44:31","slug":"dahua-pfs3005-4et-60-4-port-poe-switch-inetilmeien","status":"publish","type":"product","link":"https:\/\/nilbilisim.com.tr\/magaza\/urun\/dahua-pfs3005-4et-60-4-port-poe-switch-inetilmeien\/","title":{"rendered":"Dahua PFS3005-4ET-60 4 Port PoE Switch (Y\u00f6netilmeyen)"},"content":{"rendered":"<ul>\n<li>\u0130ki katmanl\u0131 commercial switch<\/li>\n<li>PoE g&uuml;&ccedil; y&ouml;netimini destekler<\/li>\n<li>Duvara montaj kurulumunu destekler<\/li>\n<li>H\u0131rs\u0131zl\u0131k &ouml;nleme kilit deli\u011fini destekler<\/li>\n<li>MAC otomatik &ouml;\u011frenme ve ya\u015flanma, MAC adres kapasitesi 1K&rsquo;d\u0131r<\/li>\n<li>IEEE802.3, IEEE802.3u ve IEEE802.3X standartlar\u0131n\u0131 destekler<\/li>\n<li>RJ45 ba\u011flant\u0131 noktas\u0131 10 \/ 100Mbps kendi kendine adaptasyonu destekler<\/li>\n<li>250 metre uzunlu\u011funda PoE iletimini destekler<\/li>\n<li>IEEE802.3af ve IEEE802.3at g&uuml;&ccedil; kayna\u011f\u0131 standard\u0131na uygundur.&nbsp;Port 1, Hi-PoE 60W g&uuml;&ccedil; kayna\u011f\u0131n\u0131 destekler<\/li>\n<\/ul>\n<table border=\"1\" cellpadding=\"5\" cellspacing=\"1\">\n<tbody>\n<tr>\n<td valign=\"top\"><b>Model<\/b><\/td>\n<td valign=\"top\"><strong>Dahua PFS3005-4ET-60 Teknik &Ouml;zellikleri<\/strong><\/td>\n<\/tr>\n<tr>\n<td valign=\"top\">\n<p>Ethernet Port<\/p>\n<\/td>\n<td valign=\"top\">1 * 10\/100 Baz-T<\/p>\n<p>&nbsp;<\/p>\n<p>4 * 10\/100 Base-T (PoE g&uuml;&ccedil; kayna\u011f\u0131)<\/p>\n<\/td>\n<\/tr>\n<tr>\n<td valign=\"top\">PoE G&uuml;&ccedil; T&uuml;ketimi<\/td>\n<td valign=\"top\">Port1&le;60W, Port2-4&le;30W, Total&le;60W<\/td>\n<\/tr>\n<tr>\n<td>PoE PIN Atamas\u0131<\/td>\n<td>1, 2, 4, 5 (V +), 3, 6, 7, 8 (V-)<\/td>\n<\/tr>\n<tr>\n<td>PoE G&uuml;&ccedil; Y&ouml;netimi<\/td>\n<td>Mevcut<\/td>\n<\/tr>\n<tr>\n<td valign=\"top\">PoE Protokol&uuml;<\/td>\n<td valign=\"top\">IEEE802.3af (PoE), IEEE802.3at (PoE +), Hi-PoE<\/td>\n<\/tr>\n<tr>\n<td valign=\"top\">Switch Kapasitesi<\/td>\n<td valign=\"top\">1Gbps<\/td>\n<\/tr>\n<tr>\n<td valign=\"top\">Paket \u0130letme Oran\u0131<\/td>\n<td valign=\"top\">744Kpps<\/td>\n<\/tr>\n<tr>\n<td valign=\"top\">Paket \u0130letim Haf\u0131zas\u0131<\/td>\n<td valign=\"top\">448Kb<\/td>\n<\/tr>\n<tr>\n<td valign=\"top\">MAC Tablosu Boyutu<\/td>\n<td valign=\"top\">1K<\/td>\n<\/tr>\n<tr>\n<td valign=\"top\">Ak\u0131\u015f Kontrol&uuml;<\/td>\n<td valign=\"top\">Etkinle\u015ftirme<\/td>\n<\/tr>\n<tr>\n<td valign=\"top\">Uygulama Nemi<\/td>\n<td valign=\"top\">5%~95%<\/td>\n<\/tr>\n<tr>\n<td valign=\"top\">G&uuml;&ccedil; Kayna\u011f\u0131<\/td>\n<td valign=\"top\">DC48 ~ 57V g&uuml;&ccedil; adapt&ouml;r&uuml;<\/td>\n<\/tr>\n<tr>\n<td valign=\"top\">Y\u0131ld\u0131r\u0131mdan Korunma<\/td>\n<td valign=\"top\">Ortak Mod 2KV<\/p>\n<p>&nbsp;<\/p>\n<p>Diferansiyel Mod 1KV<\/p>\n<\/td>\n<\/tr>\n<tr>\n<td>ESD Korumas\u0131<\/td>\n<td>Hava Tahliyesi 8KV<\/p>\n<p>&nbsp;<\/p>\n<p>\u0130leti\u015fim De\u015farj\u0131 6KV<\/p>\n<\/td>\n<\/tr>\n<tr>\n<td valign=\"top\">&Ccedil;al\u0131\u015fma Ko\u015fullar\u0131<\/td>\n<td valign=\"top\">-10&deg;C~55&deg;C<\/td>\n<\/tr>\n<tr>\n<td valign=\"top\">Net A\u011f\u0131rl\u0131k<\/td>\n<td valign=\"top\">290g<\/td>\n<\/tr>\n<tr>\n<td valign=\"top\">Boyutlar<\/td>\n<td valign=\"top\">130mm&times;85mm&times;26mm<\/td>\n<\/tr>\n<\/tbody>\n<\/table>\n","protected":false},"excerpt":{"rendered":"<p>\u0130ki katmanl\u0131 commercial switch PoE g&uuml;&ccedil; y&ouml;netimini destekler Duvara montaj kurulumunu destekler H\u0131rs\u0131zl\u0131k &ouml;nleme kilit deli\u011fini destekler MAC otomatik &ouml;\u011frenme ve ya\u015flanma, MAC adres kapasitesi 1K&rsquo;d\u0131r IEEE802.3, IEEE802.3u ve IEEE802.3X standartlar\u0131n\u0131 destekler RJ45 ba\u011flant\u0131 noktas\u0131 10 \/ 100Mbps kendi kendine adaptasyonu destekler 250 metre uzunlu\u011funda PoE iletimini destekler IEEE802.3af ve IEEE802.3at g&uuml;&ccedil; kayna\u011f\u0131 standard\u0131na uygundur.&nbsp;Port [&#8230;]\n","protected":false},"featured_media":710,"comment_status":"closed","ping_status":"closed","template":"","meta":[],"_links":{"self":[{"href":"https:\/\/nilbilisim.com.tr\/magaza\/wp-json\/wp\/v2\/product\/709"}],"collection":[{"href":"https:\/\/nilbilisim.com.tr\/magaza\/wp-json\/wp\/v2\/product"}],"about":[{"href":"https:\/\/nilbilisim.com.tr\/magaza\/wp-json\/wp\/v2\/types\/product"}],"replies":[{"embeddable":true,"href":"https:\/\/nilbilisim.com.tr\/magaza\/wp-json\/wp\/v2\/comments?post=709"}],"wp:featuredmedia":[{"embeddable":true,"href":"https:\/\/nilbilisim.com.tr\/magaza\/wp-json\/wp\/v2\/media\/710"}],"wp:attachment":[{"href":"https:\/\/nilbilisim.com.tr\/magaza\/wp-json\/wp\/v2\/media?parent=709"}],"curies":[{"name":"wp","href":"https:\/\/api.w.org\/{rel}","templated":true}]}}