{"id":713,"date":"2021-01-18T20:55:14","date_gmt":"2021-01-18T20:55:14","guid":{"rendered":"https:\/\/nilbilisim.com.tr\/magaza\/urun\/dahua-pfs3106-4p-60-4-port-poe-switch-inetilmeien\/"},"modified":"2024-07-01T01:44:30","modified_gmt":"2024-06-30T22:44:30","slug":"dahua-pfs3106-4p-60-4-port-poe-switch-inetilmeien","status":"publish","type":"product","link":"https:\/\/nilbilisim.com.tr\/magaza\/urun\/dahua-pfs3106-4p-60-4-port-poe-switch-inetilmeien\/","title":{"rendered":"Dahua PFS3106-4P-60 4-Port PoE Switch (Y\u00f6netilmeyen)"},"content":{"rendered":"<ul>\n<li>\u0130ki Katmanl\u0131 End&uuml;striyel PoE Switch<\/li>\n<li>MAC otomatik &ccedil;al\u0131\u015fma ve ya\u015fland\u0131rma, MAC adres listesi kapasitesi 8K<\/li>\n<li>IEEE802.3af, IEEE802.3at standard\u0131 mevcut<\/li>\n<li>IEEE802.3, IEEE802.3u, IEEE802.3ab \/ z ve IEEE802.3X standartlar\u0131na uyumlu<\/li>\n<li>End&uuml;striyel geni\u015f s\u0131cakl\u0131k tasar\u0131m\u0131<\/li>\n<\/ul>\n<table border=\"1\" cellpadding=\"5\" cellspacing=\"1\">\n<tbody>\n<tr>\n<td><strong>Model<\/strong><\/td>\n<td><strong>Dahua PFS3106-4P-60 Teknik &Ouml;zellikleri<\/strong><\/td>\n<\/tr>\n<tr>\n<td>Ethernet Port<\/td>\n<td>1*100\/1000 Base-X<\/p>\n<p>&nbsp;<\/p>\n<p>1*10\/100\/1000 Base-T<\/p>\n<p>4*10\/100 Base-T (PoE g&uuml;&ccedil; kayna\u011f\u0131)<\/p>\n<\/td>\n<\/tr>\n<tr>\n<td>PoE G&uuml;&ccedil; T&uuml;ketimi<\/td>\n<td>Her g&uuml;&ccedil; &le;30W, Toplam &le;60W<\/td>\n<\/tr>\n<tr>\n<td>PoE Protokol&uuml;<\/td>\n<td>IEEE802.3af, IEEE802.3at<\/td>\n<\/tr>\n<tr>\n<td>Swicth Kapasitesi<\/td>\n<td>6.8G<\/td>\n<\/tr>\n<tr>\n<td>Paket \u0130letme Oran\u0131<\/td>\n<td>3.57Mpps<\/td>\n<\/tr>\n<tr>\n<td>Paket Tampon Bellek<\/td>\n<td>1Mb<\/td>\n<\/tr>\n<tr>\n<td>MAC Tablosu Boyutu<\/td>\n<td>8K<\/td>\n<\/tr>\n<tr>\n<td>Ak\u0131\u015f Kontrol&uuml;<\/td>\n<td>Varsay\u0131lan olarak etkinle\u015ftirme<\/td>\n<\/tr>\n<tr>\n<td>&Ccedil;al\u0131\u015fma Nemi<\/td>\n<td>10%~90%<\/td>\n<\/tr>\n<tr>\n<td>G&uuml;&ccedil; Kayna\u011f\u0131<\/td>\n<td>DC48 ~ 57V<\/td>\n<\/tr>\n<tr>\n<td>Y\u0131ld\u0131r\u0131mdan Korunma<\/td>\n<td>Ortak Mod 4KV<\/p>\n<p>&nbsp;<\/p>\n<p>Diferansiyel Modu 2KV<\/p>\n<\/td>\n<\/tr>\n<tr>\n<td>&Ccedil;al\u0131\u015fma Ko\u015fullar\u0131<\/td>\n<td>-30 &deg; C ~ 65 &deg; C<\/td>\n<\/tr>\n<tr>\n<td>&Ccedil;al\u0131\u015fma Nemi<\/td>\n<td>10% &ndash; 90%<\/td>\n<\/tr>\n<tr>\n<td>Boyutlar<\/td>\n<td>480g<\/td>\n<\/tr>\n<tr>\n<td>Kurulum<\/td>\n<td>150mm&times;100mm&times;30mm<\/td>\n<\/tr>\n<tr>\n<td><strong>Aksesuarlar<\/strong><\/td>\n<td>&nbsp;<\/td>\n<\/tr>\n<tr>\n<td>PFT3900<\/td>\n<td>155M 850nm, 2km, LC, &Ccedil;ok modlu<\/td>\n<\/tr>\n<tr>\n<td>PFT3950<\/td>\n<td>1.25G 850nm, 500m, LC, &Ccedil;ok modlu<\/td>\n<\/tr>\n<tr>\n<td>PFT3910<\/td>\n<td>155M 1310 \/ 1550nm, 20km, LC, Tek modlu<\/td>\n<\/tr>\n<tr>\n<td>PFT3920<\/td>\n<td>155M 1550 \/ 1310nm, 20km, LC, Tek modlu<\/td>\n<\/tr>\n<tr>\n<td>PFT3960<\/td>\n<td>1.25G 1310 \/ 1550nm, 20km, LC, Tek modlu<\/td>\n<\/tr>\n<tr>\n<td>PFT3970<\/td>\n<td>1.25G 1550 \/ 1310nm, 20km, LC, Tek modlu<\/td>\n<\/tr>\n<\/tbody>\n<\/table>\n","protected":false},"excerpt":{"rendered":"<p>\u0130ki Katmanl\u0131 End&uuml;striyel PoE Switch MAC otomatik &ccedil;al\u0131\u015fma ve ya\u015fland\u0131rma, MAC adres listesi kapasitesi 8K IEEE802.3af, IEEE802.3at standard\u0131 mevcut IEEE802.3, IEEE802.3u, IEEE802.3ab \/ z ve IEEE802.3X standartlar\u0131na uyumlu End&uuml;striyel geni\u015f s\u0131cakl\u0131k tasar\u0131m\u0131 Model Dahua PFS3106-4P-60 Teknik &Ouml;zellikleri Ethernet Port 1*100\/1000 Base-X &nbsp; 1*10\/100\/1000 Base-T 4*10\/100 Base-T (PoE g&uuml;&ccedil; kayna\u011f\u0131) PoE G&uuml;&ccedil; T&uuml;ketimi Her g&uuml;&ccedil; &le;30W, [&#8230;]\n","protected":false},"featured_media":714,"comment_status":"closed","ping_status":"closed","template":"","meta":[],"_links":{"self":[{"href":"https:\/\/nilbilisim.com.tr\/magaza\/wp-json\/wp\/v2\/product\/713"}],"collection":[{"href":"https:\/\/nilbilisim.com.tr\/magaza\/wp-json\/wp\/v2\/product"}],"about":[{"href":"https:\/\/nilbilisim.com.tr\/magaza\/wp-json\/wp\/v2\/types\/product"}],"replies":[{"embeddable":true,"href":"https:\/\/nilbilisim.com.tr\/magaza\/wp-json\/wp\/v2\/comments?post=713"}],"wp:featuredmedia":[{"embeddable":true,"href":"https:\/\/nilbilisim.com.tr\/magaza\/wp-json\/wp\/v2\/media\/714"}],"wp:attachment":[{"href":"https:\/\/nilbilisim.com.tr\/magaza\/wp-json\/wp\/v2\/media?parent=713"}],"curies":[{"name":"wp","href":"https:\/\/api.w.org\/{rel}","templated":true}]}}