{"id":717,"date":"2021-01-18T20:55:36","date_gmt":"2021-01-18T20:55:36","guid":{"rendered":"https:\/\/nilbilisim.com.tr\/magaza\/urun\/dahua-pfs3206-4p-96-4-port-poe-switch-inetilmeien\/"},"modified":"2024-07-01T01:44:29","modified_gmt":"2024-06-30T22:44:29","slug":"dahua-pfs3206-4p-96-4-port-poe-switch-inetilmeien","status":"publish","type":"product","link":"https:\/\/nilbilisim.com.tr\/magaza\/urun\/dahua-pfs3206-4p-96-4-port-poe-switch-inetilmeien\/","title":{"rendered":"Dahua PFS3206-4P-96 4-Port PoE Switch (Y\u00f6netilmeyen)"},"content":{"rendered":"<ul>\n<li>\u0130ki katmanl\u0131 y&ouml;netilmeyen PoE switch<\/li>\n<li>Kademeli SFP fiber port &uuml;zerinden ger&ccedil;ekle\u015ftirilebilir.<\/li>\n<li>MAC otomatik &ccedil;al\u0131\u015fma ve ya\u015fland\u0131rma, MAC adres listesi kapasitesi 8K<\/li>\n<li>IEEE802.3af, IEEE802.3at, Hi-PoE standard\u0131 mevcut<\/li>\n<li>Conform IEEE802.3, IEEE802 .3u, IEEE802.3ab \/ z ve IEEE802.3X standartlar\u0131<\/li>\n<li>End&uuml;striyel geni\u015f s\u0131cakl\u0131k tasar\u0131m\u0131<\/li>\n<\/ul>\n<table border=\"1\" cellpadding=\"5\" cellspacing=\"1\">\n<tbody>\n<tr>\n<td valign=\"top\"><b>Model<\/b><\/td>\n<td valign=\"top\"><strong>Dahua PFS3206-4P-96 Teknik &Ouml;zellikleri<\/strong><\/td>\n<\/tr>\n<tr>\n<td valign=\"top\">&nbsp;<\/p>\n<p>&nbsp;<\/p>\n<p>Ethernet Port<\/p>\n<\/td>\n<td valign=\"top\">2*1000 Base-X<\/p>\n<p>&nbsp;<\/p>\n<p>1*10\/100\/1000 Base-T(Hi-PoE\/PoE+\/PoE)<\/p>\n<p>3*10\/100 Base-T (PoE+\/PoE)<\/p>\n<\/td>\n<\/tr>\n<tr>\n<td valign=\"top\">&nbsp;<\/p>\n<p>&nbsp;<\/p>\n<p>PoE G&uuml;&ccedil; T&uuml;ketimi<\/p>\n<\/td>\n<td valign=\"top\">Port1, 2, 3 &le;30W<\/p>\n<p>&nbsp;<\/p>\n<p>Port4&le;60W<\/p>\n<p>Total&le;96W<\/p>\n<\/td>\n<\/tr>\n<tr>\n<td valign=\"top\">PoE Protokol&uuml;<\/td>\n<td valign=\"top\">IEEE802.3af, IEEE802.3at, Hi-PoE<\/td>\n<\/tr>\n<tr>\n<td valign=\"top\">Switch Kapasitesi<\/td>\n<td valign=\"top\">6.8G<\/td>\n<\/tr>\n<tr>\n<td valign=\"top\">Paket \u0130letme Oran\u0131<\/td>\n<td valign=\"top\">4.91Mpps<\/td>\n<\/tr>\n<tr>\n<td valign=\"top\">Paket \u0130letim Haf\u0131zas\u0131<\/td>\n<td valign=\"top\">1Mb<\/td>\n<\/tr>\n<tr>\n<td valign=\"top\">MAC Tablosu Boyutu<\/td>\n<td valign=\"top\">8K<\/td>\n<\/tr>\n<tr>\n<td valign=\"top\">Ak\u0131\u015f Kontrol&uuml;<\/td>\n<td valign=\"top\">Varsay\u0131lan olarak etkinle\u015ftirme<\/td>\n<\/tr>\n<tr>\n<td valign=\"top\">Uygulama Nemi<\/td>\n<td valign=\"top\">% 10-% 90<\/td>\n<\/tr>\n<tr>\n<td valign=\"top\">G&uuml;&ccedil; Kayna\u011f\u0131<\/td>\n<td valign=\"top\">DC: 48 ~ 57V<\/td>\n<\/tr>\n<tr>\n<td valign=\"top\">Y\u0131ld\u0131r\u0131mdan Korunma<\/td>\n<td valign=\"top\">Ortak Mod 4kV<br \/>Diferansiyel Modu 2KV<\/td>\n<\/tr>\n<tr>\n<td valign=\"top\">&Ccedil;al\u0131\u015fma Ko\u015fullar\u0131<\/td>\n<td valign=\"top\">-30 \u2103 ~ 65 \u2103<\/td>\n<\/tr>\n<tr>\n<td valign=\"top\">Net A\u011f\u0131rl\u0131k<\/td>\n<td valign=\"top\">480g<\/td>\n<\/tr>\n<tr>\n<td valign=\"top\">Boyutlar<\/td>\n<td valign=\"top\">150mm x 100mm x 30mm<\/td>\n<\/tr>\n<tr>\n<td valign=\"top\"><strong>Aksesuarlar<\/strong><\/td>\n<td valign=\"top\">&nbsp;<\/td>\n<\/tr>\n<tr>\n<td valign=\"top\">PFT3950<\/td>\n<td valign=\"top\">1.25G 850nm, 500m, LC, &Ccedil;ok modlu<\/td>\n<\/tr>\n<tr>\n<td valign=\"top\">PFT3960<\/td>\n<td valign=\"top\">1.25G 1310 \/ 1550nm, 20km, LC, Tek modlu<\/td>\n<\/tr>\n<tr>\n<td valign=\"top\">PFT3970<\/td>\n<td valign=\"top\">1.25G 1550 \/ 1310nm, 20km, LC, Tek modlu<\/td>\n<\/tr>\n<\/tbody>\n<\/table>\n","protected":false},"excerpt":{"rendered":"<p>\u0130ki katmanl\u0131 y&ouml;netilmeyen PoE switch Kademeli SFP fiber port &uuml;zerinden ger&ccedil;ekle\u015ftirilebilir. MAC otomatik &ccedil;al\u0131\u015fma ve ya\u015fland\u0131rma, MAC adres listesi kapasitesi 8K IEEE802.3af, IEEE802.3at, Hi-PoE standard\u0131 mevcut Conform IEEE802.3, IEEE802 .3u, IEEE802.3ab \/ z ve IEEE802.3X standartlar\u0131 End&uuml;striyel geni\u015f s\u0131cakl\u0131k tasar\u0131m\u0131 Model Dahua PFS3206-4P-96 Teknik &Ouml;zellikleri &nbsp; &nbsp; Ethernet Port 2*1000 Base-X &nbsp; 1*10\/100\/1000 Base-T(Hi-PoE\/PoE+\/PoE) 3*10\/100 [&#8230;]\n","protected":false},"featured_media":718,"comment_status":"closed","ping_status":"closed","template":"","meta":[],"_links":{"self":[{"href":"https:\/\/nilbilisim.com.tr\/magaza\/wp-json\/wp\/v2\/product\/717"}],"collection":[{"href":"https:\/\/nilbilisim.com.tr\/magaza\/wp-json\/wp\/v2\/product"}],"about":[{"href":"https:\/\/nilbilisim.com.tr\/magaza\/wp-json\/wp\/v2\/types\/product"}],"replies":[{"embeddable":true,"href":"https:\/\/nilbilisim.com.tr\/magaza\/wp-json\/wp\/v2\/comments?post=717"}],"wp:featuredmedia":[{"embeddable":true,"href":"https:\/\/nilbilisim.com.tr\/magaza\/wp-json\/wp\/v2\/media\/718"}],"wp:attachment":[{"href":"https:\/\/nilbilisim.com.tr\/magaza\/wp-json\/wp\/v2\/media?parent=717"}],"curies":[{"name":"wp","href":"https:\/\/api.w.org\/{rel}","templated":true}]}}