{"id":721,"date":"2021-01-18T20:55:55","date_gmt":"2021-01-18T20:55:55","guid":{"rendered":"https:\/\/nilbilisim.com.tr\/magaza\/urun\/dahua-pfs4206-4p-120-4-port-poe-inetilebilir-switch\/"},"modified":"2024-07-01T01:44:29","modified_gmt":"2024-06-30T22:44:29","slug":"dahua-pfs4206-4p-120-4-port-poe-inetilebilir-switch","status":"publish","type":"product","link":"https:\/\/nilbilisim.com.tr\/magaza\/urun\/dahua-pfs4206-4p-120-4-port-poe-inetilebilir-switch\/","title":{"rendered":"Dahua PFS4206-4P-120 4 Port PoE Y\u00f6netilebilir Switch"},"content":{"rendered":"<ul>\n<li>\u0130ki katmanl\u0131 PoE switch<\/li>\n<li>MAC otomatik &ccedil;al\u0131\u015fma ve ya\u015fland\u0131rma, MAC adres listesi kapasitesi 8K<\/li>\n<li>&Ouml;zel h\u0131zl\u0131 halka a\u011f\u0131 mevcut, iyile\u015fme s&uuml;resi &lt;= 50ms<\/li>\n<li>IEEE802.3af, IEEE802.3at, Hi-PoE standart mevcut<\/li>\n<li>End&uuml;striyel geni\u015f s\u0131cakl\u0131k tasar\u0131m<\/li>\n<li>PoE Y&ouml;netimi<\/li>\n<\/ul>\n<table border=\"1\" cellpadding=\"5\" cellspacing=\"1\" id=\"table001\">\n<tbody>\n<tr>\n<td><strong>Model<\/strong><\/td>\n<td><strong>Dahua DH-PFS4206-4P-120 Teknik &Ouml;zellikleri<\/strong><\/td>\n<\/tr>\n<tr>\n<td>Ethernet Port<\/td>\n<td>2*1000 Base-X(SFP)<\/p>\n<p>&nbsp;<\/p>\n<p>1*10\/100\/1000 Base-T(Hi-PoE\/PoE+\/PoE)<\/p>\n<p>3*10\/100 Base-T (PoE+\/PoE)<\/p>\n<\/td>\n<\/tr>\n<tr>\n<td>PoE G&uuml;&ccedil; T&uuml;ketimi<\/td>\n<td>Port 1, 2, 3 &le;30W<\/p>\n<p>&nbsp;<\/p>\n<p>Port4&le;60W<\/p>\n<p>Total&le;120W<\/p>\n<\/td>\n<\/tr>\n<tr>\n<td>PoE Protokol&uuml;<\/td>\n<td>PoE (802.3af), PoE + (802.3at), Hi-PoE<\/td>\n<\/tr>\n<tr>\n<td>Anahtarlanma Kapasitesi<\/td>\n<td>6.8Gbps<\/td>\n<\/tr>\n<tr>\n<td>Paket \u0130letim Oran\u0131<\/td>\n<td>4.91Mpps<\/td>\n<\/tr>\n<tr>\n<td>Tampon Paket&nbsp; Belle\u011fi<\/td>\n<td>1Mb<\/td>\n<\/tr>\n<tr>\n<td>Uygulama Nem Oran\u0131<\/td>\n<td>10%~90%<\/td>\n<\/tr>\n<tr>\n<td>G&uuml;&ccedil; Kayna\u011f\u0131<\/td>\n<td>DC48 ~ 57V<\/td>\n<\/tr>\n<tr>\n<td>Y\u0131ld\u0131r\u0131mdan Korunma<\/td>\n<td>Ortak Mod 4kV<\/p>\n<p>&nbsp;<\/p>\n<p>Diferansiyel Mod 2KV<\/p>\n<\/td>\n<\/tr>\n<tr>\n<td>&Ccedil;al\u0131\u015fma Ko\u015fullar\u0131<\/td>\n<td>-30 &deg; C ~ 65 &deg; C<\/td>\n<\/tr>\n<tr>\n<td>Net A\u011f\u0131rl\u0131k<\/td>\n<td>480g<\/td>\n<\/tr>\n<tr>\n<td>Boyutlar<\/td>\n<td>150mm x 100mm x 30mm<\/td>\n<\/tr>\n<\/tbody>\n<\/table>\n<table border=\"1\" cellpadding=\"5\" cellspacing=\"1\" id=\"table002\">\n<tbody>\n<tr>\n<td colspan=\"2\"><strong>Sistem &Ouml;zellikleri<\/strong><\/td>\n<\/tr>\n<tr>\n<td rowspan=\"2\">Sistem<\/td>\n<td>Kullan\u0131c\u0131 ad\u0131 \/ \u015fifre: admin \/ (bo\u015f)<\/td>\n<\/tr>\n<tr>\n<td>IP Adresi: 192.168.1.110\/24<\/td>\n<\/tr>\n<tr>\n<td>PoE B&uuml;t&ccedil;e<\/td>\n<td>120W<\/td>\n<\/tr>\n<tr>\n<td>MAC Tablosu Boyutu<\/td>\n<td>8K<\/td>\n<\/tr>\n<tr>\n<td>VLAN<\/td>\n<td>802.1Q Standart VLAN<\/td>\n<\/tr>\n<tr>\n<td>Mirroring<\/td>\n<td>Birden fazla port mirroring<\/td>\n<\/tr>\n<tr>\n<td rowspan=\"2\">Ak\u0131\u015f Kontrol&uuml;<\/td>\n<td>Yar\u0131 bas\u0131n&ccedil;l\u0131 tip kontroll&uuml; yar\u0131 dubleks mevcut<\/td>\n<\/tr>\n<tr>\n<td>PAUSE &ccedil;er&ccedil;evesine dayal\u0131 tam dubleks mevcut<\/td>\n<\/tr>\n<tr>\n<td>Network Y&ouml;netimi<\/td>\n<td>WEB, SNMP V1 \/ V2C<\/td>\n<\/tr>\n<tr>\n<td rowspan=\"3\">Network D&ouml;n&uuml;\u015f&uuml;m&uuml;<\/td>\n<td>Privarte h\u0131zl\u0131 halka a\u011f, iyile\u015fme s&uuml;resi &lt;= 50ms mevcut<\/td>\n<\/tr>\n<tr>\n<td>Kapsayan A\u011fa&ccedil;, STP \/ RSTP mevcut<\/td>\n<\/tr>\n<tr>\n<td>D&ouml;ng&uuml; Alg\u0131lama mevcut<\/td>\n<\/tr>\n<tr>\n<td>PoE Y&ouml;netimi<\/td>\n<td>Enerji t&uuml;ketimi i&ccedil;in Poe deste\u011fi POE &uuml;zerinden IPC (kamera) yap\u0131land\u0131rmas\u0131&nbsp; a\u015f\u0131r\u0131 g&uuml;&ccedil; t&uuml;ketimi esnas\u0131nda otomatik POE kapatma &ouml;zelli\u011fi<\/td>\n<\/tr>\n<\/tbody>\n<\/table>\n","protected":false},"excerpt":{"rendered":"<p>\u0130ki katmanl\u0131 PoE switch MAC otomatik &ccedil;al\u0131\u015fma ve ya\u015fland\u0131rma, MAC adres listesi kapasitesi 8K &Ouml;zel h\u0131zl\u0131 halka a\u011f\u0131 mevcut, iyile\u015fme s&uuml;resi &lt;= 50ms IEEE802.3af, IEEE802.3at, Hi-PoE standart mevcut End&uuml;striyel geni\u015f s\u0131cakl\u0131k tasar\u0131m PoE Y&ouml;netimi Model Dahua DH-PFS4206-4P-120 Teknik &Ouml;zellikleri Ethernet Port 2*1000 Base-X(SFP) &nbsp; 1*10\/100\/1000 Base-T(Hi-PoE\/PoE+\/PoE) 3*10\/100 Base-T (PoE+\/PoE) PoE G&uuml;&ccedil; T&uuml;ketimi Port 1, 2, [&#8230;]\n","protected":false},"featured_media":722,"comment_status":"closed","ping_status":"closed","template":"","meta":[],"_links":{"self":[{"href":"https:\/\/nilbilisim.com.tr\/magaza\/wp-json\/wp\/v2\/product\/721"}],"collection":[{"href":"https:\/\/nilbilisim.com.tr\/magaza\/wp-json\/wp\/v2\/product"}],"about":[{"href":"https:\/\/nilbilisim.com.tr\/magaza\/wp-json\/wp\/v2\/types\/product"}],"replies":[{"embeddable":true,"href":"https:\/\/nilbilisim.com.tr\/magaza\/wp-json\/wp\/v2\/comments?post=721"}],"wp:featuredmedia":[{"embeddable":true,"href":"https:\/\/nilbilisim.com.tr\/magaza\/wp-json\/wp\/v2\/media\/722"}],"wp:attachment":[{"href":"https:\/\/nilbilisim.com.tr\/magaza\/wp-json\/wp\/v2\/media?parent=721"}],"curies":[{"name":"wp","href":"https:\/\/api.w.org\/{rel}","templated":true}]}}