{"id":723,"date":"2021-01-18T20:56:07","date_gmt":"2021-01-18T20:56:07","guid":{"rendered":"https:\/\/nilbilisim.com.tr\/magaza\/urun\/dahua-pfl2106-4et-96-uzun-menzil-4-port-poe-swicth\/"},"modified":"2024-07-01T01:44:28","modified_gmt":"2024-06-30T22:44:28","slug":"dahua-pfl2106-4et-96-uzun-menzil-4-port-poe-swicth","status":"publish","type":"product","link":"https:\/\/nilbilisim.com.tr\/magaza\/urun\/dahua-pfl2106-4et-96-uzun-menzil-4-port-poe-swicth\/","title":{"rendered":"Dahua PFL2106-4ET-96 Uzun Menzil 4-Port PoE Swicth"},"content":{"rendered":"<ul>\n<li>\u0130ki katmanl\u0131 end&uuml;striyel POE switch<\/li>\n<li>MAC otomatik &ccedil;al\u0131\u015fma ve ya\u015flanma, 8K MAC adres listesi kapasitesi<\/li>\n<li>IEEE standartlar\u0131na uygundur.3, IEEE.3, IEEE.3ab\/z ve 802.3X standartlar\u0131<\/li>\n<li>ENTEGRE destek.802.3 af, IEEE.3at, standart Hi-PoE<\/li>\n<li>End&uuml;striyel geni\u015f s\u0131cakl\u0131k tasar\u0131m\u0131<\/li>\n<li>IEEE, BR10M ve BR100M i&ccedil;eren &uuml;&ccedil; iletim modu destekler<\/li>\n<\/ul>\n<table border=\"1\" cellpadding=\"5\" cellspacing=\"1\" id=\"table001\">\n<tbody>\n<tr>\n<td>Model<\/td>\n<td>DH-PFL2106-4ET-96<\/td>\n<\/tr>\n<tr>\n<td>Ethernet Ba\u011flant\u0131 Noktas\u0131<\/td>\n<td>1*100\/1000 Base-X<br \/>1*10\/100\/1000 Base-T<br \/>4*10\/100 Base-T(PoE G&uuml;&ccedil; Kayna\u011f\u0131)<\/td>\n<\/tr>\n<tr>\n<td>PoE G&uuml;&ccedil; T&uuml;ketimi<\/td>\n<td>Port 1, 2, 3 &le;30WPort4&le;60W<\/p>\n<p>&nbsp;<\/p>\n<p>Total&le;96W<\/p>\n<\/td>\n<\/tr>\n<tr>\n<td>PoE Protokol&uuml;<\/td>\n<td>IEEE802.3af, IEEE802.3at, Hi-PoE<\/td>\n<\/tr>\n<tr>\n<td>Anahtarlanma Kapasitesi<\/td>\n<td>6.8Gbps<\/td>\n<\/tr>\n<tr>\n<td>Paket \u0130letim Oran\u0131<\/td>\n<td>3.57Mpps<\/td>\n<\/tr>\n<tr>\n<td>Tampon Paket&nbsp; Belle\u011fi<\/td>\n<td>1Mb<\/td>\n<\/tr>\n<tr>\n<td>Uygulama Nem Oran\u0131<\/td>\n<td>8K<\/td>\n<\/tr>\n<tr>\n<td>Ak\u0131\u015f Kontrol&uuml;<\/td>\n<td>Mevcut<\/td>\n<\/tr>\n<tr>\n<td>Nem Oran\u0131<\/td>\n<td>10%~90%<\/td>\n<\/tr>\n<tr>\n<td>G&uuml;&ccedil;<\/td>\n<td>DC48 ~ 57V<\/td>\n<\/tr>\n<tr>\n<td>Y\u0131ld\u0131r\u0131mdan Korunma<\/td>\n<td>Ortak Mod 4kVDiferansiyel Mod 2KV<\/td>\n<\/tr>\n<tr>\n<td>&Ccedil;al\u0131\u015fma s\u0131cakl\u0131\u011f\u0131<\/td>\n<td>-30 &deg; C ~ 65 &deg; C<\/td>\n<\/tr>\n<tr>\n<td>A\u011f\u0131rl\u0131k<\/td>\n<td>480g<\/td>\n<\/tr>\n<tr>\n<td>Boyutlar (G &times; D &times; Y)<\/td>\n<td>150mm x 100mm x 30mm<\/td>\n<\/tr>\n<\/tbody>\n<\/table>\n","protected":false},"excerpt":{"rendered":"<p>\u0130ki katmanl\u0131 end&uuml;striyel POE switch MAC otomatik &ccedil;al\u0131\u015fma ve ya\u015flanma, 8K MAC adres listesi kapasitesi IEEE standartlar\u0131na uygundur.3, IEEE.3, IEEE.3ab\/z ve 802.3X standartlar\u0131 ENTEGRE destek.802.3 af, IEEE.3at, standart Hi-PoE End&uuml;striyel geni\u015f s\u0131cakl\u0131k tasar\u0131m\u0131 IEEE, BR10M ve BR100M i&ccedil;eren &uuml;&ccedil; iletim modu destekler Model DH-PFL2106-4ET-96 Ethernet Ba\u011flant\u0131 Noktas\u0131 1*100\/1000 Base-X1*10\/100\/1000 Base-T4*10\/100 Base-T(PoE G&uuml;&ccedil; Kayna\u011f\u0131) PoE G&uuml;&ccedil; [&#8230;]\n","protected":false},"featured_media":724,"comment_status":"closed","ping_status":"closed","template":"","meta":[],"_links":{"self":[{"href":"https:\/\/nilbilisim.com.tr\/magaza\/wp-json\/wp\/v2\/product\/723"}],"collection":[{"href":"https:\/\/nilbilisim.com.tr\/magaza\/wp-json\/wp\/v2\/product"}],"about":[{"href":"https:\/\/nilbilisim.com.tr\/magaza\/wp-json\/wp\/v2\/types\/product"}],"replies":[{"embeddable":true,"href":"https:\/\/nilbilisim.com.tr\/magaza\/wp-json\/wp\/v2\/comments?post=723"}],"wp:featuredmedia":[{"embeddable":true,"href":"https:\/\/nilbilisim.com.tr\/magaza\/wp-json\/wp\/v2\/media\/724"}],"wp:attachment":[{"href":"https:\/\/nilbilisim.com.tr\/magaza\/wp-json\/wp\/v2\/media?parent=723"}],"curies":[{"name":"wp","href":"https:\/\/api.w.org\/{rel}","templated":true}]}}