{"id":725,"date":"2021-01-18T20:56:08","date_gmt":"2021-01-18T20:56:08","guid":{"rendered":"https:\/\/nilbilisim.com.tr\/magaza\/urun\/dahua-pfs3009-8et-96-8-port-hazla-ethernet-poe-switch\/"},"modified":"2024-07-01T01:44:28","modified_gmt":"2024-06-30T22:44:28","slug":"dahua-pfs3009-8et-96-8-port-hazla-ethernet-poe-switch","status":"publish","type":"product","link":"https:\/\/nilbilisim.com.tr\/magaza\/urun\/dahua-pfs3009-8et-96-8-port-hazla-ethernet-poe-switch\/","title":{"rendered":"Dahua PFS3009-8ET-96 8-Port H\u0131zl\u0131 Ethernet PoE Switch"},"content":{"rendered":"<ul>\n<li>Katmanl\u0131 2 y&ouml;netimi PoE switch<\/li>\n<li>IEEE802.3, IEEE802.3u and IEEE802.3X standartlar\u0131 mevcut<\/li>\n<li>MAC otomatik &ouml;\u011frenme, ya\u015flanma, MAC adres kapasitesi 2K<\/li>\n<li>MDI \/ MDIX kendini uyarlama&nbsp;mevcut<\/li>\n<li>PoE, PoE+, Hi-PoE mevcut<\/li>\n<li>Metal muhafazay\u0131 benimser.<\/li>\n<\/ul>\n<table border=\"1\" cellpadding=\"5\" cellspacing=\"1\" id=\"table001\">\n<tbody>\n<tr>\n<td><strong>Model<\/strong><\/td>\n<td><strong>Dahua PFS3009-8ET-96 Teknik &Ouml;zellikleri<\/strong><\/td>\n<\/tr>\n<tr>\n<td>Ethernet Port<\/td>\n<td>1*10\/100 Base-T<\/p>\n<p>&nbsp;<\/p>\n<p>8*10\/100 Base-T (PoE g&uuml;&ccedil; kayna\u011f\u0131)<\/p>\n<\/td>\n<\/tr>\n<tr>\n<td>PoE G&uuml;&ccedil; T&uuml;ketimi<\/td>\n<td>Port1&le;60W, Port2-8&le;30W, Total&le;96W<\/td>\n<\/tr>\n<tr>\n<td>PoE Protokol&uuml;<\/td>\n<td>IEEE802.3af (PoE), IEEE802.3at (PoE+), Hi-PoE<\/td>\n<\/tr>\n<tr>\n<td>Anahtarlanma Kapasitesi<\/td>\n<td>1.8Gbps<\/td>\n<\/tr>\n<tr>\n<td>Paket \u0130letim Oran\u0131<\/td>\n<td>1.34Mpps<\/td>\n<\/tr>\n<tr>\n<td>Paket Arabelle\u011fi<\/td>\n<td>768K<\/td>\n<\/tr>\n<tr>\n<td>MAC Tablo Boyutu<\/td>\n<td>2K<\/td>\n<\/tr>\n<tr>\n<td>Ak\u0131\u015f Kontrol&uuml;<\/td>\n<td>Varsay\u0131lan olarak etkinle\u015ftirme<\/td>\n<\/tr>\n<tr>\n<td>Uygulama Nem Oran\u0131<\/td>\n<td>10%~90%<\/td>\n<\/tr>\n<tr>\n<td>G&uuml;&ccedil; Kayna\u011f\u0131<\/td>\n<td>DC48 ~ 57V g&uuml;&ccedil; adapt&ouml;r&uuml;<\/td>\n<\/tr>\n<tr>\n<td>Y\u0131ld\u0131r\u0131mdan Korunma<\/td>\n<td>Ortak Mod 2KV<br \/>Diferansiyel Modu 0.5KV<\/td>\n<\/tr>\n<tr>\n<td>&Ccedil;al\u0131\u015fma Ko\u015fullar\u0131<\/td>\n<td>-10&deg;C~+55&deg;C<\/td>\n<\/tr>\n<tr>\n<td>Net A\u011f\u0131rl\u0131k<\/td>\n<td>0.48kg<\/td>\n<\/tr>\n<tr>\n<td>Boyutlar<\/td>\n<td>190mm&times;100mm&times;30mm<\/td>\n<\/tr>\n<\/tbody>\n<\/table>\n","protected":false},"excerpt":{"rendered":"<p>Katmanl\u0131 2 y&ouml;netimi PoE switch IEEE802.3, IEEE802.3u and IEEE802.3X standartlar\u0131 mevcut MAC otomatik &ouml;\u011frenme, ya\u015flanma, MAC adres kapasitesi 2K MDI \/ MDIX kendini uyarlama&nbsp;mevcut PoE, PoE+, Hi-PoE mevcut Metal muhafazay\u0131 benimser. Model Dahua PFS3009-8ET-96 Teknik &Ouml;zellikleri Ethernet Port 1*10\/100 Base-T &nbsp; 8*10\/100 Base-T (PoE g&uuml;&ccedil; kayna\u011f\u0131) PoE G&uuml;&ccedil; T&uuml;ketimi Port1&le;60W, Port2-8&le;30W, Total&le;96W PoE Protokol&uuml; IEEE802.3af [&#8230;]\n","protected":false},"featured_media":726,"comment_status":"closed","ping_status":"closed","template":"","meta":[],"_links":{"self":[{"href":"https:\/\/nilbilisim.com.tr\/magaza\/wp-json\/wp\/v2\/product\/725"}],"collection":[{"href":"https:\/\/nilbilisim.com.tr\/magaza\/wp-json\/wp\/v2\/product"}],"about":[{"href":"https:\/\/nilbilisim.com.tr\/magaza\/wp-json\/wp\/v2\/types\/product"}],"replies":[{"embeddable":true,"href":"https:\/\/nilbilisim.com.tr\/magaza\/wp-json\/wp\/v2\/comments?post=725"}],"wp:featuredmedia":[{"embeddable":true,"href":"https:\/\/nilbilisim.com.tr\/magaza\/wp-json\/wp\/v2\/media\/726"}],"wp:attachment":[{"href":"https:\/\/nilbilisim.com.tr\/magaza\/wp-json\/wp\/v2\/media?parent=725"}],"curies":[{"name":"wp","href":"https:\/\/api.w.org\/{rel}","templated":true}]}}