{"id":727,"date":"2021-01-18T20:56:19","date_gmt":"2021-01-18T20:56:19","guid":{"rendered":"https:\/\/nilbilisim.com.tr\/magaza\/urun\/dahua-pfs3010-8et-96-8-port-hazla-ethernet-poe-switch\/"},"modified":"2024-07-01T01:44:28","modified_gmt":"2024-06-30T22:44:28","slug":"dahua-pfs3010-8et-96-8-port-hazla-ethernet-poe-switch","status":"publish","type":"product","link":"https:\/\/nilbilisim.com.tr\/magaza\/urun\/dahua-pfs3010-8et-96-8-port-hazla-ethernet-poe-switch\/","title":{"rendered":"Dahua PFS3010-8ET-96 8-Port H\u0131zl\u0131 Ethernet PoE Switch"},"content":{"rendered":"<ul>\n<li>Katmanl\u0131 iki ticari switch<\/li>\n<li>IEEE802.3, IEEE802.3u ve IEEE802.3X standartlar\u0131 mevcut<\/li>\n<li>MAC otomatik &ouml;\u011frenme, ya\u015flanma, MAC adres kapasitesi 2K<\/li>\n<li>MDI \/ MDIX kendini uyarlama mevcut<\/li>\n<li>RJ45 port 10\/100\/1000 Mbps self-adaptation mevcut<\/li>\n<li>IEEE802.3af ve IEEE803.3at g&uuml;&ccedil; kayna\u011f\u0131 standartlar\u0131 mevcut<\/li>\n<li>Metal muhafazay\u0131 kabul eder<\/li>\n<li>Hi-PoE 60W mevcut<\/li>\n<li>DC 48-57V g&uuml;&ccedil; kaynaklar\u0131 mevcut<\/li>\n<\/ul>\n<table border=\"1\" cellpadding=\"5\" cellspacing=\"1\" id=\"table001\">\n<tbody>\n<tr>\n<td><strong>Model<\/strong><\/td>\n<td><strong>Dahua PFS3010-8ET-96 Teknik &Ouml;zellikleri<\/strong><\/td>\n<\/tr>\n<tr>\n<td>Ethernet Port<\/td>\n<td>8*10\/100Mbps PoE ports<\/p>\n<p>&nbsp;<\/p>\n<p>2*10\/100\/1000Mbps ports<\/p>\n<\/td>\n<\/tr>\n<tr>\n<td>PoE G&uuml;&ccedil; T&uuml;ketimi<\/td>\n<td>&nbsp;Port1&le;60W, Port2-8&le;30W, Toplam&le;96W<\/td>\n<\/tr>\n<tr>\n<td>PoE Protokol&uuml;<\/td>\n<td>IEEE802.3af (PoE), IEEE802.3at (PoE +), Hi-PoE<\/td>\n<\/tr>\n<tr>\n<td>Switch&nbsp;Kapasitesi<\/td>\n<td>5.6Gbps<\/td>\n<\/tr>\n<tr>\n<td>Paket Y&ouml;nlendirme H\u0131z\u0131<\/td>\n<td>4.17Mpps<\/td>\n<\/tr>\n<tr>\n<td>Paket Tampon Bellek<\/td>\n<td>4Mb<\/td>\n<\/tr>\n<tr>\n<td>MAC Tabla Boyutu<\/td>\n<td>16K<\/td>\n<\/tr>\n<tr>\n<td>Ak\u0131\u015f Kontrol&uuml;<\/td>\n<td>Varsay\u0131lan olarak etkinle\u015ftirme<\/td>\n<\/tr>\n<tr>\n<td>Uygulama Nemi<\/td>\n<td>10%~90%<\/td>\n<\/tr>\n<tr>\n<td>G&uuml;&ccedil; Kayna\u011f\u0131<\/td>\n<td>DC48 ~ 57V g&uuml;&ccedil; adapt&ouml;r&uuml;<\/td>\n<\/tr>\n<tr>\n<td>Y\u0131ld\u0131r\u0131mdan Korunma<\/td>\n<td>Ortak Mod 2KV<\/p>\n<p>&nbsp;<\/p>\n<p>Diferansiyel Modu 0.5KV<\/p>\n<\/td>\n<\/tr>\n<tr>\n<td>&Ccedil;al\u0131\u015fma Ko\u015fullar\u0131<\/td>\n<td>-10 &deg; C ~ 55 &deg; C<\/td>\n<\/tr>\n<tr>\n<td>Net A\u011f\u0131rl\u0131k<\/td>\n<td>0.49kg<\/td>\n<\/tr>\n<tr>\n<td>Boyutlar<\/td>\n<td>190mm x 100mm x 30mm<\/td>\n<\/tr>\n<\/tbody>\n<\/table>\n","protected":false},"excerpt":{"rendered":"<p>Katmanl\u0131 iki ticari switch IEEE802.3, IEEE802.3u ve IEEE802.3X standartlar\u0131 mevcut MAC otomatik &ouml;\u011frenme, ya\u015flanma, MAC adres kapasitesi 2K MDI \/ MDIX kendini uyarlama mevcut RJ45 port 10\/100\/1000 Mbps self-adaptation mevcut IEEE802.3af ve IEEE803.3at g&uuml;&ccedil; kayna\u011f\u0131 standartlar\u0131 mevcut Metal muhafazay\u0131 kabul eder Hi-PoE 60W mevcut DC 48-57V g&uuml;&ccedil; kaynaklar\u0131 mevcut Model Dahua PFS3010-8ET-96 Teknik &Ouml;zellikleri Ethernet [&#8230;]\n","protected":false},"featured_media":728,"comment_status":"closed","ping_status":"closed","template":"","meta":[],"_links":{"self":[{"href":"https:\/\/nilbilisim.com.tr\/magaza\/wp-json\/wp\/v2\/product\/727"}],"collection":[{"href":"https:\/\/nilbilisim.com.tr\/magaza\/wp-json\/wp\/v2\/product"}],"about":[{"href":"https:\/\/nilbilisim.com.tr\/magaza\/wp-json\/wp\/v2\/types\/product"}],"replies":[{"embeddable":true,"href":"https:\/\/nilbilisim.com.tr\/magaza\/wp-json\/wp\/v2\/comments?post=727"}],"wp:featuredmedia":[{"embeddable":true,"href":"https:\/\/nilbilisim.com.tr\/magaza\/wp-json\/wp\/v2\/media\/728"}],"wp:attachment":[{"href":"https:\/\/nilbilisim.com.tr\/magaza\/wp-json\/wp\/v2\/media?parent=727"}],"curies":[{"name":"wp","href":"https:\/\/api.w.org\/{rel}","templated":true}]}}