{"id":729,"date":"2021-01-18T20:56:34","date_gmt":"2021-01-18T20:56:34","guid":{"rendered":"https:\/\/nilbilisim.com.tr\/magaza\/urun\/dahua-pfs3110-8et-96-8-port-poe-switch-inetilmeien\/"},"modified":"2024-07-01T01:44:27","modified_gmt":"2024-06-30T22:44:27","slug":"dahua-pfs3110-8et-96-8-port-poe-switch-inetilmeien","status":"publish","type":"product","link":"https:\/\/nilbilisim.com.tr\/magaza\/urun\/dahua-pfs3110-8et-96-8-port-poe-switch-inetilmeien\/","title":{"rendered":"Dahua PFS3110-8ET-96 8-Port PoE Switch (Y\u00f6netilmeyen)"},"content":{"rendered":"<ul>\n<li>Katman iki Sertle\u015ftirilmi\u015f PoE switch<\/li>\n<li>PoE g&uuml;&ccedil; y&ouml;netimini destekler<\/li>\n<li>MAC otomatik &ouml;\u011frenme ve ya\u015flanma, MAC adres kapasitesi 8K&rsquo;d\u0131r<\/li>\n<li>IEEE802.3af ve IEEE802.3at g&uuml;&ccedil; kayna\u011f\u0131 standard\u0131na uygundur.&nbsp;Ba\u011flant\u0131 noktas\u0131 1, Hi-PoE 60W g&uuml;&ccedil; kayna\u011f\u0131n\u0131 destekler<\/li>\n<li>IEEE802.3, IEEE802.3u, IEEE802.3ab \/ z ve IEEE802.3X standartlar\u0131n\u0131 destekler<\/li>\n<li>Geni\u015f &ccedil;al\u0131\u015fma s\u0131cakl\u0131\u011f\u0131 tasar\u0131m\u0131: -30 &deg; C ~ 65 &deg; C<\/li>\n<li>\u0130kili yedeklemeyi destekler<\/li>\n<\/ul>\n<table border=\"1\" cellpadding=\"5\" cellspacing=\"1\">\n<tbody>\n<tr>\n<td><strong>Model<\/strong><\/td>\n<td><strong>Dahua PFS3110-8ET-96 Teknik &Ouml;zellikleri<\/strong><\/td>\n<\/tr>\n<tr>\n<td>Ethernet Port<\/td>\n<td>1*1000 Base-X<\/p>\n<p>&nbsp;<\/p>\n<p>1*10\/100\/1000 Base-T<\/p>\n<p>8*10\/100 Base-T&nbsp; (PoE g&uuml;&ccedil; kayna\u011f\u0131)<\/p>\n<\/td>\n<\/tr>\n<tr>\n<td>PoE G&uuml;&ccedil; T&uuml;ketimi<\/td>\n<td>Port1-2&le;60W, Port3-8&le;30W, Toplam&le;96W<\/td>\n<\/tr>\n<tr>\n<td>PoE PIN Atamas\u0131<\/td>\n<td>1, 2, 4, 5 (V +), 3, 6, 7, 8 (V-)<\/td>\n<\/tr>\n<tr>\n<td>PoE G&uuml;&ccedil; Y&ouml;netimi<\/td>\n<td>Mevcut<\/td>\n<\/tr>\n<tr>\n<td>PoE Protokol<\/td>\n<td>IEEE802.3af (PoE), IEEE802.3at (PoE +), Y&uuml;ksek PoE<\/td>\n<\/tr>\n<tr>\n<td>Swich Kapasitesi<\/td>\n<td>7.6 g<\/td>\n<\/tr>\n<tr>\n<td>Paket \u0130letim Oran\u0131<\/td>\n<td>4.17Mpps<\/td>\n<\/tr>\n<tr>\n<td>Paket Tampon Belle\u011fi<\/td>\n<td>1Mb<\/td>\n<\/tr>\n<tr>\n<td>MAC Tablo Boyu<\/td>\n<td>8K<\/td>\n<\/tr>\n<tr>\n<td>Ak\u0131m Kontrol&uuml;<\/td>\n<td>Varsay\u0131lan olarak etkinle\u015ftirme<\/td>\n<\/tr>\n<tr>\n<td>Uygulama Nemi<\/td>\n<td>5%~95%<\/td>\n<\/tr>\n<tr>\n<td>G&uuml;&ccedil; Kayna\u011f\u0131<\/td>\n<td>DC 48 ~ 57V g&uuml;&ccedil; adapt&ouml;r&uuml;<\/td>\n<\/tr>\n<tr>\n<td>Y\u0131ld\u0131r\u0131mdan Koruma<\/td>\n<td>Ortak Mod 6KV<\/p>\n<p>&nbsp;<\/p>\n<p>Diferansiyel Mod 4KV<\/p>\n<\/td>\n<\/tr>\n<tr>\n<td>ESD Korumas\u0131<\/td>\n<td>Hava De\u015farj\u0131 15KV<\/p>\n<p>&nbsp;<\/p>\n<p>\u0130leti\u015fim De\u015farj 8KV<\/p>\n<\/td>\n<\/tr>\n<tr>\n<td>&Ccedil;al\u0131\u015fma Ko\u015fullar\u0131<\/td>\n<td>-30 &deg; C ~ 65 &deg; C<\/td>\n<\/tr>\n<tr>\n<td>Boyutlar<\/td>\n<td>540g<\/td>\n<\/tr>\n<tr>\n<td>Kurulum<\/td>\n<td>150mm&times;100mm&times;42mm<\/td>\n<\/tr>\n<\/tbody>\n<\/table>\n","protected":false},"excerpt":{"rendered":"<p>Katman iki Sertle\u015ftirilmi\u015f PoE switch PoE g&uuml;&ccedil; y&ouml;netimini destekler MAC otomatik &ouml;\u011frenme ve ya\u015flanma, MAC adres kapasitesi 8K&rsquo;d\u0131r IEEE802.3af ve IEEE802.3at g&uuml;&ccedil; kayna\u011f\u0131 standard\u0131na uygundur.&nbsp;Ba\u011flant\u0131 noktas\u0131 1, Hi-PoE 60W g&uuml;&ccedil; kayna\u011f\u0131n\u0131 destekler IEEE802.3, IEEE802.3u, IEEE802.3ab \/ z ve IEEE802.3X standartlar\u0131n\u0131 destekler Geni\u015f &ccedil;al\u0131\u015fma s\u0131cakl\u0131\u011f\u0131 tasar\u0131m\u0131: -30 &deg; C ~ 65 &deg; C \u0130kili yedeklemeyi destekler [&#8230;]\n","protected":false},"featured_media":730,"comment_status":"closed","ping_status":"closed","template":"","meta":[],"_links":{"self":[{"href":"https:\/\/nilbilisim.com.tr\/magaza\/wp-json\/wp\/v2\/product\/729"}],"collection":[{"href":"https:\/\/nilbilisim.com.tr\/magaza\/wp-json\/wp\/v2\/product"}],"about":[{"href":"https:\/\/nilbilisim.com.tr\/magaza\/wp-json\/wp\/v2\/types\/product"}],"replies":[{"embeddable":true,"href":"https:\/\/nilbilisim.com.tr\/magaza\/wp-json\/wp\/v2\/comments?post=729"}],"wp:featuredmedia":[{"embeddable":true,"href":"https:\/\/nilbilisim.com.tr\/magaza\/wp-json\/wp\/v2\/media\/730"}],"wp:attachment":[{"href":"https:\/\/nilbilisim.com.tr\/magaza\/wp-json\/wp\/v2\/media?parent=729"}],"curies":[{"name":"wp","href":"https:\/\/api.w.org\/{rel}","templated":true}]}}