{"id":735,"date":"2021-01-18T20:57:04","date_gmt":"2021-01-18T20:57:04","guid":{"rendered":"https:\/\/nilbilisim.com.tr\/magaza\/urun\/dahua-pfs4210-8gt-150-8-port-poe-gigabit-inetilebilir-switch\/"},"modified":"2024-07-01T01:44:26","modified_gmt":"2024-06-30T22:44:26","slug":"dahua-pfs4210-8gt-150-8-port-poe-gigabit-inetilebilir-switch","status":"publish","type":"product","link":"https:\/\/nilbilisim.com.tr\/magaza\/urun\/dahua-pfs4210-8gt-150-8-port-poe-gigabit-inetilebilir-switch\/","title":{"rendered":"Dahua PFS4210-8GT-150 8-Port PoE Gigabit Y\u00f6netilebilir Switch"},"content":{"rendered":"<ul>\n<li>\u0130ki katmanl\u0131 network y&ouml;netimi PoE switch<\/li>\n<li>MAC otomatik &ccedil;al\u0131\u015fma ve ya\u015flanma, MAC adres listesi kapasitesi 8K<\/li>\n<li>IEEE802.3af, IEEE802.3at standard\u0131n\u0131 destekleme<\/li>\n<li>IEEE802.3, IEEE802.3u, IEEE802.3ab \/ z ve IEEE802.3X&rsquo;i standartlar\u0131 mevcut<\/li>\n<li>Komut sat\u0131r\u0131 arabirimi mevcut<\/li>\n<\/ul>\n<table border=\"1\" cellpadding=\"5\" cellspacing=\"1\">\n<tbody>\n<tr>\n<td><strong>Model<\/strong><\/td>\n<td><strong>Dahua<\/strong>&nbsp;<strong>PFS4210-8GT-150 Teknik &Ouml;zellikleri<\/strong><\/td>\n<\/tr>\n<tr>\n<td>Ethernet Port<\/td>\n<td>8 * 10\/100\/1000 Base-T (PoE g&uuml;&ccedil; kayna\u011f\u0131)<\/p>\n<p>&nbsp;<\/p>\n<p>2 * 1000 Taban-X<\/p>\n<\/td>\n<\/tr>\n<tr>\n<td>PoE G&uuml;&ccedil; T&uuml;ketimi<\/td>\n<td>Her g&uuml;&ccedil; &le;30W<\/p>\n<p>&nbsp;<\/p>\n<p>Toplam&le;150W<\/p>\n<\/td>\n<\/tr>\n<tr>\n<td>PoE Protokol&uuml;<\/td>\n<td>IEEE802.3af<\/p>\n<p>&nbsp;<\/p>\n<p>IEEE802.3at<\/p>\n<\/td>\n<\/tr>\n<tr>\n<td>PoE<\/td>\n<td>150W<\/td>\n<\/tr>\n<tr>\n<td>Switch Kapasitesi<\/td>\n<td>36Gbps<\/td>\n<\/tr>\n<tr>\n<td>Paket \u0130letme Oran\u0131<\/td>\n<td>14.88Mpps<\/td>\n<\/tr>\n<tr>\n<td>Paket Bellek<\/td>\n<td>4.1Mb<\/td>\n<\/tr>\n<tr>\n<td>Nem<\/td>\n<td>10% ~ 90%<\/td>\n<\/tr>\n<tr>\n<td>G&uuml;&ccedil; Kayna\u011f\u0131<\/td>\n<td>AC 100 ~ 240V<\/td>\n<\/tr>\n<tr>\n<td>Y\u0131ld\u0131r\u0131mdan Korunma<\/td>\n<td>Ortak Mod 2KV<\/p>\n<p>&nbsp;<\/p>\n<p>Diferansiyel Mod 500V<\/p>\n<\/td>\n<\/tr>\n<tr>\n<td>&Ccedil;al\u0131\u015fma Ko\u015fullar\u0131<\/td>\n<td>-10\u2103 ~ 55\u2103<\/td>\n<\/tr>\n<tr>\n<td>Net A\u011f\u0131rl\u0131k<\/td>\n<td>2.35kg<\/td>\n<\/tr>\n<tr>\n<td>Boyutlar<\/td>\n<td>330mm &times; 230mm &times; 44mm<\/td>\n<\/tr>\n<tr>\n<td><strong>Aksesuarlar<\/strong><\/td>\n<td>&nbsp;<\/td>\n<\/tr>\n<tr>\n<td>PFT3950<\/td>\n<td>1.25G 850nm, 500m, LC, &Ccedil;ok modlu<\/td>\n<\/tr>\n<tr>\n<td>PFT3960<\/td>\n<td>1.25G 1310 \/ 1550nm, 20km, LC, Tek modlu<\/td>\n<\/tr>\n<tr>\n<td>PFT3970<\/td>\n<td>1.25G 1550 \/ 1310nm, 20km, LC, Tek modlu<\/td>\n<\/tr>\n<tr>\n<td><strong>Hizmet &Ouml;zellikleri<\/strong><\/td>\n<td>&nbsp;<\/td>\n<\/tr>\n<\/tbody>\n<tbody>\n<tr>\n<td rowspan=\"2\">Sistem<\/td>\n<td>Kullan\u0131c\u0131 ad\u0131 \/ \u015fifre: admin \/ admin<\/td>\n<\/tr>\n<tr>\n<td>IP Adresi: 192.168.1.110\/24<\/td>\n<\/tr>\n<tr>\n<td>MAC Tablosu<\/td>\n<td>8K<\/td>\n<\/tr>\n<tr>\n<td>VLAN<\/td>\n<td>802.1Q<\/td>\n<\/tr>\n<tr>\n<td>Port Toplama<\/td>\n<td>Manuel Toplama<\/td>\n<\/tr>\n<tr>\n<td>Mirror<\/td>\n<td>Birden &ccedil;ok port mirroring mevcut<\/td>\n<\/tr>\n<tr>\n<td rowspan=\"2\">Ak\u0131\u015f Kontrol&uuml;<\/td>\n<td>Yar\u0131-&ccedil;ift y&ouml;nl&uuml; arka bas\u0131n&ccedil; tipi kontrol mevcut<\/td>\n<\/tr>\n<tr>\n<td>PAUSE &ccedil;er&ccedil;evesine dayal\u0131 tam dubleks mevcut<\/td>\n<\/tr>\n<tr>\n<td>Multicast<\/td>\n<td>IGMP Snooping<\/td>\n<\/tr>\n<tr>\n<td rowspan=\"3\">Hizmet Kalitesi<\/td>\n<td>Diff-Serv QoS&rsquo;sini Destekleme<\/td>\n<\/tr>\n<tr>\n<td>Her port, 4 &ccedil;\u0131k\u0131\u015f\u0131 destekler<\/td>\n<\/tr>\n<tr>\n<td>802.1p \/ DSCP &ouml;ncelik e\u015fle\u015ftirmesini destekleme<\/td>\n<\/tr>\n<tr>\n<td rowspan=\"3\">G&uuml;venlik &Ouml;zellikleri<\/td>\n<td>Donan\u0131m, porta dayal\u0131 IP + MAC ba\u011flamay\u0131 destekler<\/td>\n<\/tr>\n<tr>\n<td>IP kaynak adres korumas\u0131n\u0131 destekleme<\/td>\n<\/tr>\n<tr>\n<td>ARP alg\u0131lamay\u0131 destekleme<\/td>\n<\/tr>\n<tr>\n<td rowspan=\"3\">Sistem Bak\u0131m\u0131<\/td>\n<td>Yap\u0131land\u0131rma dosyas\u0131 y&uuml;kleme\/indirme mevcut<\/td>\n<\/tr>\n<tr>\n<td>G&uuml;ncellenmi\u015f Paket y&uuml;kleme mevcut<\/td>\n<\/tr>\n<tr>\n<td>Sistemi g&uuml;nl&uuml;kleme mevcut<\/td>\n<\/tr>\n<tr>\n<td>Network Y&ouml;netimi<\/td>\n<td>WEB (http protokol&uuml;)<\/td>\n<\/tr>\n<\/tbody>\n<\/table>\n","protected":false},"excerpt":{"rendered":"<p>\u0130ki katmanl\u0131 network y&ouml;netimi PoE switch MAC otomatik &ccedil;al\u0131\u015fma ve ya\u015flanma, MAC adres listesi kapasitesi 8K IEEE802.3af, IEEE802.3at standard\u0131n\u0131 destekleme IEEE802.3, IEEE802.3u, IEEE802.3ab \/ z ve IEEE802.3X&rsquo;i standartlar\u0131 mevcut Komut sat\u0131r\u0131 arabirimi mevcut Model Dahua&nbsp;PFS4210-8GT-150 Teknik &Ouml;zellikleri Ethernet Port 8 * 10\/100\/1000 Base-T (PoE g&uuml;&ccedil; kayna\u011f\u0131) &nbsp; 2 * 1000 Taban-X PoE G&uuml;&ccedil; T&uuml;ketimi Her [&#8230;]\n","protected":false},"featured_media":736,"comment_status":"closed","ping_status":"closed","template":"","meta":[],"_links":{"self":[{"href":"https:\/\/nilbilisim.com.tr\/magaza\/wp-json\/wp\/v2\/product\/735"}],"collection":[{"href":"https:\/\/nilbilisim.com.tr\/magaza\/wp-json\/wp\/v2\/product"}],"about":[{"href":"https:\/\/nilbilisim.com.tr\/magaza\/wp-json\/wp\/v2\/types\/product"}],"replies":[{"embeddable":true,"href":"https:\/\/nilbilisim.com.tr\/magaza\/wp-json\/wp\/v2\/comments?post=735"}],"wp:featuredmedia":[{"embeddable":true,"href":"https:\/\/nilbilisim.com.tr\/magaza\/wp-json\/wp\/v2\/media\/736"}],"wp:attachment":[{"href":"https:\/\/nilbilisim.com.tr\/magaza\/wp-json\/wp\/v2\/media?parent=735"}],"curies":[{"name":"wp","href":"https:\/\/api.w.org\/{rel}","templated":true}]}}