{"id":737,"date":"2021-01-18T20:57:17","date_gmt":"2021-01-18T20:57:17","guid":{"rendered":"https:\/\/nilbilisim.com.tr\/magaza\/urun\/dahua-pfs3409-4gt-96-4-portlu-poe-inetilmeien-ve-9-portlu-gigabit-switch\/"},"modified":"2024-07-01T01:44:26","modified_gmt":"2024-06-30T22:44:26","slug":"dahua-pfs3409-4gt-96-4-portlu-poe-inetilmeien-ve-9-portlu-gigabit-switch","status":"publish","type":"product","link":"https:\/\/nilbilisim.com.tr\/magaza\/urun\/dahua-pfs3409-4gt-96-4-portlu-poe-inetilmeien-ve-9-portlu-gigabit-switch\/","title":{"rendered":"Dahua PFS3409-4GT-96 4 Portlu PoE (Y\u00f6netilmeyen) ve 9 Portlu Gigabit Switch"},"content":{"rendered":"<p>PFS3409-4GT-96<\/p>\n<table bgcolor=\"\" border=\"1\" cellpadding=\"5\" cellspacing=\"1\">\n<tbody>\n<tr>\n<td valign=\"top\"><b>Model<\/b><\/td>\n<td valign=\"top\"><strong>Dahua PFS3409-4GT-96 Teknik &Ouml;zellikleri<\/strong><\/td>\n<\/tr>\n<tr>\n<td valign=\"top\">&nbsp;<\/p>\n<p>&nbsp;<\/p>\n<p>Ethernet Port<\/p>\n<\/td>\n<td valign=\"top\">4 * 10\/100\/1000 Mbps Temel-T (PoE g&uuml;&ccedil; kayna\u011f\u0131)<\/p>\n<p>&nbsp;<\/p>\n<p>1 * 10\/100\/1000 Mbps Base-T ba\u011flant\u0131<\/p>\n<p>4 * 1000Mbps Base-X<\/p>\n<\/td>\n<\/tr>\n<tr>\n<td valign=\"top\">Switch Kapasitesi<\/td>\n<td valign=\"top\">33Gbps<\/td>\n<\/tr>\n<tr>\n<td valign=\"top\">Paket \u0130letme Oran\u0131<\/td>\n<td valign=\"top\">13.39Mpps<\/td>\n<\/tr>\n<tr>\n<td valign=\"top\">Paket Tampon Bellek<\/td>\n<td valign=\"top\">1.75MB<\/td>\n<\/tr>\n<tr>\n<td valign=\"top\">MAC Tablo Boyutu<\/td>\n<td valign=\"top\">4K<\/td>\n<\/tr>\n<tr>\n<td valign=\"top\">Ak\u0131\u015f Kontrol&uuml;<\/td>\n<td valign=\"top\">Varsay\u0131lan olarak etkinle\u015ftirme<\/td>\n<\/tr>\n<tr>\n<td valign=\"top\">Uygulama Nem<\/td>\n<td valign=\"top\">10%~90%<\/td>\n<\/tr>\n<tr>\n<td valign=\"top\">G&uuml;&ccedil;<\/td>\n<td valign=\"top\">DC48 ~ 57V<\/td>\n<\/tr>\n<tr>\n<td valign=\"top\">Y\u0131ld\u0131r\u0131m Korumas\u0131<\/td>\n<td valign=\"top\">Ortak Mod 4KV<\/p>\n<p>&nbsp;<\/p>\n<p>Diferansiyel Mod 2KV<\/p>\n<\/td>\n<\/tr>\n<tr>\n<td valign=\"top\">ESD<\/td>\n<td valign=\"top\">Temas de\u015farj: &plusmn; 6kV<\/p>\n<p>&nbsp;<\/p>\n<p>Hava tahliye: &plusmn; 8kV<\/p>\n<\/td>\n<\/tr>\n<tr>\n<td valign=\"top\">&Ccedil;al\u0131\u015fma Ko\u015fullar\u0131<\/td>\n<td valign=\"top\">-30 \u2103 ~ 65 \u2103<\/td>\n<\/tr>\n<tr>\n<td valign=\"top\">Net A\u011f\u0131rl\u0131k<\/td>\n<td valign=\"top\">0.62kg<\/td>\n<\/tr>\n<tr>\n<td valign=\"top\">Boyutlar<\/td>\n<td valign=\"top\">150 mm x 110 mm x 42 mm<\/td>\n<\/tr>\n<tr>\n<td valign=\"top\"><strong>Aksesuarlar<\/strong><\/td>\n<td valign=\"top\">&nbsp;<\/td>\n<\/tr>\n<tr>\n<td valign=\"top\">PFT3950<\/td>\n<td valign=\"top\">1.25G 850nm, 500m, LC, &Ccedil;ok modlu<\/td>\n<\/tr>\n<tr>\n<td valign=\"top\">PFT3960<\/td>\n<td valign=\"top\">1.25G 1310 \/ 1550nm, 20km, LC, Tek modlu<\/td>\n<\/tr>\n<tr>\n<td valign=\"top\">PFT3970<\/td>\n<td valign=\"top\">1.25G 1550 \/ 1310nm, 20km, LC, Tek modlu<\/td>\n<\/tr>\n<\/tbody>\n<\/table>\n","protected":false},"excerpt":{"rendered":"<p>PFS3409-4GT-96 Model Dahua PFS3409-4GT-96 Teknik &Ouml;zellikleri &nbsp; &nbsp; Ethernet Port 4 * 10\/100\/1000 Mbps Temel-T (PoE g&uuml;&ccedil; kayna\u011f\u0131) &nbsp; 1 * 10\/100\/1000 Mbps Base-T ba\u011flant\u0131 4 * 1000Mbps Base-X Switch Kapasitesi 33Gbps Paket \u0130letme Oran\u0131 13.39Mpps Paket Tampon Bellek 1.75MB MAC Tablo Boyutu 4K Ak\u0131\u015f Kontrol&uuml; Varsay\u0131lan olarak etkinle\u015ftirme Uygulama Nem 10%~90% G&uuml;&ccedil; DC48 ~ [&#8230;]\n","protected":false},"featured_media":738,"comment_status":"closed","ping_status":"closed","template":"","meta":[],"_links":{"self":[{"href":"https:\/\/nilbilisim.com.tr\/magaza\/wp-json\/wp\/v2\/product\/737"}],"collection":[{"href":"https:\/\/nilbilisim.com.tr\/magaza\/wp-json\/wp\/v2\/product"}],"about":[{"href":"https:\/\/nilbilisim.com.tr\/magaza\/wp-json\/wp\/v2\/types\/product"}],"replies":[{"embeddable":true,"href":"https:\/\/nilbilisim.com.tr\/magaza\/wp-json\/wp\/v2\/comments?post=737"}],"wp:featuredmedia":[{"embeddable":true,"href":"https:\/\/nilbilisim.com.tr\/magaza\/wp-json\/wp\/v2\/media\/738"}],"wp:attachment":[{"href":"https:\/\/nilbilisim.com.tr\/magaza\/wp-json\/wp\/v2\/media?parent=737"}],"curies":[{"name":"wp","href":"https:\/\/api.w.org\/{rel}","templated":true}]}}