{"id":739,"date":"2021-01-18T20:57:33","date_gmt":"2021-01-18T20:57:33","guid":{"rendered":"https:\/\/nilbilisim.com.tr\/magaza\/urun\/dahua-pfs3211-8gt-120-8-port-poe-inetilmeien-ve-11-port-gigabit-switch\/"},"modified":"2024-07-01T01:44:25","modified_gmt":"2024-06-30T22:44:25","slug":"dahua-pfs3211-8gt-120-8-port-poe-inetilmeien-ve-11-port-gigabit-switch","status":"publish","type":"product","link":"https:\/\/nilbilisim.com.tr\/magaza\/urun\/dahua-pfs3211-8gt-120-8-port-poe-inetilmeien-ve-11-port-gigabit-switch\/","title":{"rendered":"Dahua PFS3211-8GT-120 8 Port PoE (Y\u00f6netilmeyen) ve 11-Port Gigabit Switch"},"content":{"rendered":"<ul>\n<li>Katman 2 Sertle\u015ftirilmi\u015f PoE switch<\/li>\n<li>MAC otomatik &ccedil;al\u0131\u015fma ve ya\u015fland\u0131rma, MAC adres listesi kapasitesi 4K<\/li>\n<li>IEEE802.3af, IEEE802.3at ve Hi-PoE standard\u0131<\/li>\n<li>Uyumlu IEEE802.3, IEEE802.3u, IEEE802.3ab \/ z ve IEEE802 .3X standartlar\u0131<\/li>\n<li>Metal yap\u0131y\u0131 benimser<\/li>\n<li>End&uuml;striyel geni\u015f &ccedil;al\u0131\u015fma s\u0131cakl\u0131\u011f\u0131 tasar\u0131m\u0131: -30 &deg; C ~ + 65 &deg; C<\/li>\n<li>Y&uuml;ksek koruma s\u0131n\u0131f\u0131, ortak modu destekler 4KV, diferansiyel mod 2KV<\/li>\n<li>&Ccedil;ift g&uuml;&ccedil; yedeklemesini destekler<\/li>\n<\/ul>\n<table border=\"1\" cellpadding=\"5\" cellspacing=\"1\">\n<tbody>\n<tr>\n<td valign=\"top\"><b>Model<\/b><\/td>\n<td valign=\"top\"><strong>Dahua PFS3211-8GT-120 Teknik &Ouml;zellikleri<\/strong><\/td>\n<\/tr>\n<tr>\n<td valign=\"top\">&nbsp;<\/p>\n<p>&nbsp;<\/p>\n<p>Ethernet Port<\/p>\n<\/td>\n<td valign=\"top\">8 * 10\/100 \/ 1000Mbps Base-T (PoE g&uuml;&ccedil; kayna\u011f\u0131)<\/p>\n<p>&nbsp;<\/p>\n<p>1 * 10\/100\/1000 Mbps Temel-T<\/p>\n<p>2 * 1000Mbps Base-X<\/p>\n<\/td>\n<\/tr>\n<tr>\n<td valign=\"top\">PoE G&uuml;&ccedil; T&uuml;ketimi<\/td>\n<td valign=\"top\">Port1 &amp; 5 &le;60W, Port2 ~ 4 ve Port6 ~ 8&le;30W, Toplam g&uuml;&ccedil;&le;120W<\/td>\n<\/tr>\n<tr>\n<td valign=\"top\">PoE Protokol&uuml;<\/td>\n<td valign=\"top\">IEEE802.3af (PoE), IEEE802.3at (PoE +), Hi-PoE<\/td>\n<\/tr>\n<tr>\n<td valign=\"top\">Switch Kapasitesi<\/td>\n<td valign=\"top\">33Gbps<\/td>\n<\/tr>\n<tr>\n<td valign=\"top\">Paket \u0130letme Oran\u0131<\/td>\n<td valign=\"top\">16.37Mpps<\/td>\n<\/tr>\n<tr>\n<td valign=\"top\">Paket Tampon Bellek<\/td>\n<td valign=\"top\">1.75MB<\/td>\n<\/tr>\n<tr>\n<td valign=\"top\">MAC Tablo Boyutu<\/td>\n<td valign=\"top\">4K<\/td>\n<\/tr>\n<tr>\n<td valign=\"top\">Ak\u0131\u015f Kontrol&uuml;<\/td>\n<td valign=\"top\">Varsay\u0131lan olarak etkinle\u015ftirme<\/td>\n<\/tr>\n<tr>\n<td valign=\"top\">Uygulama Nem<\/td>\n<td valign=\"top\">10%~90%<\/td>\n<\/tr>\n<tr>\n<td valign=\"top\">G&uuml;&ccedil;<\/td>\n<td valign=\"top\">DC48 ~ 57V<\/td>\n<\/tr>\n<tr>\n<td valign=\"top\">Y\u0131ld\u0131r\u0131m Korumas\u0131<\/td>\n<td valign=\"top\">Ortak Mod 4KV<\/p>\n<p>&nbsp;<\/p>\n<p>Diferansiyel Mod 2KV<\/p>\n<\/td>\n<\/tr>\n<tr>\n<td valign=\"top\">ESD<\/td>\n<td valign=\"top\">Temas de\u015farj: &plusmn; 6kV<\/p>\n<p>&nbsp;<\/p>\n<p>Hava tahliye: &plusmn; 8kV<\/p>\n<\/td>\n<\/tr>\n<tr>\n<td valign=\"top\">&Ccedil;al\u0131\u015fma Ko\u015fullar\u0131<\/td>\n<td valign=\"top\">-30 \u2103 ~ 65 \u2103<\/td>\n<\/tr>\n<tr>\n<td valign=\"top\">Net A\u011f\u0131rl\u0131k<\/td>\n<td valign=\"top\">0.62kg<\/td>\n<\/tr>\n<tr>\n<td valign=\"top\">Boyutlar<\/td>\n<td valign=\"top\">150 mm x 110 mm x 42 mm<\/td>\n<\/tr>\n<tr>\n<td valign=\"top\"><strong>Aksesuarlar<\/strong><\/td>\n<td valign=\"top\">&nbsp;<\/td>\n<\/tr>\n<tr>\n<td valign=\"top\">PFT3950<\/td>\n<td valign=\"top\">1.25G 850nm, 500m, LC, &Ccedil;ok modlu<\/td>\n<\/tr>\n<tr>\n<td valign=\"top\">PFT3960<\/td>\n<td valign=\"top\">1.25G 1310 \/ 1550nm, 20km, LC, Tek modlu<\/td>\n<\/tr>\n<tr>\n<td valign=\"top\">PFT3970<\/td>\n<td valign=\"top\">1.25G 1550 \/ 1310nm, 20km, LC, Tek modlu<\/td>\n<\/tr>\n<\/tbody>\n<\/table>\n","protected":false},"excerpt":{"rendered":"<p>Katman 2 Sertle\u015ftirilmi\u015f PoE switch MAC otomatik &ccedil;al\u0131\u015fma ve ya\u015fland\u0131rma, MAC adres listesi kapasitesi 4K IEEE802.3af, IEEE802.3at ve Hi-PoE standard\u0131 Uyumlu IEEE802.3, IEEE802.3u, IEEE802.3ab \/ z ve IEEE802 .3X standartlar\u0131 Metal yap\u0131y\u0131 benimser End&uuml;striyel geni\u015f &ccedil;al\u0131\u015fma s\u0131cakl\u0131\u011f\u0131 tasar\u0131m\u0131: -30 &deg; C ~ + 65 &deg; C Y&uuml;ksek koruma s\u0131n\u0131f\u0131, ortak modu destekler 4KV, diferansiyel mod [&#8230;]\n","protected":false},"featured_media":740,"comment_status":"closed","ping_status":"closed","template":"","meta":[],"_links":{"self":[{"href":"https:\/\/nilbilisim.com.tr\/magaza\/wp-json\/wp\/v2\/product\/739"}],"collection":[{"href":"https:\/\/nilbilisim.com.tr\/magaza\/wp-json\/wp\/v2\/product"}],"about":[{"href":"https:\/\/nilbilisim.com.tr\/magaza\/wp-json\/wp\/v2\/types\/product"}],"replies":[{"embeddable":true,"href":"https:\/\/nilbilisim.com.tr\/magaza\/wp-json\/wp\/v2\/comments?post=739"}],"wp:featuredmedia":[{"embeddable":true,"href":"https:\/\/nilbilisim.com.tr\/magaza\/wp-json\/wp\/v2\/media\/740"}],"wp:attachment":[{"href":"https:\/\/nilbilisim.com.tr\/magaza\/wp-json\/wp\/v2\/media?parent=739"}],"curies":[{"name":"wp","href":"https:\/\/api.w.org\/{rel}","templated":true}]}}