{"id":743,"date":"2021-01-18T20:58:11","date_gmt":"2021-01-18T20:58:11","guid":{"rendered":"https:\/\/nilbilisim.com.tr\/magaza\/urun\/dahua-pfs4410-6gt-dp-6-port-gigabit-poe-10-port-gigabit-endstriiel-swicth\/"},"modified":"2024-07-01T01:44:24","modified_gmt":"2024-06-30T22:44:24","slug":"dahua-pfs4410-6gt-dp-6-port-gigabit-poe-10-port-gigabit-endstriiel-swicth","status":"publish","type":"product","link":"https:\/\/nilbilisim.com.tr\/magaza\/urun\/dahua-pfs4410-6gt-dp-6-port-gigabit-poe-10-port-gigabit-endstriiel-swicth\/","title":{"rendered":"Dahua PFS4410-6GT-DP 6-Port Gigabit PoE  10-Port Gigabit End\u00fcstriyel Swicth"},"content":{"rendered":"<ul>\n<li>Katman 2 y&ouml;netilen end&uuml;striyel PoE switch<\/li>\n<li>IEEE802.3af \/ at ve Hi-PoE (60W) standard\u0131 mevcut<\/li>\n<li>Network yedeklemesi i&ccedil;in STP \/ RSTP \/ MSTP&rsquo;yi destekler.<\/li>\n<li>VLAN, Link Aggregation, IGMP Snooping, ROMN, ACL dahil olmak &uuml;zere zengin L2 &ouml;zelliklerini destekler QoS, etc<\/li>\n<li>Web, SNMP ve CLI y&ouml;netimini destekler<\/li>\n<li>&nbsp;IP40 tam metal muhafaza, tamamen kapal\u0131 ve toz ge&ccedil;irmez tasar\u0131m<\/li>\n<li>G&uuml;&ccedil; yedeklemesi i&ccedil;in &ccedil;ift g&uuml;&ccedil; giri\u015fi<\/li>\n<li>Geni\u015f &ccedil;al\u0131\u015fma s\u0131cakl\u0131\u011f\u0131: -40 &deg; ~ + 75 &deg; C<\/li>\n<\/ul>\n<table border=\"1\" cellpadding=\"5\" cellspacing=\"1\">\n<tbody>\n<tr>\n<td valign=\"top\"><b>Model<\/b><\/td>\n<td valign=\"top\"><strong>Dahua PFS4410-6GT-DP Teknik &Ouml;zellikleri<\/strong><\/td>\n<\/tr>\n<tr>\n<td valign=\"top\">Ethernet Port<\/td>\n<td valign=\"top\">6 * 10\/100\/1000 Base-T (PoE g&uuml;&ccedil; kayna\u011f\u0131)<\/p>\n<p>&nbsp;<\/p>\n<p>4 * 100\/1000 Base-X<\/p>\n<\/td>\n<\/tr>\n<tr>\n<td valign=\"top\">RS232 Seri Konsol<\/td>\n<td valign=\"top\">1 * RS232<\/td>\n<\/tr>\n<tr>\n<td valign=\"top\">RS485 Port<\/td>\n<td valign=\"top\">2 * RS485 (Baud h\u0131z\u0131 9600, TCP \/ UDP)<\/td>\n<\/tr>\n<tr>\n<td valign=\"top\">I \/ O Port<\/td>\n<td valign=\"top\">1 * Giri\u015f, 1 * &Ccedil;\u0131k\u0131\u015f<\/td>\n<\/tr>\n<tr>\n<td valign=\"top\">PoE G&uuml;&ccedil; T&uuml;ketimi<\/td>\n<td valign=\"top\">Her port &le;30W, Toplam&le;120W<\/p>\n<p>&nbsp;<\/p>\n<p>port 1 ve port 2, Hi-PoE&rsquo;yi (60W) destekler<\/p>\n<\/td>\n<\/tr>\n<tr>\n<td valign=\"top\">PoE Protokol&uuml;<\/td>\n<td valign=\"top\">IEEE802.3af (PoE), IEEE802.3at (PoE +), Hi-PoE<\/td>\n<\/tr>\n<tr>\n<td valign=\"top\">PoE B&uuml;t&ccedil;esi<\/td>\n<td valign=\"top\">&le;120W<\/td>\n<\/tr>\n<tr>\n<td valign=\"top\">PoE PIN Atama<\/td>\n<td valign=\"top\">1, 2 (V +), 3, 6 (V)<\/p>\n<p>&nbsp;<\/p>\n<p>1, 2, 4, 5 (V +), 3, 6, 7, 8 (V)<\/p>\n<\/td>\n<\/tr>\n<tr>\n<td valign=\"top\">Switch Kapasitesi<\/td>\n<td valign=\"top\">28Gbps<\/td>\n<\/tr>\n<tr>\n<td valign=\"top\">Paket \u0130letme Oran\u0131<\/td>\n<td valign=\"top\">14.88Mpps<\/td>\n<\/tr>\n<tr>\n<td valign=\"top\">Paket Tampon Bellek<\/td>\n<td valign=\"top\">4Mb<\/td>\n<\/tr>\n<tr>\n<td valign=\"top\">Uygulama Nem<\/td>\n<td valign=\"top\">% 10-% 90<\/td>\n<\/tr>\n<tr>\n<td valign=\"top\">G&uuml;&ccedil;<\/td>\n<td valign=\"top\">DC 9~57V, PoE: 48-57V<\/td>\n<\/tr>\n<tr>\n<td valign=\"top\">Y\u0131ld\u0131r\u0131m Korumas\u0131<\/td>\n<td valign=\"top\">Ortak Mod 6KV<\/p>\n<p>&nbsp;<\/p>\n<p>Diferansiyel Modu 4KV<\/p>\n<\/td>\n<\/tr>\n<tr>\n<td valign=\"top\">&Ccedil;al\u0131\u015fma Ko\u015fullar\u0131<\/td>\n<td valign=\"top\">\ufe6340&nbsp;\u2103&nbsp;~ 75&nbsp;\u2103<\/td>\n<\/tr>\n<tr>\n<td valign=\"top\">G&uuml;&ccedil; T&uuml;ketimi (Statik)<\/td>\n<td valign=\"top\">&le;6W<\/td>\n<\/tr>\n<tr>\n<td valign=\"top\">G&uuml;&ccedil; T&uuml;ketimi (Tam Y&uuml;k)<\/td>\n<td valign=\"top\">&le;120W<\/td>\n<\/tr>\n<tr>\n<td valign=\"top\">Montaj<\/td>\n<td valign=\"top\">DIN-Ray<\/td>\n<\/tr>\n<tr>\n<td valign=\"top\">Net A\u011f\u0131rl\u0131k<\/td>\n<td valign=\"top\">1.25kg<\/td>\n<\/tr>\n<tr>\n<td valign=\"top\">Boyutlar<\/td>\n<td valign=\"top\">175mm x 134mm x 53mm<\/td>\n<\/tr>\n<tr>\n<td valign=\"top\"><strong>Aksesuarlar<\/strong><\/td>\n<td valign=\"top\">&nbsp;<\/td>\n<\/tr>\n<tr>\n<td valign=\"top\">PFT3950<\/td>\n<td valign=\"top\">1.25G 850nm, 500m, LC, &Ccedil;ok modlu<\/td>\n<\/tr>\n<tr>\n<td valign=\"top\">PFT3960<\/td>\n<td valign=\"top\">1.25G 1310 \/ 1550nm, 20km, LC, Tek modlu<\/td>\n<\/tr>\n<tr>\n<td valign=\"top\">PFT3970<\/td>\n<td valign=\"top\">1.25G 1550 \/ 1310nm, 20km, LC, Tek modlu<\/td>\n<\/tr>\n<tr>\n<td valign=\"top\"><strong>DIN-Ray G&uuml;&ccedil; Kayna\u011f\u0131<\/strong><\/td>\n<td valign=\"top\">&nbsp;<\/td>\n<\/tr>\n<tr>\n<td valign=\"top\">DRL-48V120W1AAD<\/td>\n<td valign=\"top\">120W, 100VAC ~ 240VAC-48V2.5A<\/td>\n<\/tr>\n<tr>\n<td valign=\"top\">EDP-75-48<\/td>\n<td valign=\"top\">75W, 100VAC ~ 240VAC-48V1.6A<\/td>\n<\/tr>\n<tr>\n<td valign=\"top\"><strong>Servis &Ouml;zellikleri<\/strong><\/td>\n<td valign=\"top\">&nbsp;<\/td>\n<\/tr>\n<tr>\n<td valign=\"top\">Sistem<\/td>\n<td valign=\"top\">Kullan\u0131c\u0131 ad\u0131 \/ \u015fifre: admin \/ admin<\/p>\n<p>&nbsp;<\/p>\n<p>IP Adresi: 192.168.1.110\/24<\/p>\n<\/td>\n<\/tr>\n<tr>\n<td valign=\"top\">MAC Adres Tablosu<\/td>\n<td valign=\"top\">8K<\/td>\n<\/tr>\n<tr>\n<td valign=\"top\">NTP<\/td>\n<td valign=\"top\">Mevcut<\/td>\n<\/tr>\n<tr>\n<td valign=\"top\">DHCP<\/td>\n<td valign=\"top\">DHCP istemcisi \/ sunucusu deste\u011fi<\/p>\n<p>&nbsp;<\/p>\n<p>Destek DHCP snooping<\/p>\n<\/td>\n<\/tr>\n<tr>\n<td valign=\"top\">VLAN<\/td>\n<td valign=\"top\">802.1Q<\/td>\n<\/tr>\n<tr>\n<td valign=\"top\">Port Toplama<\/td>\n<td valign=\"top\">Manuel toplama \/ LACP<\/td>\n<\/tr>\n<tr>\n<td valign=\"top\">Port Yans\u0131tma<\/td>\n<td valign=\"top\">Bire-bir ba\u011flant\u0131 noktas\u0131 yans\u0131tma deste\u011fi<\/td>\n<\/tr>\n<tr>\n<td valign=\"top\">Ak\u0131\u015f Kontrol&uuml;<\/td>\n<td valign=\"top\">Arka bas\u0131n&ccedil; tipi kontrol&uuml;ne dayal\u0131 yar\u0131m dupleks deste\u011fi<\/p>\n<p>&nbsp;<\/p>\n<p>PAUSE &ccedil;er&ccedil;evesine g&ouml;re tam dupleks deste\u011fi<\/p>\n<\/td>\n<\/tr>\n<tr>\n<td valign=\"top\">&Ccedil;oklu Yay\u0131n<\/td>\n<td valign=\"top\">IGMP Snooping v1 \/ v2 \/ v3<\/td>\n<\/tr>\n<tr>\n<td valign=\"top\">&nbsp;<\/p>\n<p>&nbsp;<\/p>\n<p>&nbsp;<\/p>\n<p>&nbsp;<\/p>\n<p>&nbsp;<\/p>\n<p>&nbsp;<\/p>\n<p>G&uuml;venlik<\/p>\n<\/td>\n<td valign=\"top\">Kullan\u0131c\u0131 y&ouml;netimi deste\u011fi<\/p>\n<p>&nbsp;<\/p>\n<p>Destek SSH<\/p>\n<p>Destek Https<\/p>\n<p>Destek SNMP V1 \/ V2 \/ V3<\/p>\n<p>Destek ROMN<\/p>\n<p>Destek ACL<\/p>\n<p>IP kaynak korumas\u0131 deste\u011fi<\/p>\n<p>Destek ARP muayene<\/p>\n<p>Destek 802.1x<\/p>\n<p>Destek d&ouml;ng&uuml; korumas\u0131<\/p>\n<\/td>\n<\/tr>\n<tr>\n<td valign=\"top\">Kapsayan Tree<\/td>\n<td valign=\"top\">STP \/ RTSP \/ MSTP<\/td>\n<\/tr>\n<tr>\n<td valign=\"top\">LLDP<\/td>\n<td valign=\"top\">Mevcut<\/td>\n<\/tr>\n<tr>\n<td valign=\"top\">Hizmet Kalitesi<\/td>\n<td valign=\"top\">CoS \/ DPL \/ PCP \/ DEI&rsquo;de QoS baz deste\u011fi<\/p>\n<p>&nbsp;<\/p>\n<p>Her port deste\u011fi 8 &ccedil;\u0131k\u0131\u015f kuyru\u011fu<\/p>\n<p>Destek portu \u015fekillendirme<\/p>\n<p>Destek ba\u011flant\u0131 noktas\u0131 etiketi a&ccedil;\u0131klamas\u0131<\/p>\n<p>DSCP&rsquo;ye dayal\u0131 QoS deste\u011fi<\/p>\n<\/td>\n<\/tr>\n<tr>\n<td valign=\"top\">Sistem Bak\u0131m\u0131<\/td>\n<td valign=\"top\">Yap\u0131land\u0131rma dosyas\u0131n\u0131 y&uuml;kleme \/ indirme deste\u011fi<\/p>\n<p>&nbsp;<\/p>\n<p>&Uuml;r&uuml;n yaz\u0131l\u0131m\u0131 y&uuml;kseltmeyi destekleme<\/p>\n<p>Destek sistemi g&uuml;nl&uuml;kleri<\/p>\n<\/td>\n<\/tr>\n<tr>\n<td valign=\"top\">Network Y&ouml;netimi<\/td>\n<td valign=\"top\">WEB (http protokol&uuml;), SNMP, CLI<\/td>\n<\/tr>\n<\/tbody>\n<\/table>\n","protected":false},"excerpt":{"rendered":"<p>Katman 2 y&ouml;netilen end&uuml;striyel PoE switch IEEE802.3af \/ at ve Hi-PoE (60W) standard\u0131 mevcut Network yedeklemesi i&ccedil;in STP \/ RSTP \/ MSTP&rsquo;yi destekler. VLAN, Link Aggregation, IGMP Snooping, ROMN, ACL dahil olmak &uuml;zere zengin L2 &ouml;zelliklerini destekler QoS, etc Web, SNMP ve CLI y&ouml;netimini destekler &nbsp;IP40 tam metal muhafaza, tamamen kapal\u0131 ve toz ge&ccedil;irmez tasar\u0131m [&#8230;]\n","protected":false},"featured_media":744,"comment_status":"closed","ping_status":"closed","template":"","meta":[],"_links":{"self":[{"href":"https:\/\/nilbilisim.com.tr\/magaza\/wp-json\/wp\/v2\/product\/743"}],"collection":[{"href":"https:\/\/nilbilisim.com.tr\/magaza\/wp-json\/wp\/v2\/product"}],"about":[{"href":"https:\/\/nilbilisim.com.tr\/magaza\/wp-json\/wp\/v2\/types\/product"}],"replies":[{"embeddable":true,"href":"https:\/\/nilbilisim.com.tr\/magaza\/wp-json\/wp\/v2\/comments?post=743"}],"wp:featuredmedia":[{"embeddable":true,"href":"https:\/\/nilbilisim.com.tr\/magaza\/wp-json\/wp\/v2\/media\/744"}],"wp:attachment":[{"href":"https:\/\/nilbilisim.com.tr\/magaza\/wp-json\/wp\/v2\/media?parent=743"}],"curies":[{"name":"wp","href":"https:\/\/api.w.org\/{rel}","templated":true}]}}