{"id":747,"date":"2021-01-18T20:58:36","date_gmt":"2021-01-18T20:58:36","guid":{"rendered":"https:\/\/nilbilisim.com.tr\/magaza\/urun\/dahua-lr2218-16et-240-8-port-epoe-ile-16-port-poe-switch\/"},"modified":"2024-07-01T01:44:24","modified_gmt":"2024-06-30T22:44:24","slug":"dahua-lr2218-16et-240-8-port-epoe-ile-16-port-poe-switch","status":"publish","type":"product","link":"https:\/\/nilbilisim.com.tr\/magaza\/urun\/dahua-lr2218-16et-240-8-port-epoe-ile-16-port-poe-switch\/","title":{"rendered":"Dahua LR2218-16ET-240 8-Port ePoE ile 16 Port PoE Switch"},"content":{"rendered":"<ul>\n<li>EPoE teknolojisi ile 800 metreye kadar uzun mesafeli PoE iletimini destekler.<\/li>\n<li>Katman iki web y&ouml;netimli ePoE switch<\/li>\n<li>Port 1-8, IEEE, E100 ve E10 olan &uuml;&ccedil; kendinden uyarlamal\u0131 iletim modunu destekler.<\/li>\n<li>Port 1-8 her iki b&uuml;k&uuml;ml&uuml; iletimi de destekler ve koaksiyel kablo iletimi<\/li>\n<li>Web y&ouml;netimi: port y&ouml;netimi, 802.1Q VLAN, STP \/ RSTP, LACP, 802.1X, QoS<\/li>\n<li>PoE y&ouml;netimi, Ye\u015fil PoE, Eski Destek<\/li>\n<li>Conform IEEE802.3, IEEE802.3u, IEEE802.3ab \/ z ve IEEE802.3X standartlar\u0131<\/li>\n<\/ul>\n<table border=\"1\" cellpadding=\"5\" cellspacing=\"1\">\n<tbody>\n<tr>\n<td><strong>Model<\/strong><\/td>\n<td colspan=\"4\"><strong>Dahua LR2218-16ET-240 Teknik &Ouml;zellikleri<\/strong><\/td>\n<\/tr>\n<tr>\n<td>Ethernet Port<\/td>\n<td colspan=\"4\">2 * 10\/100\/1000 Taban-T<\/p>\n<p>&nbsp;<\/p>\n<p>2 * 1000 Base-X (Birle\u015fik ports)<\/p>\n<p>16 * 10\/100 Base-T (PoE g&uuml;&ccedil; kayna\u011f\u0131)<\/p>\n<\/td>\n<\/tr>\n<tr>\n<td>PoE G&uuml;&ccedil; T&uuml;ketimi<\/td>\n<td colspan=\"4\">Port1 ve port 2, Hi-PoE 60W&rsquo;yi destekler.<\/p>\n<p>&nbsp;<\/p>\n<p>Her g&uuml;&ccedil; &le;30W, Toplam &le;40W<\/p>\n<\/td>\n<\/tr>\n<tr>\n<td>PoE Protokol&uuml;<\/td>\n<td colspan=\"4\">IEEE802.3af, IEEE802.3at, Hi-PoE<\/td>\n<\/tr>\n<tr>\n<td>Switch Kapasitesi<\/td>\n<td colspan=\"4\">8.8Gbps<\/td>\n<\/tr>\n<tr>\n<td>Paket \u0130letme Oran\u0131<\/td>\n<td colspan=\"4\">5.36Mpps<\/td>\n<\/tr>\n<tr>\n<td>Paket Arabellek Belle\u011fi<\/td>\n<td colspan=\"4\">2.75MB<\/td>\n<\/tr>\n<tr>\n<td>Uygulama Nemi<\/td>\n<td colspan=\"4\">10%~90%<\/td>\n<\/tr>\n<tr>\n<td>G&uuml;&ccedil;<\/td>\n<td colspan=\"4\">AC100-240V, 50 \/ 60Hz<\/td>\n<\/tr>\n<tr>\n<td>Y\u0131ld\u0131r\u0131mdan Korunma<\/td>\n<td colspan=\"4\">Ortak Mod 4KV<\/p>\n<p>&nbsp;<\/p>\n<p>Diferansiyel Mod 2KV<\/p>\n<\/td>\n<\/tr>\n<tr>\n<td>&Ccedil;al\u0131\u015fma S\u0131cakl\u0131\u011f\u0131<\/td>\n<td colspan=\"4\">-10 &deg; C ila 55 &deg; C<\/td>\n<\/tr>\n<tr>\n<td>Net A\u011f\u0131rl\u0131k<\/td>\n<td colspan=\"4\">3.12kg<\/td>\n<\/tr>\n<tr>\n<td>Boyutlar<\/td>\n<td colspan=\"4\">440mm x300mm x44mm<\/td>\n<\/tr>\n<tr>\n<td colspan=\"5\"><strong>\u0130letim Performans\u0131:<\/strong><\/p>\n<p>&nbsp;<\/p>\n<p><strong>ePoE G&uuml;&ccedil; Kayna\u011f\u0131 &Ouml;zellikleri (CAT)<\/strong><\/p>\n<\/td>\n<\/tr>\n<tr>\n<td>Kablo (m)<\/td>\n<td>Bant Geni\u015fli\u011fi (Mbps)<\/td>\n<td>PoE Y&uuml;k Kapasitesi (W)<\/td>\n<td>Hi-PoE Y&uuml;k Kapasitesi (W)<\/td>\n<td>&Ccedil;al\u0131\u015fma Modu<\/td>\n<\/tr>\n<tr>\n<td>100<\/td>\n<td>100<\/td>\n<td>25,5<\/td>\n<td>53<\/td>\n<td>IEEE \/ E100<\/td>\n<\/tr>\n<tr>\n<td>200<\/td>\n<td>100<\/td>\n<td>25,5<\/td>\n<td>47<\/td>\n<td>E100<\/td>\n<\/tr>\n<tr>\n<td>300<\/td>\n<td>100<\/td>\n<td>25,5<\/td>\n<td>32<\/td>\n<td>E100<\/td>\n<\/tr>\n<tr>\n<td>400<\/td>\n<td>10<\/td>\n<td>23<\/td>\n<td>26<\/td>\n<td>E10<\/td>\n<\/tr>\n<tr>\n<td>500<\/td>\n<td>10<\/td>\n<td>20<\/td>\n<td>20<\/td>\n<td>E10<\/td>\n<\/tr>\n<tr>\n<td>800<\/td>\n<td>10<\/td>\n<td>13<\/td>\n<td>13<\/td>\n<td>E10<\/td>\n<\/tr>\n<tr>\n<td colspan=\"5\"><strong>ePoE Anahtar\u0131 G&uuml;&ccedil; Kayna\u011f\u0131 Gerilimi 51 V<\/strong><\/p>\n<p>&nbsp;<\/p>\n<p><strong>CAT5E \/ CAT6, Maks. DC Direnci &lt;10&Omega; \/ 100m<\/strong><\/p>\n<\/td>\n<\/tr>\n<tr>\n<td colspan=\"5\"><strong>ePoE G&uuml;&ccedil; Kayna\u011f\u0131 &Ouml;zellikleri (RG59 Koaksiyel Kablo)<\/strong><\/td>\n<\/tr>\n<tr>\n<td>Kablo (m)<\/td>\n<td>Bant Geni\u015fli\u011fi (Mbps)<\/td>\n<td>PoE Y&uuml;k Kapasitesi (W)<\/td>\n<td>Hi-PoE Y&uuml;k Kapasitesi (W)<\/td>\n<td>&Ccedil;al\u0131\u015fma Modu<\/td>\n<\/tr>\n<tr>\n<td>100<\/td>\n<td>100<\/td>\n<td>25,5<\/td>\n<td>52<\/td>\n<td>IEEE \/ E100<\/td>\n<\/tr>\n<tr>\n<td>200<\/td>\n<td>100<\/td>\n<td>25,5<\/td>\n<td>48<\/td>\n<td>E100<\/td>\n<\/tr>\n<tr>\n<td>300<\/td>\n<td>100<\/td>\n<td>25,5<\/td>\n<td>30<\/td>\n<td>E100<\/td>\n<\/tr>\n<tr>\n<td>400<\/td>\n<td>100<\/td>\n<td>20<\/td>\n<td>23<\/td>\n<td>E100<\/td>\n<\/tr>\n<tr>\n<td>500<\/td>\n<td>10<\/td>\n<td>16<\/td>\n<td>16<\/td>\n<td>E10<\/td>\n<\/tr>\n<tr>\n<td>800<\/td>\n<td>10<\/td>\n<td>10<\/td>\n<td>10<\/td>\n<td>E10<\/td>\n<\/tr>\n<tr>\n<td>1000<\/td>\n<td>10<\/td>\n<td>8<\/td>\n<td>8<\/td>\n<td>E10<\/td>\n<\/tr>\n<tr>\n<td colspan=\"5\"><strong>ePoE Anahtar\u0131 G&uuml;&ccedil; Kayna\u011f\u0131 Voltaj\u0131 51V.<\/strong><\/p>\n<p>&nbsp;<\/p>\n<p><strong>RG-59, Maks. DC Direnci &lt;5&Omega; \/ 100m.<\/strong><\/p>\n<\/td>\n<\/tr>\n<tr>\n<td><strong>Hizmet &Ouml;zellikleri<\/strong><\/td>\n<td colspan=\"4\">&nbsp;<\/td>\n<\/tr>\n<tr>\n<td>Sistem<\/td>\n<td colspan=\"4\">Kullan\u0131c\u0131 ad\u0131 \/ \u015fifre: admin \/ Kullan\u0131c\u0131 Tan\u0131m\u0131<\/p>\n<p>&nbsp;<\/p>\n<p>IP Adresi: 192.168.1.110\/24<\/p>\n<\/td>\n<\/tr>\n<tr>\n<td>PoE B&uuml;t&ccedil;esi<\/td>\n<td colspan=\"4\">240W<\/td>\n<\/tr>\n<tr>\n<td>MAC Tablosu<\/td>\n<td colspan=\"4\">4K<\/td>\n<\/tr>\n<tr>\n<td>VLAN<\/td>\n<td colspan=\"4\">802.1Q Standart VLAN<\/td>\n<\/tr>\n<tr>\n<td>Spanning Tree<\/td>\n<td colspan=\"4\">STP, RSTP<\/td>\n<\/tr>\n<tr>\n<td>Port Toplama<\/td>\n<td colspan=\"4\">Statik ba\u011flant\u0131 toplama, LACP<\/td>\n<\/tr>\n<tr>\n<td>Yans\u0131tma<\/td>\n<td colspan=\"4\">&Ccedil;oklu bire ba\u011flant\u0131 noktas\u0131 yans\u0131tma deste\u011fi<\/td>\n<\/tr>\n<tr>\n<td>DHCP<\/td>\n<td colspan=\"4\">DHCP \u0130stemcisini Destekleme<\/td>\n<\/tr>\n<tr>\n<td>Uzun Mesafe Modu<\/td>\n<td colspan=\"4\">Maksimum mesafeyi 100m&rsquo;den 800m&rsquo;ye uzatma<\/td>\n<\/tr>\n<tr>\n<td>Ak\u0131\u015f Kontrol&uuml;<\/td>\n<td colspan=\"4\">Geri bas\u0131n&ccedil; tipi kontrol dayal\u0131 yar\u0131m dubleks destek;<\/p>\n<p>&nbsp;<\/p>\n<p>DURAKLAT &ccedil;er&ccedil;evesine dayal\u0131 tam &ccedil;ift y&ouml;nl&uuml; deste\u011fi<\/p>\n<\/td>\n<\/tr>\n<tr>\n<td>G&uuml;venlik &Ouml;zellikleri<\/td>\n<td colspan=\"4\">Donan\u0131m, ba\u011flant\u0131 noktas\u0131na dayal\u0131 IP + MAC ba\u011flamay\u0131 destekler.<\/p>\n<p>&nbsp;<\/p>\n<p>IEEE802.1x ba\u011flant\u0131 noktas\u0131 kimlik do\u011frulamas\u0131n\u0131 destekleme<\/p>\n<\/td>\n<\/tr>\n<tr>\n<td>Sistem Bak\u0131m\u0131<\/td>\n<td colspan=\"4\">Tek tu\u015fla varsay\u0131lan kurtarma<\/p>\n<p>&nbsp;<\/p>\n<p>G&uuml;ncellenmi\u015f paket y&uuml;klemesini destekleme<\/p>\n<p>Destek sistem g&uuml;nl&uuml;kleri<\/p>\n<\/td>\n<\/tr>\n<tr>\n<td>QoS<\/td>\n<td colspan=\"4\">Y&uuml;ksek ve d&uuml;\u015f&uuml;k &ouml;ncelikli, WRR deste\u011fi<\/p>\n<p>&nbsp;<\/p>\n<p>802.1P, DSCP&rsquo;yi destekleme<\/p>\n<p>Protokole g&ouml;re destek &ouml;nceli\u011fi<\/p>\n<\/td>\n<\/tr>\n<tr>\n<td>Network Y&ouml;netimi<\/td>\n<td colspan=\"4\">WEB (http ve https protokol&uuml;)<\/p>\n<p>&nbsp;<\/p>\n<p>SNMP V1 \/ V2C \/ V3&rsquo;&uuml; destekleme<\/p>\n<\/td>\n<\/tr>\n<tr>\n<td>PoE Y&ouml;netimi<\/td>\n<td colspan=\"4\">PoE g&uuml;&ccedil; t&uuml;ketimini, IPC yap\u0131land\u0131rmas\u0131n\u0131n PoE a&ccedil;\u0131k \/ kapal\u0131, a\u015f\u0131r\u0131 y&uuml;k g&uuml;c&uuml;n&uuml;n de\u011ferini a\u015ft\u0131\u011f\u0131nda g&uuml;c&uuml; kapatma<\/p>\n<p>&nbsp;<\/p>\n<p>PoE olay istatistiklerini destekleme<\/p>\n<p>Ye\u015fil PoE deste\u011fi<\/p>\n<p>Destek Eski Destek<\/p>\n<\/td>\n<\/tr>\n<tr>\n<td><strong>Aksesuarlar<\/strong><\/td>\n<td colspan=\"4\">&nbsp;<\/td>\n<\/tr>\n<tr>\n<td>SFP Mod&uuml;l&uuml;<\/td>\n<td colspan=\"4\">A&ccedil;\u0131klama<\/td>\n<\/tr>\n<tr>\n<td>PFT3950<\/td>\n<td colspan=\"4\">1.25G 850nm, 500m, LC, &Ccedil;ok modlu<\/td>\n<\/tr>\n<tr>\n<td>PFT3960<\/td>\n<td colspan=\"4\">1.25G 1310 \/ 1550nm, 20km, LC, Tek modlu<\/td>\n<\/tr>\n<tr>\n<td>PFT3970<\/td>\n<td colspan=\"4\">1.25G 1550 \/ 1310nm, 20km, LC, Tek modlu<\/td>\n<\/tr>\n<tr>\n<td>EoC (Coax &Uuml;zerinden Ethernet)<\/td>\n<td colspan=\"4\">A&ccedil;\u0131klama<\/td>\n<\/tr>\n<tr>\n<td>LR1002<\/td>\n<td colspan=\"4\">1 * 10\/100 Mbps Baz-TX + 1 * BNC<\/p>\n<p>&nbsp;<\/p>\n<p>RG59 koaksiyel kablo:<\/p>\n<p>400m \/ 100Mbps, 1000m \/ 10Mbps<\/p>\n<\/td>\n<\/tr>\n<\/tbody>\n<\/table>\n","protected":false},"excerpt":{"rendered":"<p>EPoE teknolojisi ile 800 metreye kadar uzun mesafeli PoE iletimini destekler. Katman iki web y&ouml;netimli ePoE switch Port 1-8, IEEE, E100 ve E10 olan &uuml;&ccedil; kendinden uyarlamal\u0131 iletim modunu destekler. Port 1-8 her iki b&uuml;k&uuml;ml&uuml; iletimi de destekler ve koaksiyel kablo iletimi Web y&ouml;netimi: port y&ouml;netimi, 802.1Q VLAN, STP \/ RSTP, LACP, 802.1X, QoS PoE [&#8230;]\n","protected":false},"featured_media":748,"comment_status":"closed","ping_status":"closed","template":"","meta":[],"_links":{"self":[{"href":"https:\/\/nilbilisim.com.tr\/magaza\/wp-json\/wp\/v2\/product\/747"}],"collection":[{"href":"https:\/\/nilbilisim.com.tr\/magaza\/wp-json\/wp\/v2\/product"}],"about":[{"href":"https:\/\/nilbilisim.com.tr\/magaza\/wp-json\/wp\/v2\/types\/product"}],"replies":[{"embeddable":true,"href":"https:\/\/nilbilisim.com.tr\/magaza\/wp-json\/wp\/v2\/comments?post=747"}],"wp:featuredmedia":[{"embeddable":true,"href":"https:\/\/nilbilisim.com.tr\/magaza\/wp-json\/wp\/v2\/media\/748"}],"wp:attachment":[{"href":"https:\/\/nilbilisim.com.tr\/magaza\/wp-json\/wp\/v2\/media?parent=747"}],"curies":[{"name":"wp","href":"https:\/\/api.w.org\/{rel}","templated":true}]}}