{"id":753,"date":"2021-01-18T20:58:58","date_gmt":"2021-01-18T20:58:58","guid":{"rendered":"https:\/\/nilbilisim.com.tr\/magaza\/urun\/dahua-lr2226-24et-360-8-port-epoe-ile-24-port-poe-switch\/"},"modified":"2024-07-01T01:44:23","modified_gmt":"2024-06-30T22:44:23","slug":"dahua-lr2226-24et-360-8-port-epoe-ile-24-port-poe-switch","status":"publish","type":"product","link":"https:\/\/nilbilisim.com.tr\/magaza\/urun\/dahua-lr2226-24et-360-8-port-epoe-ile-24-port-poe-switch\/","title":{"rendered":"Dahua LR2226-24ET-360 8-Port ePoE ile 24 Port PoE Switch"},"content":{"rendered":"<p>&nbsp;<\/p>\n<ul>\n<li>Dahua&rsquo;n\u0131n ePoE teknolojisi ile 800 metreye kadar uzun mesafeli PoE iletimini destekler.<\/li>\n<li>Katman-iki web y&ouml;netimli ePoE switch<\/li>\n<li>1-8, IEEE, E100 ve E10<\/li>\n<li>Port 1-8&rsquo;in her ikisi de twisted-&nbsp;destekli &uuml;&ccedil; kendinden uyarlamal\u0131 iletim modunu&nbsp;destekler &ccedil;ift \u200b\u200b\u015fanz\u0131man ve koaksiyel kablo \u015fanz\u0131man<\/li>\n<li>Destek web y&ouml;netimi: port y&ouml;netimi, 802.1Q VLAN, STP \/ RSTP, LACP, 802.1X, QoS<\/li>\n<li>PoE y&ouml;netimi, Ye\u015fil PoE, Eski Destek<\/li>\n<li>IEEE802.3, IEEE802.3u, IEEE802&rsquo;ye uygundur. 3ab \/ z ve IEEE802.3X standartlar\u0131<\/li>\n<\/ul>\n<table border=\"1\" cellpadding=\"5\" cellspacing=\"1\" id=\"table001\">\n<tbody>\n<tr>\n<td><strong>Model<\/strong><\/td>\n<td colspan=\"4\"><strong>Dahua LR2226-24ET-360 Teknik &Ouml;zellikleri<\/strong><\/td>\n<\/tr>\n<tr>\n<td>Ethernet Port<\/td>\n<td colspan=\"4\">2 * 10\/100\/1000 Base-T<\/p>\n<p>&nbsp;<\/p>\n<p>2 * 1000 Base-X (Combo port)<\/p>\n<p>24 * 10\/100 Base-T (PoE g&uuml;&ccedil; kayna\u011f\u0131)<\/p>\n<\/td>\n<\/tr>\n<tr>\n<td>PoE G&uuml;&ccedil; T&uuml;ketimi<\/td>\n<td colspan=\"4\">Port1 ve port 2, Hi-PoE 60W&rsquo;yi destekler<\/p>\n<p>&nbsp;<\/p>\n<p>Her power&le;30W, Toplam&le;360W<\/p>\n<\/td>\n<\/tr>\n<tr>\n<td>PoE Protokol&uuml;<\/td>\n<td colspan=\"4\">IEEE802.3af, IEEE802.3at, Hi-PoE<\/td>\n<\/tr>\n<tr>\n<td>Anahtarlanma Kapasitesi<\/td>\n<td colspan=\"4\">8.8Gbps<\/td>\n<\/tr>\n<tr>\n<td>Paket \u0130letim Oran\u0131<\/td>\n<td colspan=\"4\">6.55Mpps<\/td>\n<\/tr>\n<tr>\n<td>Paket Tampon Bellek<\/td>\n<td colspan=\"4\">2.75MB<\/td>\n<\/tr>\n<tr>\n<td>Uygulama Nem Oran\u0131<\/td>\n<td colspan=\"4\">% 10 ~% 90<\/td>\n<\/tr>\n<tr>\n<td>G&uuml;&ccedil; Kayna\u011f\u0131<\/td>\n<td colspan=\"4\">AC100-240V, 50 \/ 60Hz<\/td>\n<\/tr>\n<tr>\n<td>Y\u0131ld\u0131r\u0131mdan Korunma<\/td>\n<td colspan=\"4\">Ortak Mod 4KV<\/p>\n<p>&nbsp;<\/p>\n<p>Diferansiyel Modu 2V<\/p>\n<\/td>\n<\/tr>\n<tr>\n<td>&Ccedil;al\u0131\u015fma Ko\u015fullar\u0131<\/td>\n<td colspan=\"4\">-10 \u2103 ~ 55 \u2103<\/td>\n<\/tr>\n<tr>\n<td>Net A\u011f\u0131rl\u0131k<\/td>\n<td colspan=\"4\">3.12kg<\/td>\n<\/tr>\n<tr>\n<td>Boyutlar<\/td>\n<td colspan=\"4\">440mm x300mm x44mm<\/td>\n<\/tr>\n<tr>\n<td><strong>\u015eanz\u0131man Performans\u0131:<\/strong><\/td>\n<td colspan=\"4\">&nbsp;<\/td>\n<\/tr>\n<tr>\n<td colspan=\"5\"><strong>ePoE G&uuml;&ccedil; Kayna\u011f\u0131 &Ouml;zellikleri (CAT)<\/strong><\/td>\n<\/tr>\n<tr>\n<td>Kablo (m)<\/td>\n<td>Bant Geni\u015fli\u011fi (Mbps)<\/td>\n<td>PoE Y&uuml;k Kapasitesi (W)<\/td>\n<td>Hi-PoE Y&uuml;k Kapasitesi (W)<\/td>\n<td>&Ccedil;al\u0131\u015fma Modu<\/td>\n<\/tr>\n<tr>\n<td>100<\/td>\n<td>100<\/td>\n<td>25,5<\/td>\n<td>53<\/td>\n<td>IEEE \/ E100<\/td>\n<\/tr>\n<tr>\n<td>200<\/td>\n<td>100<\/td>\n<td>25,5<\/td>\n<td>47<\/td>\n<td>E100<\/td>\n<\/tr>\n<tr>\n<td>300<\/td>\n<td>100<\/td>\n<td>25,5<\/td>\n<td>32<\/td>\n<td>E100<\/td>\n<\/tr>\n<tr>\n<td>400<\/td>\n<td>10<\/td>\n<td>23<\/td>\n<td>26<\/td>\n<td>E10<\/td>\n<\/tr>\n<tr>\n<td>500<\/td>\n<td>10<\/td>\n<td>20<\/td>\n<td>20<\/td>\n<td>E10<\/td>\n<\/tr>\n<tr>\n<td>800<\/td>\n<td>10<\/td>\n<td>13<\/td>\n<td>13<\/td>\n<td>E10<\/td>\n<\/tr>\n<\/tbody>\n<\/table>\n<table border=\"1\" cellpadding=\"5\" cellspacing=\"1\" id=\"table002\">\n<tbody>\n<tr>\n<td colspan=\"5\"><strong>ePoE Anahtar\u0131 G&uuml;&ccedil; Kayna\u011f\u0131 Gerilimi 51V<\/strong><\/p>\n<p>&nbsp;<\/p>\n<p><strong>CAT5E \/ CAT6, Maks.&nbsp;DC Direnci &lt;10&Omega; \/ 100m<\/strong><\/p>\n<\/td>\n<\/tr>\n<tr>\n<td colspan=\"5\"><strong>ePoE G&uuml;&ccedil; Kayna\u011f\u0131 &Ouml;zellikleri (RG59 Koaksiyel Kablo)<\/strong><\/td>\n<\/tr>\n<tr>\n<td>Kablo (m)<\/td>\n<td>Bant Geni\u015fli\u011fi (Mbps)<\/td>\n<td>PoE Y&uuml;k Kapasitesi (W)<\/td>\n<td>Hi-PoE Y&uuml;k Kapasitesi (W)<\/td>\n<td>&Ccedil;al\u0131\u015fma Modu<\/td>\n<\/tr>\n<tr>\n<td>100<\/td>\n<td>100<\/td>\n<td>25,5<\/td>\n<td>52<\/td>\n<td>IEEE \/ E100<\/td>\n<\/tr>\n<tr>\n<td>200<\/td>\n<td>100<\/td>\n<td>25,5<\/td>\n<td>48<\/td>\n<td>E100<\/td>\n<\/tr>\n<tr>\n<td>300<\/td>\n<td>100<\/td>\n<td>25,5<\/td>\n<td>30<\/td>\n<td>E100<\/td>\n<\/tr>\n<tr>\n<td>400<\/td>\n<td>100<\/td>\n<td>20<\/td>\n<td>23<\/td>\n<td>E100<\/td>\n<\/tr>\n<tr>\n<td>500<\/td>\n<td>10<\/td>\n<td>16<\/td>\n<td>16<\/td>\n<td>E10<\/td>\n<\/tr>\n<tr>\n<td>800<\/td>\n<td>10<\/td>\n<td>10<\/td>\n<td>10<\/td>\n<td>E10<\/td>\n<\/tr>\n<tr>\n<td>1000<\/td>\n<td>10<\/td>\n<td>8<\/td>\n<td>8<\/td>\n<td>E10<\/td>\n<\/tr>\n<tr>\n<td colspan=\"5\"><strong>ePoE Anahtar\u0131 G&uuml;&ccedil; Kayna\u011f\u0131 Gerilimi 51V.<\/strong><\/p>\n<p>&nbsp;<\/p>\n<p><strong>RG-59, Maks.&nbsp;DC Direnci &lt;5&Omega; \/ 100m.<\/strong><\/p>\n<\/td>\n<\/tr>\n<tr>\n<td><strong>Servis &Ouml;zellikleri<\/strong><\/td>\n<td colspan=\"4\">&nbsp;<\/td>\n<\/tr>\n<tr>\n<td>Sistem<\/td>\n<td colspan=\"4\">Kullan\u0131c\u0131 ad\u0131 \/ \u015fifre: admin \/ Kullan\u0131c\u0131 Tan\u0131mla<\/p>\n<p>&nbsp;<\/p>\n<p>IP Adresi: 192.168.1.110\/24<\/p>\n<\/td>\n<\/tr>\n<tr>\n<td>PoE B&uuml;t&ccedil;esi<\/td>\n<td colspan=\"4\">360W<\/td>\n<\/tr>\n<tr>\n<td>MAC Tablosu<\/td>\n<td colspan=\"4\">4K<\/td>\n<\/tr>\n<tr>\n<td>VLAN<\/td>\n<td colspan=\"4\">802.1Q Standart VLAN<\/td>\n<\/tr>\n<tr>\n<td>Spanning Tree<\/td>\n<td colspan=\"4\">STP, RSTP<\/td>\n<\/tr>\n<tr>\n<td>Port Toplama<\/td>\n<td colspan=\"4\">Statik ba\u011flant\u0131 toplamas\u0131, LACP<\/td>\n<\/tr>\n<tr>\n<td>Mirroring<\/td>\n<td colspan=\"4\">Bire-bir ba\u011flant\u0131 noktas\u0131 yans\u0131tma deste\u011fi<\/td>\n<\/tr>\n<tr>\n<td>DHCP<\/td>\n<td colspan=\"4\">DHCP-\u0130stemciyi Destekleme<\/td>\n<\/tr>\n<tr>\n<td>Uzun Mesafe Modu<\/td>\n<td colspan=\"4\">Maksimum uzakl\u0131\u011f\u0131 100 metreden 800 metreye kadar uzatma<\/td>\n<\/tr>\n<tr>\n<td>Ak\u0131\u015f Kontrol&uuml;<\/td>\n<td colspan=\"4\">Arka bas\u0131n&ccedil; tipi kontrol&uuml;ne dayal\u0131 yar\u0131m dupleks deste\u011fi;<\/p>\n<p>&nbsp;<\/p>\n<p>PAUSE &ccedil;er&ccedil;evesine g&ouml;re tam dupleks deste\u011fi<\/p>\n<\/td>\n<\/tr>\n<tr>\n<td>G&uuml;venlik &Ouml;zellikleri<\/td>\n<td colspan=\"4\">Donan\u0131m, ba\u011flant\u0131 noktas\u0131na g&ouml;re IP + MAC ba\u011flamay\u0131 destekler<\/p>\n<p>&nbsp;<\/p>\n<p>IEEE802.1x port kimlik do\u011frulamas\u0131n\u0131 destekleme<\/p>\n<\/td>\n<\/tr>\n<tr>\n<td>Sistem Bak\u0131m\u0131<\/td>\n<td colspan=\"4\">Varsay\u0131lan olarak tek tu\u015fla kurtarma<\/p>\n<p>&nbsp;<\/p>\n<p>G&uuml;ncellenmi\u015f paket y&uuml;klemesini destekleme<\/p>\n<p>Destek sistemi g&uuml;nl&uuml;kleri<\/p>\n<\/td>\n<\/tr>\n<tr>\n<td>QoS<\/td>\n<td colspan=\"4\">Y&uuml;ksek ve d&uuml;\u015f&uuml;k &ouml;ncelikli deste\u011fi, WRR<\/p>\n<p>&nbsp;<\/p>\n<p>802.1P, DSCP<\/p>\n<p>Protokol uyar\u0131nca destek &ouml;nceli\u011fi<\/p>\n<\/td>\n<\/tr>\n<tr>\n<td>Network Y&ouml;netimi<\/td>\n<td colspan=\"4\">WEB (http ve https protokol&uuml;)<\/p>\n<p>&nbsp;<\/p>\n<p>SNMP V1 \/ V2C \/ V3<\/p>\n<\/td>\n<\/tr>\n<tr>\n<td>PoE Y&ouml;netimi<\/td>\n<td colspan=\"4\">PoE g&uuml;&ccedil; t&uuml;ketimi, IPC yap\u0131land\u0131rmas\u0131n\u0131n PoE a&ccedil;\u0131k \/ kapal\u0131, a\u015f\u0131r\u0131 y&uuml;k g&uuml;c&uuml;n&uuml;n de\u011ferini a\u015fan g&uuml;&ccedil;<\/p>\n<p>&nbsp;<\/p>\n<p>PoE olay istatistikleri<\/p>\n<p>Ye\u015fil PoE Deste\u011fi<\/p>\n<\/td>\n<\/tr>\n<tr>\n<td><strong>Aksesuarlar<\/strong><\/td>\n<td colspan=\"4\">&nbsp;<\/td>\n<\/tr>\n<tr>\n<td>SFP Mod&uuml;l&uuml;<\/td>\n<td colspan=\"4\">A&ccedil;\u0131klama<\/td>\n<\/tr>\n<tr>\n<td>PFT3950<\/td>\n<td colspan=\"4\">1.25G 850nm, 500m, LC, &Ccedil;ok modlu<\/td>\n<\/tr>\n<tr>\n<td>PFT3960<\/td>\n<td colspan=\"4\">1.25G 1310 \/ 1550nm, 20km, LC, Tek modlu<\/td>\n<\/tr>\n<tr>\n<td>PFT3970<\/td>\n<td colspan=\"4\">1.25G 1550 \/ 1310nm, 20km, LC, Tek modlu<\/td>\n<\/tr>\n<tr>\n<td>EoC (Coax &Uuml;zerinden Ethernet)<\/td>\n<td colspan=\"4\">A&ccedil;\u0131klama<\/td>\n<\/tr>\n<tr>\n<td>LR1002<\/td>\n<td colspan=\"4\">1 * 10\/100 Mbps Base-TX + 1 * BNC<\/p>\n<p>&nbsp;<\/p>\n<p>RG59 koaksiyel kablo:<\/p>\n<p>400m \/ 100Mbps, 1000m \/ 10Mbps<\/p>\n<\/td>\n<\/tr>\n<\/tbody>\n<\/table>\n","protected":false},"excerpt":{"rendered":"<p>&nbsp; Dahua&rsquo;n\u0131n ePoE teknolojisi ile 800 metreye kadar uzun mesafeli PoE iletimini destekler. Katman-iki web y&ouml;netimli ePoE switch 1-8, IEEE, E100 ve E10 Port 1-8&rsquo;in her ikisi de twisted-&nbsp;destekli &uuml;&ccedil; kendinden uyarlamal\u0131 iletim modunu&nbsp;destekler &ccedil;ift \u200b\u200b\u015fanz\u0131man ve koaksiyel kablo \u015fanz\u0131man Destek web y&ouml;netimi: port y&ouml;netimi, 802.1Q VLAN, STP \/ RSTP, LACP, 802.1X, QoS PoE y&ouml;netimi, [&#8230;]\n","protected":false},"featured_media":754,"comment_status":"closed","ping_status":"closed","template":"","meta":[],"_links":{"self":[{"href":"https:\/\/nilbilisim.com.tr\/magaza\/wp-json\/wp\/v2\/product\/753"}],"collection":[{"href":"https:\/\/nilbilisim.com.tr\/magaza\/wp-json\/wp\/v2\/product"}],"about":[{"href":"https:\/\/nilbilisim.com.tr\/magaza\/wp-json\/wp\/v2\/types\/product"}],"replies":[{"embeddable":true,"href":"https:\/\/nilbilisim.com.tr\/magaza\/wp-json\/wp\/v2\/comments?post=753"}],"wp:featuredmedia":[{"embeddable":true,"href":"https:\/\/nilbilisim.com.tr\/magaza\/wp-json\/wp\/v2\/media\/754"}],"wp:attachment":[{"href":"https:\/\/nilbilisim.com.tr\/magaza\/wp-json\/wp\/v2\/media?parent=753"}],"curies":[{"name":"wp","href":"https:\/\/api.w.org\/{rel}","templated":true}]}}