{"id":757,"date":"2021-01-18T20:59:19","date_gmt":"2021-01-18T20:59:19","guid":{"rendered":"https:\/\/nilbilisim.com.tr\/magaza\/urun\/dahua-hac-hdw2221emp-a-0360b-2mp-wdr-hdcvi-ir-eieball-kamera\/"},"modified":"2024-07-01T01:44:22","modified_gmt":"2024-06-30T22:44:22","slug":"dahua-hac-hdw2221emp-a-0360b-2mp-wdr-hdcvi-ir-eieball-kamera","status":"publish","type":"product","link":"https:\/\/nilbilisim.com.tr\/magaza\/urun\/dahua-hac-hdw2221emp-a-0360b-2mp-wdr-hdcvi-ir-eieball-kamera\/","title":{"rendered":"Dahua HAC-HDW2221EMP-A-0360B 2MP WDR HDCVI IR Eyeball Kamera"},"content":{"rendered":"<ul>\n<li>120dB ger&ccedil;ek WDR, 3DNR<\/li>\n<li>Maks. 30fps@1080P<\/li>\n<li>HD ve SD &Ccedil;ift &Ccedil;\u0131k\u0131\u015f<\/li>\n<li>3.6mm sabit lens (2.8mm, 6mm, 8mm opsiyonel)<\/li>\n<li>Maks. IR Uzunlu\u011fu 50m, Ak\u0131ll\u0131 IR<\/li>\n<li>IP67, DC12V<\/li>\n<\/ul>\n<table border=\"1\" cellpadding=\"5\" cellspacing=\"1\" id=\"table-1\">\n<tbody>\n<tr>\n<td colspan=\"2\"><strong>Dahua HAC-HDW2221EMP-A-0360B Teknik &Ouml;zellikleri<\/strong><\/td>\n<\/tr>\n<tr>\n<td colspan=\"2\"><strong>Kamera<\/strong><\/td>\n<\/tr>\n<tr>\n<td>G&ouml;r&uuml;nt&uuml; Sens&ouml;r&uuml;<\/td>\n<td>1 \/ 2.7 &ldquo;CMOS<\/td>\n<\/tr>\n<tr>\n<td>Etkin Piksel<\/td>\n<td>1928 (H) &times; 1088 (V), 2.1MP<\/td>\n<\/tr>\n<tr>\n<td>Tarama Sistemi<\/td>\n<td>Progresif<\/td>\n<\/tr>\n<tr>\n<td>Elektronik Shutter H\u0131z\u0131<\/td>\n<td>PAL: 1.3s ~ 1 \/ 30000s<\/p>\n<p>&nbsp;<\/p>\n<p>NTSC: 1s ~ 1 \/ 30000s<\/p>\n<\/td>\n<\/tr>\n<tr>\n<td>Minimum Ayd\u0131nlatma<\/td>\n<td>0.03LUX \/ F2.0, 0Lux (IR)<\/td>\n<\/tr>\n<tr>\n<td>S \/ N Oran\u0131<\/td>\n<td>65dB&rsquo;dan fazla<\/td>\n<\/tr>\n<tr>\n<td>IR Mesafesi<\/td>\n<td>50m kadar (164feet)<\/td>\n<\/tr>\n<tr>\n<td>IR A&ccedil;\u0131k \/ Kapal\u0131 Kontrol<\/td>\n<td>Otomatik \/ Manuel<\/td>\n<\/tr>\n<tr>\n<td>IR LED<\/td>\n<td>1<\/td>\n<\/tr>\n<tr>\n<td colspan=\"2\"><strong>Lens<\/strong><\/td>\n<\/tr>\n<tr>\n<td>Lens Tipi<\/td>\n<td>Sabit lens \/ Sabit iris<\/td>\n<\/tr>\n<tr>\n<td>Montaj Tipi<\/td>\n<td>Board-in<\/td>\n<\/tr>\n<tr>\n<td>Odak Uzakl\u0131\u011f\u0131<\/td>\n<td>3.6mm (2.8mm, 6mm, 8mm Opsiyonel)<\/td>\n<\/tr>\n<tr>\n<td>Maks. A&ccedil;\u0131kl\u0131k<\/td>\n<td>F2.0<\/td>\n<\/tr>\n<tr>\n<td>G&ouml;r&uuml;\u015f A&ccedil;\u0131s\u0131<\/td>\n<td>H: 90 &deg; (115.6 &deg; \/ 59.4 &deg; \/ 41.4 &deg;)<\/td>\n<\/tr>\n<tr>\n<td>Netlik Ayar\u0131<\/td>\n<td>&ndash;<\/td>\n<\/tr>\n<tr>\n<td>Yak\u0131n Odak Mesafesi<\/td>\n<td>800mm (500mm, 1800mm, 3000mm)<\/p>\n<p>&nbsp;<\/p>\n<p>31.50 (19.69, 70,87, 118,11)<\/p>\n<\/td>\n<\/tr>\n<tr>\n<td colspan=\"2\"><strong>Pan \/ Tilt \/ D&ouml;nd&uuml;rme<\/strong><\/td>\n<\/tr>\n<tr>\n<td>Pan \/ Tilt \/ D&ouml;nd&uuml;rme<\/td>\n<td>Soldan sa\u011fa: 0 &deg; ~ 360 &deg;; yukardan a\u015fa\u011f\u0131 0 &deg; ~ 78 &deg;; D&ouml;nd&uuml;rme: 0 &deg; ~ 360 &deg; 3 Eksenli (3 Axis) y&ouml;n ayar\u0131 ve istenildi\u011fi gibi ayarlanabilme<\/td>\n<\/tr>\n<tr>\n<td colspan=\"2\"><strong>Video<\/strong><\/td>\n<\/tr>\n<tr>\n<td>&Ccedil;&ouml;z&uuml;n&uuml;rl&uuml;k<\/td>\n<td>1080P (1920 &times; 1080)<\/td>\n<\/tr>\n<tr>\n<td>Kare H\u0131z\u0131<\/td>\n<td>25\/30fps@1080P, 25\/30\/50\/60fps@720P<\/td>\n<\/tr>\n<tr>\n<td>Video &Ccedil;\u0131k\u0131\u015f\u0131<\/td>\n<td>1 kanal BNC HDCVI y&uuml;ksek tan\u0131ml\u0131 video &ccedil;\u0131k\u0131\u015f\u0131 ve 1 kanal BNC CVBS video &ccedil;\u0131k\u0131\u015f\u0131<\/td>\n<\/tr>\n<tr>\n<td>G&uuml;nd&uuml;z \/ Gece<\/td>\n<td>Otomatik (ICR) \/ Manuel<\/td>\n<\/tr>\n<tr>\n<td>OSD Men&uuml;<\/td>\n<td>&Ccedil;oklu dil<\/td>\n<\/tr>\n<tr>\n<td>BLC Modu<\/td>\n<td>BLC \/ HLC \/ WDR<\/td>\n<\/tr>\n<tr>\n<td>WDR<\/td>\n<td>120dB<\/td>\n<\/tr>\n<tr>\n<td>Kazan&ccedil; Kontrol&uuml;<\/td>\n<td>AGC<\/td>\n<\/tr>\n<tr>\n<td>Parazit Azaltma<\/td>\n<td>2D \/ 3D<\/td>\n<\/tr>\n<tr>\n<td>Beyaz Dengesi<\/td>\n<td>Otomatik \/ Manuel<\/td>\n<\/tr>\n<tr>\n<td>Ak\u0131ll\u0131 IR<\/td>\n<td>Otomatik \/ Manuel<\/td>\n<\/tr>\n<tr>\n<td><strong>Sertifikalar<\/strong><\/td>\n<td>&nbsp;<\/td>\n<\/tr>\n<tr>\n<td>Sertifikalar<\/td>\n<td>CE (EN55032, EN55024, EN50130-4)<\/p>\n<p>&nbsp;<\/p>\n<p>FCC (CFR 47 FCC B&ouml;l&uuml;m 15 alt b&ouml;l&uuml;m B, ANSI C63.4-2014)<\/p>\n<p>UL (UL60950-1 + CAN \/ CSA C22.2 No.60950-1)<\/p>\n<\/td>\n<\/tr>\n<\/tbody>\n<\/table>\n<table border=\"1\" cellpadding=\"5\" cellspacing=\"1\" id=\"table-2\">\n<tbody>\n<tr>\n<td colspan=\"2\"><strong>Aray&uuml;z<\/strong><\/td>\n<\/tr>\n<tr>\n<td>Ses Arabirimi<\/td>\n<td>Dahili mikrofon<\/td>\n<\/tr>\n<tr>\n<td colspan=\"2\"><strong>G&uuml;&ccedil;<\/strong><\/td>\n<\/tr>\n<tr>\n<td>G&uuml;&ccedil;<\/td>\n<td>12V DC &plusmn;% 25<\/td>\n<\/tr>\n<tr>\n<td>G&uuml;&ccedil; T&uuml;ketimi<\/td>\n<td>Max 5.5W (12V DC, IR)<\/td>\n<\/tr>\n<tr>\n<td colspan=\"2\"><strong>&Ccedil;evre Ko\u015fullar\u0131<\/strong><\/td>\n<\/tr>\n<tr>\n<td>&Ccedil;al\u0131\u015fma Ko\u015fullar\u0131<\/td>\n<td>-30 &deg; C ~ + 60 &deg; C (-22 &deg; F ~ + 140 &deg; F) \/ &lt;% 90 RH<\/td>\n<\/tr>\n<tr>\n<td>Dayan\u0131kl\u0131l\u0131k Ko\u015fullar\u0131<\/td>\n<td>-30 &deg; C ~ + 60 &deg; C (-22 &deg; F ~ + 140 &deg; F) \/ &lt;% 90 RH<\/td>\n<\/tr>\n<tr>\n<td>Koruma Sertifikas\u0131<\/td>\n<td>IP67<\/td>\n<\/tr>\n<tr>\n<td colspan=\"2\"><strong>Kasa<\/strong><\/td>\n<\/tr>\n<tr>\n<td>Kasa<\/td>\n<td>Al&uuml;minyum<\/td>\n<\/tr>\n<tr>\n<td>Boyutlar<\/td>\n<td>&Phi;106mm x 93,7mm<\/td>\n<\/tr>\n<tr>\n<td>Net A\u011f\u0131rl\u0131k<\/td>\n<td>0.44kg<\/td>\n<\/tr>\n<\/tbody>\n<\/table>\n<p><img loading=\"lazy\" alt=\"hac-hdw2221em-a-boyut\" height=\"223\" sizes=\"(max-width: 500px) 100vw, 500px\" src=\"http:\/\/www.okisan.com\/wp-content\/uploads\/2016\/10\/HAC-HDW2221EM-A-boyut-500x223.png\" srcset=\"https:\/\/www.okisan.com\/wp-content\/uploads\/2016\/10\/HAC-HDW2221EM-A-boyut-120x54.png 120w, https:\/\/www.okisan.com\/wp-content\/uploads\/2016\/10\/HAC-HDW2221EM-A-boyut-150x67.png 150w, https:\/\/www.okisan.com\/wp-content\/uploads\/2016\/10\/HAC-HDW2221EM-A-boyut-200x89.png 200w, https:\/\/www.okisan.com\/wp-content\/uploads\/2016\/10\/HAC-HDW2221EM-A-boyut-300x134.png 300w, https:\/\/www.okisan.com\/wp-content\/uploads\/2016\/10\/HAC-HDW2221EM-A-boyut-400x179.png 400w, https:\/\/www.okisan.com\/wp-content\/uploads\/2016\/10\/HAC-HDW2221EM-A-boyut-500x223.png 500w, https:\/\/www.okisan.com\/wp-content\/uploads\/2016\/10\/HAC-HDW2221EM-A-boyut-600x268.png 600w, https:\/\/www.okisan.com\/wp-content\/uploads\/2016\/10\/HAC-HDW2221EM-A-boyut.png 618w\" width=\"500\" \/><img loading=\"lazy\" alt=\"hac-hdw2221em-a-aksesuar\" height=\"337\" sizes=\"(max-width: 363px) 100vw, 363px\" src=\"http:\/\/www.okisan.com\/wp-content\/uploads\/2016\/10\/HAC-HDW2221EM-A-aksesuar.png\" srcset=\"https:\/\/www.okisan.com\/wp-content\/uploads\/2016\/10\/HAC-HDW2221EM-A-aksesuar-120x111.png 120w, https:\/\/www.okisan.com\/wp-content\/uploads\/2016\/10\/HAC-HDW2221EM-A-aksesuar-150x139.png 150w, https:\/\/www.okisan.com\/wp-content\/uploads\/2016\/10\/HAC-HDW2221EM-A-aksesuar-200x186.png 200w, https:\/\/www.okisan.com\/wp-content\/uploads\/2016\/10\/HAC-HDW2221EM-A-aksesuar-300x279.png 300w, https:\/\/www.okisan.com\/wp-content\/uploads\/2016\/10\/HAC-HDW2221EM-A-aksesuar.png 363w\" width=\"363\" \/><\/p>\n","protected":false},"excerpt":{"rendered":"<p>120dB ger&ccedil;ek WDR, 3DNR Maks. 30fps@1080P HD ve SD &Ccedil;ift &Ccedil;\u0131k\u0131\u015f 3.6mm sabit lens (2.8mm, 6mm, 8mm opsiyonel) Maks. IR Uzunlu\u011fu 50m, Ak\u0131ll\u0131 IR IP67, DC12V Dahua HAC-HDW2221EMP-A-0360B Teknik &Ouml;zellikleri Kamera G&ouml;r&uuml;nt&uuml; Sens&ouml;r&uuml; 1 \/ 2.7 &ldquo;CMOS Etkin Piksel 1928 (H) &times; 1088 (V), 2.1MP Tarama Sistemi Progresif Elektronik Shutter H\u0131z\u0131 PAL: 1.3s ~ 1 [&#8230;]\n","protected":false},"featured_media":758,"comment_status":"closed","ping_status":"closed","template":"","meta":[],"_links":{"self":[{"href":"https:\/\/nilbilisim.com.tr\/magaza\/wp-json\/wp\/v2\/product\/757"}],"collection":[{"href":"https:\/\/nilbilisim.com.tr\/magaza\/wp-json\/wp\/v2\/product"}],"about":[{"href":"https:\/\/nilbilisim.com.tr\/magaza\/wp-json\/wp\/v2\/types\/product"}],"replies":[{"embeddable":true,"href":"https:\/\/nilbilisim.com.tr\/magaza\/wp-json\/wp\/v2\/comments?post=757"}],"wp:featuredmedia":[{"embeddable":true,"href":"https:\/\/nilbilisim.com.tr\/magaza\/wp-json\/wp\/v2\/media\/758"}],"wp:attachment":[{"href":"https:\/\/nilbilisim.com.tr\/magaza\/wp-json\/wp\/v2\/media?parent=757"}],"curies":[{"name":"wp","href":"https:\/\/api.w.org\/{rel}","templated":true}]}}