{"id":759,"date":"2021-01-18T20:59:25","date_gmt":"2021-01-18T20:59:25","guid":{"rendered":"https:\/\/nilbilisim.com.tr\/magaza\/urun\/dahua-hac-hdbw2220rp-z-24mp-vandal-proof-hdcvi-dome-kamera\/"},"modified":"2024-07-01T01:44:22","modified_gmt":"2024-06-30T22:44:22","slug":"dahua-hac-hdbw2220rp-z-24mp-vandal-proof-hdcvi-dome-kamera","status":"publish","type":"product","link":"https:\/\/nilbilisim.com.tr\/magaza\/urun\/dahua-hac-hdbw2220rp-z-24mp-vandal-proof-hdcvi-dome-kamera\/","title":{"rendered":"Dahua HAC-HDBW2220RP-Z 2.4MP Vandal-proof HDCVI Dome Kamera"},"content":{"rendered":"<ul>\n<li>1\/2.8&rdquo; 2.4Megapiksel CMOS<\/li>\n<li>25\/30@1080P, 25\/30\/50\/60fps@720P<\/li>\n<li>Yu\u0308ksek H\u0131z, Uzun Mesafe Real-Time \u0130letim<\/li>\n<li>HD ve SD de\u011fi\u015ftirilebilir.<\/li>\n<li>OSD Men&uuml;s&uuml;, koaksiyel kablo &uuml;zerinden kontrol<\/li>\n<li>DWDR, Gece\/Gu\u0308ndu\u0308z(ICR), AWB, AGC, BLC, 3DNR<\/li>\n<li>2.7~12mm Motorize Lens<\/li>\n<li>Maks. IR LED G&ouml;ru\u0308\u015f Mesafesi: 30M, Ak\u0131ll\u0131 IR<\/li>\n<li>IP66, DC12V, IK10<\/li>\n<\/ul>\n<table border=\"1\" cellpadding=\"5\" cellspacing=\"1\">\n<tbody>\n<tr>\n<td><strong>Model<\/strong><\/td>\n<td><strong>Dahua HAC-HDBW2220RP-Z Teknik &Ouml;zellikleri<\/strong><\/td>\n<\/tr>\n<tr>\n<td><strong>Kamera<\/strong><\/td>\n<td colspan=\"1\">&nbsp;<\/td>\n<\/tr>\n<tr>\n<td>G&ouml;r&uuml;nt&uuml; Sens&ouml;r&uuml;<\/td>\n<td colspan=\"1\">1\/2.8&Prime; 2.4 Megapixel CMOS<\/td>\n<\/tr>\n<tr>\n<td>Efektif Piksel<\/td>\n<td colspan=\"1\">1984(H)&times;1225(V)<\/td>\n<\/tr>\n<tr>\n<td>Elektronik Shutter H\u0131z\u0131<\/td>\n<td colspan=\"1\">1\/3s~1\/100,000s<\/td>\n<\/tr>\n<tr>\n<td>Video Frame Oran\u0131<\/td>\n<td colspan=\"1\">25\/30\/50\/60fps@720P; 25\/30fps@1080P<\/td>\n<\/tr>\n<tr>\n<td>E\u015f Zamanlama<\/td>\n<td colspan=\"1\">D&acirc;hili<\/td>\n<\/tr>\n<tr>\n<td>Min. Ayd\u0131nlatma<\/td>\n<td colspan=\"1\">0.05Lux@F1.4, 0Lux (IR)<\/td>\n<\/tr>\n<tr>\n<td>Video &Ccedil;\u0131k\u0131\u015f\u0131<\/td>\n<td colspan=\"1\">1 Kanal BNC HDCVI Y&uuml;ksek &Ccedil;&ouml;z&uuml;n&uuml;rl&uuml;kl&uuml; Video &Ccedil;\u0131k\u0131\u015f\u0131 \/&nbsp;CVBS standart &ccedil;&ouml;z&uuml;n&uuml;rl&uuml;kl&uuml; video &ccedil;\u0131k\u0131\u015f\u0131&nbsp;(Se&ccedil;ilebilir)<\/td>\n<\/tr>\n<tr>\n<td><strong>Kamera &Ouml;zellikleri<\/strong><\/td>\n<td colspan=\"1\">&nbsp;<\/td>\n<\/tr>\n<tr>\n<td>Maks. G&ouml;r&uuml;\u015f Mesafesi<\/td>\n<td colspan=\"1\">30M, Ak\u0131ll\u0131 IR<\/td>\n<\/tr>\n<tr>\n<td>Gece\/G&uuml;nd&uuml;z<\/td>\n<td colspan=\"1\">Otomatik (ICR) \/ Renkli \/ S\/B<\/td>\n<\/tr>\n<tr>\n<td>Parazit Azaltma<\/td>\n<td colspan=\"1\">2D\/3D<\/td>\n<\/tr>\n<tr>\n<td>OSD Men&uuml;<\/td>\n<td colspan=\"1\">Mevcut<\/td>\n<\/tr>\n<tr>\n<td><strong>Lens<\/strong><\/td>\n<td colspan=\"1\">&nbsp;<\/td>\n<\/tr>\n<tr>\n<td>Odak Uzakl\u0131\u011f\u0131<\/td>\n<td colspan=\"1\">2.7~12mm<\/td>\n<\/tr>\n<tr>\n<td>G&ouml;r&uuml;\u015f A&ccedil;\u0131s\u0131<\/td>\n<td colspan=\"1\">H: 99&ordm;~34&ordm;<\/td>\n<\/tr>\n<tr>\n<td>Lens Tipi<\/td>\n<td colspan=\"1\">Motorize \/ Sabit Lens<\/td>\n<\/tr>\n<tr>\n<td>Montaj Tipi<\/td>\n<td colspan=\"1\">&Phi;14<\/td>\n<\/tr>\n<tr>\n<td><strong>Genel<\/strong><\/td>\n<td colspan=\"1\">&nbsp;<\/td>\n<\/tr>\n<tr>\n<td>G&uuml;&ccedil;<\/td>\n<td colspan=\"1\">DC12V&plusmn;20%<\/td>\n<\/tr>\n<tr>\n<td>G&uuml;&ccedil; T&uuml;ketimi<\/td>\n<td colspan=\"1\">Maks. 8.6W<\/td>\n<\/tr>\n<tr>\n<td>&Ccedil;al\u0131\u015fma Ko\u015fullar\u0131<\/td>\n<td colspan=\"1\">-30 &deg;C ~ +60 &deg;C, &le;95% RH<\/td>\n<\/tr>\n<tr>\n<td>\u0130letim Mesafesi<\/td>\n<td colspan=\"1\">75-3 Coaxial Kablo &uuml;zerinden 500m&rsquo;den fazla<\/td>\n<\/tr>\n<tr>\n<td>Koruma Sertifikas\u0131<\/td>\n<td colspan=\"1\">IP67 &amp; IK10<\/td>\n<\/tr>\n<tr>\n<td>Boyutlar<\/td>\n<td colspan=\"1\">&Phi;122mm&times;89mm<\/td>\n<\/tr>\n<tr>\n<td>Net A\u011f\u0131rl\u0131k<\/td>\n<td colspan=\"1\">0.45kg<\/td>\n<\/tr>\n<tr>\n<td>Malzeme<\/td>\n<td colspan=\"1\">Metal<\/td>\n<\/tr>\n<\/tbody>\n<\/table>\n<p>&nbsp;<\/p>\n<p><img loading=\"lazy\" alt=\"\" height=\"176\" sizes=\"(max-width: 500px) 100vw, 500px\" src=\"https:\/\/www.okisan.com\/wp-content\/uploads\/2016\/05\/HAC-HDBW2220R-Z-2-500x176.jpg\" srcset=\"https:\/\/www.okisan.com\/wp-content\/uploads\/2016\/05\/HAC-HDBW2220R-Z-2-120x42.jpg 120w, https:\/\/www.okisan.com\/wp-content\/uploads\/2016\/05\/HAC-HDBW2220R-Z-2-150x53.jpg 150w, https:\/\/www.okisan.com\/wp-content\/uploads\/2016\/05\/HAC-HDBW2220R-Z-2-200x70.jpg 200w, https:\/\/www.okisan.com\/wp-content\/uploads\/2016\/05\/HAC-HDBW2220R-Z-2-300x105.jpg 300w, https:\/\/www.okisan.com\/wp-content\/uploads\/2016\/05\/HAC-HDBW2220R-Z-2-400x141.jpg 400w, https:\/\/www.okisan.com\/wp-content\/uploads\/2016\/05\/HAC-HDBW2220R-Z-2-500x176.jpg 500w, https:\/\/www.okisan.com\/wp-content\/uploads\/2016\/05\/HAC-HDBW2220R-Z-2-600x211.jpg 600w, https:\/\/www.okisan.com\/wp-content\/uploads\/2016\/05\/HAC-HDBW2220R-Z-2.jpg 606w\" width=\"500\" \/><\/p>\n","protected":false},"excerpt":{"rendered":"<p>1\/2.8&rdquo; 2.4Megapiksel CMOS 25\/30@1080P, 25\/30\/50\/60fps@720P Yu\u0308ksek H\u0131z, Uzun Mesafe Real-Time \u0130letim HD ve SD de\u011fi\u015ftirilebilir. OSD Men&uuml;s&uuml;, koaksiyel kablo &uuml;zerinden kontrol DWDR, Gece\/Gu\u0308ndu\u0308z(ICR), AWB, AGC, BLC, 3DNR 2.7~12mm Motorize Lens Maks. IR LED G&ouml;ru\u0308\u015f Mesafesi: 30M, Ak\u0131ll\u0131 IR IP66, DC12V, IK10 Model Dahua HAC-HDBW2220RP-Z Teknik &Ouml;zellikleri Kamera &nbsp; G&ouml;r&uuml;nt&uuml; Sens&ouml;r&uuml; 1\/2.8&Prime; 2.4 Megapixel CMOS Efektif [&#8230;]\n","protected":false},"featured_media":760,"comment_status":"closed","ping_status":"closed","template":"","meta":[],"_links":{"self":[{"href":"https:\/\/nilbilisim.com.tr\/magaza\/wp-json\/wp\/v2\/product\/759"}],"collection":[{"href":"https:\/\/nilbilisim.com.tr\/magaza\/wp-json\/wp\/v2\/product"}],"about":[{"href":"https:\/\/nilbilisim.com.tr\/magaza\/wp-json\/wp\/v2\/types\/product"}],"replies":[{"embeddable":true,"href":"https:\/\/nilbilisim.com.tr\/magaza\/wp-json\/wp\/v2\/comments?post=759"}],"wp:featuredmedia":[{"embeddable":true,"href":"https:\/\/nilbilisim.com.tr\/magaza\/wp-json\/wp\/v2\/media\/760"}],"wp:attachment":[{"href":"https:\/\/nilbilisim.com.tr\/magaza\/wp-json\/wp\/v2\/media?parent=759"}],"curies":[{"name":"wp","href":"https:\/\/api.w.org\/{rel}","templated":true}]}}