{"id":761,"date":"2021-01-18T20:59:26","date_gmt":"2021-01-18T20:59:26","guid":{"rendered":"https:\/\/nilbilisim.com.tr\/magaza\/urun\/dahua-hac-me2241cp-w-0280b-2mp-hdcvi-aktif-engelleiici-kamera\/"},"modified":"2024-07-01T01:44:21","modified_gmt":"2024-06-30T22:44:21","slug":"dahua-hac-me2241cp-w-0280b-2mp-hdcvi-aktif-engelleiici-kamera","status":"publish","type":"product","link":"https:\/\/nilbilisim.com.tr\/magaza\/urun\/dahua-hac-me2241cp-w-0280b-2mp-hdcvi-aktif-engelleiici-kamera\/","title":{"rendered":"Dahua HAC-ME2241CP-W-0280B 2MP HDCVI Aktif Engelleyici Kamera"},"content":{"rendered":"<ul>\n<li>Starlight<\/li>\n<li>Maks. 30fps @ 1080P<\/li>\n<li>HD ve SD &ccedil;\u0131k\u0131\u015f de\u011fi\u015ftirilebilir<\/li>\n<li>2,8 mm sabit lens (3,6 mm opsiyonel)<\/li>\n<li>Maks.&nbsp;IR uzunlu\u011fu 20m, Smart IR<\/li>\n<li>Dahili PIR, 15m \/ 110 &deg; alg\u0131lama aral\u0131\u011f\u0131 \/ a&ccedil;\u0131s\u0131<\/li>\n<li>Beyaz \u0131\u015f\u0131k ve siren ile aktif cayd\u0131r\u0131c\u0131l\u0131k<\/li>\n<li>Dahili Airfly al\u0131c\u0131-verici, 32&rsquo;ye kadar kablosuz cihaz ba\u011flant\u0131s\u0131<\/li>\n<li>Dahili mikrofon<\/li>\n<li>IP67, DC12V<\/li>\n<\/ul>\n<table border=\"1\" cellpadding=\"5\" cellspacing=\"1\" id=\"table001\">\n<tbody>\n<tr>\n<td colspan=\"2\"><strong>Dahua HAC-ME2241CP-W-0280B Teknik &Ouml;zellikleri<\/strong><\/td>\n<\/tr>\n<tr>\n<td colspan=\"2\"><strong>Kamera<\/strong><\/td>\n<\/tr>\n<tr>\n<td>G&ouml;r&uuml;nt&uuml; Sens&ouml;r&uuml;<\/td>\n<td>1 \/ 2,8 &ldquo;CMOS<\/td>\n<\/tr>\n<tr>\n<td>Efekif Piksel<\/td>\n<td>1920 (H) &times; 1080 (V), 2 MP<\/td>\n<\/tr>\n<tr>\n<td>Tarama Sistemi<\/td>\n<td>Progresif<\/td>\n<\/tr>\n<tr>\n<td>Elektronik Shutter H\u0131z\u0131<\/td>\n<td>PAL: 1 \/ 4s ~ 1 \/ 100.000s<\/p>\n<p>&nbsp;<\/p>\n<p>NTSC: 1\/3s ~ 1\/100,000s<\/p>\n<\/td>\n<\/tr>\n<tr>\n<td>Minimum Ayd\u0131nlatma<\/td>\n<td>0.004Lux \/ F1.6, 30IRE, 0Lux IR<\/td>\n<\/tr>\n<tr>\n<td>S \/ N Oran\u0131<\/td>\n<td>65 dB&rsquo;den fazla<\/td>\n<\/tr>\n<tr>\n<td>IR Mesafesi<\/td>\n<td>20m&rsquo;ye kadar (66 ft)<\/td>\n<\/tr>\n<tr>\n<td>IR A&ccedil;\u0131k \/ Kapal\u0131 Kontrol<\/td>\n<td>Otomatik \/ Manuel<\/td>\n<\/tr>\n<tr>\n<td>IR LED&rsquo;leri<\/td>\n<td>1<\/td>\n<\/tr>\n<tr>\n<td colspan=\"2\"><strong>Lens<\/strong><\/td>\n<\/tr>\n<tr>\n<td>Lens Tipi<\/td>\n<td>Sabit lens \/ Sabit iris<\/td>\n<\/tr>\n<tr>\n<td>Montaj Tipi<\/td>\n<td>Board-in<\/td>\n<\/tr>\n<tr>\n<td>Odak Uzakl\u0131\u011f\u0131<\/td>\n<td>2.8mm (3.6mm opsiyonel)<\/td>\n<\/tr>\n<tr>\n<td>Maks. A&ccedil;\u0131kl\u0131k<\/td>\n<td>F1.6<\/td>\n<\/tr>\n<tr>\n<td>G&ouml;r&uuml;\u015f A&ccedil;\u0131s\u0131<\/td>\n<td>H: 110 &deg; (86.9 &deg;)<\/p>\n<p>&nbsp;<\/p>\n<p>V: 60 &deg; (46.3 &deg;)<\/p>\n<\/td>\n<\/tr>\n<tr>\n<td>Odak Kontrol&uuml;<\/td>\n<td>&ndash;<\/td>\n<\/tr>\n<tr>\n<td>Yak\u0131n Odak Mesafesi<\/td>\n<td>500mm (1200)<\/p>\n<p>&nbsp;<\/p>\n<p>19.7 &lsquo;(47.2 &rdquo;)<\/p>\n<\/td>\n<\/tr>\n<tr>\n<td><strong>Pan \/ Tilt \/ D&ouml;nd&uuml;rme<\/strong><\/td>\n<td>&nbsp;<\/td>\n<\/tr>\n<tr>\n<td>Pan \/ Tilt \/ D&ouml;nd&uuml;rme<\/td>\n<td>Pan:0&deg; ~360&deg; ;Tilt:0&deg; ~90&deg; ;D&ouml;nd&uuml;rme:0&deg; ~360&deg;<\/td>\n<\/tr>\n<tr>\n<td colspan=\"2\"><strong>Video<\/strong><\/td>\n<\/tr>\n<tr>\n<td>&Ccedil;&ouml;z&uuml;n&uuml;rl&uuml;k<\/td>\n<td>1080P (1920 &times; 1080)<\/td>\n<\/tr>\n<tr>\n<td>Frame Oran\u0131<\/td>\n<td>25 \/ 30fps @ 1080P&rsquo;de, 25\/30\/50 \/ 60fps&rsquo;de @ 720P<\/td>\n<\/tr>\n<tr>\n<td>Video &Ccedil;\u0131k\u0131\u015f\u0131<\/td>\n<td>1 kanal BNC y&uuml;ksek tan\u0131ml\u0131 video &ccedil;\u0131k\u0131\u015f\u0131 \/ CVBS<\/p>\n<p>&nbsp;<\/p>\n<p>video &ccedil;\u0131k\u0131\u015f\u0131 (DIP anahtar\u0131)<\/p>\n<\/td>\n<\/tr>\n<tr>\n<td>G&uuml;nd&uuml;z \/ Gece<\/td>\n<td>Otomatik (ICR) \/ Manuel<\/td>\n<\/tr>\n<tr>\n<td>OSD Men&uuml;s&uuml;<\/td>\n<td>&Ccedil;oklu dil<\/td>\n<\/tr>\n<\/tbody>\n<\/table>\n<table border=\"1\" cellpadding=\"5\" cellspacing=\"1\" id=\"table002\">\n<tbody>\n<tr>\n<td>BLC Modu<\/td>\n<td>BLC \/ HLC \/ WDR<\/td>\n<\/tr>\n<tr>\n<td>WDR<\/td>\n<td>120dB<\/td>\n<\/tr>\n<tr>\n<td>Kazan&ccedil; Kontrol&uuml;<\/td>\n<td>AGC<\/td>\n<\/tr>\n<tr>\n<td>Parazit Azaltma<\/td>\n<td>2D \/ 3D<\/td>\n<\/tr>\n<tr>\n<td>Beyaz Dengesi<\/td>\n<td>Otomatik \/ Manuel<\/td>\n<\/tr>\n<tr>\n<td>Ak\u0131ll\u0131 IR<\/td>\n<td>Otomatik \/ Manuel<\/td>\n<\/tr>\n<tr>\n<td><strong>PIR<\/strong><\/td>\n<td>&nbsp;<\/td>\n<\/tr>\n<tr>\n<td>Bulma<\/td>\n<td>Pasif k\u0131z\u0131l&ouml;tesi<\/td>\n<\/tr>\n<tr>\n<td>Alg\u0131lama Aral\u0131\u011f\u0131<\/td>\n<td>Maks.&nbsp;15m, 110 &deg;<\/td>\n<\/tr>\n<tr>\n<td>Alarm \u0130stemi<\/td>\n<td>Whitelight ve Siren<\/td>\n<\/tr>\n<tr>\n<td>Kurulum Y&uuml;ksekli\u011fi<\/td>\n<td>Standart aparat, duvara montaj, 2.2-2.5m<\/td>\n<\/tr>\n<tr>\n<td><strong>IoT &Ouml;zellikleri<\/strong><\/td>\n<td>&nbsp;<\/td>\n<\/tr>\n<tr>\n<td>Kablosuz Frekans<\/td>\n<td>433\/868 \/ 915MHz<\/td>\n<\/tr>\n<tr>\n<td>Kablosuz Protokol<\/td>\n<td>Airfly<\/td>\n<\/tr>\n<tr>\n<td>Cihaz Ba\u011flant\u0131s\u0131<\/td>\n<td>32&rsquo;ye kadar kablosuz cihaz ba\u011flant\u0131s\u0131<\/td>\n<\/tr>\n<tr>\n<td>Kablosuz \u0130letim Mesafesi<\/td>\n<td>100m&rsquo;ye kadar (a&ccedil;\u0131k alan \/ parazit yok)<\/td>\n<\/tr>\n<tr>\n<td colspan=\"2\"><strong>Sertifikalar<\/strong><\/td>\n<\/tr>\n<tr>\n<td>Sertifikalar<\/td>\n<td>CE (EN55032, EN55024, EN50130-4)<\/p>\n<p>&nbsp;<\/p>\n<p>FCC (CFR 47 FCC B&ouml;l&uuml;m 15 alt b&ouml;l&uuml;m&uuml; B, ANSI C63.4-2014)<\/p>\n<p>UL (UL60950-1 + CAN \/ CSA C22.2 No.60950-1)<\/p>\n<\/td>\n<\/tr>\n<tr>\n<td colspan=\"2\"><strong>Aray&uuml;z<\/strong><\/td>\n<\/tr>\n<tr>\n<td>Ses Aray&uuml;z&uuml;<\/td>\n<td>Dahili mikrofon ve aray&uuml;zde 1 kanal ses<\/td>\n<\/tr>\n<tr>\n<td colspan=\"2\"><strong>G&uuml;&ccedil;<\/strong><\/td>\n<\/tr>\n<tr>\n<td>G&uuml;&ccedil; Kayna\u011f\u0131<\/td>\n<td>12V DC &plusmn;% 30<\/td>\n<\/tr>\n<tr>\n<td>G&uuml;&ccedil; T&uuml;ketimi<\/td>\n<td>Maksimum 5.5W (12V DC, IR)<\/td>\n<\/tr>\n<\/tbody>\n<\/table>\n<table border=\"1\" cellpadding=\"5\" cellspacing=\"1\" id=\"table003\">\n<tbody>\n<tr>\n<td colspan=\"2\"><strong>&Ccedil;evre Ko\u015fullar\u0131<\/strong><\/td>\n<\/tr>\n<tr>\n<td>&Ccedil;al\u0131\u015fma Ko\u015fullar\u0131<\/td>\n<td>-20 &deg; C ~ + 60 &deg; C (-4 &deg; F ~ + 140 &deg; F) \/% 95&rsquo;ten az RH<\/p>\n<p>&nbsp;<\/p>\n<p>* Ba\u015flatma -20 &deg; C&rsquo;nin (-4 &deg; F) &uuml;zerinde yap\u0131lmal\u0131d\u0131r.<\/p>\n<\/td>\n<\/tr>\n<tr>\n<td>Dayan\u0131kl\u0131l\u0131k Ko\u015fullar\u0131<\/td>\n<td>-20 &deg; C ~ + 60 &deg; C (-4 &deg; F ~ + 140 &deg; F) \/% 95&rsquo;ten az RH<\/td>\n<\/tr>\n<tr>\n<td>Koruma ve Dayan\u0131kl\u0131l\u0131k Sertifikas\u0131<\/td>\n<td>IP67<\/td>\n<\/tr>\n<tr>\n<td colspan=\"2\"><strong>Kasa<\/strong><\/td>\n<\/tr>\n<tr>\n<td>Kasa<\/td>\n<td>Plastik (G&ouml;vde) + Al&uuml;minyum (Dirsek)<\/td>\n<\/tr>\n<tr>\n<td>Boyutlar<\/td>\n<td>144.7mm &times; 76.7mm &times; 146.4mm<\/td>\n<\/tr>\n<tr>\n<td>Net A\u011f\u0131rl\u0131k<\/td>\n<td>0,41 kg<\/td>\n<\/tr>\n<\/tbody>\n<\/table>\n<p>&nbsp;<\/p>\n<p><img loading=\"lazy\" alt=\"\" height=\"253\" sizes=\"(max-width: 475px) 100vw, 475px\" src=\"https:\/\/www.okisan.com\/wp-content\/uploads\/2019\/01\/boyutlar-1.png\" srcset=\"https:\/\/www.okisan.com\/wp-content\/uploads\/2019\/01\/boyutlar-1-120x64.png 120w, https:\/\/www.okisan.com\/wp-content\/uploads\/2019\/01\/boyutlar-1-150x80.png 150w, https:\/\/www.okisan.com\/wp-content\/uploads\/2019\/01\/boyutlar-1-200x107.png 200w, https:\/\/www.okisan.com\/wp-content\/uploads\/2019\/01\/boyutlar-1-300x160.png 300w, https:\/\/www.okisan.com\/wp-content\/uploads\/2019\/01\/boyutlar-1-400x213.png 400w, https:\/\/www.okisan.com\/wp-content\/uploads\/2019\/01\/boyutlar-1.png 475w\" width=\"475\" \/><img loading=\"lazy\" alt=\"\" height=\"311\" sizes=\"(max-width: 450px) 100vw, 450px\" src=\"https:\/\/www.okisan.com\/wp-content\/uploads\/2019\/01\/aksesuarlar-1.png\" srcset=\"https:\/\/www.okisan.com\/wp-content\/uploads\/2019\/01\/aksesuarlar-1-120x83.png 120w, https:\/\/www.okisan.com\/wp-content\/uploads\/2019\/01\/aksesuarlar-1-150x104.png 150w, https:\/\/www.okisan.com\/wp-content\/uploads\/2019\/01\/aksesuarlar-1-200x138.png 200w, https:\/\/www.okisan.com\/wp-content\/uploads\/2019\/01\/aksesuarlar-1-300x207.png 300w, https:\/\/www.okisan.com\/wp-content\/uploads\/2019\/01\/aksesuarlar-1-400x276.png 400w, https:\/\/www.okisan.com\/wp-content\/uploads\/2019\/01\/aksesuarlar-1.png 450w\" width=\"450\" \/><\/p>\n","protected":false},"excerpt":{"rendered":"<p>Starlight Maks. 30fps @ 1080P HD ve SD &ccedil;\u0131k\u0131\u015f de\u011fi\u015ftirilebilir 2,8 mm sabit lens (3,6 mm opsiyonel) Maks.&nbsp;IR uzunlu\u011fu 20m, Smart IR Dahili PIR, 15m \/ 110 &deg; alg\u0131lama aral\u0131\u011f\u0131 \/ a&ccedil;\u0131s\u0131 Beyaz \u0131\u015f\u0131k ve siren ile aktif cayd\u0131r\u0131c\u0131l\u0131k Dahili Airfly al\u0131c\u0131-verici, 32&rsquo;ye kadar kablosuz cihaz ba\u011flant\u0131s\u0131 Dahili mikrofon IP67, DC12V Dahua HAC-ME2241CP-W-0280B Teknik &Ouml;zellikleri [&#8230;]\n","protected":false},"featured_media":762,"comment_status":"closed","ping_status":"closed","template":"","meta":[],"_links":{"self":[{"href":"https:\/\/nilbilisim.com.tr\/magaza\/wp-json\/wp\/v2\/product\/761"}],"collection":[{"href":"https:\/\/nilbilisim.com.tr\/magaza\/wp-json\/wp\/v2\/product"}],"about":[{"href":"https:\/\/nilbilisim.com.tr\/magaza\/wp-json\/wp\/v2\/types\/product"}],"replies":[{"embeddable":true,"href":"https:\/\/nilbilisim.com.tr\/magaza\/wp-json\/wp\/v2\/comments?post=761"}],"wp:featuredmedia":[{"embeddable":true,"href":"https:\/\/nilbilisim.com.tr\/magaza\/wp-json\/wp\/v2\/media\/762"}],"wp:attachment":[{"href":"https:\/\/nilbilisim.com.tr\/magaza\/wp-json\/wp\/v2\/media?parent=761"}],"curies":[{"name":"wp","href":"https:\/\/api.w.org\/{rel}","templated":true}]}}