{"id":763,"date":"2021-01-18T20:59:34","date_gmt":"2021-01-18T20:59:34","guid":{"rendered":"https:\/\/nilbilisim.com.tr\/magaza\/urun\/dahua-hac-me1200bp-pir-0280b-2mp-hdcvi-motioneie-kamera\/"},"modified":"2024-07-01T01:44:21","modified_gmt":"2024-06-30T22:44:21","slug":"dahua-hac-me1200bp-pir-0280b-2mp-hdcvi-motioneie-kamera","status":"publish","type":"product","link":"https:\/\/nilbilisim.com.tr\/magaza\/urun\/dahua-hac-me1200bp-pir-0280b-2mp-hdcvi-motioneie-kamera\/","title":{"rendered":"Dahua HAC-ME1200BP-PIR-0280B 2MP HDCVI MotionEye Kamera"},"content":{"rendered":"<ul>\n<li>Maks. 30fps@1080P<\/li>\n<li>HD ve SD &ccedil;\u0131k\u0131\u015f\u0131 de\u011fi\u015ftirilebilir (sadece video)<\/li>\n<li>2.8mm sabit lens<\/li>\n<li>10m \/ 110 &deg; alg\u0131lama aral\u0131\u011f\u0131 \/ a&ccedil;\u0131s\u0131<\/li>\n<li>Kuaterniyonik dijital sens&ouml;r<\/li>\n<li>Maks.&nbsp;IR uzunlu\u011fu 20m, Ak\u0131ll\u0131 IR<\/li>\n<li>IP67, DC12V<\/li>\n<\/ul>\n<table border=\"1\" cellpadding=\"5\" cellspacing=\"1\">\n<tbody>\n<tr>\n<td><strong>Model<\/strong><\/td>\n<td><strong>Dahua HAC-ME1200BP-PIR-0280B Teknik &Ouml;zellikleri<\/strong><\/td>\n<\/tr>\n<tr>\n<td><strong>Kamera<\/strong><\/td>\n<td colspan=\"1\">&nbsp;<\/td>\n<\/tr>\n<tr>\n<td>G&ouml;r&uuml;nt&uuml; Sens&ouml;r&uuml;<\/td>\n<td colspan=\"1\">1\/2.7&Prime; CMOS<\/td>\n<\/tr>\n<tr>\n<td>Efektif Piksel<\/td>\n<td colspan=\"1\">1920(H)&times;1080(V), 2MP<\/td>\n<\/tr>\n<tr>\n<td>Tarama Sistemi<\/td>\n<td>Progresif<\/td>\n<\/tr>\n<tr>\n<td>Elektronik Shutter H\u0131z\u0131<\/td>\n<td colspan=\"1\">PAL: 1\/4~1\/100000s<\/p>\n<p>&nbsp;<\/p>\n<p>NTSC: 1\/3~1\/100000s<\/p>\n<\/td>\n<\/tr>\n<tr>\n<td>Min. Ayd\u0131nlatma<\/td>\n<td colspan=\"1\">0.02Lux \/ F2.0 (Renkli), 30IRE, 0Lux IR<\/td>\n<\/tr>\n<tr>\n<td>S \/ N Oran\u0131<\/td>\n<td colspan=\"1\">65dB&rsquo;den fazla<\/td>\n<\/tr>\n<tr>\n<td>IR Mesafesi<\/td>\n<td>20m&rsquo;ye kadar (66feet)<\/td>\n<\/tr>\n<tr>\n<td>IR A&ccedil;\u0131k \/ Kapal\u0131 Kontrol<\/td>\n<td>Otomatik \/ Manuel<\/td>\n<\/tr>\n<tr>\n<td>IR LED<\/td>\n<td>1<\/td>\n<\/tr>\n<tr>\n<td><strong>Lens<\/strong><\/td>\n<td colspan=\"1\">&nbsp;<\/td>\n<\/tr>\n<tr>\n<td>Lens Tipi<\/td>\n<td colspan=\"1\">Sabit lens \/ sabit iris<\/td>\n<\/tr>\n<tr>\n<td>Montaj Tipi<\/td>\n<td colspan=\"1\">Board-in<\/td>\n<\/tr>\n<tr>\n<td>Odak Uzakl\u0131\u011f\u0131<\/td>\n<td colspan=\"1\">2.8mm<\/td>\n<\/tr>\n<tr>\n<td>Maks. Diyafram<\/td>\n<td>F2.0<\/td>\n<\/tr>\n<tr>\n<td>G&ouml;r&uuml;\u015f A&ccedil;\u0131s\u0131<\/td>\n<td>H: 112 &deg;<\/td>\n<\/tr>\n<tr>\n<td>Odak Kontrol&uuml;<\/td>\n<td>&ndash;<\/td>\n<\/tr>\n<tr>\n<td>Odak Mesafesini Kapatma<\/td>\n<td>500mm<\/p>\n<p>&nbsp;<\/p>\n<p>19.7 &rdquo;<\/p>\n<\/td>\n<\/tr>\n<tr>\n<td><strong>PTZ<\/strong><\/td>\n<td colspan=\"1\">&nbsp;<\/td>\n<\/tr>\n<tr>\n<td>Pan \/ Tilt Aral\u0131\u011f\u0131<\/td>\n<td colspan=\"1\">&nbsp;Pan:0&deg; ~360&deg; ;Tilt:0&deg; ~90&deg; ;D&ouml;nd&uuml;rme:0&deg; ~360&deg;<\/td>\n<\/tr>\n<tr>\n<td><strong>Video<\/strong><\/td>\n<td colspan=\"1\">&nbsp;<\/td>\n<\/tr>\n<tr>\n<td>&Ccedil;&ouml;z&uuml;n&uuml;rl&uuml;k<\/td>\n<td colspan=\"1\">1080P (1920 &times; 1080)<\/td>\n<\/tr>\n<tr>\n<td>Frame Oran\u0131<\/td>\n<td colspan=\"1\">25\/30fps@1080P, 25\/30\/50\/60fps@720P<\/td>\n<\/tr>\n<tr>\n<td>Video &Ccedil;\u0131k\u0131\u015f\u0131<\/td>\n<td colspan=\"1\">1 kanall\u0131 BNC y&uuml;ksek tan\u0131ml\u0131 video &ccedil;\u0131k\u0131\u015f\u0131 \/ CVBS video &ccedil;\u0131k\u0131\u015f\u0131 (ge&ccedil;i\u015f yapabilir)<\/td>\n<\/tr>\n<tr>\n<td>G&uuml;nd&uuml;z \/ Gece<\/td>\n<td colspan=\"1\">Otomatik (ICR) \/ Manuel<\/td>\n<\/tr>\n<tr>\n<td>OSD Men&uuml;<\/td>\n<td colspan=\"1\">&Ccedil;oklu dil<\/td>\n<\/tr>\n<tr>\n<td>BLC Modu<\/td>\n<td>BLC \/ HLC \/ WDR<\/td>\n<\/tr>\n<tr>\n<td>WDR<\/td>\n<td>DWDR<\/td>\n<\/tr>\n<tr>\n<td>Kazan&ccedil; Kontrol&uuml;<\/td>\n<td>AGC<\/td>\n<\/tr>\n<tr>\n<td>Parazit Azaltma<\/td>\n<td>2D<\/td>\n<\/tr>\n<tr>\n<td>Beyaz Dengesi<\/td>\n<td>Otomatik \/ manuel<\/td>\n<\/tr>\n<tr>\n<td>Ak\u0131ll\u0131 IR<\/td>\n<td>Otomatik \/ manuel<\/td>\n<\/tr>\n<tr>\n<td><strong>P\u0131r<\/strong><\/td>\n<td>&nbsp;<\/td>\n<\/tr>\n<tr>\n<td>Bulma<\/td>\n<td>Pasif k\u0131z\u0131l&ouml;tesi<\/td>\n<\/tr>\n<tr>\n<td>Alg\u0131lama Aral\u0131\u011f\u0131<\/td>\n<td>10m, 110 &deg;<\/td>\n<\/tr>\n<tr>\n<td>Alarm \u0130stemi<\/td>\n<td>K\u0131rm\u0131z\u0131 led<\/td>\n<\/tr>\n<tr>\n<td>Kurulum Y&uuml;ksekli\u011fi<\/td>\n<td>Defualt braketi, duvar montaj\u0131, 2.2-2.5m<\/td>\n<\/tr>\n<tr>\n<td><strong>Sertifikalar<\/strong><\/td>\n<td>&nbsp;<\/td>\n<\/tr>\n<tr>\n<td>Sertifikalar<\/td>\n<td>CE (EN55032, EN55024, EN50130-4)<\/p>\n<p>&nbsp;<\/p>\n<p>FCC (CFR 47 FCC Part 15 altpartB, ANSI C63.4-2014)<\/p>\n<p>UL (UL60950-1 + CAN \/ CSA C22.2 No. 60950-1)<\/p>\n<\/td>\n<\/tr>\n<tr>\n<td><strong>Aray&uuml;z<\/strong><\/td>\n<td>&nbsp;<\/td>\n<\/tr>\n<tr>\n<td>Ses Aray&uuml;z&uuml;<\/td>\n<td>&ndash;<\/td>\n<\/tr>\n<tr>\n<td><strong>G&uuml;&ccedil;<\/strong><\/td>\n<td>&nbsp;<\/td>\n<\/tr>\n<tr>\n<td>G&uuml;&ccedil; Kayna\u011f\u0131<\/td>\n<td>12V DC &plusmn;% 30<\/td>\n<\/tr>\n<tr>\n<td>G&uuml;&ccedil; T&uuml;ketimi<\/td>\n<td>Maksimum 4.1W (12V DC, IR)<\/td>\n<\/tr>\n<tr>\n<td><strong>&Ccedil;evre Ko\u015fullar\u0131<\/strong><\/td>\n<td>&nbsp;<\/td>\n<\/tr>\n<tr>\n<td>&Ccedil;al\u0131\u015fma Ko\u015fullar\u0131<\/td>\n<td>-10 &deg; C ~ + 50 &deg; C (+ 14 &deg; F ~ 122 &deg; F) \/% 95&rsquo;den az RH<\/p>\n<p>&nbsp;<\/p>\n<p>* Ba\u015flang\u0131&ccedil; \u200b\u200b-10 &deg; C&rsquo;nin &uuml;st&uuml;nde (14 &deg; F) yap\u0131lmal\u0131d\u0131r.<\/p>\n<\/td>\n<\/tr>\n<tr>\n<td>Dayan\u0131kl\u0131l\u0131k Ko\u015fullar\u0131<\/td>\n<td>-10 &deg; C ~ + 50 &deg; C (+ 14 &deg; F ~ 122 &deg; F) \/% 95&rsquo;den az RH<\/td>\n<\/tr>\n<tr>\n<td>Koruma ve Dayan\u0131kl\u0131l\u0131k Sertifikas\u0131<\/td>\n<td>IP67<\/td>\n<\/tr>\n<tr>\n<td>Kasa<\/td>\n<td>Al&uuml;minyum (&Ouml;n Kapak) + Plastik (Arka Namlu)<\/td>\n<\/tr>\n<tr>\n<td>Boyutlar<\/td>\n<td>146,6 mm &times; 72,4 mm &times; 83 mm<\/td>\n<\/tr>\n<tr>\n<td>Net A\u011f\u0131rl\u0131k<\/td>\n<td>0.23 kg<\/td>\n<\/tr>\n<\/tbody>\n<\/table>\n<p><img loading=\"lazy\" alt=\"\" height=\"376\" sizes=\"(max-width: 500px) 100vw, 500px\" src=\"https:\/\/www.okisan.com\/wp-content\/uploads\/2018\/06\/boyutlar-1-500x376.png\" srcset=\"https:\/\/www.okisan.com\/wp-content\/uploads\/2018\/06\/boyutlar-1-120x90.png 120w, https:\/\/www.okisan.com\/wp-content\/uploads\/2018\/06\/boyutlar-1-150x113.png 150w, https:\/\/www.okisan.com\/wp-content\/uploads\/2018\/06\/boyutlar-1-200x150.png 200w, https:\/\/www.okisan.com\/wp-content\/uploads\/2018\/06\/boyutlar-1-300x225.png 300w, https:\/\/www.okisan.com\/wp-content\/uploads\/2018\/06\/boyutlar-1-400x300.png 400w, https:\/\/www.okisan.com\/wp-content\/uploads\/2018\/06\/boyutlar-1-500x376.png 500w, https:\/\/www.okisan.com\/wp-content\/uploads\/2018\/06\/boyutlar-1-600x451.png 600w, https:\/\/www.okisan.com\/wp-content\/uploads\/2018\/06\/boyutlar-1.png 683w\" width=\"500\" \/><img loading=\"lazy\" alt=\"\" height=\"425\" sizes=\"(max-width: 438px) 100vw, 438px\" src=\"https:\/\/www.okisan.com\/wp-content\/uploads\/2018\/06\/aksesuarlar-1.png\" srcset=\"https:\/\/www.okisan.com\/wp-content\/uploads\/2018\/06\/aksesuarlar-1-120x116.png 120w, https:\/\/www.okisan.com\/wp-content\/uploads\/2018\/06\/aksesuarlar-1-150x146.png 150w, https:\/\/www.okisan.com\/wp-content\/uploads\/2018\/06\/aksesuarlar-1-200x194.png 200w, https:\/\/www.okisan.com\/wp-content\/uploads\/2018\/06\/aksesuarlar-1-300x291.png 300w, https:\/\/www.okisan.com\/wp-content\/uploads\/2018\/06\/aksesuarlar-1-400x388.png 400w, https:\/\/www.okisan.com\/wp-content\/uploads\/2018\/06\/aksesuarlar-1.png 438w\" width=\"438\" \/><\/p>\n","protected":false},"excerpt":{"rendered":"<p>Maks. 30fps@1080P HD ve SD &ccedil;\u0131k\u0131\u015f\u0131 de\u011fi\u015ftirilebilir (sadece video) 2.8mm sabit lens 10m \/ 110 &deg; alg\u0131lama aral\u0131\u011f\u0131 \/ a&ccedil;\u0131s\u0131 Kuaterniyonik dijital sens&ouml;r Maks.&nbsp;IR uzunlu\u011fu 20m, Ak\u0131ll\u0131 IR IP67, DC12V Model Dahua HAC-ME1200BP-PIR-0280B Teknik &Ouml;zellikleri Kamera &nbsp; G&ouml;r&uuml;nt&uuml; Sens&ouml;r&uuml; 1\/2.7&Prime; CMOS Efektif Piksel 1920(H)&times;1080(V), 2MP Tarama Sistemi Progresif Elektronik Shutter H\u0131z\u0131 PAL: 1\/4~1\/100000s &nbsp; NTSC: [&#8230;]\n","protected":false},"featured_media":764,"comment_status":"closed","ping_status":"closed","template":"","meta":[],"_links":{"self":[{"href":"https:\/\/nilbilisim.com.tr\/magaza\/wp-json\/wp\/v2\/product\/763"}],"collection":[{"href":"https:\/\/nilbilisim.com.tr\/magaza\/wp-json\/wp\/v2\/product"}],"about":[{"href":"https:\/\/nilbilisim.com.tr\/magaza\/wp-json\/wp\/v2\/types\/product"}],"replies":[{"embeddable":true,"href":"https:\/\/nilbilisim.com.tr\/magaza\/wp-json\/wp\/v2\/comments?post=763"}],"wp:featuredmedia":[{"embeddable":true,"href":"https:\/\/nilbilisim.com.tr\/magaza\/wp-json\/wp\/v2\/media\/764"}],"wp:attachment":[{"href":"https:\/\/nilbilisim.com.tr\/magaza\/wp-json\/wp\/v2\/media?parent=763"}],"curies":[{"name":"wp","href":"https:\/\/api.w.org\/{rel}","templated":true}]}}