{"id":765,"date":"2021-01-18T21:20:27","date_gmt":"2021-01-18T21:20:27","guid":{"rendered":"https:\/\/nilbilisim.com.tr\/magaza\/urun\/dahua-hac-lc1220tp-th-0360b-2mp-hdcvi-sacaklak-ve-nem-kamerasa\/"},"modified":"2024-07-01T01:44:20","modified_gmt":"2024-06-30T22:44:20","slug":"dahua-hac-lc1220tp-th-0360b-2mp-hdcvi-sacaklak-ve-nem-kamerasa","status":"publish","type":"product","link":"https:\/\/nilbilisim.com.tr\/magaza\/urun\/dahua-hac-lc1220tp-th-0360b-2mp-hdcvi-sacaklak-ve-nem-kamerasa\/","title":{"rendered":"Dahua HAC-LC1220TP-TH-0360B 2MP HDCVI S\u0131cakl\u0131k ve Nem Kameras\u0131"},"content":{"rendered":"<ul>\n<li>Maks. 30fps@1080P<\/li>\n<li>3,6 mm sabit lens (2,8 mm, 6 mm opsiyonel)<\/li>\n<li>Maks.&nbsp;IR uzunlu\u011fu 20m, Ak\u0131ll\u0131 IR<\/li>\n<li>Dahili s\u0131cakl\u0131k ve nem sens&ouml;r&uuml;<\/li>\n<li>Alg\u0131lama aral\u0131\u011f\u0131: -40 &deg; C ~ 60 &deg; C,% 10-95 RH<\/li>\n<li>IP67, DC12V<\/li>\n<\/ul>\n<table border=\"1\" cellpadding=\"5\" cellspacing=\"1\">\n<tbody>\n<tr>\n<td><strong>Model<\/strong><\/td>\n<td><strong>Dahua HAC-LC1220TP-TH-0360B Teknik &Ouml;zellikleri<\/strong><\/td>\n<\/tr>\n<tr>\n<td><strong>Kamera<\/strong><\/td>\n<td colspan=\"1\">&nbsp;<\/td>\n<\/tr>\n<tr>\n<td>G&ouml;r&uuml;nt&uuml; Sens&ouml;r&uuml;<\/td>\n<td colspan=\"1\">1\/2.9&Prime; CMOS<\/td>\n<\/tr>\n<tr>\n<td>Efektif Piksel<\/td>\n<td colspan=\"1\">1920(H)&times;1080(V), 2MP<\/td>\n<\/tr>\n<tr>\n<td>Tarama Sistemi<\/td>\n<td>Progresif<\/td>\n<\/tr>\n<tr>\n<td>Elektronik Shutter H\u0131z\u0131<\/td>\n<td colspan=\"1\">PAL: 1\/25~1\/100000s<\/p>\n<p>&nbsp;<\/p>\n<p>NTSC: 1\/30~1\/100000s<\/p>\n<\/td>\n<\/tr>\n<tr>\n<td>Min. Ayd\u0131nlatma<\/td>\n<td colspan=\"1\">0.02Lux\/F2.0, 0Lux IR<\/td>\n<\/tr>\n<tr>\n<td>S \/ N Oran\u0131<\/td>\n<td colspan=\"1\">65dB&rsquo;den fazla<\/td>\n<\/tr>\n<tr>\n<td>IR Mesafesi<\/td>\n<td>20m&rsquo;ye kadar (66feet)<\/td>\n<\/tr>\n<tr>\n<td>IR A&ccedil;\u0131k \/ Kapal\u0131 Kontrol<\/td>\n<td>Otomatik \/ Manuel<\/td>\n<\/tr>\n<tr>\n<td>IR LED<\/td>\n<td>12<\/td>\n<\/tr>\n<tr>\n<td><strong>Lens<\/strong><\/td>\n<td colspan=\"1\">&nbsp;<\/td>\n<\/tr>\n<tr>\n<td>Lens Tipi<\/td>\n<td colspan=\"1\">Sabit lens \/ sabit iris<\/td>\n<\/tr>\n<tr>\n<td>Montaj Tipi<\/td>\n<td colspan=\"1\">Board-in<\/td>\n<\/tr>\n<tr>\n<td>Odak Uzakl\u0131\u011f\u0131<\/td>\n<td colspan=\"1\">3,6mm (2,8 mm, 6 mm opsiyonel)<\/td>\n<\/tr>\n<tr>\n<td>Maks. Diyafram<\/td>\n<td>F2.0<\/td>\n<\/tr>\n<tr>\n<td>G&ouml;r&uuml;\u015f A&ccedil;\u0131s\u0131<\/td>\n<td>H: 82.8 &deg; (104 &deg; \/ 51.2 &deg;)<\/td>\n<\/tr>\n<tr>\n<td>Odak Kontrol&uuml;<\/td>\n<td>&ndash;<\/td>\n<\/tr>\n<tr>\n<td>Odak Mesafesini Kapatma<\/td>\n<td>800mm (600 mm \/ 1800 mm)<\/p>\n<p>&nbsp;<\/p>\n<p>31,5 &rdquo; (23,6 &rdquo; \/ 70,9 &rdquo;)<\/p>\n<\/td>\n<\/tr>\n<tr>\n<td><strong>PTZ<\/strong><\/td>\n<td colspan=\"1\">&nbsp;<\/td>\n<\/tr>\n<tr>\n<td>Pan \/ Tilt Aral\u0131\u011f\u0131<\/td>\n<td colspan=\"1\">&nbsp;Pan:0&deg; ~360&deg; ;Tilt:0&deg; ~90&deg; ;D&ouml;nd&uuml;rme:0&deg; ~360&deg;<\/td>\n<\/tr>\n<tr>\n<td><strong>Video<\/strong><\/td>\n<td colspan=\"1\">&nbsp;<\/td>\n<\/tr>\n<tr>\n<td>&Ccedil;&ouml;z&uuml;n&uuml;rl&uuml;k<\/td>\n<td colspan=\"1\">1080P (1920 &times; 1080)<\/td>\n<\/tr>\n<tr>\n<td>Frame Oran\u0131<\/td>\n<td colspan=\"1\">25\/30fps@1080P, 25\/30\/50\/60fps@720P<\/td>\n<\/tr>\n<tr>\n<td>Video &Ccedil;\u0131k\u0131\u015f\u0131<\/td>\n<td colspan=\"1\">1 kanal BNC y&uuml;ksek tan\u0131ml\u0131 video &ccedil;\u0131k\u0131\u015f\u0131 \/ CVBS video &ccedil;\u0131k\u0131\u015f\u0131 (De\u011fi\u015ftirilebilir)<\/td>\n<\/tr>\n<tr>\n<td>G&uuml;nd&uuml;z \/ Gece<\/td>\n<td colspan=\"1\">Otomatik (ICR) \/ Manuel<\/td>\n<\/tr>\n<tr>\n<td>OSD Men&uuml;<\/td>\n<td colspan=\"1\">&Ccedil;oklu dil<\/td>\n<\/tr>\n<tr>\n<td>BLC Modu<\/td>\n<td>BLC \/ HLC \/ WDR<\/td>\n<\/tr>\n<tr>\n<td>WDR<\/td>\n<td>DWDR<\/td>\n<\/tr>\n<tr>\n<td>Kazan&ccedil; Kontrol&uuml;<\/td>\n<td>AGC<\/td>\n<\/tr>\n<tr>\n<td>Parazit Azaltma<\/td>\n<td>2D<\/td>\n<\/tr>\n<tr>\n<td>Beyaz Dengesi<\/td>\n<td>Otomatik \/ manuel<\/td>\n<\/tr>\n<tr>\n<td>Ak\u0131ll\u0131 IR<\/td>\n<td>Otomatik \/ manuel<\/td>\n<\/tr>\n<tr>\n<td><strong>Nesnelerin &Ouml;zellikleri<\/strong><\/td>\n<td>&nbsp;<\/td>\n<\/tr>\n<tr>\n<td>S\u0131cakl\u0131k Alg\u0131lama Aral\u0131\u011f\u0131<\/td>\n<td>-40 &deg; C ~ + 60 &deg; C (-40 &deg; F ~ 140 &deg; F)<\/td>\n<\/tr>\n<tr>\n<td>S\u0131cakl\u0131k Alg\u0131lama Do\u011frulu\u011fu<\/td>\n<td>&plusmn; 2 &deg; C (&plusmn; 4 &deg; F)<\/td>\n<\/tr>\n<tr>\n<td>Nem Alg\u0131lama Aral\u0131\u011f\u0131<\/td>\n<td>% 10-95 ba\u011f\u0131l nem<\/td>\n<\/tr>\n<tr>\n<td>Nem Alg\u0131lama Do\u011frulu\u011fu<\/td>\n<td>&plusmn;% 5 RH<\/td>\n<\/tr>\n<tr>\n<td><strong>Sertifikalar<\/strong><\/td>\n<td>&nbsp;<\/td>\n<\/tr>\n<tr>\n<td>Sertifikalar<\/td>\n<td>CE (EN55032, EN55024, EN50130-4)<\/p>\n<p>&nbsp;<\/p>\n<p>FCC (CFR 47 FCC Part 15 altpartB, ANSI C63.4-2014)<\/p>\n<p>UL (UL60950-1 + CAN \/ CSA C22.2 No. 60950-1)<\/p>\n<\/td>\n<\/tr>\n<tr>\n<td><strong>Aray&uuml;z<\/strong><\/td>\n<td>&nbsp;<\/td>\n<\/tr>\n<tr>\n<td>Ses Aray&uuml;z&uuml;<\/td>\n<td>&ndash;<\/td>\n<\/tr>\n<tr>\n<td><strong>G&uuml;&ccedil;<\/strong><\/td>\n<td>&nbsp;<\/td>\n<\/tr>\n<tr>\n<td>G&uuml;&ccedil; Kayna\u011f\u0131<\/td>\n<td>12V DC &plusmn;% 30<\/td>\n<\/tr>\n<tr>\n<td>G&uuml;&ccedil; T&uuml;ketimi<\/td>\n<td>Maksimum 3,4W (12V DC, IR)<\/td>\n<\/tr>\n<tr>\n<td><strong>&Ccedil;evre Ko\u015fullar\u0131<\/strong><\/td>\n<td>&nbsp;<\/td>\n<\/tr>\n<tr>\n<td>&Ccedil;al\u0131\u015fma Ko\u015fullar\u0131<\/td>\n<td>-40 &deg; C ~ 60 &deg; C (-40 &deg; F ~ 140 &deg; F) \/% 90 RH&rsquo;den az<\/p>\n<p>&nbsp;<\/p>\n<p>* Ba\u015flang\u0131&ccedil; \u200b\u200b-40 &deg; C&rsquo;nin &uuml;st&uuml;nde (-40 &deg; F) yap\u0131lmal\u0131d\u0131r.<\/p>\n<\/td>\n<\/tr>\n<tr>\n<td>Dayan\u0131kl\u0131l\u0131k Ko\u015fullar\u0131<\/td>\n<td>-40 &deg; C ~ 60 &deg; C (-40 &deg; F ~ 140 &deg; F) \/% 90 RH&rsquo;den az<\/td>\n<\/tr>\n<tr>\n<td>Koruma ve Dayan\u0131kl\u0131l\u0131k Sertifikas\u0131<\/td>\n<td>IP67<\/td>\n<\/tr>\n<tr>\n<td>Kasa<\/td>\n<td>Al&uuml;minyum<\/td>\n<\/tr>\n<tr>\n<td>Boyutlar<\/td>\n<td>176,1 mm &times; 85,4 mm &times; 75,2 mm<\/td>\n<\/tr>\n<tr>\n<td>Net A\u011f\u0131rl\u0131k<\/td>\n<td>0,40 kg<\/td>\n<\/tr>\n<\/tbody>\n<\/table>\n<p><img loading=\"lazy\" alt=\"\" height=\"214\" sizes=\"(max-width: 482px) 100vw, 482px\" src=\"https:\/\/www.okisan.com\/wp-content\/uploads\/2018\/06\/BOYUTLAR-2.png\" srcset=\"https:\/\/www.okisan.com\/wp-content\/uploads\/2018\/06\/BOYUTLAR-2-120x53.png 120w, https:\/\/www.okisan.com\/wp-content\/uploads\/2018\/06\/BOYUTLAR-2-150x67.png 150w, https:\/\/www.okisan.com\/wp-content\/uploads\/2018\/06\/BOYUTLAR-2-200x89.png 200w, https:\/\/www.okisan.com\/wp-content\/uploads\/2018\/06\/BOYUTLAR-2-300x133.png 300w, https:\/\/www.okisan.com\/wp-content\/uploads\/2018\/06\/BOYUTLAR-2-400x178.png 400w, https:\/\/www.okisan.com\/wp-content\/uploads\/2018\/06\/BOYUTLAR-2.png 482w\" width=\"482\" \/><img loading=\"lazy\" alt=\"\" height=\"419\" sizes=\"(max-width: 500px) 100vw, 500px\" src=\"https:\/\/www.okisan.com\/wp-content\/uploads\/2018\/06\/AKSESUARLAR-1-500x419.png\" srcset=\"https:\/\/www.okisan.com\/wp-content\/uploads\/2018\/06\/AKSESUARLAR-1-120x100.png 120w, https:\/\/www.okisan.com\/wp-content\/uploads\/2018\/06\/AKSESUARLAR-1-150x126.png 150w, https:\/\/www.okisan.com\/wp-content\/uploads\/2018\/06\/AKSESUARLAR-1-200x167.png 200w, https:\/\/www.okisan.com\/wp-content\/uploads\/2018\/06\/AKSESUARLAR-1-300x251.png 300w, https:\/\/www.okisan.com\/wp-content\/uploads\/2018\/06\/AKSESUARLAR-1-400x335.png 400w, https:\/\/www.okisan.com\/wp-content\/uploads\/2018\/06\/AKSESUARLAR-1-500x419.png 500w, https:\/\/www.okisan.com\/wp-content\/uploads\/2018\/06\/AKSESUARLAR-1.png 553w\" width=\"500\" \/><\/p>\n","protected":false},"excerpt":{"rendered":"<p>Maks. 30fps@1080P 3,6 mm sabit lens (2,8 mm, 6 mm opsiyonel) Maks.&nbsp;IR uzunlu\u011fu 20m, Ak\u0131ll\u0131 IR Dahili s\u0131cakl\u0131k ve nem sens&ouml;r&uuml; Alg\u0131lama aral\u0131\u011f\u0131: -40 &deg; C ~ 60 &deg; C,% 10-95 RH IP67, DC12V Model Dahua HAC-LC1220TP-TH-0360B Teknik &Ouml;zellikleri Kamera &nbsp; G&ouml;r&uuml;nt&uuml; Sens&ouml;r&uuml; 1\/2.9&Prime; CMOS Efektif Piksel 1920(H)&times;1080(V), 2MP Tarama Sistemi Progresif Elektronik Shutter H\u0131z\u0131 [&#8230;]\n","protected":false},"featured_media":766,"comment_status":"closed","ping_status":"closed","template":"","meta":[],"_links":{"self":[{"href":"https:\/\/nilbilisim.com.tr\/magaza\/wp-json\/wp\/v2\/product\/765"}],"collection":[{"href":"https:\/\/nilbilisim.com.tr\/magaza\/wp-json\/wp\/v2\/product"}],"about":[{"href":"https:\/\/nilbilisim.com.tr\/magaza\/wp-json\/wp\/v2\/types\/product"}],"replies":[{"embeddable":true,"href":"https:\/\/nilbilisim.com.tr\/magaza\/wp-json\/wp\/v2\/comments?post=765"}],"wp:featuredmedia":[{"embeddable":true,"href":"https:\/\/nilbilisim.com.tr\/magaza\/wp-json\/wp\/v2\/media\/766"}],"wp:attachment":[{"href":"https:\/\/nilbilisim.com.tr\/magaza\/wp-json\/wp\/v2\/media?parent=765"}],"curies":[{"name":"wp","href":"https:\/\/api.w.org\/{rel}","templated":true}]}}