{"id":767,"date":"2021-01-18T21:20:35","date_gmt":"2021-01-18T21:20:35","guid":{"rendered":"https:\/\/nilbilisim.com.tr\/magaza\/urun\/dahua-hac-lc1200slp-w-0280b-2mp-hdcvi-gatewai-kamera\/"},"modified":"2024-07-01T01:44:20","modified_gmt":"2024-06-30T22:44:20","slug":"dahua-hac-lc1200slp-w-0280b-2mp-hdcvi-gatewai-kamera","status":"publish","type":"product","link":"https:\/\/nilbilisim.com.tr\/magaza\/urun\/dahua-hac-lc1200slp-w-0280b-2mp-hdcvi-gatewai-kamera\/","title":{"rendered":"Dahua HAC-LC1200SLP-W-0280B 2MP HDCVI Gateway Kamera"},"content":{"rendered":"<ul>\n<li>Maks. 30fps@1080P<\/li>\n<li>2.8 mm sabit lens (3.6 mm, 6 mm opsiyonel)<\/li>\n<li>Maks.&nbsp;IR uzunlu\u011fu 30m, Ak\u0131ll\u0131 IR<\/li>\n<li>Uluslararas\u0131 frekanslar\u0131 destekler: 433\/868 \/ 915Mhz<\/li>\n<li>Dahili&nbsp;Airfly&nbsp;al\u0131c\u0131-verici, 32 adede kadar kablosuz eri\u015fim ba\u011flant\u0131s\u0131<\/li>\n<li>100&nbsp;metreye&nbsp;kadar (a&ccedil;\u0131k alan \/ parazit yok) kablosuz alarm iletim mesafesi<\/li>\n<li>IP67, DC12V<\/li>\n<\/ul>\n<table border=\"1\" cellpadding=\"5\" cellspacing=\"1\">\n<tbody>\n<tr>\n<td><strong>Model<\/strong><\/td>\n<td><strong>Dahua HAC-LC1200SL-W-0280B Teknik &Ouml;zellikleri<\/strong><\/td>\n<\/tr>\n<tr>\n<td><strong>Kamera<\/strong><\/td>\n<td colspan=\"1\">&nbsp;<\/td>\n<\/tr>\n<tr>\n<td>G&ouml;r&uuml;nt&uuml; Sens&ouml;r&uuml;<\/td>\n<td colspan=\"1\">1\/2.7&Prime; CMOS<\/td>\n<\/tr>\n<tr>\n<td>Efektif Piksel<\/td>\n<td colspan=\"1\">1920(H)&times;1080(V), 2MP<\/td>\n<\/tr>\n<tr>\n<td>Tarama Sistemi<\/td>\n<td>Progresif<\/td>\n<\/tr>\n<tr>\n<td>Elektronik Shutter H\u0131z\u0131<\/td>\n<td colspan=\"1\">PAL: 1\/25~1\/100000s<\/p>\n<p>&nbsp;<\/p>\n<p>NTSC: 1\/30~1\/100000s<\/p>\n<\/td>\n<\/tr>\n<tr>\n<td>Min. Ayd\u0131nlatma<\/td>\n<td colspan=\"1\">0.02Lux \/ F2.0, 30IRE, 0Lux IR<\/td>\n<\/tr>\n<tr>\n<td>S \/ N Oran\u0131<\/td>\n<td colspan=\"1\">65dB&rsquo;den fazla<\/td>\n<\/tr>\n<tr>\n<td>IR Mesafesi<\/td>\n<td>30 metreye kadar (98 feet)<\/td>\n<\/tr>\n<tr>\n<td>IR A&ccedil;\u0131k \/ Kapal\u0131 Kontrol<\/td>\n<td>Otomatik \/ Manuel<\/td>\n<\/tr>\n<tr>\n<td>IR LED<\/td>\n<td>18<\/td>\n<\/tr>\n<tr>\n<td><strong>Lens<\/strong><\/td>\n<td colspan=\"1\">&nbsp;<\/td>\n<\/tr>\n<tr>\n<td>Lens Tipi<\/td>\n<td colspan=\"1\">Sabit lens \/ sabit iris<\/td>\n<\/tr>\n<tr>\n<td>Montaj Tipi<\/td>\n<td colspan=\"1\">Board-in<\/td>\n<\/tr>\n<tr>\n<td>Odak Uzakl\u0131\u011f\u0131<\/td>\n<td colspan=\"1\">2.8mm (3.6 mm, 6 mm opsiyonel)<\/td>\n<\/tr>\n<tr>\n<td>Maks. Diyafram<\/td>\n<td>F2.0<\/td>\n<\/tr>\n<tr>\n<td>G&ouml;r&uuml;\u015f A&ccedil;\u0131s\u0131<\/td>\n<td>H: 89.9 &deg; (112 &deg; \/ 54.7 &deg;)<\/td>\n<\/tr>\n<tr>\n<td>Odak Kontrol&uuml;<\/td>\n<td>&ndash;<\/td>\n<\/tr>\n<tr>\n<td>Odak Mesafesini Kapatma<\/td>\n<td>800mm (600 mm \/ 1800 mm)<\/p>\n<p>&nbsp;<\/p>\n<p>31,5 &rdquo; (23,6 &rdquo; \/ 70,9 &rdquo;)<\/p>\n<\/td>\n<\/tr>\n<tr>\n<td><strong>PTZ<\/strong><\/td>\n<td colspan=\"1\">&nbsp;<\/td>\n<\/tr>\n<tr>\n<td>Pan \/ Tilt Aral\u0131\u011f\u0131<\/td>\n<td colspan=\"1\">&nbsp;Pan:0&deg; ~360&deg; ;Tilt:0&deg; ~90&deg; ;D&ouml;nd&uuml;rme:0&deg; ~360&deg;<\/td>\n<\/tr>\n<tr>\n<td><strong>Video<\/strong><\/td>\n<td colspan=\"1\">&nbsp;<\/td>\n<\/tr>\n<tr>\n<td>&Ccedil;&ouml;z&uuml;n&uuml;rl&uuml;k<\/td>\n<td colspan=\"1\">1080P (1920 &times; 1080)<\/td>\n<\/tr>\n<tr>\n<td>Frame Oran\u0131<\/td>\n<td colspan=\"1\">25\/30fps@1080P, 25\/30\/50\/60fps@720P<\/td>\n<\/tr>\n<tr>\n<td>Video &Ccedil;\u0131k\u0131\u015f\u0131<\/td>\n<td colspan=\"1\">1 kanal BNC y&uuml;ksek tan\u0131ml\u0131 video &ccedil;\u0131k\u0131\u015f\u0131 \/ CVBS video &ccedil;\u0131k\u0131\u015f\u0131 (De\u011fi\u015ftirilebilir)<\/td>\n<\/tr>\n<tr>\n<td>G&uuml;nd&uuml;z \/ Gece<\/td>\n<td colspan=\"1\">Otomatik (ICR) \/ Manuel<\/td>\n<\/tr>\n<tr>\n<td>OSD Men&uuml;<\/td>\n<td colspan=\"1\">&Ccedil;oklu dil<\/td>\n<\/tr>\n<tr>\n<td>BLC Modu<\/td>\n<td>BLC \/ HLC \/ WDR<\/td>\n<\/tr>\n<tr>\n<td>WDR<\/td>\n<td>DWDR<\/td>\n<\/tr>\n<tr>\n<td>Kazan&ccedil; Kontrol&uuml;<\/td>\n<td>AGC<\/td>\n<\/tr>\n<tr>\n<td>Parazit Azaltma<\/td>\n<td>2D<\/td>\n<\/tr>\n<tr>\n<td>Beyaz Dengesi<\/td>\n<td>Otomatik \/ manuel<\/td>\n<\/tr>\n<tr>\n<td>Ak\u0131ll\u0131 IR<\/td>\n<td>Otomatik \/ manuel<\/td>\n<\/tr>\n<tr>\n<td><strong>Nesnelerin &Ouml;zellikleri<\/strong><\/td>\n<td>&nbsp;<\/td>\n<\/tr>\n<tr>\n<td>Kablosuz Frekans<\/td>\n<td>433\/868 \/ 915MHz<\/td>\n<\/tr>\n<tr>\n<td>Kablosuz Protokol<\/td>\n<td>Airfly<\/td>\n<\/tr>\n<tr>\n<td>Cihaz Ba\u011flant\u0131s\u0131<\/td>\n<td>32 adete kadar kablosuz cihaz ba\u011flant\u0131s\u0131<\/td>\n<\/tr>\n<tr>\n<td>Kablosuz \u0130letim Mesafesi<\/td>\n<td>100 metreye kadar (a&ccedil;\u0131k alan \/ parazit yok)<\/td>\n<\/tr>\n<tr>\n<td><strong>Sertifikalar<\/strong><\/td>\n<td>&nbsp;<\/td>\n<\/tr>\n<tr>\n<td>Sertifikalar<\/td>\n<td>CE (EN55032, EN55024, EN50130-4)<\/p>\n<p>&nbsp;<\/p>\n<p>FCC (CFR 47 FCC Part 15 altpartB, ANSI C63.4-2014)<\/p>\n<p>UL (UL60950-1 + CAN \/ CSA C22.2 No. 60950-1)<\/p>\n<\/td>\n<\/tr>\n<tr>\n<td><strong>Aray&uuml;z<\/strong><\/td>\n<td>&nbsp;<\/td>\n<\/tr>\n<tr>\n<td>Ses Aray&uuml;z&uuml;<\/td>\n<td>&ndash;<\/td>\n<\/tr>\n<tr>\n<td><strong>G&uuml;&ccedil;<\/strong><\/td>\n<td>&nbsp;<\/td>\n<\/tr>\n<tr>\n<td>G&uuml;&ccedil; Kayna\u011f\u0131<\/td>\n<td>12V DC &plusmn;% 30<\/td>\n<\/tr>\n<tr>\n<td>G&uuml;&ccedil; T&uuml;ketimi<\/td>\n<td>Maksimum 4.4W (12V DC, IR)<\/td>\n<\/tr>\n<tr>\n<td><strong>&Ccedil;evre Ko\u015fullar\u0131<\/strong><\/td>\n<td>&nbsp;<\/td>\n<\/tr>\n<tr>\n<td>&Ccedil;al\u0131\u015fma Ko\u015fullar\u0131<\/td>\n<td>-40 &deg; C ~ 60 &deg; C (-40 &deg; F ~ 140 &deg; F) \/% 90 RH&rsquo;den az<\/p>\n<p>&nbsp;<\/p>\n<p>* Ba\u015flang\u0131&ccedil; \u200b\u200b-40 &deg; C&rsquo;nin &uuml;st&uuml;nde (-40 &deg; F) yap\u0131lmal\u0131d\u0131r.<\/p>\n<\/td>\n<\/tr>\n<tr>\n<td>Dayan\u0131kl\u0131l\u0131k Ko\u015fullar\u0131<\/td>\n<td>-40 &deg; C ~ 60 &deg; C (-40 &deg; F ~ 140 &deg; F) \/% 90 RH&rsquo;den az<\/td>\n<\/tr>\n<tr>\n<td>Koruma ve Dayan\u0131kl\u0131l\u0131k Sertifikas\u0131<\/td>\n<td>IP67<\/td>\n<\/tr>\n<tr>\n<td>Kasa<\/td>\n<td>Plastik<\/td>\n<\/tr>\n<tr>\n<td>Boyutlar<\/td>\n<td>161,9 mm &times; 69,8 mm &times; 69,8 mm<\/td>\n<\/tr>\n<tr>\n<td>Net A\u011f\u0131rl\u0131k<\/td>\n<td>0.22 kg<\/td>\n<\/tr>\n<\/tbody>\n<\/table>\n<p><img loading=\"lazy\" alt=\"\" height=\"200\" sizes=\"(max-width: 500px) 100vw, 500px\" src=\"https:\/\/www.okisan.com\/wp-content\/uploads\/2018\/06\/BOYUTLAR-4-500x200.png\" srcset=\"https:\/\/www.okisan.com\/wp-content\/uploads\/2018\/06\/BOYUTLAR-4-120x48.png 120w, https:\/\/www.okisan.com\/wp-content\/uploads\/2018\/06\/BOYUTLAR-4-150x60.png 150w, https:\/\/www.okisan.com\/wp-content\/uploads\/2018\/06\/BOYUTLAR-4-200x80.png 200w, https:\/\/www.okisan.com\/wp-content\/uploads\/2018\/06\/BOYUTLAR-4-300x120.png 300w, https:\/\/www.okisan.com\/wp-content\/uploads\/2018\/06\/BOYUTLAR-4-400x160.png 400w, https:\/\/www.okisan.com\/wp-content\/uploads\/2018\/06\/BOYUTLAR-4-500x200.png 500w, https:\/\/www.okisan.com\/wp-content\/uploads\/2018\/06\/BOYUTLAR-4-600x240.png 600w, https:\/\/www.okisan.com\/wp-content\/uploads\/2018\/06\/BOYUTLAR-4.png 655w\" width=\"500\" \/><img loading=\"lazy\" alt=\"\" height=\"410\" sizes=\"(max-width: 500px) 100vw, 500px\" src=\"https:\/\/www.okisan.com\/wp-content\/uploads\/2018\/06\/AKSESUARLAR-3-500x410.png\" srcset=\"https:\/\/www.okisan.com\/wp-content\/uploads\/2018\/06\/AKSESUARLAR-3-120x98.png 120w, https:\/\/www.okisan.com\/wp-content\/uploads\/2018\/06\/AKSESUARLAR-3-150x123.png 150w, https:\/\/www.okisan.com\/wp-content\/uploads\/2018\/06\/AKSESUARLAR-3-200x164.png 200w, https:\/\/www.okisan.com\/wp-content\/uploads\/2018\/06\/AKSESUARLAR-3-300x246.png 300w, https:\/\/www.okisan.com\/wp-content\/uploads\/2018\/06\/AKSESUARLAR-3-400x328.png 400w, https:\/\/www.okisan.com\/wp-content\/uploads\/2018\/06\/AKSESUARLAR-3-500x410.png 500w, https:\/\/www.okisan.com\/wp-content\/uploads\/2018\/06\/AKSESUARLAR-3.png 561w\" width=\"500\" \/><\/p>\n","protected":false},"excerpt":{"rendered":"<p>Maks. 30fps@1080P 2.8 mm sabit lens (3.6 mm, 6 mm opsiyonel) Maks.&nbsp;IR uzunlu\u011fu 30m, Ak\u0131ll\u0131 IR Uluslararas\u0131 frekanslar\u0131 destekler: 433\/868 \/ 915Mhz Dahili&nbsp;Airfly&nbsp;al\u0131c\u0131-verici, 32 adede kadar kablosuz eri\u015fim ba\u011flant\u0131s\u0131 100&nbsp;metreye&nbsp;kadar (a&ccedil;\u0131k alan \/ parazit yok) kablosuz alarm iletim mesafesi IP67, DC12V Model Dahua HAC-LC1200SL-W-0280B Teknik &Ouml;zellikleri Kamera &nbsp; G&ouml;r&uuml;nt&uuml; Sens&ouml;r&uuml; 1\/2.7&Prime; CMOS Efektif Piksel 1920(H)&times;1080(V), [&#8230;]\n","protected":false},"featured_media":768,"comment_status":"closed","ping_status":"closed","template":"","meta":[],"_links":{"self":[{"href":"https:\/\/nilbilisim.com.tr\/magaza\/wp-json\/wp\/v2\/product\/767"}],"collection":[{"href":"https:\/\/nilbilisim.com.tr\/magaza\/wp-json\/wp\/v2\/product"}],"about":[{"href":"https:\/\/nilbilisim.com.tr\/magaza\/wp-json\/wp\/v2\/types\/product"}],"replies":[{"embeddable":true,"href":"https:\/\/nilbilisim.com.tr\/magaza\/wp-json\/wp\/v2\/comments?post=767"}],"wp:featuredmedia":[{"embeddable":true,"href":"https:\/\/nilbilisim.com.tr\/magaza\/wp-json\/wp\/v2\/media\/768"}],"wp:attachment":[{"href":"https:\/\/nilbilisim.com.tr\/magaza\/wp-json\/wp\/v2\/media?parent=767"}],"curies":[{"name":"wp","href":"https:\/\/api.w.org\/{rel}","templated":true}]}}