{"id":769,"date":"2021-01-18T21:20:39","date_gmt":"2021-01-18T21:20:39","guid":{"rendered":"https:\/\/nilbilisim.com.tr\/magaza\/urun\/dahua-hac-hf3231ep-2mp-starlight-hdcvi-box-kamera\/"},"modified":"2024-07-01T01:44:20","modified_gmt":"2024-06-30T22:44:20","slug":"dahua-hac-hf3231ep-2mp-starlight-hdcvi-box-kamera","status":"publish","type":"product","link":"https:\/\/nilbilisim.com.tr\/magaza\/urun\/dahua-hac-hf3231ep-2mp-starlight-hdcvi-box-kamera\/","title":{"rendered":"Dahua HAC-HF3231EP 2MP Starlight HDCVI Box Kamera"},"content":{"rendered":"<ul>\n<li>Starlight, 120dB true WDR, 3DNR<\/li>\n<li>Maks. 30fps@1080P<\/li>\n<li>HD ve SD &Ccedil;ift &Ccedil;\u0131k\u0131\u015f<\/li>\n<li>C\/CS lens<\/li>\n<li>AC24V\/DC12V<\/li>\n<\/ul>\n<table border=\"1\" cellpadding=\"5\" cellspacing=\"1\" id=\"table-1\">\n<tbody>\n<tr>\n<td colspan=\"2\"><strong>Dahua HAC-HF3231EP Teknik &Ouml;zellikleri<\/strong><\/td>\n<\/tr>\n<tr>\n<td colspan=\"2\"><strong>Kamera<\/strong><\/td>\n<\/tr>\n<tr>\n<td>G&ouml;r&uuml;nt&uuml; Sens&ouml;r&uuml;<\/td>\n<td>1 \/ 2.8 &ldquo;CMOS<\/td>\n<\/tr>\n<tr>\n<td>Efektif Piksel<\/td>\n<td>1945 (H) &times; 1097 (V), 2.1MP<\/td>\n<\/tr>\n<tr>\n<td>Tarama Sistemi<\/td>\n<td>Progresif<\/td>\n<\/tr>\n<tr>\n<td>Elektronik Shutter H\u0131z\u0131<\/td>\n<td>PAL: 1.3s ~ 1 \/ 30000s<\/p>\n<p>&nbsp;<\/p>\n<p>NTSC: 1s ~ 1 \/ 30000s<\/p>\n<\/td>\n<\/tr>\n<tr>\n<td>Minimum Ayd\u0131nlatma<\/td>\n<td>0.005Lux \/ F1.2 (Renkli), 0.0005Lux \/ F1.2 (S \/ B)<\/td>\n<\/tr>\n<tr>\n<td>S \/ N Oran\u0131<\/td>\n<td>65dB&rsquo;dan fazla<\/td>\n<\/tr>\n<tr>\n<td>IR Mesafesi<\/td>\n<td>&ndash;<\/td>\n<\/tr>\n<tr>\n<td>IR A&ccedil;\u0131k \/ Kapal\u0131 Kontrol<\/td>\n<td>&ndash;<\/td>\n<\/tr>\n<tr>\n<td>IR LED<\/td>\n<td>&ndash;<\/td>\n<\/tr>\n<tr>\n<td colspan=\"2\"><strong>Lens<\/strong><\/td>\n<\/tr>\n<tr>\n<td>Lens Tipi<\/td>\n<td>C \/ CS lens \/ Otomatik iris<\/td>\n<\/tr>\n<tr>\n<td>Montaj Tipi<\/td>\n<td>C \/ CS<\/td>\n<\/tr>\n<tr>\n<td>Odak Uzakl\u0131\u011f\u0131<\/td>\n<td>&ndash;<\/td>\n<\/tr>\n<tr>\n<td>Maks. A&ccedil;\u0131kl\u0131k<\/td>\n<td>&ndash;<\/td>\n<\/tr>\n<tr>\n<td>G&ouml;r&uuml;\u015f A&ccedil;\u0131s\u0131<\/td>\n<td>&ndash;<\/td>\n<\/tr>\n<tr>\n<td>Netlik Ayar\u0131<\/td>\n<td>Otomatik \/ Manuel<\/td>\n<\/tr>\n<tr>\n<td>Yak\u0131n Odak Mesafesi<\/td>\n<td>&ndash;<\/td>\n<\/tr>\n<tr>\n<td colspan=\"2\"><strong>Pan \/ Tilt \/ Flip<\/strong><\/td>\n<\/tr>\n<tr>\n<td>Pan \/ Tilt \/ Flip<\/td>\n<td>&ndash;<\/td>\n<\/tr>\n<tr>\n<td colspan=\"2\"><strong>Video<\/strong><\/td>\n<\/tr>\n<tr>\n<td>&Ccedil;&ouml;z&uuml;n&uuml;rl&uuml;k<\/td>\n<td>1080P (1920 &times; 1080)<\/td>\n<\/tr>\n<tr>\n<td>Frame Oran\u0131<\/td>\n<td>25 \/ 30fps @ 1080P, 25\/30\/50 \/ 60fps @ 720P<\/td>\n<\/tr>\n<tr>\n<td>Video &Ccedil;\u0131k\u0131\u015f\u0131<\/td>\n<td>1 kanal BNC HDCVI y&uuml;ksek tan\u0131ml\u0131 video &ccedil;\u0131k\u0131\u015f\u0131 ve 1 kanal BNC CVBS video &ccedil;\u0131k\u0131\u015f\u0131<\/td>\n<\/tr>\n<tr>\n<td>G&uuml;nd&uuml;z \/ Gece<\/td>\n<td>Otomatik (ICR) \/ Manuel<\/td>\n<\/tr>\n<tr>\n<td>OSD Men&uuml;<\/td>\n<td>&Ccedil;oklu dil<\/td>\n<\/tr>\n<tr>\n<td>BLC Modu<\/td>\n<td>BLC \/ HLC \/ WDR<\/td>\n<\/tr>\n<tr>\n<td>WDR<\/td>\n<td>120dB<\/td>\n<\/tr>\n<tr>\n<td>Kazan&ccedil; Kontrol&uuml;<\/td>\n<td>AGC<\/td>\n<\/tr>\n<tr>\n<td>Parazit Azaltma<\/td>\n<td>2D \/ 3D<\/td>\n<\/tr>\n<tr>\n<td>Beyaz Dengesi<\/td>\n<td>Otomatik \/ Manuel<\/td>\n<\/tr>\n<tr>\n<td>Ak\u0131ll\u0131 IR<\/td>\n<td>&ndash;<\/td>\n<\/tr>\n<tr>\n<td><strong>Sertifikalar<\/strong><\/td>\n<td>&nbsp;<\/td>\n<\/tr>\n<tr>\n<td>Sertifikalar<\/td>\n<td>CE (EN55032, EN55024, EN50130-4)<\/p>\n<p>&nbsp;<\/p>\n<p>FCC (CFR 47 FCC B&ouml;l&uuml;m 15 alt b&ouml;l&uuml;m B, ANSI C63.4-2014)<\/p>\n<p>UL (UL60950-1 + CAN \/ CSA C22.2 No.60950-1)<\/p>\n<\/td>\n<\/tr>\n<\/tbody>\n<\/table>\n<table border=\"1\" cellpadding=\"5\" cellspacing=\"1\" id=\"table-2\">\n<tbody>\n<tr>\n<td colspan=\"2\"><strong>Aray&uuml;z<\/strong><\/td>\n<\/tr>\n<tr>\n<td>Ses Arabirimi<\/td>\n<td>1 Kanal Giri\u015f<\/td>\n<\/tr>\n<tr>\n<td>Alarm Aray&uuml;z<\/td>\n<td>2 Kanal Giri\u015f &amp; 1 Kanal &Ccedil;\u0131k\u0131\u015f<\/td>\n<\/tr>\n<tr>\n<td colspan=\"2\"><strong>G&uuml;&ccedil;<\/strong><\/td>\n<\/tr>\n<tr>\n<td>G&uuml;&ccedil; Kayna\u011f\u0131<\/td>\n<td>AC 24V &plusmn;% 25 \/ DC 12V &plusmn;% 25<\/td>\n<\/tr>\n<tr>\n<td>G&uuml;&ccedil; T&uuml;ketimi<\/td>\n<td>Max 4.7W (12V DC, IR)<\/td>\n<\/tr>\n<tr>\n<td colspan=\"2\"><strong>&Ccedil;al\u0131\u015fma Ortam\u0131<\/strong><\/td>\n<\/tr>\n<tr>\n<td>&Ccedil;al\u0131\u015fma Ko\u015fullar\u0131<\/td>\n<td>-30 &deg; C ~ + 60 &deg; C (-22 &deg; F ~ + 140 &deg; F) \/ az% 90 RH<\/td>\n<\/tr>\n<tr>\n<td>Dayan\u0131kl\u0131l\u0131k Ko\u015fullar\u0131<\/td>\n<td>-30 &deg; C ~ + 60 &deg; C (-22 &deg; F ~ + 140 &deg; F) \/ az% 90 RH<\/td>\n<\/tr>\n<tr>\n<td>Koruma Sertifikas\u0131 Ve Dayan\u0131kl\u0131l\u0131k Sertifikas\u0131<\/td>\n<td>&ndash;<\/td>\n<\/tr>\n<tr>\n<td colspan=\"2\"><strong>Kasa<\/strong><\/td>\n<\/tr>\n<tr>\n<td>Kasa<\/td>\n<td>Al&uuml;minyum<\/td>\n<\/tr>\n<tr>\n<td>Boyutlar<\/td>\n<td>135.4mm x&nbsp; 74.4mm &times; 65.5mm<\/td>\n<\/tr>\n<tr>\n<td>Net A\u011f\u0131rl\u0131k<\/td>\n<td>0.49kg<\/td>\n<\/tr>\n<\/tbody>\n<\/table>\n<p><img loading=\"lazy\" alt=\"hac-hf3231epboyutlar\" height=\"146\" src=\"http:\/\/www.okisan.com\/wp-content\/uploads\/2016\/05\/HAC-HF3231EPboyutlar-500x214.png\" width=\"413\" \/><img loading=\"lazy\" alt=\"hac-hf3231ep-aksesuarlar\" height=\"307\" sizes=\"(max-width: 428px) 100vw, 428px\" src=\"http:\/\/www.okisan.com\/wp-content\/uploads\/2016\/05\/HAC-HF3231EP-aksesuarlar-500x394.png\" srcset=\"https:\/\/www.okisan.com\/wp-content\/uploads\/2016\/05\/HAC-HF3231EP-aksesuarlar-300x214.png 300w, https:\/\/www.okisan.com\/wp-content\/uploads\/2016\/05\/HAC-HF3231EP-aksesuarlar.png 528w\" width=\"428\" \/><\/p>\n","protected":false},"excerpt":{"rendered":"<p>Starlight, 120dB true WDR, 3DNR Maks. 30fps@1080P HD ve SD &Ccedil;ift &Ccedil;\u0131k\u0131\u015f C\/CS lens AC24V\/DC12V Dahua HAC-HF3231EP Teknik &Ouml;zellikleri Kamera G&ouml;r&uuml;nt&uuml; Sens&ouml;r&uuml; 1 \/ 2.8 &ldquo;CMOS Efektif Piksel 1945 (H) &times; 1097 (V), 2.1MP Tarama Sistemi Progresif Elektronik Shutter H\u0131z\u0131 PAL: 1.3s ~ 1 \/ 30000s &nbsp; NTSC: 1s ~ 1 \/ 30000s Minimum Ayd\u0131nlatma [&#8230;]\n","protected":false},"featured_media":770,"comment_status":"closed","ping_status":"closed","template":"","meta":[],"_links":{"self":[{"href":"https:\/\/nilbilisim.com.tr\/magaza\/wp-json\/wp\/v2\/product\/769"}],"collection":[{"href":"https:\/\/nilbilisim.com.tr\/magaza\/wp-json\/wp\/v2\/product"}],"about":[{"href":"https:\/\/nilbilisim.com.tr\/magaza\/wp-json\/wp\/v2\/types\/product"}],"replies":[{"embeddable":true,"href":"https:\/\/nilbilisim.com.tr\/magaza\/wp-json\/wp\/v2\/comments?post=769"}],"wp:featuredmedia":[{"embeddable":true,"href":"https:\/\/nilbilisim.com.tr\/magaza\/wp-json\/wp\/v2\/media\/770"}],"wp:attachment":[{"href":"https:\/\/nilbilisim.com.tr\/magaza\/wp-json\/wp\/v2\/media?parent=769"}],"curies":[{"name":"wp","href":"https:\/\/api.w.org\/{rel}","templated":true}]}}