{"id":775,"date":"2021-01-18T21:21:14","date_gmt":"2021-01-18T21:21:14","guid":{"rendered":"https:\/\/nilbilisim.com.tr\/magaza\/urun\/dahua-hac-hfw1400sp-poc-0360b-4mp-hdcvi-poc-ir-bullet-kamera\/"},"modified":"2024-07-01T01:44:19","modified_gmt":"2024-06-30T22:44:19","slug":"dahua-hac-hfw1400sp-poc-0360b-4mp-hdcvi-poc-ir-bullet-kamera","status":"publish","type":"product","link":"https:\/\/nilbilisim.com.tr\/magaza\/urun\/dahua-hac-hfw1400sp-poc-0360b-4mp-hdcvi-poc-ir-bullet-kamera\/","title":{"rendered":"Dahua HAC-HFW1400SP-POC-0360B 4MP HDCVI PoC IR Bullet Kamera"},"content":{"rendered":"<table border=\"1\" cellpadding=\"5\" cellspacing=\"1\" id=\"table-1\">\n<tbody>\n<tr>\n<td colspan=\"2\"><strong>Dahua HAC-HFW1400SP-POC-0360B Teknik &Ouml;zellikleri<\/strong><\/td>\n<\/tr>\n<tr>\n<td colspan=\"2\"><strong>Kamera<\/strong><\/td>\n<\/tr>\n<tr>\n<td>G&ouml;r&uuml;nt&uuml; Sens&ouml;r&uuml;<\/td>\n<td>1\/3 &ldquo;CMOS<\/td>\n<\/tr>\n<tr>\n<td>Efektif Piksel<\/td>\n<td>2688 (H) &times; 1520 (V), 4.1 MP<\/td>\n<\/tr>\n<tr>\n<td>Tarama Sistemi<\/td>\n<td>Progresif<\/td>\n<\/tr>\n<tr>\n<td>Elektronik Shutter H\u0131z\u0131<\/td>\n<td>PAL: 1\/25 ~ 1 \/ 100000s<\/p>\n<p>&nbsp;<\/p>\n<p>NTSC: 1\/30 ~ 1 \/ 100000s<\/p>\n<\/td>\n<\/tr>\n<tr>\n<td>Minimum Ayd\u0131nlatma<\/td>\n<td>0.03Lux \/ F1.9, 30IRE, 0Lux IR<\/td>\n<\/tr>\n<tr>\n<td>S \/ N Oran\u0131<\/td>\n<td>65dB&rsquo;dan fazla<\/td>\n<\/tr>\n<tr>\n<td>IR Mesafesi<\/td>\n<td>30m kadar (98feet)<\/td>\n<\/tr>\n<tr>\n<td>IR A&ccedil;\u0131k \/ Kapal\u0131 Kontrol<\/td>\n<td>Otomatik \/ Manuel<\/td>\n<\/tr>\n<tr>\n<td>IR LED<\/td>\n<td>18<\/td>\n<\/tr>\n<tr>\n<td colspan=\"2\"><strong>Lens<\/strong><\/td>\n<\/tr>\n<tr>\n<td>Lens Tipi<\/td>\n<td>Sabit lens \/ Sabit iris<\/td>\n<\/tr>\n<tr>\n<td>Montaj Tipi<\/td>\n<td>Board-in<\/td>\n<\/tr>\n<tr>\n<td>Odak Uzakl\u0131\u011f\u0131<\/td>\n<td>3.6mm (2.8mm, 6mm Opsiyonel)<\/td>\n<\/tr>\n<tr>\n<td>Maks. A&ccedil;\u0131kl\u0131k<\/td>\n<td>F1.9<\/td>\n<\/tr>\n<tr>\n<td>G&ouml;r&uuml;\u015f A&ccedil;\u0131s\u0131<\/td>\n<td>H: 78 &deg; (99.7 &deg; \/ 48.6 &deg;)<\/td>\n<\/tr>\n<tr>\n<td>Netlik Ayar\u0131<\/td>\n<td>&ndash;<\/td>\n<\/tr>\n<tr>\n<td>Yak\u0131n Odak Mesafesi<\/td>\n<td>1100 mm (800&nbsp;mm&nbsp;\/&nbsp;2600 mm)<\/p>\n<p>&nbsp;<\/p>\n<p>43,3 &rdquo; (31,5 &rdquo; \/ 102,4 &rdquo;)<\/p>\n<\/td>\n<\/tr>\n<tr>\n<td><strong>Pan \/ Tilt \/ D&ouml;nd&uuml;rme<\/strong><\/td>\n<td>&nbsp;<\/td>\n<\/tr>\n<tr>\n<td>Pan \/ Tilt \/ D&ouml;nd&uuml;rme<\/td>\n<td>Pan: 0&deg; ~ 360&deg;<\/p>\n<p>&nbsp;<\/p>\n<p>Tilt: 0&deg; ~ 90&deg;<\/p>\n<p>D&ouml;nd&uuml;rme: 0&deg; ~ 360&deg;<\/p>\n<\/td>\n<\/tr>\n<tr>\n<td colspan=\"2\"><strong>Video<\/strong><\/td>\n<\/tr>\n<tr>\n<td>&Ccedil;&ouml;z&uuml;n&uuml;rl&uuml;k<\/td>\n<td>4 MP (2560 &times; 1440)<\/td>\n<\/tr>\n<tr>\n<td>Frame Oran\u0131<\/td>\n<td>25\/30fps@4MP, 25\/30fps@1080P, 25\/30fps@720P<\/td>\n<\/tr>\n<tr>\n<td>Video &Ccedil;\u0131k\u0131\u015f\u0131<\/td>\n<td>1 kanal BNC y&uuml;ksek &ccedil;&ouml;z&uuml;n&uuml;rl&uuml;kl&uuml; video &ccedil;\u0131k\u0131\u015f\u0131 \/ CVBS video &ccedil;\u0131k\u0131\u015f\u0131 (De\u011fi\u015ftirilebilir)<\/td>\n<\/tr>\n<tr>\n<td>G&uuml;nd&uuml;z \/ Gece<\/td>\n<td>Otomatik (ICR) \/ Manuel<\/td>\n<\/tr>\n<tr>\n<td>OSD Men&uuml;<\/td>\n<td>&Ccedil;oklu dil<\/td>\n<\/tr>\n<tr>\n<td>BLC Modu<\/td>\n<td>BLC \/ HLC \/ DWDR<\/td>\n<\/tr>\n<tr>\n<td>WDR<\/td>\n<td>DWDR<\/td>\n<\/tr>\n<tr>\n<td>Kazan&ccedil; Kontrol&uuml;<\/td>\n<td>AGC<\/td>\n<\/tr>\n<tr>\n<td>Parazit Azaltma<\/td>\n<td>2D<\/td>\n<\/tr>\n<tr>\n<td>Beyaz Dengesi<\/td>\n<td>Otomatik \/ Manuel<\/td>\n<\/tr>\n<tr>\n<td>Ak\u0131ll\u0131 IR<\/td>\n<td>Otomatik \/ Manuel<\/td>\n<\/tr>\n<tr>\n<td><strong>Sertifikalar<\/strong><\/td>\n<td>&nbsp;<\/td>\n<\/tr>\n<tr>\n<td>Sertifikalar<\/td>\n<td>CE (EN55032, EN55024, EN50130-4)<\/p>\n<p>&nbsp;<\/p>\n<p>FCC (CFR 47 FCC Part 15 altpartB, ANSI C63.4-2014)<\/p>\n<p>UL (UL60950-1 + CAN \/ CSA C22.2 No. 60950-1)<\/p>\n<\/td>\n<\/tr>\n<\/tbody>\n<\/table>\n<table border=\"1\" cellpadding=\"5\" cellspacing=\"1\" id=\"table-2\">\n<tbody>\n<tr>\n<td colspan=\"2\"><strong>Aray&uuml;z<\/strong><\/td>\n<\/tr>\n<tr>\n<td>Ses Aray&uuml;z<\/td>\n<td>&ndash;<\/td>\n<\/tr>\n<tr>\n<td colspan=\"2\"><strong>G&uuml;&ccedil;<\/strong><\/td>\n<\/tr>\n<tr>\n<td>G&uuml;&ccedil; Kayna\u011f\u0131<\/td>\n<td>POC \/ 12V DC &plusmn;% 25<\/td>\n<\/tr>\n<tr>\n<td>G&uuml;&ccedil; T&uuml;ketimi<\/td>\n<td>Maksimum 4.4W (12V DC, IR)<\/td>\n<\/tr>\n<tr>\n<td colspan=\"2\"><strong>&Ccedil;evre Ko\u015fullar\u0131<\/strong><\/td>\n<\/tr>\n<tr>\n<td>&Ccedil;al\u0131\u015fma Ko\u015fullar\u0131<\/td>\n<td>-40 &deg; C ~ 60 &deg; C (-40 &deg; F ~ 140 &deg; F) \/% 90 RH&rsquo;den az<\/p>\n<p>&nbsp;<\/p>\n<p>* Ba\u015flang\u0131&ccedil; \u200b\u200b-40 &deg; C&rsquo;nin &uuml;st&uuml;nde (-40 &deg; F) yap\u0131lmal\u0131d\u0131r.<\/p>\n<\/td>\n<\/tr>\n<tr>\n<td>Dayan\u0131kl\u0131l\u0131k Ko\u015fullar\u0131<\/td>\n<td>-40 &deg; C ~ 60 &deg; C (-40 &deg; F ~ 140 &deg; F) \/% 90 RH&rsquo;den az<\/td>\n<\/tr>\n<tr>\n<td>Koruma Sertifikas\u0131<\/td>\n<td>IP67<\/td>\n<\/tr>\n<tr>\n<td colspan=\"2\"><strong>Kasa<\/strong><\/td>\n<\/tr>\n<tr>\n<td>Kasa<\/td>\n<td>Al&uuml;minyum<\/td>\n<\/tr>\n<tr>\n<td>Boyutlar<\/td>\n<td>164.7mm x&nbsp; 70mm &times; 71.6mm<\/td>\n<\/tr>\n<tr>\n<td>Net A\u011f\u0131rl\u0131k<\/td>\n<td>0,39 kg<\/td>\n<\/tr>\n<\/tbody>\n<\/table>\n<p><img loading=\"lazy\" alt=\"\" height=\"195\" sizes=\"(max-width: 500px) 100vw, 500px\" src=\"https:\/\/www.okisan.com\/wp-content\/uploads\/2016\/05\/HAC-HFW1200SP-0360B-S3-1-500x195.png\" srcset=\"https:\/\/www.okisan.com\/wp-content\/uploads\/2016\/05\/HAC-HFW1200SP-0360B-S3-1-120x47.png 120w, https:\/\/www.okisan.com\/wp-content\/uploads\/2016\/05\/HAC-HFW1200SP-0360B-S3-1-150x59.png 150w, https:\/\/www.okisan.com\/wp-content\/uploads\/2016\/05\/HAC-HFW1200SP-0360B-S3-1-200x78.png 200w, https:\/\/www.okisan.com\/wp-content\/uploads\/2016\/05\/HAC-HFW1200SP-0360B-S3-1-300x117.png 300w, https:\/\/www.okisan.com\/wp-content\/uploads\/2016\/05\/HAC-HFW1200SP-0360B-S3-1-400x156.png 400w, https:\/\/www.okisan.com\/wp-content\/uploads\/2016\/05\/HAC-HFW1200SP-0360B-S3-1-500x195.png 500w, https:\/\/www.okisan.com\/wp-content\/uploads\/2016\/05\/HAC-HFW1200SP-0360B-S3-1-600x234.png 600w, https:\/\/www.okisan.com\/wp-content\/uploads\/2016\/05\/HAC-HFW1200SP-0360B-S3-1.png 628w\" width=\"500\" \/><img loading=\"lazy\" alt=\"\" height=\"418\" sizes=\"(max-width: 500px) 100vw, 500px\" src=\"https:\/\/www.okisan.com\/wp-content\/uploads\/2016\/05\/HAC-HFW1200SP-0360B-S3-A-1-500x418.png\" srcset=\"https:\/\/www.okisan.com\/wp-content\/uploads\/2016\/05\/HAC-HFW1200SP-0360B-S3-A-1-120x100.png 120w, https:\/\/www.okisan.com\/wp-content\/uploads\/2016\/05\/HAC-HFW1200SP-0360B-S3-A-1-150x125.png 150w, https:\/\/www.okisan.com\/wp-content\/uploads\/2016\/05\/HAC-HFW1200SP-0360B-S3-A-1-200x167.png 200w, https:\/\/www.okisan.com\/wp-content\/uploads\/2016\/05\/HAC-HFW1200SP-0360B-S3-A-1-300x251.png 300w, https:\/\/www.okisan.com\/wp-content\/uploads\/2016\/05\/HAC-HFW1200SP-0360B-S3-A-1-400x334.png 400w, https:\/\/www.okisan.com\/wp-content\/uploads\/2016\/05\/HAC-HFW1200SP-0360B-S3-A-1-500x418.png 500w, https:\/\/www.okisan.com\/wp-content\/uploads\/2016\/05\/HAC-HFW1200SP-0360B-S3-A-1.png 549w\" width=\"500\" \/><\/p>\n","protected":false},"excerpt":{"rendered":"<p>Dahua HAC-HFW1400SP-POC-0360B Teknik &Ouml;zellikleri Kamera G&ouml;r&uuml;nt&uuml; Sens&ouml;r&uuml; 1\/3 &ldquo;CMOS Efektif Piksel 2688 (H) &times; 1520 (V), 4.1 MP Tarama Sistemi Progresif Elektronik Shutter H\u0131z\u0131 PAL: 1\/25 ~ 1 \/ 100000s &nbsp; NTSC: 1\/30 ~ 1 \/ 100000s Minimum Ayd\u0131nlatma 0.03Lux \/ F1.9, 30IRE, 0Lux IR S \/ N Oran\u0131 65dB&rsquo;dan fazla IR Mesafesi 30m kadar [&#8230;]\n","protected":false},"featured_media":776,"comment_status":"closed","ping_status":"closed","template":"","meta":[],"_links":{"self":[{"href":"https:\/\/nilbilisim.com.tr\/magaza\/wp-json\/wp\/v2\/product\/775"}],"collection":[{"href":"https:\/\/nilbilisim.com.tr\/magaza\/wp-json\/wp\/v2\/product"}],"about":[{"href":"https:\/\/nilbilisim.com.tr\/magaza\/wp-json\/wp\/v2\/types\/product"}],"replies":[{"embeddable":true,"href":"https:\/\/nilbilisim.com.tr\/magaza\/wp-json\/wp\/v2\/comments?post=775"}],"wp:featuredmedia":[{"embeddable":true,"href":"https:\/\/nilbilisim.com.tr\/magaza\/wp-json\/wp\/v2\/media\/776"}],"wp:attachment":[{"href":"https:\/\/nilbilisim.com.tr\/magaza\/wp-json\/wp\/v2\/media?parent=775"}],"curies":[{"name":"wp","href":"https:\/\/api.w.org\/{rel}","templated":true}]}}