{"id":787,"date":"2021-01-18T21:22:55","date_gmt":"2021-01-18T21:22:55","guid":{"rendered":"https:\/\/nilbilisim.com.tr\/magaza\/urun\/dahua-hac-hdw1400emp-poc-0280b-4mp-hdcvi-poc-ir-eieball-kamera\/"},"modified":"2024-07-01T01:44:17","modified_gmt":"2024-06-30T22:44:17","slug":"dahua-hac-hdw1400emp-poc-0280b-4mp-hdcvi-poc-ir-eieball-kamera","status":"publish","type":"product","link":"https:\/\/nilbilisim.com.tr\/magaza\/urun\/dahua-hac-hdw1400emp-poc-0280b-4mp-hdcvi-poc-ir-eieball-kamera\/","title":{"rendered":"Dahua HAC-HDW1400EMP-POC-0280B 4MP HDCVI PoC IR Eyeball Kamera"},"content":{"rendered":"<ul>\n<li>Maks. 30fps@4MP<\/li>\n<li>HD ve SD &ccedil;\u0131k\u0131\u015fl\u0131&nbsp;de\u011fi\u015ftirilebilir<\/li>\n<li>2.8mm sabit lens (3.6mm, 6mm opsiyonel)<\/li>\n<li>Maks. IR uzunlu\u011fu 50m, Ak\u0131ll\u0131 IR<\/li>\n<li>IP67, POC \/ DC12V<\/li>\n<\/ul>\n<table border=\"1\" cellpadding=\"5\" cellspacing=\"1\">\n<tbody>\n<tr>\n<td><strong>Model<\/strong><\/td>\n<td><strong>Dahua HAC-HDW1400EMP-POC-0280B Teknik &Ouml;zellikleri<\/strong><\/td>\n<\/tr>\n<tr>\n<td><strong>Kamera<\/strong><\/td>\n<td>&nbsp;<\/td>\n<\/tr>\n<tr>\n<td>G&ouml;r&uuml;nt&uuml; Sens&ouml;r&uuml;<\/td>\n<td>1\/3 &ldquo;CMOS<\/td>\n<\/tr>\n<tr>\n<td>Efektif Piksel<\/td>\n<td>2688 (H) &times; 1520 (V), 4.1 MP<\/td>\n<\/tr>\n<tr>\n<td>Tarama Sistemi<\/td>\n<td>Progresif<\/td>\n<\/tr>\n<tr>\n<td>Elektronik Shutter H\u0131z\u0131<\/td>\n<td>PAL: 1\/25 ~ 1 \/ 100000s<\/p>\n<p>&nbsp;<\/p>\n<p>NTSC: 1\/30 ~ 1 \/ 100000s<\/p>\n<\/td>\n<\/tr>\n<tr>\n<td>Min. Ayd\u0131nlatma<\/td>\n<td>0.03Lux \/ F1.9, 30IRE, 0Lux IR<\/td>\n<\/tr>\n<tr>\n<td>S\/N &nbsp;Oran\u0131<\/td>\n<td>65 dB &lsquo;den fazla<\/td>\n<\/tr>\n<tr>\n<td>IR Mesafesi<\/td>\n<td>50m&rsquo;ye (164 feet) kadar<\/td>\n<\/tr>\n<tr>\n<td>IR A&ccedil;ma \/ Kapama Kontrol&uuml;<\/td>\n<td>Otomatik \/ Manuel<\/td>\n<\/tr>\n<tr>\n<td>IR LED<\/td>\n<td>1<\/td>\n<\/tr>\n<tr>\n<td><strong>Lens<\/strong><\/td>\n<td>&nbsp;<\/td>\n<\/tr>\n<tr>\n<td>Lens Tipi<\/td>\n<td>Sabit Lens \/ Sabit \u0130ris<\/td>\n<\/tr>\n<tr>\n<td>Montaj Tipi<\/td>\n<td>Board-in<\/td>\n<\/tr>\n<tr>\n<td>Odak Uzakl\u0131\u011f\u0131<\/td>\n<td>2.8mm (3.6mm, 6mm Opsiyonel)<\/td>\n<\/tr>\n<tr>\n<td>Maks. Diyafram<\/td>\n<td>F1.9<\/td>\n<\/tr>\n<tr>\n<td>G&ouml;r&uuml;\u015f A&ccedil;\u0131s\u0131<\/td>\n<td>H: 78 &deg; (99.7 &deg; \/ 48.6 &deg;)<\/td>\n<\/tr>\n<tr>\n<td>Odak Kontrol&uuml;<\/td>\n<td>&ndash;<\/td>\n<\/tr>\n<tr>\n<td>Yak\u0131n Odak Mesafesi<\/td>\n<td>1100 mm (800&nbsp;mm&nbsp;\/&nbsp;2600 mm)<\/p>\n<p>&nbsp;<\/p>\n<p>43,3 &rdquo; (31,5 &rdquo; \/ 102,4 &rdquo;)<\/p>\n<\/td>\n<\/tr>\n<tr>\n<td><strong>Pan \/ Tilt \/ D&ouml;nd&uuml;rme<\/strong><\/td>\n<td>&nbsp;<\/td>\n<\/tr>\n<tr>\n<td>Pan \/ Tilt \/ D&ouml;nd&uuml;rme<\/td>\n<td>Pan: 0&deg; ~ 360&deg;<\/p>\n<p>&nbsp;<\/p>\n<p>Tilt: 0&deg; ~ 78&deg;<\/p>\n<p>D&ouml;nd&uuml;rme: 0&deg; ~ 360&deg;<\/p>\n<\/td>\n<\/tr>\n<tr>\n<td><strong>Video<\/strong><\/td>\n<td>&nbsp;<\/td>\n<\/tr>\n<tr>\n<td>&Ccedil;&ouml;z&uuml;n&uuml;rl&uuml;k<\/td>\n<td>4 MP (2560 &times; 1440)<\/td>\n<\/tr>\n<tr>\n<td>Frame Oran\u0131<\/td>\n<td>25\/30fps@4MP, 25\/30fps@1080P, 25\/30fps@720P<\/td>\n<\/tr>\n<tr>\n<td>Video &Ccedil;\u0131k\u0131\u015f\u0131<\/td>\n<td>1 kanal BNC y&uuml;ksek &ccedil;&ouml;z&uuml;n&uuml;rl&uuml;kl&uuml; video &ccedil;\u0131k\u0131\u015f\u0131 \/ CVBS video &ccedil;\u0131k\u0131\u015f\u0131 (De\u011fi\u015ftirilebilir)<\/td>\n<\/tr>\n<tr>\n<td>G&uuml;nd&uuml;z Gece<\/td>\n<td>Otomatik (ICR) \/ Manuel<\/td>\n<\/tr>\n<tr>\n<td>OSD Men&uuml;s&uuml;<\/td>\n<td>&Ccedil;oklu dil<\/td>\n<\/tr>\n<tr>\n<td>BLC Modu<\/td>\n<td>BLC \/ HLC \/ DWDR<\/td>\n<\/tr>\n<tr>\n<td>WDR<\/td>\n<td>DWDR<\/td>\n<\/tr>\n<tr>\n<td>Kazan&ccedil; Kontrol&uuml;<\/td>\n<td>AGC<\/td>\n<\/tr>\n<tr>\n<td>Parazit Azaltma<\/td>\n<td>2D<\/td>\n<\/tr>\n<tr>\n<td>Beyaz Dengesi<\/td>\n<td>Otomatik \/ Manuel<\/td>\n<\/tr>\n<tr>\n<td>Ak\u0131ll\u0131 IR<\/td>\n<td>Otomatik \/ Manuel<\/td>\n<\/tr>\n<tr>\n<td><strong>Sertifikalar<\/strong><\/td>\n<td>&nbsp;<\/td>\n<\/tr>\n<tr>\n<td>Sertifikalar<\/td>\n<td>CE (EN55032, EN55024, EN50130-4)<\/p>\n<p>&nbsp;<\/p>\n<p>FCC (CFR 47 FCC Part 15 altpartB, ANSI C63.4-2014)<\/p>\n<p>UL (UL60950-1 + CAN \/ CSA C22.2 No. 60950-1)<\/p>\n<\/td>\n<\/tr>\n<tr>\n<td><strong>Aray&uuml;z<\/strong><\/td>\n<td>&nbsp;<\/td>\n<\/tr>\n<tr>\n<td>Ses Aray&uuml;z&uuml;<\/td>\n<td>&ndash;<\/td>\n<\/tr>\n<tr>\n<td><strong>G&uuml;&ccedil;<\/strong><\/td>\n<td>&nbsp;<\/td>\n<\/tr>\n<tr>\n<td>G&uuml;&ccedil; Kayna\u011f\u0131<\/td>\n<td>POC \/ 12V DC &plusmn;% 25<\/td>\n<\/tr>\n<tr>\n<td>G&uuml;&ccedil; T&uuml;ketimi<\/td>\n<td>Maksimum 4.6W (12V DC, IR)<\/td>\n<\/tr>\n<tr>\n<td><strong>&Ccedil;evre Ko\u015fullar\u0131<\/strong><\/td>\n<td>&nbsp;<\/td>\n<\/tr>\n<tr>\n<td>&Ccedil;al\u0131\u015fma Ko\u015fullar\u0131<\/td>\n<td>-40 &deg; C ~ 60 &deg; C (-40 &deg; F ~ 140 &deg; F) \/% 90 RH&rsquo;den d&uuml;\u015f&uuml;k<br \/>\n\t\t\t* &Ccedil;al\u0131\u015ft\u0131rma -40 &deg; C&rsquo;nin &uuml;st&uuml;nde (-40 &deg; F) yap\u0131lmal\u0131d\u0131r.<\/td>\n<\/tr>\n<tr>\n<td>Dayan\u0131kl\u0131l\u0131k Ko\u015fullar\u0131<\/td>\n<td>-40 &deg; C ~ 60 &deg; C (-40 &deg; F ~ 140 &deg; F) \/% 90 RH&rsquo;den az<\/td>\n<\/tr>\n<tr>\n<td>Koruma ve Dayan\u0131kl\u0131l\u0131k Sertifikas\u0131<\/td>\n<td>IP67<\/td>\n<\/tr>\n<tr>\n<td>Kasa<\/td>\n<td>Al&uuml;minyum<\/td>\n<\/tr>\n<tr>\n<td>Boyutlar<\/td>\n<td>&Phi;106mm x 93,7mm<\/td>\n<\/tr>\n<tr>\n<td>Net A\u011f\u0131rl\u0131k<\/td>\n<td>0,43 kg<\/td>\n<\/tr>\n<\/tbody>\n<\/table>\n<p>&nbsp;<\/p>\n<p><img loading=\"lazy\" alt=\"\" height=\"209\" sizes=\"(max-width: 500px) 100vw, 500px\" src=\"https:\/\/www.okisan.com\/wp-content\/uploads\/2016\/05\/HAC-HDW1200EMP-A-0360B-boyutlar-1-500x209.png\" srcset=\"https:\/\/www.okisan.com\/wp-content\/uploads\/2016\/05\/HAC-HDW1200EMP-A-0360B-boyutlar-1-120x50.png 120w, https:\/\/www.okisan.com\/wp-content\/uploads\/2016\/05\/HAC-HDW1200EMP-A-0360B-boyutlar-1-150x63.png 150w, https:\/\/www.okisan.com\/wp-content\/uploads\/2016\/05\/HAC-HDW1200EMP-A-0360B-boyutlar-1-200x84.png 200w, https:\/\/www.okisan.com\/wp-content\/uploads\/2016\/05\/HAC-HDW1200EMP-A-0360B-boyutlar-1-300x126.png 300w, https:\/\/www.okisan.com\/wp-content\/uploads\/2016\/05\/HAC-HDW1200EMP-A-0360B-boyutlar-1-400x168.png 400w, https:\/\/www.okisan.com\/wp-content\/uploads\/2016\/05\/HAC-HDW1200EMP-A-0360B-boyutlar-1-500x209.png 500w, https:\/\/www.okisan.com\/wp-content\/uploads\/2016\/05\/HAC-HDW1200EMP-A-0360B-boyutlar-1-600x251.png 600w, https:\/\/www.okisan.com\/wp-content\/uploads\/2016\/05\/HAC-HDW1200EMP-A-0360B-boyutlar-1-768x322.png 768w, https:\/\/www.okisan.com\/wp-content\/uploads\/2016\/05\/HAC-HDW1200EMP-A-0360B-boyutlar-1-800x335.png 800w, https:\/\/www.okisan.com\/wp-content\/uploads\/2016\/05\/HAC-HDW1200EMP-A-0360B-boyutlar-1.png 876w\" width=\"500\" \/>&nbsp;<img loading=\"lazy\" alt=\"\" height=\"418\" sizes=\"(max-width: 435px) 100vw, 435px\" src=\"https:\/\/www.okisan.com\/wp-content\/uploads\/2018\/06\/HAC-HDW1200EMP-POC-0360B.png\" srcset=\"https:\/\/www.okisan.com\/wp-content\/uploads\/2018\/06\/HAC-HDW1200EMP-POC-0360B-120x115.png 120w, https:\/\/www.okisan.com\/wp-content\/uploads\/2018\/06\/HAC-HDW1200EMP-POC-0360B-150x144.png 150w, https:\/\/www.okisan.com\/wp-content\/uploads\/2018\/06\/HAC-HDW1200EMP-POC-0360B-200x192.png 200w, https:\/\/www.okisan.com\/wp-content\/uploads\/2018\/06\/HAC-HDW1200EMP-POC-0360B-300x288.png 300w, https:\/\/www.okisan.com\/wp-content\/uploads\/2018\/06\/HAC-HDW1200EMP-POC-0360B-400x384.png 400w, https:\/\/www.okisan.com\/wp-content\/uploads\/2018\/06\/HAC-HDW1200EMP-POC-0360B.png 435w\" width=\"435\" \/><\/p>\n","protected":false},"excerpt":{"rendered":"<p>Maks. 30fps@4MP HD ve SD &ccedil;\u0131k\u0131\u015fl\u0131&nbsp;de\u011fi\u015ftirilebilir 2.8mm sabit lens (3.6mm, 6mm opsiyonel) Maks. IR uzunlu\u011fu 50m, Ak\u0131ll\u0131 IR IP67, POC \/ DC12V Model Dahua HAC-HDW1400EMP-POC-0280B Teknik &Ouml;zellikleri Kamera &nbsp; G&ouml;r&uuml;nt&uuml; Sens&ouml;r&uuml; 1\/3 &ldquo;CMOS Efektif Piksel 2688 (H) &times; 1520 (V), 4.1 MP Tarama Sistemi Progresif Elektronik Shutter H\u0131z\u0131 PAL: 1\/25 ~ 1 \/ 100000s &nbsp; [&#8230;]\n","protected":false},"featured_media":788,"comment_status":"closed","ping_status":"closed","template":"","meta":[],"_links":{"self":[{"href":"https:\/\/nilbilisim.com.tr\/magaza\/wp-json\/wp\/v2\/product\/787"}],"collection":[{"href":"https:\/\/nilbilisim.com.tr\/magaza\/wp-json\/wp\/v2\/product"}],"about":[{"href":"https:\/\/nilbilisim.com.tr\/magaza\/wp-json\/wp\/v2\/types\/product"}],"replies":[{"embeddable":true,"href":"https:\/\/nilbilisim.com.tr\/magaza\/wp-json\/wp\/v2\/comments?post=787"}],"wp:featuredmedia":[{"embeddable":true,"href":"https:\/\/nilbilisim.com.tr\/magaza\/wp-json\/wp\/v2\/media\/788"}],"wp:attachment":[{"href":"https:\/\/nilbilisim.com.tr\/magaza\/wp-json\/wp\/v2\/media?parent=787"}],"curies":[{"name":"wp","href":"https:\/\/api.w.org\/{rel}","templated":true}]}}