{"id":791,"date":"2021-01-18T21:23:04","date_gmt":"2021-01-18T21:23:04","guid":{"rendered":"https:\/\/nilbilisim.com.tr\/magaza\/urun\/dahua-hac-hdw1400tlp-a-0280b-4mp-hdcvi-ir-eieball-kamera\/"},"modified":"2024-07-01T01:44:16","modified_gmt":"2024-06-30T22:44:16","slug":"dahua-hac-hdw1400tlp-a-0280b-4mp-hdcvi-ir-eieball-kamera","status":"publish","type":"product","link":"https:\/\/nilbilisim.com.tr\/magaza\/urun\/dahua-hac-hdw1400tlp-a-0280b-4mp-hdcvi-ir-eieball-kamera\/","title":{"rendered":"Dahua HAC-HDW1400TLP-A-0280B 4MP HDCVI IR Eyeball Kamera"},"content":{"rendered":"<ul>\n<li>Maks. 30fps@4MP<\/li>\n<li>CVI \/ CVBS \/ AHD \/ TVI de\u011fi\u015ftirilebilir<\/li>\n<li>2.8mm Sabit Lens (3.6mm opsiyonel)<\/li>\n<li>Maks. IR uzunlu\u011fu 30m, Ak\u0131ll\u0131 IR<\/li>\n<li>IP67, DC12V<\/li>\n<\/ul>\n<table border=\"1\" cellpadding=\"5\" cellspacing=\"1\" id=\"table-1\">\n<tbody>\n<tr>\n<td colspan=\"2\"><strong>Dahua HAC-HDW1400TLP-A-0280B Teknik &Ouml;zellikleri<\/strong><\/td>\n<\/tr>\n<tr>\n<td colspan=\"2\"><strong>Kamera<\/strong><\/td>\n<\/tr>\n<tr>\n<td>G&ouml;r&uuml;nt&uuml; Sens&ouml;r&uuml;<\/td>\n<td>1 \/ 2.7 &ldquo;CMOS<\/td>\n<\/tr>\n<tr>\n<td>Efektif Piksel<\/td>\n<td>2560 (H) &times; 1440 (V), 4MP<\/td>\n<\/tr>\n<tr>\n<td>Elektronik Shutter H\u0131z\u0131<\/td>\n<td>PAL: 1\/25 ~ 1 \/ 100000s<\/p>\n<p>&nbsp;<\/p>\n<p>NTSC: 1\/30 ~ 1 \/ 100000s<\/p>\n<\/td>\n<\/tr>\n<tr>\n<td>Minimum Ayd\u0131nlatma<\/td>\n<td>0.03Lux \/ F2.0, 30IRE, 0Lux IR<\/td>\n<\/tr>\n<tr>\n<td>IR Mesafesi<\/td>\n<td>30m (98,42ft)<\/td>\n<\/tr>\n<tr>\n<td>IR A&ccedil;\u0131k \/ Kapal\u0131 Kontrol<\/td>\n<td>Otomatik \/ Manuel<\/td>\n<\/tr>\n<tr>\n<td>IR LED<\/td>\n<td>1<\/td>\n<\/tr>\n<tr>\n<td>Pan \/ Tilt \/ D&ouml;nd&uuml;rme<\/td>\n<td>Pan: 0 &deg; &ndash;360 &deg;<br \/>\n\t\t\tTilt: 0 &deg; &ndash;78 &deg;<br \/>\n\t\t\tD&ouml;nd&uuml;rme: 0 &deg; &ndash;360 &deg;<\/td>\n<\/tr>\n<tr>\n<td colspan=\"2\"><strong>Lens<\/strong><\/td>\n<\/tr>\n<tr>\n<td>Lens Tipi<\/td>\n<td>Sabit odak<\/td>\n<\/tr>\n<tr>\n<td>Montaj Tipi<\/td>\n<td>M12<\/td>\n<\/tr>\n<tr>\n<td>Odak Uzakl\u0131\u011f\u0131<\/td>\n<td>2.8mm (3.6mm)<\/td>\n<\/tr>\n<tr>\n<td>Maks. A&ccedil;\u0131kl\u0131k<\/td>\n<td>F2.0 \/ F2.0<\/td>\n<\/tr>\n<tr>\n<td>G&ouml;r&uuml;\u015f A&ccedil;\u0131s\u0131<\/td>\n<td>2.8mm: 115.0 &deg; &times; 97.0 &deg; &times; 52.0 &deg; (diyagonal &times; yatay &times; dikey)<br \/>\n\t\t\t3.6mm: 89.5 &deg; &times; 76.4 &deg; &times; 41.6 &deg; (diyagonal &times; yatay &times; dikey)<\/td>\n<\/tr>\n<tr>\n<td>\u0130ris T&uuml;r&uuml;<\/td>\n<td>Sabit iris<\/td>\n<\/tr>\n<tr>\n<td>Yak\u0131n Odak Mesafesi<\/td>\n<td>0,8m (2,62ft) \/ 1,4m (4,59ft)<\/td>\n<\/tr>\n<tr>\n<td colspan=\"2\"><strong>Video<\/strong><\/td>\n<\/tr>\n<tr>\n<td>Video Frame Oran\u0131<\/td>\n<td>CVI:<br \/>\n\t\t\tPAL: 4M@25fp; 1080P@25fp<br \/>\n\t\t\tNTSC: 4M@30fp; 1080P@30fp<br \/>\n\t\t\tAHD: PAL: 4M@25fp<br \/>\n\t\t\tNTSC: 4M@30fp<br \/>\n\t\t\tTVI: PAL: 4M@25fp<br \/>\n\t\t\tNTSC: 4M@30fp<br \/>\n\t\t\tCVBS: PAL: 960H<br \/>\n\t\t\tNTSC: 960H<\/td>\n<\/tr>\n<tr>\n<td>&Ccedil;&ouml;z&uuml;n&uuml;rl&uuml;k<\/td>\n<td>4M (2560&times;1440);&nbsp;1080P (1920 x 1080);&nbsp;960H (960 &times; 576\/960 &times; 480)<\/td>\n<\/tr>\n<tr>\n<td>G&uuml;nd&uuml;z \/ Gece<\/td>\n<td>ICR ile otomatik ge&ccedil;i\u015f<\/td>\n<\/tr>\n<tr>\n<td>BLC<\/td>\n<td>BLC \/ HLC \/ DWDR<\/td>\n<\/tr>\n<tr>\n<td>WDR<\/td>\n<td>DWDR<\/td>\n<\/tr>\n<tr>\n<td>Beyaz Dengesi<\/td>\n<td>Oto;&nbsp;Manuel<\/td>\n<\/tr>\n<tr>\n<td>Kazan&ccedil; Kontrol&uuml;<\/td>\n<td>Oto;&nbsp;Manuel<\/td>\n<\/tr>\n<tr>\n<td>Parazit Azaltma<\/td>\n<td>2D NR<\/td>\n<\/tr>\n<tr>\n<td>Ak\u0131ll\u0131 IR<\/td>\n<td>Mevcut<\/td>\n<\/tr>\n<tr>\n<td>Mirror<\/td>\n<td>Kapal\u0131 \/ A&ccedil;\u0131k<\/td>\n<\/tr>\n<tr>\n<td>&Ouml;zel Alan Maskelemesi<\/td>\n<td>Kapal\u0131 \/ A&ccedil;\u0131k (8 Alan, Dikd&ouml;rtgen)<\/td>\n<\/tr>\n<tr>\n<td><strong>Sertifikalar<\/strong><\/td>\n<td>&nbsp;<\/td>\n<\/tr>\n<tr>\n<td>Sertifikalar<\/td>\n<td>CE (EN55032, EN55024, EN50130-4)<br \/>\n\t\t\tFCC (CFR 47 FCC B&ouml;l&uuml;m 15 alt b&ouml;l&uuml;mB, ANSI C63.4-2014)<br \/>\n\t\t\tUL (&nbsp;UL60950-1&nbsp;+ CAN \/ CSA C22.2&nbsp;No. 60950-1&nbsp;)<\/td>\n<\/tr>\n<\/tbody>\n<\/table>\n<table border=\"1\" cellpadding=\"5\" cellspacing=\"1\" id=\"table-2\">\n<tbody>\n<tr>\n<td colspan=\"2\"><strong>Port<\/strong><\/td>\n<\/tr>\n<tr>\n<td>Video Port<\/td>\n<td>Bir BNC portu ile CVI \/ TVI \/ AHD \/ CVBS&rsquo;nin video &ccedil;\u0131k\u0131\u015f se&ccedil;enekleri<\/td>\n<\/tr>\n<tr>\n<td>Ses Port<\/td>\n<td>Dahili mikrofon (-A)<\/td>\n<\/tr>\n<tr>\n<td colspan=\"2\"><strong>G&uuml;&ccedil;<\/strong><\/td>\n<\/tr>\n<tr>\n<td>G&uuml;&ccedil; Kayna\u011f\u0131<\/td>\n<td>12V DC &plusmn;% 30<\/td>\n<\/tr>\n<tr>\n<td>G&uuml;&ccedil; T&uuml;ketimi<\/td>\n<td>Maksimum 4W (12V DC, IR)<\/td>\n<\/tr>\n<tr>\n<td colspan=\"2\"><strong>&Ccedil;evre Ko\u015fullar\u0131<\/strong><\/td>\n<\/tr>\n<tr>\n<td>&Ccedil;al\u0131\u015fma Ko\u015fullar\u0131<\/td>\n<td>-40 &deg; C ila +60 &deg; C (-40 &deg; F ila + 140 &deg; F);&nbsp;&lt;% 95 (yo\u011fu\u015fmas\u0131z)<\/td>\n<\/tr>\n<tr>\n<td>Dayan\u0131kl\u0131l\u0131k Ko\u015fullar\u0131<\/td>\n<td>-40 &deg; C ila +60 &deg; C (-40 &deg; F ila + 140 &deg; F);&nbsp;&lt;% 95 (yo\u011fu\u015fmas\u0131z)<\/td>\n<\/tr>\n<tr>\n<td>Koruma Sertifikas\u0131<\/td>\n<td>IP67<\/td>\n<\/tr>\n<tr>\n<td colspan=\"2\"><strong>Kasa<\/strong><\/td>\n<\/tr>\n<tr>\n<td>Kasa<\/td>\n<td>\u0130&ccedil; &ccedil;ekirdek: metal + plastik;&nbsp;kapak: plastik<\/td>\n<\/tr>\n<tr>\n<td>Boyutlar<\/td>\n<td>&Phi;97.0mm &times; 85.8mm<\/td>\n<\/tr>\n<tr>\n<td>Net A\u011f\u0131rl\u0131k<\/td>\n<td>0,22 kg<\/td>\n<\/tr>\n<\/tbody>\n<\/table>\n<p><img loading=\"lazy\" alt=\"\" height=\"235\" sizes=\"(max-width: 500px) 100vw, 500px\" src=\"https:\/\/www.okisan.com\/wp-content\/uploads\/2019\/12\/BOYUTLAR-3-500x235.png\" srcset=\"https:\/\/www.okisan.com\/wp-content\/uploads\/2019\/12\/BOYUTLAR-3-120x56.png 120w, https:\/\/www.okisan.com\/wp-content\/uploads\/2019\/12\/BOYUTLAR-3-150x70.png 150w, https:\/\/www.okisan.com\/wp-content\/uploads\/2019\/12\/BOYUTLAR-3-200x94.png 200w, https:\/\/www.okisan.com\/wp-content\/uploads\/2019\/12\/BOYUTLAR-3-300x141.png 300w, https:\/\/www.okisan.com\/wp-content\/uploads\/2019\/12\/BOYUTLAR-3-400x188.png 400w, https:\/\/www.okisan.com\/wp-content\/uploads\/2019\/12\/BOYUTLAR-3-500x235.png 500w, https:\/\/www.okisan.com\/wp-content\/uploads\/2019\/12\/BOYUTLAR-3-600x282.png 600w, https:\/\/www.okisan.com\/wp-content\/uploads\/2019\/12\/BOYUTLAR-3-768x361.png 768w, https:\/\/www.okisan.com\/wp-content\/uploads\/2019\/12\/BOYUTLAR-3.png 773w\" width=\"500\" \/><img loading=\"lazy\" alt=\"\" height=\"169\" sizes=\"(max-width: 500px) 100vw, 500px\" src=\"https:\/\/www.okisan.com\/wp-content\/uploads\/2019\/12\/AKSESUARLAR-3-500x169.png\" srcset=\"https:\/\/www.okisan.com\/wp-content\/uploads\/2019\/12\/AKSESUARLAR-3-120x41.png 120w, https:\/\/www.okisan.com\/wp-content\/uploads\/2019\/12\/AKSESUARLAR-3-150x51.png 150w, https:\/\/www.okisan.com\/wp-content\/uploads\/2019\/12\/AKSESUARLAR-3-200x68.png 200w, https:\/\/www.okisan.com\/wp-content\/uploads\/2019\/12\/AKSESUARLAR-3-300x102.png 300w, https:\/\/www.okisan.com\/wp-content\/uploads\/2019\/12\/AKSESUARLAR-3-400x136.png 400w, https:\/\/www.okisan.com\/wp-content\/uploads\/2019\/12\/AKSESUARLAR-3-500x169.png 500w, https:\/\/www.okisan.com\/wp-content\/uploads\/2019\/12\/AKSESUARLAR-3-600x203.png 600w, https:\/\/www.okisan.com\/wp-content\/uploads\/2019\/12\/AKSESUARLAR-3-768x260.png 768w, https:\/\/www.okisan.com\/wp-content\/uploads\/2019\/12\/AKSESUARLAR-3-800x271.png 800w, https:\/\/www.okisan.com\/wp-content\/uploads\/2019\/12\/AKSESUARLAR-3.png 826w\" width=\"500\" \/><\/p>\n","protected":false},"excerpt":{"rendered":"<p>Maks. 30fps@4MP CVI \/ CVBS \/ AHD \/ TVI de\u011fi\u015ftirilebilir 2.8mm Sabit Lens (3.6mm opsiyonel) Maks. IR uzunlu\u011fu 30m, Ak\u0131ll\u0131 IR IP67, DC12V Dahua HAC-HDW1400TLP-A-0280B Teknik &Ouml;zellikleri Kamera G&ouml;r&uuml;nt&uuml; Sens&ouml;r&uuml; 1 \/ 2.7 &ldquo;CMOS Efektif Piksel 2560 (H) &times; 1440 (V), 4MP Elektronik Shutter H\u0131z\u0131 PAL: 1\/25 ~ 1 \/ 100000s &nbsp; NTSC: 1\/30 ~ [&#8230;]\n","protected":false},"featured_media":792,"comment_status":"closed","ping_status":"closed","template":"","meta":[],"_links":{"self":[{"href":"https:\/\/nilbilisim.com.tr\/magaza\/wp-json\/wp\/v2\/product\/791"}],"collection":[{"href":"https:\/\/nilbilisim.com.tr\/magaza\/wp-json\/wp\/v2\/product"}],"about":[{"href":"https:\/\/nilbilisim.com.tr\/magaza\/wp-json\/wp\/v2\/types\/product"}],"replies":[{"embeddable":true,"href":"https:\/\/nilbilisim.com.tr\/magaza\/wp-json\/wp\/v2\/comments?post=791"}],"wp:featuredmedia":[{"embeddable":true,"href":"https:\/\/nilbilisim.com.tr\/magaza\/wp-json\/wp\/v2\/media\/792"}],"wp:attachment":[{"href":"https:\/\/nilbilisim.com.tr\/magaza\/wp-json\/wp\/v2\/media?parent=791"}],"curies":[{"name":"wp","href":"https:\/\/api.w.org\/{rel}","templated":true}]}}