{"id":799,"date":"2021-01-18T21:23:42","date_gmt":"2021-01-18T21:23:42","guid":{"rendered":"https:\/\/nilbilisim.com.tr\/magaza\/urun\/dahua-hac-hfw2802tp-z-a-dp-3711-4k-starlight-hdcvi-ir-bullet-kamera\/"},"modified":"2024-07-01T01:44:15","modified_gmt":"2024-06-30T22:44:15","slug":"dahua-hac-hfw2802tp-z-a-dp-3711-4k-starlight-hdcvi-ir-bullet-kamera","status":"publish","type":"product","link":"https:\/\/nilbilisim.com.tr\/magaza\/urun\/dahua-hac-hfw2802tp-z-a-dp-3711-4k-starlight-hdcvi-ir-bullet-kamera\/","title":{"rendered":"Dahua HAC-HFW2802TP-Z-A-DP-3711 4K Starlight HDCVI IR Bullet Kamera"},"content":{"rendered":"<ul>\n<li>Starlight, 120dB true WDR, 3DNR<\/li>\n<li>Maks.&nbsp;4K &ccedil;&ouml;z&uuml;n&uuml;rl&uuml;k<\/li>\n<li>HD \/ SD de\u011fi\u015ftirilebilir<\/li>\n<li>Ses giri\u015fi, dahili mikrofon<\/li>\n<li>3.7-11mm motorlu lens<\/li>\n<li>Maks.&nbsp;IR uzunlu\u011fu 80m, Ak\u0131ll\u0131 IR<\/li>\n<li>IP67, AC24V \/ DC12V &plusmn;% 3<\/li>\n<\/ul>\n<table border=\"1\" cellpadding=\"5\" cellspacing=\"1\">\n<tbody>\n<tr>\n<td><strong>Model<\/strong><\/td>\n<td><strong>Dahua HAC-HFW2802TP-Z-A-DP-3711 Teknik &Ouml;zellikleri<\/strong><\/td>\n<\/tr>\n<tr>\n<td><strong>Kamera<\/strong><\/td>\n<td colspan=\"1\">&nbsp;<\/td>\n<\/tr>\n<tr>\n<td>G&ouml;r&uuml;nt&uuml; Sens&ouml;r&uuml;<\/td>\n<td colspan=\"1\">1\/2 &ldquo;CMOS<\/td>\n<\/tr>\n<tr>\n<td>Efektif Piksel<\/td>\n<td colspan=\"1\">3840 (H) &times; 2160 (V), 8 MP<\/td>\n<\/tr>\n<tr>\n<td>Tarama Sistemi<\/td>\n<td>Progresif<\/td>\n<\/tr>\n<tr>\n<td>Elektronik Shutter H\u0131z\u0131<\/td>\n<td colspan=\"1\">PAL: 1 \/ 4s ~ 1 \/ 100.000s<\/p>\n<p>&nbsp;<\/p>\n<p>NTSC: 1 \/ 3s ~ 1 \/ 100.000s<\/p>\n<\/td>\n<\/tr>\n<tr>\n<td>Min. Ayd\u0131nlatma<\/td>\n<td colspan=\"1\">0.005Lux \/ F1.6, 30IRE, 0Lux IR<\/td>\n<\/tr>\n<tr>\n<td>S \/ N Oran\u0131<\/td>\n<td colspan=\"1\">65dB&rsquo;den fazla<\/td>\n<\/tr>\n<tr>\n<td>IR Mesafesi<\/td>\n<td>80m&rsquo;ye kadar (262 feet)<\/td>\n<\/tr>\n<tr>\n<td>IR A&ccedil;\u0131k \/ Kapal\u0131 Kontrol<\/td>\n<td>Otomatik \/ Manuel<\/td>\n<\/tr>\n<tr>\n<td>IR LED<\/td>\n<td>4<\/td>\n<\/tr>\n<tr>\n<td><strong>Lens<\/strong><\/td>\n<td colspan=\"1\">&nbsp;<\/td>\n<\/tr>\n<tr>\n<td>Lens Tipi<\/td>\n<td colspan=\"1\">Motorize lens \/ sabit iris<\/td>\n<\/tr>\n<tr>\n<td>Montaj Tipi<\/td>\n<td colspan=\"1\">Board-in<\/td>\n<\/tr>\n<tr>\n<td>Odak Uzakl\u0131\u011f\u0131<\/td>\n<td colspan=\"1\">3.7-11mm<\/td>\n<\/tr>\n<tr>\n<td>Maks. Diyafram<\/td>\n<td>F1.5<\/td>\n<\/tr>\n<tr>\n<td>G&ouml;r&uuml;\u015f A&ccedil;\u0131s\u0131<\/td>\n<td>H: 112 &deg; ~ 46 &deg;<\/td>\n<\/tr>\n<tr>\n<td>Odak Kontrol&uuml;<\/td>\n<td>Otomatik \/ manuel<\/td>\n<\/tr>\n<tr>\n<td>Odak Mesafesini Kapatma<\/td>\n<td>200mm<\/p>\n<p>&nbsp;<\/p>\n<p>7.87 &rdquo;<\/p>\n<\/td>\n<\/tr>\n<tr>\n<td><strong>Pan \/ Tilt \/ D&ouml;nd&uuml;rme<\/strong><\/td>\n<td colspan=\"1\">&nbsp;<\/td>\n<\/tr>\n<tr>\n<td>Pan \/ Tilt \/ D&ouml;nd&uuml;rme<\/td>\n<td colspan=\"1\">Pan:0&deg; ~360&deg; ;Tilt:0&deg; ~90&deg; ;D&ouml;nd&uuml;rme:0&deg; ~360&deg;<\/td>\n<\/tr>\n<tr>\n<td><strong>Video<\/strong><\/td>\n<td colspan=\"1\">&nbsp;<\/td>\n<\/tr>\n<tr>\n<td>&Ccedil;&ouml;z&uuml;n&uuml;rl&uuml;k<\/td>\n<td>8 MP (3840 &times; 2160)<\/td>\n<\/tr>\n<tr>\n<td>Frame Oran\u0131<\/td>\n<td>15fps@4K, 20fps@6MP, 25\/30fps@4MP<\/td>\n<\/tr>\n<tr>\n<td>Video &Ccedil;\u0131k\u0131\u015f\u0131<\/td>\n<td colspan=\"1\">1 kanal BNC y&uuml;ksek tan\u0131ml\u0131 video &ccedil;\u0131k\u0131\u015f\u0131 \/ CVBS video &ccedil;\u0131k\u0131\u015f\u0131 (DIP anahtar\u0131)<\/td>\n<\/tr>\n<tr>\n<td>G&uuml;nd&uuml;z \/ Gece<\/td>\n<td colspan=\"1\">Otomatik (ICR) \/ Manuel<\/td>\n<\/tr>\n<tr>\n<td>OSD Men&uuml;s&uuml;<\/td>\n<td>&Ccedil;oklu dil<\/td>\n<\/tr>\n<tr>\n<td>BLC Modu<\/td>\n<td colspan=\"1\">BLC \/ HLC \/ WDR<\/td>\n<\/tr>\n<tr>\n<td>WDR<\/td>\n<td>120dB<\/td>\n<\/tr>\n<tr>\n<td>Kazan&ccedil; Kontrol&uuml;<\/td>\n<td>AGC<\/td>\n<\/tr>\n<tr>\n<td>Parazit Azaltma<\/td>\n<td>2D \/ 3D<\/td>\n<\/tr>\n<tr>\n<td>Beyaz Dengesi<\/td>\n<td>Otomatik \/ manuel<\/td>\n<\/tr>\n<tr>\n<td>Ak\u0131ll\u0131 IR<\/td>\n<td>Otomatik \/ manuel<\/td>\n<\/tr>\n<tr>\n<td><strong>Sertifikalar<\/strong><\/td>\n<td>&nbsp;<\/td>\n<\/tr>\n<tr>\n<td>Sertifikalar<\/td>\n<td>CE (EN55032, EN55024, EN50130-4)<\/p>\n<p>&nbsp;<\/p>\n<p>FCC (CFR 47 FCC Part 15 altpartB, ANSI C63.4-2014)<\/p>\n<p>UL (UL60950-1 + CAN \/ CSA C22.2 No. 60950-1)<\/p>\n<\/td>\n<\/tr>\n<tr>\n<td><strong>Aray&uuml;z<\/strong><\/td>\n<td>&nbsp;<\/td>\n<\/tr>\n<tr>\n<td>Ses Aray&uuml;z&uuml;<\/td>\n<td>Dahili ve dahili Mic<\/td>\n<\/tr>\n<tr>\n<td><strong>G&uuml;&ccedil;<\/strong><\/td>\n<td>&nbsp;<\/td>\n<\/tr>\n<tr>\n<td>G&uuml;&ccedil; Kayna\u011f\u0131<\/td>\n<td>AC 24V &plusmn;% 30 \/ DC 12V &plusmn;% 30<\/td>\n<\/tr>\n<tr>\n<td>G&uuml;&ccedil; T&uuml;ketimi<\/td>\n<td>Maksimum 15W (12V DC, IR)<\/td>\n<\/tr>\n<tr>\n<td><strong>&Ccedil;evre Ko\u015fullar\u0131<\/strong><\/td>\n<td>&nbsp;<\/td>\n<\/tr>\n<tr>\n<td>&Ccedil;al\u0131\u015fma Ko\u015fullar\u0131<\/td>\n<td>-30 &deg; C ~ + 60 &deg; C (-22 &deg; F ~ 140 &deg; F) \/% 90&rsquo;dan az RH<\/p>\n<p>&nbsp;<\/p>\n<p>* Ba\u015flang\u0131&ccedil; \u200b\u200b-30 &deg; C&rsquo;nin &uuml;st&uuml;nde (-22 &deg; F) yap\u0131lmal\u0131d\u0131r.<\/p>\n<\/td>\n<\/tr>\n<tr>\n<td>Dayan\u0131kl\u0131l\u0131k Ko\u015fullar\u0131<\/td>\n<td>-30 &deg; C ~ + 60 &deg; C (-22 &deg; F ~ 140 &deg; F) \/% 90&rsquo;dan az RH<\/td>\n<\/tr>\n<tr>\n<td>Koruma ve Dayan\u0131kl\u0131l\u0131k Sertifikas\u0131<\/td>\n<td>IP67<\/td>\n<\/tr>\n<tr>\n<td>Kasa<\/td>\n<td>Al&uuml;minyum<\/td>\n<\/tr>\n<tr>\n<td>Boyutlar<\/td>\n<td>244,1 mm &times; 90,4 mm &times; 90,4 mm<\/td>\n<\/tr>\n<tr>\n<td>Net A\u011f\u0131rl\u0131k<\/td>\n<td>0.8 kg<\/td>\n<\/tr>\n<\/tbody>\n<\/table>\n<p><img loading=\"lazy\" alt=\"\" height=\"324\" sizes=\"(max-width: 500px) 100vw, 500px\" src=\"https:\/\/www.okisan.com\/wp-content\/uploads\/2018\/06\/HAC-HFW2802TP-A-I8-0360B-1-500x324.png\" srcset=\"https:\/\/www.okisan.com\/wp-content\/uploads\/2018\/06\/HAC-HFW2802TP-A-I8-0360B-1-120x78.png 120w, https:\/\/www.okisan.com\/wp-content\/uploads\/2018\/06\/HAC-HFW2802TP-A-I8-0360B-1-150x97.png 150w, https:\/\/www.okisan.com\/wp-content\/uploads\/2018\/06\/HAC-HFW2802TP-A-I8-0360B-1-200x129.png 200w, https:\/\/www.okisan.com\/wp-content\/uploads\/2018\/06\/HAC-HFW2802TP-A-I8-0360B-1-300x194.png 300w, https:\/\/www.okisan.com\/wp-content\/uploads\/2018\/06\/HAC-HFW2802TP-A-I8-0360B-1-400x259.png 400w, https:\/\/www.okisan.com\/wp-content\/uploads\/2018\/06\/HAC-HFW2802TP-A-I8-0360B-1-500x324.png 500w, https:\/\/www.okisan.com\/wp-content\/uploads\/2018\/06\/HAC-HFW2802TP-A-I8-0360B-1-600x388.png 600w, https:\/\/www.okisan.com\/wp-content\/uploads\/2018\/06\/HAC-HFW2802TP-A-I8-0360B-1.png 714w\" width=\"500\" \/><img loading=\"lazy\" alt=\"\" height=\"448\" sizes=\"(max-width: 418px) 100vw, 418px\" src=\"https:\/\/www.okisan.com\/wp-content\/uploads\/2018\/06\/AKSESUARLAR-9.png\" srcset=\"https:\/\/www.okisan.com\/wp-content\/uploads\/2018\/06\/AKSESUARLAR-9-120x129.png 120w, https:\/\/www.okisan.com\/wp-content\/uploads\/2018\/06\/AKSESUARLAR-9-150x161.png 150w, https:\/\/www.okisan.com\/wp-content\/uploads\/2018\/06\/AKSESUARLAR-9-200x214.png 200w, https:\/\/www.okisan.com\/wp-content\/uploads\/2018\/06\/AKSESUARLAR-9-300x322.png 300w, https:\/\/www.okisan.com\/wp-content\/uploads\/2018\/06\/AKSESUARLAR-9-400x429.png 400w, https:\/\/www.okisan.com\/wp-content\/uploads\/2018\/06\/AKSESUARLAR-9.png 418w\" width=\"418\" \/><\/p>\n","protected":false},"excerpt":{"rendered":"<p>Starlight, 120dB true WDR, 3DNR Maks.&nbsp;4K &ccedil;&ouml;z&uuml;n&uuml;rl&uuml;k HD \/ SD de\u011fi\u015ftirilebilir Ses giri\u015fi, dahili mikrofon 3.7-11mm motorlu lens Maks.&nbsp;IR uzunlu\u011fu 80m, Ak\u0131ll\u0131 IR IP67, AC24V \/ DC12V &plusmn;% 3 Model Dahua HAC-HFW2802TP-Z-A-DP-3711 Teknik &Ouml;zellikleri Kamera &nbsp; G&ouml;r&uuml;nt&uuml; Sens&ouml;r&uuml; 1\/2 &ldquo;CMOS Efektif Piksel 3840 (H) &times; 2160 (V), 8 MP Tarama Sistemi Progresif Elektronik Shutter H\u0131z\u0131 [&#8230;]\n","protected":false},"featured_media":800,"comment_status":"closed","ping_status":"closed","template":"","meta":[],"_links":{"self":[{"href":"https:\/\/nilbilisim.com.tr\/magaza\/wp-json\/wp\/v2\/product\/799"}],"collection":[{"href":"https:\/\/nilbilisim.com.tr\/magaza\/wp-json\/wp\/v2\/product"}],"about":[{"href":"https:\/\/nilbilisim.com.tr\/magaza\/wp-json\/wp\/v2\/types\/product"}],"replies":[{"embeddable":true,"href":"https:\/\/nilbilisim.com.tr\/magaza\/wp-json\/wp\/v2\/comments?post=799"}],"wp:featuredmedia":[{"embeddable":true,"href":"https:\/\/nilbilisim.com.tr\/magaza\/wp-json\/wp\/v2\/media\/800"}],"wp:attachment":[{"href":"https:\/\/nilbilisim.com.tr\/magaza\/wp-json\/wp\/v2\/media?parent=799"}],"curies":[{"name":"wp","href":"https:\/\/api.w.org\/{rel}","templated":true}]}}