{"id":805,"date":"2021-01-18T21:27:11","date_gmt":"2021-01-18T21:27:11","guid":{"rendered":"https:\/\/nilbilisim.com.tr\/magaza\/urun\/dahua-hac-ebw3802p-0250b-8mp-hdcvi-ir-fisheie-kamera\/"},"modified":"2024-07-01T01:44:14","modified_gmt":"2024-06-30T22:44:14","slug":"dahua-hac-ebw3802p-0250b-8mp-hdcvi-ir-fisheie-kamera","status":"publish","type":"product","link":"https:\/\/nilbilisim.com.tr\/magaza\/urun\/dahua-hac-ebw3802p-0250b-8mp-hdcvi-ir-fisheie-kamera\/","title":{"rendered":"Dahua HAC-EBW3802P-0250B 8MP HDCVI IR-Fisheye Kamera"},"content":{"rendered":"<ul>\n<li>1\/2&rdquo; 8Megapiksel progresif tarama CMOS<\/li>\n<li>Panoramik fisheye lens<\/li>\n<li>Maks. 15fps@4K<\/li>\n<li>120db true WDR,2D&amp;3D NR<\/li>\n<li>Cihaz &uuml;zerindeki lens distorsiyon d&uuml;zeltmesi<\/li>\n<li>Maks.15m IR mesafesi<\/li>\n<li>IP67 ve IK10 koruma ve dayan\u0131kl\u0131l\u0131k sertifikalar\u0131<\/li>\n<li>RG59 koaksiyel kablo ile&nbsp;500m&rsquo;ye&nbsp;kadar iletim<\/li>\n<\/ul>\n<table border=\"1\" cellpadding=\"5\" cellspacing=\"1\">\n<tbody>\n<tr>\n<td><strong>Model<\/strong><\/td>\n<td><strong>Dahua HAC-EBW3802P-0250B Teknik &Ouml;zellikleri<\/strong><\/td>\n<\/tr>\n<tr>\n<td><strong>Kamera<\/strong><\/td>\n<td colspan=\"1\">&nbsp;<\/td>\n<\/tr>\n<tr>\n<td>G&ouml;r&uuml;nt&uuml; Sens&ouml;r&uuml;<\/td>\n<td colspan=\"1\">1\/2&Prime; 8MP CMOS<\/td>\n<\/tr>\n<tr>\n<td>Etkin Piksel<\/td>\n<td colspan=\"1\">3840(H)&times;2160(V)<\/td>\n<\/tr>\n<tr>\n<td>Tarama Sistemi<\/td>\n<td colspan=\"1\">Progresif<\/td>\n<\/tr>\n<tr>\n<td>Elektronik Shutter H\u0131z\u0131<\/td>\n<td colspan=\"1\">PAL:1\/4s~1\/100,000s<\/p>\n<p>&nbsp;<\/p>\n<p>NTSC:1\/3s~1\/100,000s<\/p>\n<\/td>\n<\/tr>\n<tr>\n<td>Min. Ayd\u0131nlatma<\/td>\n<td colspan=\"1\">&nbsp;0.01Lux \/ F2.0 (Renkli), 30IRE, 0lux IR<\/td>\n<\/tr>\n<tr>\n<td>S\/N Oran\u0131<\/td>\n<td colspan=\"1\">65dB&rsquo;den fazla<\/td>\n<\/tr>\n<tr>\n<td>IR Mesafesi<\/td>\n<td colspan=\"1\">15m<\/td>\n<\/tr>\n<tr>\n<td>IR A&ccedil;\u0131k \/ Kapal\u0131 Kontrol<\/td>\n<td>Otomatik (ICR) \/ Renkli \/ S \/ B<\/td>\n<\/tr>\n<tr>\n<td>IR LED<\/td>\n<td>3<\/td>\n<\/tr>\n<tr>\n<td>Ses<\/td>\n<td>Dahili mikrofon<\/td>\n<\/tr>\n<tr>\n<td><strong>Lens<\/strong><\/td>\n<td colspan=\"1\">&nbsp;<\/td>\n<\/tr>\n<tr>\n<td>Lens Tipi<\/td>\n<td colspan=\"1\">Sabit lens \/ sabit iris<\/td>\n<\/tr>\n<tr>\n<td>Montaj Tipi<\/td>\n<td>Board-in<\/td>\n<\/tr>\n<tr>\n<td>Odak Uzakl\u0131\u011f\u0131<\/td>\n<td colspan=\"1\">2.5mm<\/td>\n<\/tr>\n<tr>\n<td>Maks. A&ccedil;\u0131kl\u0131k<\/td>\n<td colspan=\"1\">F2.0<\/td>\n<\/tr>\n<tr>\n<td>G&ouml;r&uuml;\u015f A&ccedil;\u0131s\u0131<\/td>\n<td colspan=\"1\">H: 180 &deg;, V: 100 &deg;<\/td>\n<\/tr>\n<tr>\n<td>Odak Kontrol&uuml;<\/td>\n<td colspan=\"1\">&ndash;<\/td>\n<\/tr>\n<tr>\n<td>Odak Mesafesini Kapatma<\/td>\n<td>0.6 m (23.6 &rdquo;)<\/td>\n<\/tr>\n<tr>\n<td><strong>Pan \/ Tilt \/ D&ouml;nd&uuml;rme<\/strong><\/td>\n<td>&nbsp;<\/td>\n<\/tr>\n<tr>\n<td>Pan \/ Tilt \/ D&ouml;nd&uuml;rme Aral\u0131\u011f\u0131<\/td>\n<td>&ndash;<\/td>\n<\/tr>\n<tr>\n<td><strong>Video<\/strong><\/td>\n<td colspan=\"1\">&nbsp;<\/td>\n<\/tr>\n<tr>\n<td>&Ccedil;&ouml;z&uuml;n&uuml;rl&uuml;k<\/td>\n<td colspan=\"1\">8 MP (3840 x 2160) \/ 4M (2560&times;1440)<\/td>\n<\/tr>\n<tr>\n<td>Frame Oran\u0131<\/td>\n<td colspan=\"1\">PAL: 3840 x 2160 @ 12.5fps, 2560&times;1440 @ 25fps;<\/p>\n<p>&nbsp;<\/p>\n<p>NTSC: 3840 x 2160 @ 15fps, 2560&times;1440 @ 30 fps;<\/p>\n<\/td>\n<\/tr>\n<tr>\n<td>Video &Ccedil;\u0131k\u0131\u015f\u0131<\/td>\n<td colspan=\"1\">1 kanal HDCVI 4K video &ccedil;\u0131k\u0131\u015f\u0131 ve 1 kanal CVBS video &ccedil;\u0131k\u0131\u015f\u0131<\/td>\n<\/tr>\n<tr>\n<td>G&uuml;nd&uuml;z Gece<\/td>\n<td colspan=\"1\">Otomatik (Elektronik) \/ Manuel<\/td>\n<\/tr>\n<tr>\n<td>OSD Men&uuml;s&uuml;<\/td>\n<td>&Ccedil;oklu dil<\/td>\n<\/tr>\n<tr>\n<td>BLC Modu<\/td>\n<td>BLC \/ HLC \/ WDR<\/td>\n<\/tr>\n<tr>\n<td>WDR<\/td>\n<td>120dB<\/td>\n<\/tr>\n<tr>\n<td>Kazan&ccedil; Kontrol&uuml;<\/td>\n<td>AGC<\/td>\n<\/tr>\n<tr>\n<td>Parazit Azaltma<\/td>\n<td>2D \/ 3D<\/td>\n<\/tr>\n<tr>\n<td>Beyaz Dengesi<\/td>\n<td>Otomatik \/ manuel<\/td>\n<\/tr>\n<tr>\n<td>Ak\u0131ll\u0131 IR<\/td>\n<td>Otomatik \/ manuel<\/td>\n<\/tr>\n<tr>\n<td><strong>Sertifikalar<\/strong><\/td>\n<td colspan=\"1\">&nbsp;<\/td>\n<\/tr>\n<tr>\n<td>Sertifikalar<\/td>\n<td colspan=\"1\">CE (EN55032, EN55024, EN50130-4)<\/p>\n<p>&nbsp;<\/p>\n<p>FCC (CFR 47 FCC Part 15 altpartB, ANSI C63.4-2014)<\/p>\n<p>UL (UL60950-1 + CAN \/ CSA C22.2 No. 60950-1)<\/p>\n<\/td>\n<\/tr>\n<tr>\n<td><strong>Aray&uuml;z<\/strong><\/td>\n<td colspan=\"1\">&nbsp;<\/td>\n<\/tr>\n<tr>\n<td>Alarm G \/ &Ccedil;<\/td>\n<td colspan=\"1\">2\/1<\/td>\n<\/tr>\n<tr>\n<td><strong>G&uuml;&ccedil;<\/strong><\/td>\n<td colspan=\"1\">&nbsp;<\/td>\n<\/tr>\n<tr>\n<td>G&uuml;&ccedil; Kayna\u011f\u0131<\/td>\n<td colspan=\"1\">DC12V &plusmn;% 25<\/td>\n<\/tr>\n<tr>\n<td>G&uuml;&ccedil; T&uuml;ketimi<\/td>\n<td colspan=\"1\">7.4W (IR)<\/td>\n<\/tr>\n<tr>\n<td><strong>&Ccedil;evre Ko\u015fullar\u0131<\/strong><\/td>\n<td>&nbsp;<\/td>\n<\/tr>\n<tr>\n<td>&Ccedil;al\u0131\u015fma Ko\u015fullar\u0131<\/td>\n<td colspan=\"1\">-30 &deg; C ~ + 60 &deg; C (-22 &deg; F ~ 140 &deg; F) \/% 95&rsquo;den az RH<\/p>\n<p>&nbsp;<\/p>\n<p>* Ba\u015flang\u0131&ccedil; \u200b\u200b-30 &deg; C&rsquo;nin &uuml;st&uuml;nde (-22 &deg; F) yap\u0131lmal\u0131d\u0131r.<\/p>\n<\/td>\n<\/tr>\n<tr>\n<td>Dayan\u0131kl\u0131l\u0131k Ko\u015fullar\u0131<\/td>\n<td>-30 &deg; C ~ + 60 &deg; C (-22 &deg; F ~ 140 &deg; F) \/% 95&rsquo;den az RH<\/td>\n<\/tr>\n<tr>\n<td>Koruma ve Dayan\u0131kl\u0131l\u0131k Sertifikas\u0131<\/td>\n<td colspan=\"1\">IP67 &amp; IK10<\/td>\n<\/tr>\n<tr>\n<td>Kasa<\/td>\n<td>Al&uuml;minyum<\/td>\n<\/tr>\n<tr>\n<td>Boyutlar<\/td>\n<td colspan=\"1\">&Phi;149,8 mm x 47,7 mm<\/td>\n<\/tr>\n<tr>\n<td>Net A\u011f\u0131rl\u0131k<\/td>\n<td colspan=\"1\">0.56 kg<\/td>\n<\/tr>\n<\/tbody>\n<\/table>\n<p>&nbsp;<\/p>\n<p>&nbsp;<\/p>\n<p><img loading=\"lazy\" alt=\"\" height=\"172\" sizes=\"(max-width: 500px) 100vw, 500px\" src=\"https:\/\/www.okisan.com\/wp-content\/uploads\/2017\/11\/IPC-EBW81230-4K-1-500x172.png\" srcset=\"https:\/\/www.okisan.com\/wp-content\/uploads\/2017\/11\/IPC-EBW81230-4K-1-120x41.png 120w, https:\/\/www.okisan.com\/wp-content\/uploads\/2017\/11\/IPC-EBW81230-4K-1-150x52.png 150w, https:\/\/www.okisan.com\/wp-content\/uploads\/2017\/11\/IPC-EBW81230-4K-1-200x69.png 200w, https:\/\/www.okisan.com\/wp-content\/uploads\/2017\/11\/IPC-EBW81230-4K-1-300x103.png 300w, https:\/\/www.okisan.com\/wp-content\/uploads\/2017\/11\/IPC-EBW81230-4K-1-400x137.png 400w, https:\/\/www.okisan.com\/wp-content\/uploads\/2017\/11\/IPC-EBW81230-4K-1-500x172.png 500w, https:\/\/www.okisan.com\/wp-content\/uploads\/2017\/11\/IPC-EBW81230-4K-1-600x206.png 600w, https:\/\/www.okisan.com\/wp-content\/uploads\/2017\/11\/IPC-EBW81230-4K-1-768x264.png 768w, https:\/\/www.okisan.com\/wp-content\/uploads\/2017\/11\/IPC-EBW81230-4K-1.png 798w\" width=\"500\" \/>&nbsp;<img loading=\"lazy\" alt=\"\" height=\"479\" sizes=\"(max-width: 500px) 100vw, 500px\" src=\"https:\/\/www.okisan.com\/wp-content\/uploads\/2018\/04\/HAC-EBW3802P-0250B-500x479.png\" srcset=\"https:\/\/www.okisan.com\/wp-content\/uploads\/2018\/04\/HAC-EBW3802P-0250B-120x115.png 120w, https:\/\/www.okisan.com\/wp-content\/uploads\/2018\/04\/HAC-EBW3802P-0250B-150x144.png 150w, https:\/\/www.okisan.com\/wp-content\/uploads\/2018\/04\/HAC-EBW3802P-0250B-200x191.png 200w, https:\/\/www.okisan.com\/wp-content\/uploads\/2018\/04\/HAC-EBW3802P-0250B-300x287.png 300w, https:\/\/www.okisan.com\/wp-content\/uploads\/2018\/04\/HAC-EBW3802P-0250B-400x383.png 400w, https:\/\/www.okisan.com\/wp-content\/uploads\/2018\/04\/HAC-EBW3802P-0250B-500x479.png 500w, https:\/\/www.okisan.com\/wp-content\/uploads\/2018\/04\/HAC-EBW3802P-0250B.png 561w\" width=\"500\" \/><\/p>\n","protected":false},"excerpt":{"rendered":"<p>1\/2&rdquo; 8Megapiksel progresif tarama CMOS Panoramik fisheye lens Maks. 15fps@4K 120db true WDR,2D&amp;3D NR Cihaz &uuml;zerindeki lens distorsiyon d&uuml;zeltmesi Maks.15m IR mesafesi IP67 ve IK10 koruma ve dayan\u0131kl\u0131l\u0131k sertifikalar\u0131 RG59 koaksiyel kablo ile&nbsp;500m&rsquo;ye&nbsp;kadar iletim Model Dahua HAC-EBW3802P-0250B Teknik &Ouml;zellikleri Kamera &nbsp; G&ouml;r&uuml;nt&uuml; Sens&ouml;r&uuml; 1\/2&Prime; 8MP CMOS Etkin Piksel 3840(H)&times;2160(V) Tarama Sistemi Progresif Elektronik Shutter H\u0131z\u0131 [&#8230;]\n","protected":false},"featured_media":806,"comment_status":"closed","ping_status":"closed","template":"","meta":[],"_links":{"self":[{"href":"https:\/\/nilbilisim.com.tr\/magaza\/wp-json\/wp\/v2\/product\/805"}],"collection":[{"href":"https:\/\/nilbilisim.com.tr\/magaza\/wp-json\/wp\/v2\/product"}],"about":[{"href":"https:\/\/nilbilisim.com.tr\/magaza\/wp-json\/wp\/v2\/types\/product"}],"replies":[{"embeddable":true,"href":"https:\/\/nilbilisim.com.tr\/magaza\/wp-json\/wp\/v2\/comments?post=805"}],"wp:featuredmedia":[{"embeddable":true,"href":"https:\/\/nilbilisim.com.tr\/magaza\/wp-json\/wp\/v2\/media\/806"}],"wp:attachment":[{"href":"https:\/\/nilbilisim.com.tr\/magaza\/wp-json\/wp\/v2\/media?parent=805"}],"curies":[{"name":"wp","href":"https:\/\/api.w.org\/{rel}","templated":true}]}}