{"id":807,"date":"2021-01-18T21:27:20","date_gmt":"2021-01-18T21:27:20","guid":{"rendered":"https:\/\/nilbilisim.com.tr\/magaza\/urun\/dahua-hac-pfw3601p-a180-e3-3x2mp-multi-sensr-panoramik-hdcvi-kamera\/"},"modified":"2024-07-01T01:44:13","modified_gmt":"2024-06-30T22:44:13","slug":"dahua-hac-pfw3601p-a180-e3-3x2mp-multi-sensr-panoramik-hdcvi-kamera","status":"publish","type":"product","link":"https:\/\/nilbilisim.com.tr\/magaza\/urun\/dahua-hac-pfw3601p-a180-e3-3x2mp-multi-sensr-panoramik-hdcvi-kamera\/","title":{"rendered":"Dahua HAC-PFW3601P-A180-E3 3X2MP Multi-Sens\u00f6r Panoramik HDCVI Kamera"},"content":{"rendered":"<ul>\n<li>&Uuml;&ccedil; adet 1 \/ 2.8 &ldquo;2Megapiksel Progresif tarama CMOS<\/li>\n<li>1 panoramik g&ouml;r&uuml;nt&uuml; ve 3 ayr\u0131 2MP video &ccedil;\u0131k\u0131\u015f\u0131 ayn\u0131 anda<\/li>\n<li>Maks.&nbsp;15fps @ 4K, 25fps @ 4M<\/li>\n<li>120db ger&ccedil;ek WDR, 2D ve 3D NR<\/li>\n<li>HDCVI starlight teknolojisi<\/li>\n<li>Maks.20m IR mesafesi<\/li>\n<li>IP67 ve IK10 giri\u015f korumas\u0131<\/li>\n<li>RG59 koaksiyel kablo ile&nbsp;500m&rsquo;ye&nbsp;kadar iletim<\/li>\n<\/ul>\n<table border=\"1\" cellpadding=\"5\" cellspacing=\"1\" id=\"table001\">\n<tbody>\n<tr>\n<td colspan=\"2\"><strong>Dahua HAC-PFW3601P-A180-E3 Teknik &Ouml;zellikleri<\/strong><\/td>\n<\/tr>\n<tr>\n<td colspan=\"2\"><strong>Kamera<\/strong><\/td>\n<\/tr>\n<tr>\n<td>G&ouml;r&uuml;nt&uuml; Sens&ouml;r&uuml;<\/td>\n<td>&Uuml;&ccedil; adet 1 \/ 2,8 &ldquo;2MP STARVIS&nbsp;TM&nbsp;CMOS<\/td>\n<\/tr>\n<tr>\n<td>Efektif Piksel (Panorama)<\/td>\n<td>4K (3840&times;832) \/ (4M 2560&times;554)<\/td>\n<\/tr>\n<tr>\n<td>Tarama Sistemi<\/td>\n<td>Progresif<\/td>\n<\/tr>\n<tr>\n<td>Elektronik Shutter H\u0131z\u0131<\/td>\n<td>PAL: 1 \/ 4s ~ 1 \/ 100,000<\/p>\n<p>&nbsp;<\/p>\n<p>NTSC: 1 \/ 3s ~ 1 \/ 100,000<\/p>\n<\/td>\n<\/tr>\n<tr>\n<td>Minimum Ayd\u0131nlatma<\/td>\n<td>0.005Lux \/ F1.8 (Renkli), 30IRE, 0Lux \/ F1.8 (IR)<\/td>\n<\/tr>\n<tr>\n<td>S \/ N Oran\u0131<\/td>\n<td>65 dB&rsquo;den fazla<\/td>\n<\/tr>\n<tr>\n<td>IR Mesafesi<\/td>\n<td>20m<\/td>\n<\/tr>\n<tr>\n<td>IR A&ccedil;\u0131k \/ Kapal\u0131 Kontrol<\/td>\n<td>Otomatik (ICR) \/ Renkli \/ S \/ B<\/td>\n<\/tr>\n<tr>\n<td>IR LED<\/td>\n<td>6<\/td>\n<\/tr>\n<tr>\n<td colspan=\"2\"><strong>Lens<\/strong><\/td>\n<\/tr>\n<tr>\n<td>Lens Tipi<\/td>\n<td>Sabit lens \/ Sabit iris<\/td>\n<\/tr>\n<tr>\n<td>Montaj Tipi<\/td>\n<td>Board-in<\/td>\n<\/tr>\n<tr>\n<td>Odak Uzakl\u0131\u011f\u0131<\/td>\n<td>3.6mm<\/td>\n<\/tr>\n<tr>\n<td>Maks. A&ccedil;\u0131kl\u0131k<\/td>\n<td>F1.8<\/td>\n<\/tr>\n<tr>\n<td>G&ouml;r&uuml;\u015f A&ccedil;\u0131s\u0131<\/td>\n<td>H: 180 &deg;<\/td>\n<\/tr>\n<tr>\n<td>Odak Kontrol&uuml;<\/td>\n<td>&ndash;<\/td>\n<\/tr>\n<tr>\n<td>Yak\u0131n Odak Mesafesi<\/td>\n<td>500mm<\/p>\n<p>&nbsp;<\/p>\n<p>19.7 &rdquo;<\/p>\n<\/td>\n<\/tr>\n<tr>\n<td colspan=\"2\"><strong>Pan \/ Tilt \/ D&ouml;nd&uuml;rme<\/strong><\/td>\n<\/tr>\n<tr>\n<td>Pan \/ Tilt \/ D&ouml;nd&uuml;rme<\/td>\n<td>Pan: 0\u02da ~ 360\u02da; Tilt: 0\u02da ~ 90\u02da; D&ouml;nd&uuml;rme: 0\u02da ~ 360\u02da<\/td>\n<\/tr>\n<tr>\n<td colspan=\"2\"><strong>Video<\/strong><\/td>\n<\/tr>\n<tr>\n<td>&Ccedil;&ouml;z&uuml;n&uuml;rl&uuml;k<\/td>\n<td>4K (3840X2160) \/ 4MP (2560 &times; 1440)<\/td>\n<\/tr>\n<tr>\n<td>Frame Oran\u0131<\/td>\n<td>PAL: 3840 x 2160 @ 12.5fps, 2560&times;1440 @ 25fps;<\/p>\n<p>&nbsp;<\/p>\n<p>NTSC: 3840 x 2160 @ 15fps, 2560&times;1440 @ 25fps;<\/p>\n<\/td>\n<\/tr>\n<tr>\n<td>Video &Ccedil;\u0131k\u0131\u015f\u0131<\/td>\n<td>1 kanal BNC HDCVI panoramik video &ccedil;\u0131k\u0131\u015f\u0131 ve 3 kanal BNC 2MP HDCVI video &ccedil;\u0131k\u0131\u015f\u0131<\/td>\n<\/tr>\n<tr>\n<td>G&uuml;nd&uuml;z Gece<\/td>\n<td>Otomatik (Elektronik) \/ Manuel<\/td>\n<\/tr>\n<tr>\n<td>OSD Men&uuml;s&uuml;<\/td>\n<td>&Ccedil;oklu dil<\/td>\n<\/tr>\n<tr>\n<td>BLC Modu<\/td>\n<td>BLC \/ HLC \/ WDR<\/td>\n<\/tr>\n<\/tbody>\n<\/table>\n<table border=\"1\" cellpadding=\"5\" cellspacing=\"1\" id=\"table002\">\n<tbody>\n<tr>\n<td>WDR<\/td>\n<td>120dB<\/td>\n<\/tr>\n<tr>\n<td>Kazan&ccedil; Kontrol&uuml;<\/td>\n<td>AGC<\/td>\n<\/tr>\n<tr>\n<td>Parazit Azaltma<\/td>\n<td>2D \/ 3D<\/td>\n<\/tr>\n<tr>\n<td>Beyaz Dengesi<\/td>\n<td>Otomatik \/ Manuel<\/td>\n<\/tr>\n<tr>\n<td>Ak\u0131ll\u0131 IR<\/td>\n<td>Otomatik \/ Manuel<\/td>\n<\/tr>\n<tr>\n<td colspan=\"2\"><strong>Sertifikalar<\/strong><\/td>\n<\/tr>\n<tr>\n<td>Sertifikalar<\/td>\n<td>CE (EN55032, EN55024, EN50130-4)<\/p>\n<p>&nbsp;<\/p>\n<p>FCC (CFR 47 FCC B&ouml;l&uuml;m 15 alt b&ouml;l&uuml;m&uuml; B, ANSI C63.4-2014)<\/p>\n<p>UL (UL60950-1 + CAN \/ CSA C22.2 No.60950-1)<\/p>\n<\/td>\n<\/tr>\n<tr>\n<td colspan=\"2\"><strong>Aray&uuml;z<\/strong><\/td>\n<\/tr>\n<tr>\n<td>Alarm G \/ &Ccedil;<\/td>\n<td>2\/1<\/td>\n<\/tr>\n<tr>\n<td>Ses Aray&uuml;z&uuml;<\/td>\n<td>1 kanall\u0131 ses giri\u015fi (JACK)<\/td>\n<\/tr>\n<tr>\n<td>Test Aray&uuml;z&uuml;<\/td>\n<td>1 kanall\u0131 2 pinli CVBS video &ccedil;\u0131k\u0131\u015f\u0131<\/td>\n<\/tr>\n<tr>\n<td>Y&uuml;kseltme Aray&uuml;z&uuml;<\/td>\n<td>1 kanal 4 pinli USB giri\u015fi<\/td>\n<\/tr>\n<tr>\n<td>Kod De\u011fi\u015ftirici<\/td>\n<td>1 fiziksel kod anahtar\u0131 (&ouml;nceden ayarlanm\u0131\u015f video kayna\u011f\u0131n\u0131 de\u011fi\u015ftirin)<\/td>\n<\/tr>\n<tr>\n<td>Men&uuml; Seti<\/td>\n<td>1 Be\u015f y&ouml;nl&uuml; d&uuml;\u011fme<\/td>\n<\/tr>\n<tr>\n<td colspan=\"2\"><strong>G&uuml;&ccedil;<\/strong><\/td>\n<\/tr>\n<tr>\n<td>G&uuml;&ccedil; Kayna\u011f\u0131<\/td>\n<td>12V DC &plusmn;% 25<\/td>\n<\/tr>\n<tr>\n<td>G&uuml;&ccedil; T&uuml;ketimi<\/td>\n<td>22W<\/td>\n<\/tr>\n<\/tbody>\n<\/table>\n<table border=\"1\" cellpadding=\"5\" cellspacing=\"1\" id=\"table004\">\n<tbody>\n<tr>\n<td colspan=\"2\"><strong>&Ccedil;evre Ko\u015fullar\u0131<\/strong><\/td>\n<\/tr>\n<tr>\n<td>&Ccedil;al\u0131\u015fma Ko\u015fullar\u0131<\/td>\n<td>-30 &deg; C ~ + 60 &deg; C (-22 &deg; F ~ + 140 &deg; F) \/% 95&rsquo;ten az RH<\/p>\n<p>&nbsp;<\/p>\n<p>* Ba\u015flatma i\u015flemi -30 &deg; C&rsquo;nin (-22 &deg; F) &uuml;zerinde yap\u0131lmal\u0131d\u0131r.<\/p>\n<\/td>\n<\/tr>\n<tr>\n<td>Dayan\u0131kl\u0131l\u0131k Ko\u015fullar\u0131<\/td>\n<td>-30 &deg; C ~ + 60 &deg; C (-22 &deg; F ~ + 140 &deg; F) \/% 95&rsquo;ten az RH<\/td>\n<\/tr>\n<tr>\n<td>Koruma Sertifikas\u0131<\/td>\n<td>IP67<\/td>\n<\/tr>\n<tr>\n<td>Dayan\u0131kl\u0131l\u0131k Sertifikas\u0131<\/td>\n<td>IK10<\/td>\n<\/tr>\n<tr>\n<td colspan=\"2\"><strong>Kasa<\/strong><\/td>\n<\/tr>\n<tr>\n<td>Kasa<\/td>\n<td>Al&uuml;minyum<\/td>\n<\/tr>\n<tr>\n<td>Boyutlar<\/td>\n<td>286mm x 119mm x 106mm<\/td>\n<\/tr>\n<tr>\n<td>Net A\u011f\u0131rl\u0131k<\/td>\n<td>2.05kg<\/td>\n<\/tr>\n<\/tbody>\n<\/table>\n<p><img loading=\"lazy\" alt=\"\" height=\"165\" sizes=\"(max-width: 500px) 100vw, 500px\" src=\"https:\/\/www.okisan.com\/wp-content\/uploads\/2019\/02\/boyutlar-1-500x165.png\" srcset=\"https:\/\/www.okisan.com\/wp-content\/uploads\/2019\/02\/boyutlar-1-120x40.png 120w, https:\/\/www.okisan.com\/wp-content\/uploads\/2019\/02\/boyutlar-1-150x49.png 150w, https:\/\/www.okisan.com\/wp-content\/uploads\/2019\/02\/boyutlar-1-200x66.png 200w, https:\/\/www.okisan.com\/wp-content\/uploads\/2019\/02\/boyutlar-1-300x99.png 300w, https:\/\/www.okisan.com\/wp-content\/uploads\/2019\/02\/boyutlar-1-400x132.png 400w, https:\/\/www.okisan.com\/wp-content\/uploads\/2019\/02\/boyutlar-1-500x165.png 500w, https:\/\/www.okisan.com\/wp-content\/uploads\/2019\/02\/boyutlar-1-600x198.png 600w, https:\/\/www.okisan.com\/wp-content\/uploads\/2019\/02\/boyutlar-1-768x253.png 768w, https:\/\/www.okisan.com\/wp-content\/uploads\/2019\/02\/boyutlar-1-800x263.png 800w, https:\/\/www.okisan.com\/wp-content\/uploads\/2019\/02\/boyutlar-1.png 893w\" width=\"500\" \/><img loading=\"lazy\" alt=\"\" height=\"487\" sizes=\"(max-width: 500px) 100vw, 500px\" src=\"https:\/\/www.okisan.com\/wp-content\/uploads\/2019\/02\/aksesuarlar-1-500x487.png\" srcset=\"https:\/\/www.okisan.com\/wp-content\/uploads\/2019\/02\/aksesuarlar-1-120x117.png 120w, https:\/\/www.okisan.com\/wp-content\/uploads\/2019\/02\/aksesuarlar-1-150x146.png 150w, https:\/\/www.okisan.com\/wp-content\/uploads\/2019\/02\/aksesuarlar-1-200x195.png 200w, https:\/\/www.okisan.com\/wp-content\/uploads\/2019\/02\/aksesuarlar-1-300x292.png 300w, https:\/\/www.okisan.com\/wp-content\/uploads\/2019\/02\/aksesuarlar-1-400x389.png 400w, https:\/\/www.okisan.com\/wp-content\/uploads\/2019\/02\/aksesuarlar-1-500x487.png 500w, https:\/\/www.okisan.com\/wp-content\/uploads\/2019\/02\/aksesuarlar-1.png 559w\" width=\"500\" \/><\/p>\n","protected":false},"excerpt":{"rendered":"<p>&Uuml;&ccedil; adet 1 \/ 2.8 &ldquo;2Megapiksel Progresif tarama CMOS 1 panoramik g&ouml;r&uuml;nt&uuml; ve 3 ayr\u0131 2MP video &ccedil;\u0131k\u0131\u015f\u0131 ayn\u0131 anda Maks.&nbsp;15fps @ 4K, 25fps @ 4M 120db ger&ccedil;ek WDR, 2D ve 3D NR HDCVI starlight teknolojisi Maks.20m IR mesafesi IP67 ve IK10 giri\u015f korumas\u0131 RG59 koaksiyel kablo ile&nbsp;500m&rsquo;ye&nbsp;kadar iletim Dahua HAC-PFW3601P-A180-E3 Teknik &Ouml;zellikleri Kamera G&ouml;r&uuml;nt&uuml; [&#8230;]\n","protected":false},"featured_media":808,"comment_status":"closed","ping_status":"closed","template":"","meta":[],"_links":{"self":[{"href":"https:\/\/nilbilisim.com.tr\/magaza\/wp-json\/wp\/v2\/product\/807"}],"collection":[{"href":"https:\/\/nilbilisim.com.tr\/magaza\/wp-json\/wp\/v2\/product"}],"about":[{"href":"https:\/\/nilbilisim.com.tr\/magaza\/wp-json\/wp\/v2\/types\/product"}],"replies":[{"embeddable":true,"href":"https:\/\/nilbilisim.com.tr\/magaza\/wp-json\/wp\/v2\/comments?post=807"}],"wp:featuredmedia":[{"embeddable":true,"href":"https:\/\/nilbilisim.com.tr\/magaza\/wp-json\/wp\/v2\/media\/808"}],"wp:attachment":[{"href":"https:\/\/nilbilisim.com.tr\/magaza\/wp-json\/wp\/v2\/media?parent=807"}],"curies":[{"name":"wp","href":"https:\/\/api.w.org\/{rel}","templated":true}]}}