{"id":809,"date":"2021-01-18T21:27:28","date_gmt":"2021-01-18T21:27:28","guid":{"rendered":"https:\/\/nilbilisim.com.tr\/magaza\/urun\/dahua-hac-hfw2120dp-b-0600b-14-mp-water-proof-hdcvi-kamera\/"},"modified":"2024-07-01T01:44:13","modified_gmt":"2024-06-30T22:44:13","slug":"dahua-hac-hfw2120dp-b-0600b-14-mp-water-proof-hdcvi-kamera","status":"publish","type":"product","link":"https:\/\/nilbilisim.com.tr\/magaza\/urun\/dahua-hac-hfw2120dp-b-0600b-14-mp-water-proof-hdcvi-kamera\/","title":{"rendered":"Dahua HAC-HFW2120DP-B-0600B 1.4 MP Water-proof HDCVI Kamera"},"content":{"rendered":"<ul>\n<li>1\/3&rdquo; 1.4 Megapiksel CMOS<\/li>\n<li>25\/30\/50\/60fps @ 720P<\/li>\n<li>Yu\u0308ksek H\u0131z<\/li>\n<li>Uzun Mesafe Real-Time \u0130letim<\/li>\n<li>HD ve Standard &Ccedil;&ouml;zu\u0308nu\u0308rlu\u0308k Se&ccedil;imi<\/li>\n<li>OSD Menu\u0308, Koaksiyel Kablo u\u0308zerinden Kontrol edebilme<\/li>\n<li>Gece\/Gu\u0308ndu\u0308z (ICR), 3D-DNR, AWB, AGC, BLC<\/li>\n<li>6mm Sabit Lens<\/li>\n<li>Maks. IR LED G&ouml;ru\u0308\u015f Mesafesi:&nbsp;50M, Ak\u0131ll\u0131 IR<\/li>\n<li>IP66, DC 12V<\/li>\n<li>75-3 Koaksiyel kablo ile 500 metrede&nbsp;sorunsuz &ccedil;al\u0131\u015fabilme<\/li>\n<\/ul>\n<table border=\"1\" cellpadding=\"5\" cellspacing=\"1\">\n<tbody>\n<tr>\n<td><strong>Model<\/strong><\/td>\n<td colspan=\"1\"><strong>Dahua HAC-HFW2120DP-B-0600B Teknik &Ouml;zellikleri<\/strong><\/td>\n<\/tr>\n<tr>\n<td><strong>Kamera<\/strong><\/td>\n<td colspan=\"1\">&nbsp;<\/td>\n<\/tr>\n<tr>\n<td>G&ouml;r&uuml;nt&uuml; Sens&ouml;r&uuml;<\/td>\n<td colspan=\"1\">1\/3&rdquo; 1.4Megapiksel CMOS<\/td>\n<\/tr>\n<tr>\n<td>Efektif Piksel<\/td>\n<td colspan=\"1\">1305(H)&times;1049(V)<\/td>\n<\/tr>\n<tr>\n<td>Elektronik Shutter H\u0131z\u0131<\/td>\n<td colspan=\"1\">1\/3s~1\/100,000s<\/td>\n<\/tr>\n<tr>\n<td>Video Frame Oran\u0131<\/td>\n<td colspan=\"1\">25\/50fps@720P<\/td>\n<\/tr>\n<tr>\n<td>Senkronizasyon<\/td>\n<td colspan=\"1\">Dahili<\/td>\n<\/tr>\n<tr>\n<td>Min. Ayd\u0131nlatma<\/td>\n<td colspan=\"1\">0.01Lux@F1.2(AGC), 0Lux (IR)<\/td>\n<\/tr>\n<tr>\n<td>Video &Ccedil;\u0131k\u0131\u015f\u0131<\/td>\n<td colspan=\"1\">1 kanal BNC HDCVI HD video &ccedil;\u0131k\u0131\u015f\u0131\/ CVBS standart tan\u0131ml\u0131 video &ccedil;\u0131k\u0131\u015f\u0131<\/td>\n<\/tr>\n<tr>\n<td><strong>Kamera &Ouml;zellikleri<\/strong><\/td>\n<td colspan=\"1\">&nbsp;<\/td>\n<\/tr>\n<tr>\n<td>Maks. G&ouml;r&uuml;\u015f Mesafesi<\/td>\n<td colspan=\"1\">50M, Ak\u0131ll\u0131 IR<\/td>\n<\/tr>\n<tr>\n<td>Gece\/G&uuml;nd&uuml;z<\/td>\n<td colspan=\"1\">Otomatik (ICR) \/ Renkli \/ S\/B<\/td>\n<\/tr>\n<tr>\n<td>Parazit Azaltma<\/td>\n<td colspan=\"1\">2D\/3D<\/td>\n<\/tr>\n<tr>\n<td>OSD Men&uuml;<\/td>\n<td colspan=\"1\">Mevcut<\/td>\n<\/tr>\n<tr>\n<td><strong>Lens<\/strong><\/td>\n<td colspan=\"1\">&nbsp;<\/td>\n<\/tr>\n<tr>\n<td>Odak Uzakl\u0131\u011f\u0131<\/td>\n<td colspan=\"1\">6mm<\/td>\n<\/tr>\n<tr>\n<td>G&ouml;r&uuml;\u015f A&ccedil;\u0131s\u0131<\/td>\n<td colspan=\"1\">H: 35&ordm;(70&ordm;\/46.5&ordm;\/22.4&ordm;\/16.8&ordm;)<\/td>\n<\/tr>\n<tr>\n<td>Montaj Tipi<\/td>\n<td colspan=\"1\">M12<\/td>\n<\/tr>\n<tr>\n<td><strong>Genel<\/strong><\/td>\n<td colspan=\"1\">&nbsp;<\/td>\n<\/tr>\n<tr>\n<td>G&uuml;&ccedil;<\/td>\n<td colspan=\"1\">DC12V&plusmn;10%<\/td>\n<\/tr>\n<tr>\n<td>G&uuml;&ccedil; T&uuml;ketimi<\/td>\n<td colspan=\"1\">Maks. 4.7W<\/td>\n<\/tr>\n<tr>\n<td>&Ccedil;al\u0131\u015fma Ko\u015fullar\u0131<\/td>\n<td colspan=\"1\">-30&deg;C~+60&deg;C \/ &lt; 95%RH<\/td>\n<\/tr>\n<tr>\n<td>\u0130letim Mesafesi<\/td>\n<td colspan=\"1\">75-3 Koaksiyel kablo ile 500 metrede<\/td>\n<\/tr>\n<tr>\n<td>&Ccedil;al\u0131\u015fma Ko\u015fullar\u0131<\/td>\n<td colspan=\"1\">-30&deg; C~ +60&deg;C, &lt;90%RH<\/td>\n<\/tr>\n<tr>\n<td>Koruma Sertifikas\u0131<\/td>\n<td colspan=\"1\">IP66<\/td>\n<\/tr>\n<tr>\n<td>Boyutlar<\/td>\n<td colspan=\"1\">200.2mm&times;89.1mm&times;161.2mm<\/td>\n<\/tr>\n<tr>\n<td>A\u011f\u0131rl\u0131k<\/td>\n<td colspan=\"1\">0.58kg<\/td>\n<\/tr>\n<\/tbody>\n<\/table>\n","protected":false},"excerpt":{"rendered":"<p>1\/3&rdquo; 1.4 Megapiksel CMOS 25\/30\/50\/60fps @ 720P Yu\u0308ksek H\u0131z Uzun Mesafe Real-Time \u0130letim HD ve Standard &Ccedil;&ouml;zu\u0308nu\u0308rlu\u0308k Se&ccedil;imi OSD Menu\u0308, Koaksiyel Kablo u\u0308zerinden Kontrol edebilme Gece\/Gu\u0308ndu\u0308z (ICR), 3D-DNR, AWB, AGC, BLC 6mm Sabit Lens Maks. IR LED G&ouml;ru\u0308\u015f Mesafesi:&nbsp;50M, Ak\u0131ll\u0131 IR IP66, DC 12V 75-3 Koaksiyel kablo ile 500 metrede&nbsp;sorunsuz &ccedil;al\u0131\u015fabilme Model Dahua HAC-HFW2120DP-B-0600B Teknik [&#8230;]\n","protected":false},"featured_media":810,"comment_status":"closed","ping_status":"closed","template":"","meta":[],"_links":{"self":[{"href":"https:\/\/nilbilisim.com.tr\/magaza\/wp-json\/wp\/v2\/product\/809"}],"collection":[{"href":"https:\/\/nilbilisim.com.tr\/magaza\/wp-json\/wp\/v2\/product"}],"about":[{"href":"https:\/\/nilbilisim.com.tr\/magaza\/wp-json\/wp\/v2\/types\/product"}],"replies":[{"embeddable":true,"href":"https:\/\/nilbilisim.com.tr\/magaza\/wp-json\/wp\/v2\/comments?post=809"}],"wp:featuredmedia":[{"embeddable":true,"href":"https:\/\/nilbilisim.com.tr\/magaza\/wp-json\/wp\/v2\/media\/810"}],"wp:attachment":[{"href":"https:\/\/nilbilisim.com.tr\/magaza\/wp-json\/wp\/v2\/media?parent=809"}],"curies":[{"name":"wp","href":"https:\/\/api.w.org\/{rel}","templated":true}]}}