{"id":813,"date":"2021-01-18T21:27:32","date_gmt":"2021-01-18T21:27:32","guid":{"rendered":"https:\/\/nilbilisim.com.tr\/magaza\/urun\/dahua-hac-hdbw1100rp-vf-s3-1mp-hdcvi-ir-dome-kamera\/"},"modified":"2024-07-01T01:44:12","modified_gmt":"2024-06-30T22:44:12","slug":"dahua-hac-hdbw1100rp-vf-s3-1mp-hdcvi-ir-dome-kamera","status":"publish","type":"product","link":"https:\/\/nilbilisim.com.tr\/magaza\/urun\/dahua-hac-hdbw1100rp-vf-s3-1mp-hdcvi-ir-dome-kamera\/","title":{"rendered":"Dahua HAC-HDBW1100RP-VF-S3 1MP HDCVI IR Dome Kamera"},"content":{"rendered":"<ul>\n<li>Maks. 30fps @ 720P<\/li>\n<li>HD ve SD &ccedil;\u0131k\u0131\u015f\u0131 de\u011fi\u015ftirilebilir.<\/li>\n<li>2.7-13.5mm vari-focal lens<\/li>\n<li>Maks. IR uzunlu\u011fu 30m, Ak\u0131ll\u0131 IR<\/li>\n<li>IP67, IK10, DC12V<\/li>\n<\/ul>\n<table border=\"1\" cellpadding=\"5\" cellspacing=\"1\" id=\"table-1\">\n<tbody>\n<tr>\n<td colspan=\"2\"><strong>Dahua HAC-HDBW1100RP-VF-S3 Teknik &Ouml;zellikleri<\/strong><\/td>\n<\/tr>\n<tr>\n<td colspan=\"2\"><strong>Kamera<\/strong><\/td>\n<\/tr>\n<tr>\n<td>G&ouml;r&uuml;nt&uuml; Sens&ouml;r&uuml;<\/td>\n<td>1\/3 &ldquo;CMOS<\/td>\n<\/tr>\n<tr>\n<td>Efektif Piksel<\/td>\n<td>1280 (H) &times; 720 (V), 1MP<\/td>\n<\/tr>\n<tr>\n<td>Tarama Sistemi<\/td>\n<td>Progresif<\/td>\n<\/tr>\n<tr>\n<td>Elektronik Shutter H\u0131z\u0131<\/td>\n<td>PAL: 1\/25 ~ 1 \/ 100000s<\/p>\n<p>&nbsp;<\/p>\n<p>NTSC: 1\/30 ~ 1 \/ 100000s<\/p>\n<\/td>\n<\/tr>\n<tr>\n<td>Minimum Ayd\u0131nlatma<\/td>\n<td>0.05Lux\/F1.3, 30IRE, 0Lux IR<\/td>\n<\/tr>\n<tr>\n<td>S \/ N Oran\u0131<\/td>\n<td>65dB&rsquo;den fazla<\/td>\n<\/tr>\n<tr>\n<td>IR Mesafesi<\/td>\n<td>30m&rsquo;ye kadar (98feet)<\/td>\n<\/tr>\n<tr>\n<td>IR A&ccedil;\u0131k \/ Kapal\u0131 Kontrol<\/td>\n<td>Otomatik \/ Manuel<\/td>\n<\/tr>\n<tr>\n<td>IR LED<\/td>\n<td>2<\/td>\n<\/tr>\n<tr>\n<td colspan=\"2\"><strong>Lens<\/strong><\/td>\n<\/tr>\n<tr>\n<td>Lens Tipi<\/td>\n<td>Vari-focal lens \/ Sabit iris<\/td>\n<\/tr>\n<tr>\n<td>Montaj Tipi<\/td>\n<td>Board-in<\/td>\n<\/tr>\n<tr>\n<td>Odak Uzakl\u0131\u011f\u0131<\/td>\n<td>2.7-13.5mm<\/td>\n<\/tr>\n<tr>\n<td>Maks. A&ccedil;\u0131kl\u0131k<\/td>\n<td>F1.3<\/td>\n<\/tr>\n<tr>\n<td>G&ouml;r&uuml;\u015f A&ccedil;\u0131s\u0131<\/td>\n<td>H: 91 &deg; ~ 25 &deg;<\/td>\n<\/tr>\n<tr>\n<td>Netlik Ayar\u0131<\/td>\n<td>Manuel<\/td>\n<\/tr>\n<tr>\n<td>Yak\u0131n Odak Mesafesi<\/td>\n<td>200mm<\/p>\n<p>&nbsp;<\/p>\n<p>7.87&rdquo;<\/p>\n<\/td>\n<\/tr>\n<tr>\n<td colspan=\"2\"><strong>Pan \/ Tilt \/ D&ouml;nd&uuml;rme<\/strong><\/td>\n<\/tr>\n<tr>\n<td>Pan \/ Tilt \/ D&ouml;nd&uuml;rme<\/td>\n<td>Soldan sa\u011fa: 0 &deg; ~ 355 &deg;; yukardan a\u015fa\u011f\u0131 0 &deg; ~ 75 &deg;; D&ouml;nd&uuml;rme: 0 &deg; ~ 355 &deg; 3 Eksenli (3 Axis) y&ouml;n ayar\u0131 ve istenildi\u011fi gibi ayarlanabilme<\/td>\n<\/tr>\n<tr>\n<td colspan=\"2\"><strong>Video<\/strong><\/td>\n<\/tr>\n<tr>\n<td>&Ccedil;&ouml;z&uuml;n&uuml;rl&uuml;k<\/td>\n<td>720P (1280 &times; 720)<\/td>\n<\/tr>\n<tr>\n<td>Frame Oran\u0131<\/td>\n<td>25 \/ 30fps @ 720P<\/td>\n<\/tr>\n<tr>\n<td>Video &Ccedil;\u0131k\u0131\u015f\u0131<\/td>\n<td>1 kanal BNC y&uuml;ksek &ccedil;&ouml;z&uuml;n&uuml;rl&uuml;kl&uuml; video &ccedil;\u0131k\u0131\u015f\u0131 \/ CVBS video &ccedil;\u0131k\u0131\u015f\u0131 (Anahtarlanabilir.)<\/td>\n<\/tr>\n<tr>\n<td>G&uuml;nd&uuml;z \/ Gece<\/td>\n<td>Otomatik (ICR) \/ Manuel<\/td>\n<\/tr>\n<tr>\n<td>OSD Men&uuml;<\/td>\n<td>&Ccedil;oklu dil<\/td>\n<\/tr>\n<tr>\n<td>BLC Modu<\/td>\n<td>BLC \/ HLC \/ DWDR<\/td>\n<\/tr>\n<tr>\n<td>WDR<\/td>\n<td>DWDR<\/td>\n<\/tr>\n<tr>\n<td>Kazan&ccedil; Kontrol&uuml;<\/td>\n<td>AGC<\/td>\n<\/tr>\n<tr>\n<td>Parazit Azaltma<\/td>\n<td>2D<\/td>\n<\/tr>\n<tr>\n<td>Beyaz Dengesi<\/td>\n<td>Otomatik \/ Manuel<\/td>\n<\/tr>\n<tr>\n<td>Ak\u0131ll\u0131 IR<\/td>\n<td>Otomatik \/ Manuel<\/td>\n<\/tr>\n<tr>\n<td><strong>Sertifikalar<\/strong><\/td>\n<td>&nbsp;<\/td>\n<\/tr>\n<tr>\n<td>Sertifikalar<\/td>\n<td>CE (EN55032, EN55024, EN50130-4)<\/p>\n<p>&nbsp;<\/p>\n<p>FCC (CFR 47 FCC B&ouml;l&uuml;m 15 alt b&ouml;l&uuml;m B, ANSI C63.4-2014)<\/p>\n<p>UL (UL60950-1 + CAN \/ CSA C22.2 No.60950-1)<\/p>\n<\/td>\n<\/tr>\n<\/tbody>\n<\/table>\n<table border=\"1\" cellpadding=\"5\" cellspacing=\"1\" id=\"table-2\">\n<tbody>\n<tr>\n<td colspan=\"2\"><strong>Aray&uuml;z<\/strong><\/td>\n<\/tr>\n<tr>\n<td>Ses Aray&uuml;z&uuml;<\/td>\n<td>&ndash;<\/td>\n<\/tr>\n<tr>\n<td colspan=\"2\"><strong>G&uuml;&ccedil;<\/strong><\/td>\n<\/tr>\n<tr>\n<td>G&uuml;&ccedil; Kayna\u011f\u0131<\/td>\n<td>12V DC &plusmn;% 25<\/td>\n<\/tr>\n<tr>\n<td>G&uuml;&ccedil; T&uuml;ketimi<\/td>\n<td>Maks. 2.9W (12V DC, IR)<\/td>\n<\/tr>\n<tr>\n<td colspan=\"2\"><strong>&Ccedil;evre Ko\u015fullar\u0131<\/strong><\/td>\n<\/tr>\n<tr>\n<td>&Ccedil;al\u0131\u015fma Ko\u015fullar\u0131<\/td>\n<td>-40 &deg; C ~ + 60 &deg; C (-40 &deg; F ~ + 140 &deg; F) \/ az% 90 RH<\/td>\n<\/tr>\n<tr>\n<td>Dayan\u0131kl\u0131l\u0131k Ko\u015fullar\u0131<\/td>\n<td>-40 &deg; C ~ + 60 &deg; C (-40 &deg; F ~ + 140 &deg; F) \/ az% 90 RH<\/td>\n<\/tr>\n<tr>\n<td>Koruma Sertifikas\u0131 ve Dayan\u0131kl\u0131l\u0131k Sertifikas\u0131<\/td>\n<td>IP67 &amp; IK10<\/td>\n<\/tr>\n<tr>\n<td colspan=\"2\"><strong>Kasa<\/strong><\/td>\n<\/tr>\n<tr>\n<td>Kasa<\/td>\n<td>Al&uuml;minyum<\/td>\n<\/tr>\n<tr>\n<td>Boyutlar<\/td>\n<td>&Phi;122mm &times; 88.9mm<\/td>\n<\/tr>\n<tr>\n<td>Net A\u011f\u0131rl\u0131k<\/td>\n<td>0.40kg<\/td>\n<\/tr>\n<\/tbody>\n<\/table>\n<p><img loading=\"lazy\" alt=\"\" height=\"228\" sizes=\"(max-width: 500px) 100vw, 500px\" src=\"https:\/\/www.okisan.com\/wp-content\/uploads\/2017\/05\/HAC-HDBW1100R-VF-S3-1-500x228.png\" srcset=\"https:\/\/www.okisan.com\/wp-content\/uploads\/2017\/05\/HAC-HDBW1100R-VF-S3-1-120x55.png 120w, https:\/\/www.okisan.com\/wp-content\/uploads\/2017\/05\/HAC-HDBW1100R-VF-S3-1-150x68.png 150w, https:\/\/www.okisan.com\/wp-content\/uploads\/2017\/05\/HAC-HDBW1100R-VF-S3-1-200x91.png 200w, https:\/\/www.okisan.com\/wp-content\/uploads\/2017\/05\/HAC-HDBW1100R-VF-S3-1-300x137.png 300w, https:\/\/www.okisan.com\/wp-content\/uploads\/2017\/05\/HAC-HDBW1100R-VF-S3-1-400x182.png 400w, https:\/\/www.okisan.com\/wp-content\/uploads\/2017\/05\/HAC-HDBW1100R-VF-S3-1-500x228.png 500w, https:\/\/www.okisan.com\/wp-content\/uploads\/2017\/05\/HAC-HDBW1100R-VF-S3-1-600x273.png 600w, https:\/\/www.okisan.com\/wp-content\/uploads\/2017\/05\/HAC-HDBW1100R-VF-S3-1.png 698w\" width=\"500\" \/>&nbsp;<img loading=\"lazy\" alt=\"\" height=\"525\" sizes=\"(max-width: 397px) 100vw, 397px\" src=\"https:\/\/www.okisan.com\/wp-content\/uploads\/2017\/05\/HAC-HDBW1100RP-VF-S3.png\" srcset=\"https:\/\/www.okisan.com\/wp-content\/uploads\/2017\/05\/HAC-HDBW1100RP-VF-S3-120x159.png 120w, https:\/\/www.okisan.com\/wp-content\/uploads\/2017\/05\/HAC-HDBW1100RP-VF-S3-150x198.png 150w, https:\/\/www.okisan.com\/wp-content\/uploads\/2017\/05\/HAC-HDBW1100RP-VF-S3-200x264.png 200w, https:\/\/www.okisan.com\/wp-content\/uploads\/2017\/05\/HAC-HDBW1100RP-VF-S3-300x397.png 300w, https:\/\/www.okisan.com\/wp-content\/uploads\/2017\/05\/HAC-HDBW1100RP-VF-S3.png 397w\" width=\"397\" \/><\/p>\n","protected":false},"excerpt":{"rendered":"<p>Maks. 30fps @ 720P HD ve SD &ccedil;\u0131k\u0131\u015f\u0131 de\u011fi\u015ftirilebilir. 2.7-13.5mm vari-focal lens Maks. IR uzunlu\u011fu 30m, Ak\u0131ll\u0131 IR IP67, IK10, DC12V Dahua HAC-HDBW1100RP-VF-S3 Teknik &Ouml;zellikleri Kamera G&ouml;r&uuml;nt&uuml; Sens&ouml;r&uuml; 1\/3 &ldquo;CMOS Efektif Piksel 1280 (H) &times; 720 (V), 1MP Tarama Sistemi Progresif Elektronik Shutter H\u0131z\u0131 PAL: 1\/25 ~ 1 \/ 100000s &nbsp; NTSC: 1\/30 ~ 1 [&#8230;]\n","protected":false},"featured_media":814,"comment_status":"closed","ping_status":"closed","template":"","meta":[],"_links":{"self":[{"href":"https:\/\/nilbilisim.com.tr\/magaza\/wp-json\/wp\/v2\/product\/813"}],"collection":[{"href":"https:\/\/nilbilisim.com.tr\/magaza\/wp-json\/wp\/v2\/product"}],"about":[{"href":"https:\/\/nilbilisim.com.tr\/magaza\/wp-json\/wp\/v2\/types\/product"}],"replies":[{"embeddable":true,"href":"https:\/\/nilbilisim.com.tr\/magaza\/wp-json\/wp\/v2\/comments?post=813"}],"wp:featuredmedia":[{"embeddable":true,"href":"https:\/\/nilbilisim.com.tr\/magaza\/wp-json\/wp\/v2\/media\/814"}],"wp:attachment":[{"href":"https:\/\/nilbilisim.com.tr\/magaza\/wp-json\/wp\/v2\/media?parent=813"}],"curies":[{"name":"wp","href":"https:\/\/api.w.org\/{rel}","templated":true}]}}