{"id":815,"date":"2021-01-18T21:27:45","date_gmt":"2021-01-18T21:27:45","guid":{"rendered":"https:\/\/nilbilisim.com.tr\/magaza\/urun\/dahua-hac-hdw3103p-13mp-720p-ir-hdcvi-dome-kamera\/"},"modified":"2024-07-01T01:44:12","modified_gmt":"2024-06-30T22:44:12","slug":"dahua-hac-hdw3103p-13mp-720p-ir-hdcvi-dome-kamera","status":"publish","type":"product","link":"https:\/\/nilbilisim.com.tr\/magaza\/urun\/dahua-hac-hdw3103p-13mp-720p-ir-hdcvi-dome-kamera\/","title":{"rendered":"Dahua HAC-HDW3103P 1.3MP 720P IR HDCVI Dome Kamera"},"content":{"rendered":"<ul>\n<li>1\/3&rdquo; 1.3 Megapiksel CMOS<\/li>\n<li>25\/30\/50\/60fps @ 720P<\/li>\n<li>Y&uuml;ksek h\u0131z, uzun mesafe real-time iletim<\/li>\n<li>HD ve SD &ccedil;&ouml;z&uuml;n&uuml;rl&uuml;k Switch<\/li>\n<li>OSD Men&uuml;, Koaksiyel Kablo &Uuml;zerinden Kontrol Edebilme<\/li>\n<li>Gece\/Gu\u0308ndu\u0308z (ICR), 3D-DNR, AWB, AGC, BLC<\/li>\n<li>2.7~9mm senkronize odak lens, motorize zoom<\/li>\n<li>Maks. IR LED G&ouml;ru\u0308\u015f Mesafesi: 20M, Ak\u0131ll\u0131 IR<\/li>\n<li>DC12V<\/li>\n<\/ul>\n<table border=\"1\" cellpadding=\"5\" cellspacing=\"1\" width=\"100%\">\n<tbody>\n<tr>\n<td><strong>Model<\/strong><\/td>\n<td><strong>Dahua HAC-HDW3103P Teknik &Ouml;zellikleri<\/strong><\/td>\n<\/tr>\n<tr>\n<td><strong>Kamera<\/strong><\/td>\n<td colspan=\"1\">&nbsp;<\/td>\n<\/tr>\n<tr>\n<td>G&ouml;r&uuml;nt&uuml; Sens&ouml;r&uuml;<\/td>\n<td colspan=\"1\">1\/3&Prime; 1.3 Megapiksel CMOS<\/td>\n<\/tr>\n<tr>\n<td>Efektif Piksel<\/td>\n<td colspan=\"1\">1280 (H) x 960 (V)<\/td>\n<\/tr>\n<tr>\n<td>Elektronik Shutter H\u0131z\u0131<\/td>\n<td colspan=\"1\">4\/25s~1\/45,000s<\/td>\n<\/tr>\n<tr>\n<td>Video Frame Oran\u0131<\/td>\n<td colspan=\"1\">25\/50fps@720P<\/td>\n<\/tr>\n<tr>\n<td>Senkronizasyon<\/td>\n<td colspan=\"1\">Dahil<\/td>\n<\/tr>\n<tr>\n<td>Min. Ayd\u0131nlatma<\/td>\n<td colspan=\"1\">Renkli: 0.01 Lux\/F1.2, (AGC) 0Lux (IR)<\/td>\n<\/tr>\n<tr>\n<td>Video &Ccedil;\u0131k\u0131\u015f\u0131<\/td>\n<td colspan=\"1\">1 Kanal BNC HDCVI Y&uuml;ksek &Ccedil;&ouml;z&uuml;n&uuml;rl&uuml;kl&uuml; Video &Ccedil;\u0131k\u0131\u015f\u0131 \/CVBS Standart &Ccedil;&ouml;z&uuml;n&uuml;rl&uuml;kl&uuml; Video &Ccedil;\u0131k\u0131\u015f\u0131 (Se&ccedil;ilebilir)<\/td>\n<\/tr>\n<tr>\n<td><strong>Kamera &Ouml;zellikleri<\/strong><\/td>\n<td colspan=\"1\">&nbsp;<\/td>\n<\/tr>\n<tr>\n<td>Maks. G&ouml;r&uuml;\u015f Mesafesi<\/td>\n<td colspan=\"1\">20M, Ak\u0131ll\u0131 IR<\/td>\n<\/tr>\n<tr>\n<td>Gece\/G&uuml;nd&uuml;z<\/td>\n<td colspan=\"1\">Otomatik (ICR) \/ Renkli \/ S\/B<\/td>\n<\/tr>\n<tr>\n<td>Parazit Azaltma<\/td>\n<td colspan=\"1\">2D\/3D<\/td>\n<\/tr>\n<tr>\n<td>OSD Men&uuml;<\/td>\n<td colspan=\"1\">Mevcut<\/td>\n<\/tr>\n<tr>\n<td><strong>Lens<\/strong><\/td>\n<td colspan=\"1\">&nbsp;<\/td>\n<\/tr>\n<tr>\n<td>Odak Uzunlu\u011fu<\/td>\n<td colspan=\"1\">2.7~9 mm Senkronize Odakl\u0131 Motorize Zoom Lens<\/td>\n<\/tr>\n<tr>\n<td>Montaj Tipi<\/td>\n<td colspan=\"1\">&Oslash;14<\/td>\n<\/tr>\n<tr>\n<td><strong>Genel<\/strong><\/td>\n<td colspan=\"1\">&nbsp;<\/td>\n<\/tr>\n<tr>\n<td>G&uuml;&ccedil;<\/td>\n<td colspan=\"1\">DC12V&plusmn;10%<\/td>\n<\/tr>\n<tr>\n<td>G&uuml;&ccedil; T&uuml;ketimi<\/td>\n<td colspan=\"1\">Maks. 6.5W<\/td>\n<\/tr>\n<tr>\n<td>&Ccedil;al\u0131\u015fma Ko\u015fullar\u0131<\/td>\n<td colspan=\"1\">-30 &deg;C ~ +60 &deg;C, &le; 95% RH<\/td>\n<\/tr>\n<tr>\n<td>\u0130letim Mesafesi<\/td>\n<td colspan=\"1\">75-3 Coaxial Kablo ile 500m&rsquo;den fazla<\/td>\n<\/tr>\n<tr>\n<td>Boyutlar<\/td>\n<td colspan=\"1\">&Phi;140.3mm &times; 112.7mm<\/td>\n<\/tr>\n<tr>\n<td>Net A\u011f\u0131rl\u0131k<\/td>\n<td colspan=\"1\">0,4kg<\/td>\n<\/tr>\n<\/tbody>\n<\/table>\n<p><img loading=\"lazy\" alt=\"\" height=\"191\" sizes=\"(max-width: 500px) 100vw, 500px\" src=\"https:\/\/www.okisan.com\/wp-content\/uploads\/2016\/11\/HAC-HDW3103-3-500x191.jpg\" srcset=\"https:\/\/www.okisan.com\/wp-content\/uploads\/2016\/11\/HAC-HDW3103-3-120x46.jpg 120w, https:\/\/www.okisan.com\/wp-content\/uploads\/2016\/11\/HAC-HDW3103-3-150x57.jpg 150w, https:\/\/www.okisan.com\/wp-content\/uploads\/2016\/11\/HAC-HDW3103-3-200x76.jpg 200w, https:\/\/www.okisan.com\/wp-content\/uploads\/2016\/11\/HAC-HDW3103-3-300x115.jpg 300w, https:\/\/www.okisan.com\/wp-content\/uploads\/2016\/11\/HAC-HDW3103-3-400x153.jpg 400w, https:\/\/www.okisan.com\/wp-content\/uploads\/2016\/11\/HAC-HDW3103-3-500x191.jpg 500w, https:\/\/www.okisan.com\/wp-content\/uploads\/2016\/11\/HAC-HDW3103-3-600x229.jpg 600w, https:\/\/www.okisan.com\/wp-content\/uploads\/2016\/11\/HAC-HDW3103-3.jpg 638w\" width=\"500\" \/><\/p>\n","protected":false},"excerpt":{"rendered":"<p>1\/3&rdquo; 1.3 Megapiksel CMOS 25\/30\/50\/60fps @ 720P Y&uuml;ksek h\u0131z, uzun mesafe real-time iletim HD ve SD &ccedil;&ouml;z&uuml;n&uuml;rl&uuml;k Switch OSD Men&uuml;, Koaksiyel Kablo &Uuml;zerinden Kontrol Edebilme Gece\/Gu\u0308ndu\u0308z (ICR), 3D-DNR, AWB, AGC, BLC 2.7~9mm senkronize odak lens, motorize zoom Maks. IR LED G&ouml;ru\u0308\u015f Mesafesi: 20M, Ak\u0131ll\u0131 IR DC12V Model Dahua HAC-HDW3103P Teknik &Ouml;zellikleri Kamera &nbsp; G&ouml;r&uuml;nt&uuml; Sens&ouml;r&uuml; [&#8230;]\n","protected":false},"featured_media":816,"comment_status":"closed","ping_status":"closed","template":"","meta":[],"_links":{"self":[{"href":"https:\/\/nilbilisim.com.tr\/magaza\/wp-json\/wp\/v2\/product\/815"}],"collection":[{"href":"https:\/\/nilbilisim.com.tr\/magaza\/wp-json\/wp\/v2\/product"}],"about":[{"href":"https:\/\/nilbilisim.com.tr\/magaza\/wp-json\/wp\/v2\/types\/product"}],"replies":[{"embeddable":true,"href":"https:\/\/nilbilisim.com.tr\/magaza\/wp-json\/wp\/v2\/comments?post=815"}],"wp:featuredmedia":[{"embeddable":true,"href":"https:\/\/nilbilisim.com.tr\/magaza\/wp-json\/wp\/v2\/media\/816"}],"wp:attachment":[{"href":"https:\/\/nilbilisim.com.tr\/magaza\/wp-json\/wp\/v2\/media?parent=815"}],"curies":[{"name":"wp","href":"https:\/\/api.w.org\/{rel}","templated":true}]}}