{"id":821,"date":"2021-01-18T21:28:09","date_gmt":"2021-01-18T21:28:09","guid":{"rendered":"https:\/\/nilbilisim.com.tr\/magaza\/urun\/dahua-sd49225i-hc-2mp-25x-starlight-ir-ptz-hdcvi-kamera\/"},"modified":"2024-07-01T01:44:11","modified_gmt":"2024-06-30T22:44:11","slug":"dahua-sd49225i-hc-2mp-25x-starlight-ir-ptz-hdcvi-kamera","status":"publish","type":"product","link":"https:\/\/nilbilisim.com.tr\/magaza\/urun\/dahua-sd49225i-hc-2mp-25x-starlight-ir-ptz-hdcvi-kamera\/","title":{"rendered":"Dahua SD49225I-HC 2MP 25x Starlight IR PTZ HDCVI Kamera"},"content":{"rendered":"<ul>\n<li>1 \/ 2.8 &ldquo;2Megapiksel STARVIS &trade; CMOS<\/li>\n<li>G&uuml;&ccedil;l&uuml; 25x Optik Zoom<\/li>\n<li>Starlight teknolojisi<\/li>\n<li>120dB true WDR, 3D DNR<\/li>\n<li>Maks. 25 \/ 30fps @ 1080P, 25\/30\/50 \/ 60fps @ 720P<\/li>\n<li>IR uzakl\u0131\u011f\u0131 100m<\/li>\n<li>IP66<\/li>\n<\/ul>\n<table border=\"1\" cellpadding=\"5\" cellspacing=\"1\">\n<tbody>\n<tr>\n<td><strong>Model<\/strong><\/td>\n<td colspan=\"1\"><strong>Dahua SD49225I-HC Teknik &Ouml;zellikleri<\/strong><\/td>\n<\/tr>\n<tr>\n<td><strong>Kamera<\/strong><\/td>\n<td colspan=\"1\">&nbsp;<\/td>\n<\/tr>\n<tr>\n<td>G&ouml;r&uuml;nt&uuml; Sens&ouml;r&uuml;<\/td>\n<td colspan=\"1\">1 \/ 2.8 &ldquo;STARVIS &trade; CMOS<\/td>\n<\/tr>\n<tr>\n<td>Efektif Piksel<\/td>\n<td colspan=\"1\">1920(H) &times; 1080(V), 2 Megapiksel<\/td>\n<\/tr>\n<tr>\n<td>Tarama Sistemi<\/td>\n<td colspan=\"1\">Progresif<\/td>\n<\/tr>\n<tr>\n<td>Elektronik Shutter H\u0131z\u0131<\/td>\n<td colspan=\"1\">PAL: 1\/3s~1\/30,000s<br \/>\n\t\t\tNTSC: 1\/4s~1\/30,000s<\/td>\n<\/tr>\n<tr>\n<td>Min. Ayd\u0131nlatma<\/td>\n<td colspan=\"1\">Renkli: 0.005Lux@Fl.6; 0Lux@F1.6 (IR)<\/td>\n<\/tr>\n<tr>\n<td>S\/N Oran\u0131<\/td>\n<td colspan=\"1\">55 dB&rsquo;den fazla<\/td>\n<\/tr>\n<tr>\n<td>IR Mesafesi<\/td>\n<td>100m&rsquo;ye (328ft) kadar mesafe<\/td>\n<\/tr>\n<tr>\n<td>IR A&ccedil;ma \/ Kapama Kontrol&uuml;<\/td>\n<td colspan=\"1\">Otomatik \/ Manuel<\/td>\n<\/tr>\n<tr>\n<td>IR LED<\/td>\n<td colspan=\"1\">6<\/td>\n<\/tr>\n<tr>\n<td><strong>Lens<\/strong><\/td>\n<td colspan=\"1\">&nbsp;<\/td>\n<\/tr>\n<tr>\n<td>Odak Uzakl\u0131\u011f\u0131<\/td>\n<td colspan=\"1\">4.8mm ~ 120mm<\/td>\n<\/tr>\n<tr>\n<td>Maks. Aral\u0131k<\/td>\n<td colspan=\"1\">F1.6 ~ F4.4<\/td>\n<\/tr>\n<tr>\n<td>G&ouml;r&uuml;\u015f A&ccedil;\u0131s\u0131<\/td>\n<td colspan=\"1\">H: 62.8 &deg; ~ 2.6 &deg;<\/td>\n<\/tr>\n<tr>\n<td>Optik Zoom<\/td>\n<td>25x<\/td>\n<\/tr>\n<tr>\n<td>Odak Kontrol&uuml;<\/td>\n<td>Otomatik \/ Manuel<\/td>\n<\/tr>\n<tr>\n<td>Yak\u0131n Odak Mesafesi<\/td>\n<td colspan=\"1\">100mm ~ 1000mm<\/td>\n<\/tr>\n<tr>\n<td><strong>Pan \/ Tilt \/ Flip<\/strong><\/td>\n<td colspan=\"1\">&nbsp;<\/td>\n<\/tr>\n<tr>\n<td>Pan\/Tilt\/Flip<\/td>\n<td colspan=\"1\">Pan: 0&deg; ~ 360&deg; Tilt: -15&deg; ~ 90&deg;,Otomatik flip 180&deg;<\/td>\n<\/tr>\n<tr>\n<td>Manuel Kontrol H\u0131z\u0131<\/td>\n<td colspan=\"1\">Pan: 0.1&deg; ~200&deg; \/s; Tilt: 0.1&deg; ~120&deg; \/s<\/td>\n<\/tr>\n<tr>\n<td>Preset H\u0131z\u0131<\/td>\n<td colspan=\"1\">Pan: 240&deg; \/s; Tilt: 200&deg; \/s<\/td>\n<\/tr>\n<tr>\n<td>Preset<\/td>\n<td colspan=\"1\">300<\/td>\n<\/tr>\n<tr>\n<td>PTZ Modu<\/td>\n<td colspan=\"1\">5 Pattern, 8 Tur, Otomatik Pan, Otomatik Tarama<\/td>\n<\/tr>\n<tr>\n<td>H\u0131z Ayar\u0131<\/td>\n<td colspan=\"1\">Ki\u015fi Odakl\u0131 Odak Uzunlu\u011fu \/ H\u0131z Adaptasyonu<\/td>\n<\/tr>\n<tr>\n<td>Eylem Durumu<\/td>\n<td colspan=\"1\">G&uuml;&ccedil; Kesintisinden sonra &ouml;nceki PTZ ve Lens durumuna Otomatik geri y&uuml;kleme<\/td>\n<\/tr>\n<tr>\n<td>PTZ Bo\u015fta \u0130ken<\/td>\n<td colspan=\"1\">Belirtilen s&uuml;re i&ccedil;inde komut yoksa Preset \/ Tarama \/ Tur \/ Pattern&rsquo;i etkinle\u015ftirme<\/td>\n<\/tr>\n<tr>\n<td>Protokol<\/td>\n<td colspan=\"1\">DH- SD, Pelco-P\/D (Otomatik Tan\u0131ma)<\/td>\n<\/tr>\n<tr>\n<td><strong>Video<\/strong><\/td>\n<td>&nbsp;<\/td>\n<\/tr>\n<tr>\n<td>&Ccedil;&ouml;z&uuml;n&uuml;rl&uuml;k<\/td>\n<td>1080P (1920 &times; 1080) \/ 720P (1280 &times; 720)<\/td>\n<\/tr>\n<tr>\n<td>Frame Oran\u0131<\/td>\n<td>25 \/ 30fps @ 1080P, 25\/30\/50 \/ 60fps @ 720P<\/td>\n<\/tr>\n<tr>\n<td>Video &Ccedil;\u0131k\u0131\u015f\u0131<\/td>\n<td>1 kanal BNC y&uuml;ksek tan\u0131ml\u0131 video &ccedil;\u0131k\u0131\u015f\u0131 \/ CVBS standart &ccedil;&ouml;z&uuml;n&uuml;rl&uuml;kl&uuml; video &ccedil;\u0131k\u0131\u015f\u0131 (de\u011fi\u015ftirilebilir)<\/td>\n<\/tr>\n<tr>\n<td>G&uuml;nd&uuml;z \/ Gece<\/td>\n<td>Otomatik (ICR) \/ Renkli \/ S \/ B<\/td>\n<\/tr>\n<tr>\n<td>OSD Men&uuml;s&uuml;<\/td>\n<td>Mevcut<\/td>\n<\/tr>\n<tr>\n<td>Arka I\u015f\u0131k Telafisi<\/td>\n<td>BLC \/ HLC \/ WDR (120dB)<\/td>\n<\/tr>\n<tr>\n<td>Beyaz Dengesi<\/td>\n<td>Otomatik, ATW, Kapal\u0131, A&ccedil;\u0131k, Manuel<\/td>\n<\/tr>\n<tr>\n<td>Kazan&ccedil; Kontrol&uuml;<\/td>\n<td>Otomatik \/ Manuel<\/td>\n<\/tr>\n<tr>\n<td>Parazit Azaltma<\/td>\n<td>Ultra DNR (2D \/ 3D)<\/td>\n<\/tr>\n<tr>\n<td>Dijital Zoom<\/td>\n<td>16x<\/td>\n<\/tr>\n<tr>\n<td>Flip<\/td>\n<td>180 &deg;<\/td>\n<\/tr>\n<tr>\n<td>&Ouml;zel Alan Maskelemesi<\/td>\n<td>24 Alana Kadar<\/td>\n<\/tr>\n<tr>\n<td><strong>Sertifikalar<\/strong><\/td>\n<td colspan=\"1\">&nbsp;<\/td>\n<\/tr>\n<tr>\n<td>Sertifikalar<\/td>\n<td colspan=\"1\">CE: EN55032 \/ EN55024 \/ EN50130-4<\/p>\n<p>&nbsp;<\/p>\n<p>FCC: Part15 altpartB, ANSI C63.4- 2014<\/p>\n<p>UL: UL60950-1 + CAN \/ CSA C22.2&nbsp;,&nbsp;No. 60950-1<\/p>\n<\/td>\n<\/tr>\n<tr>\n<td><strong>Aray&uuml;z<\/strong><\/td>\n<td colspan=\"1\">&nbsp;<\/td>\n<\/tr>\n<tr>\n<td>Video Aray&uuml;z&uuml;<\/td>\n<td>1<\/td>\n<\/tr>\n<tr>\n<td>Ses Aray&uuml;z&uuml;<\/td>\n<td>1 kanal<\/td>\n<\/tr>\n<tr>\n<td>RS485<\/td>\n<td colspan=\"1\">1<\/td>\n<\/tr>\n<tr>\n<td>Alarm<\/td>\n<td colspan=\"1\">2\/1<\/td>\n<\/tr>\n<tr>\n<td><strong>Genel<\/strong><\/td>\n<td colspan=\"1\">&nbsp;<\/td>\n<\/tr>\n<tr>\n<td>G&uuml;&ccedil; Kayna\u011f\u0131<\/td>\n<td colspan=\"1\">DC 12V \/ 3A<\/td>\n<\/tr>\n<tr>\n<td>G&uuml;&ccedil; T&uuml;ketimi<\/td>\n<td colspan=\"1\">13W, 20W (IR)<\/td>\n<\/tr>\n<tr>\n<td>&Ccedil;al\u0131\u015fma Ko\u015fullar\u0131<\/td>\n<td colspan=\"1\">-40 &deg; C ~ 70 &deg; C (-40 &deg; F ~ + 158 &deg; F) \/% 90&rsquo;dan d&uuml;\u015f&uuml;k RH<\/td>\n<\/tr>\n<tr>\n<td>Koruma Sertifikas\u0131<\/td>\n<td colspan=\"1\">IP66<\/td>\n<\/tr>\n<tr>\n<td>Dayan\u0131kl\u0131l\u0131k Sertifikas\u0131<\/td>\n<td colspan=\"1\">&ndash;<\/td>\n<\/tr>\n<tr>\n<td>Kasa<\/td>\n<td>Metal<\/td>\n<\/tr>\n<tr>\n<td>Boyutlar<\/td>\n<td colspan=\"1\">&Phi;160 (mm) x 295 (mm)<\/td>\n<\/tr>\n<tr>\n<td>Net A\u011f\u0131rl\u0131k<\/td>\n<td colspan=\"1\">3kg<\/td>\n<\/tr>\n<\/tbody>\n<\/table>\n<p><img loading=\"lazy\" alt=\"\" height=\"551\" sizes=\"(max-width: 373px) 100vw, 373px\" src=\"https:\/\/www.okisan.com\/wp-content\/uploads\/2017\/04\/SD49225I-HC-Boyutlar-1.png\" srcset=\"https:\/\/www.okisan.com\/wp-content\/uploads\/2017\/04\/SD49225I-HC-Boyutlar-1-120x177.png 120w, https:\/\/www.okisan.com\/wp-content\/uploads\/2017\/04\/SD49225I-HC-Boyutlar-1-150x222.png 150w, https:\/\/www.okisan.com\/wp-content\/uploads\/2017\/04\/SD49225I-HC-Boyutlar-1-200x295.png 200w, https:\/\/www.okisan.com\/wp-content\/uploads\/2017\/04\/SD49225I-HC-Boyutlar-1-300x443.png 300w, https:\/\/www.okisan.com\/wp-content\/uploads\/2017\/04\/SD49225I-HC-Boyutlar-1.png 373w\" width=\"373\" \/><img loading=\"lazy\" alt=\"\" height=\"123\" sizes=\"(max-width: 500px) 100vw, 500px\" src=\"https:\/\/www.okisan.com\/wp-content\/uploads\/2017\/04\/SD49225I-HC-1-500x123.png\" srcset=\"https:\/\/www.okisan.com\/wp-content\/uploads\/2017\/04\/SD49225I-HC-1-120x30.png 120w, https:\/\/www.okisan.com\/wp-content\/uploads\/2017\/04\/SD49225I-HC-1-150x37.png 150w, https:\/\/www.okisan.com\/wp-content\/uploads\/2017\/04\/SD49225I-HC-1-200x49.png 200w, https:\/\/www.okisan.com\/wp-content\/uploads\/2017\/04\/SD49225I-HC-1-300x74.png 300w, https:\/\/www.okisan.com\/wp-content\/uploads\/2017\/04\/SD49225I-HC-1-400x98.png 400w, https:\/\/www.okisan.com\/wp-content\/uploads\/2017\/04\/SD49225I-HC-1-500x123.png 500w, https:\/\/www.okisan.com\/wp-content\/uploads\/2017\/04\/SD49225I-HC-1-600x148.png 600w, https:\/\/www.okisan.com\/wp-content\/uploads\/2017\/04\/SD49225I-HC-1-768x189.png 768w, https:\/\/www.okisan.com\/wp-content\/uploads\/2017\/04\/SD49225I-HC-1-800x197.png 800w, https:\/\/www.okisan.com\/wp-content\/uploads\/2017\/04\/SD49225I-HC-1.png 866w\" width=\"500\" \/><\/p>\n","protected":false},"excerpt":{"rendered":"<p>1 \/ 2.8 &ldquo;2Megapiksel STARVIS &trade; CMOS G&uuml;&ccedil;l&uuml; 25x Optik Zoom Starlight teknolojisi 120dB true WDR, 3D DNR Maks. 25 \/ 30fps @ 1080P, 25\/30\/50 \/ 60fps @ 720P IR uzakl\u0131\u011f\u0131 100m IP66 Model Dahua SD49225I-HC Teknik &Ouml;zellikleri Kamera &nbsp; G&ouml;r&uuml;nt&uuml; Sens&ouml;r&uuml; 1 \/ 2.8 &ldquo;STARVIS &trade; CMOS Efektif Piksel 1920(H) &times; 1080(V), 2 Megapiksel [&#8230;]\n","protected":false},"featured_media":822,"comment_status":"closed","ping_status":"closed","template":"","meta":[],"_links":{"self":[{"href":"https:\/\/nilbilisim.com.tr\/magaza\/wp-json\/wp\/v2\/product\/821"}],"collection":[{"href":"https:\/\/nilbilisim.com.tr\/magaza\/wp-json\/wp\/v2\/product"}],"about":[{"href":"https:\/\/nilbilisim.com.tr\/magaza\/wp-json\/wp\/v2\/types\/product"}],"replies":[{"embeddable":true,"href":"https:\/\/nilbilisim.com.tr\/magaza\/wp-json\/wp\/v2\/comments?post=821"}],"wp:featuredmedia":[{"embeddable":true,"href":"https:\/\/nilbilisim.com.tr\/magaza\/wp-json\/wp\/v2\/media\/822"}],"wp:attachment":[{"href":"https:\/\/nilbilisim.com.tr\/magaza\/wp-json\/wp\/v2\/media?parent=821"}],"curies":[{"name":"wp","href":"https:\/\/api.w.org\/{rel}","templated":true}]}}