{"id":895,"date":"2021-01-19T06:31:18","date_gmt":"2021-01-19T06:31:18","guid":{"rendered":"https:\/\/nilbilisim.com.tr\/magaza\/urun\/dahua-sd6al245u-hni-2mp-45x-starlight-lazer-ptz-network-kamera\/"},"modified":"2024-07-01T01:43:28","modified_gmt":"2024-06-30T22:43:28","slug":"dahua-sd6al245u-hni-2mp-45x-starlight-lazer-ptz-network-kamera","status":"publish","type":"product","link":"https:\/\/nilbilisim.com.tr\/magaza\/urun\/dahua-sd6al245u-hni-2mp-45x-starlight-lazer-ptz-network-kamera\/","title":{"rendered":"Dahua SD6AL245U-HNI 2MP 45x Starlight Lazer PTZ Network Kamera"},"content":{"rendered":"<ul>\n<li>1\/2.8&rdquo; 2Megapiksel STARVIS&trade; CMOS<\/li>\n<li>Gu\u0308&ccedil;lu\u0308 45x Optik Zoom<\/li>\n<li>Maks. 50\/60fps@1080P<\/li>\n<li>Otomatik izleme ve IVS<\/li>\n<li>Hi-PoE mevcut<\/li>\n<li>550m&rsquo;ye kadar IR mesafesi<\/li>\n<li>IP67<\/li>\n<\/ul>\n<table border=\"1\" cellpadding=\"5\" cellspacing=\"1\">\n<tbody>\n<tr>\n<td><strong>Model<\/strong><\/td>\n<td><strong>Dahua SD6AL245U-HNI Teknik &Ouml;zellikleri<\/strong><\/td>\n<\/tr>\n<tr>\n<td><strong>Kamera<\/strong><\/td>\n<td colspan=\"1\">&nbsp;<\/td>\n<\/tr>\n<tr>\n<td>G&ouml;r&uuml;nt&uuml; Sens&ouml;r&uuml;<\/td>\n<td colspan=\"1\">1 \/ 2.8 &rdquo;&nbsp;STARVIS &trade;&nbsp;CMOS<\/td>\n<\/tr>\n<tr>\n<td>Efektif Piksel<\/td>\n<td colspan=\"1\">1920 (H) x 1080 (V), 2 Megapiksel<\/td>\n<\/tr>\n<tr>\n<td>RAM \/ ROM<\/td>\n<td>1024M\/128M<\/td>\n<\/tr>\n<tr>\n<td>Tarama Sistemi<\/td>\n<td colspan=\"1\">Progresif<\/td>\n<\/tr>\n<tr>\n<td>Elektronik Shutter H\u0131z\u0131<\/td>\n<td>1\/1 s ~ 1 \/ 30,000s<\/td>\n<\/tr>\n<tr>\n<td>Min. Ayd\u0131nlatma<\/td>\n<td colspan=\"1\">Renk: 0.005Lux@F1.6;&nbsp;B \/ W: 0.0005Lux@F1.6;&nbsp;0Lux@F1.6 (IR)<\/td>\n<\/tr>\n<tr>\n<td>S\/N Oran\u0131<\/td>\n<td colspan=\"1\">56 dB&rsquo;den fazla<\/td>\n<\/tr>\n<tr>\n<td>IR Mesafesi<\/td>\n<td>550m&rsquo;ye (1804ft) kadar mesafe<\/td>\n<\/tr>\n<tr>\n<td>IR A&ccedil;\u0131k \/ Kapal\u0131 Kontrol<\/td>\n<td>Otomatik\/Manuel<\/td>\n<\/tr>\n<tr>\n<td>IR Led<\/td>\n<td>Lazer mod&uuml;l&uuml;<\/td>\n<\/tr>\n<tr>\n<td>Silecek<\/td>\n<td>Mevcut<\/td>\n<\/tr>\n<tr>\n<td><strong>Lens<\/strong><\/td>\n<td>&nbsp;<\/td>\n<\/tr>\n<tr>\n<td>Odak Uzunlu\u011fu<\/td>\n<td>3.95mm ~ 177.7mm<\/td>\n<\/tr>\n<tr>\n<td>Maks. Aral\u0131k<\/td>\n<td>F1.6 ~ F4.95<\/td>\n<\/tr>\n<tr>\n<td>G&ouml;r&uuml;\u015f A&ccedil;\u0131s\u0131<\/td>\n<td>H: 70.3 &deg; ~ 1.8 &deg;<\/td>\n<\/tr>\n<tr>\n<td>Optik Zoom<\/td>\n<td>45x<\/td>\n<\/tr>\n<tr>\n<td>Odak Kontrol&uuml;<\/td>\n<td>Otomatik\/Manuel<\/td>\n<\/tr>\n<tr>\n<td>Yak\u0131n Odak Mesafesi<\/td>\n<td>100mm~ 1000mm<\/td>\n<\/tr>\n<tr>\n<td><strong>Pan \/ Tilt \/ Flip<\/strong><\/td>\n<td>&nbsp;<\/td>\n<\/tr>\n<tr>\n<td>Pan \/ Tilt \/ Flip<\/td>\n<td>Pan: 0&deg; ~ 360&deg; endless; Tilt: -20&deg; ~ 90&deg;, otomatik flip 180&deg;<\/td>\n<\/tr>\n<tr>\n<td>Manuel Kontrol H\u0131z\u0131<\/td>\n<td>Pan: 0.1&deg; ~ 200&deg;\/s; Tilt: 0.1&deg; ~ 120&deg;\/s<\/td>\n<\/tr>\n<tr>\n<td>Preset H\u0131z\u0131<\/td>\n<td>Pan: 240&deg;\/s; Tilt: 200&deg;\/s<\/td>\n<\/tr>\n<tr>\n<td>Preset<\/td>\n<td>300<\/td>\n<\/tr>\n<tr>\n<td>PTZ Modu<\/td>\n<td>5 Pattern, 8 Tur, Otomatik Tarama, Otomatik Pan<\/td>\n<\/tr>\n<tr>\n<td>H\u0131z Ayar\u0131<\/td>\n<td>Ki\u015fi Odakl\u0131 Odak Uzunlu\u011fu \/ H\u0131z Adaptasyonu<\/td>\n<\/tr>\n<tr>\n<td>Eylem Durumu<\/td>\n<td>G&uuml;&ccedil; Kesintisinden sonra &ouml;nceki PTZ ve Lens durumuna Otomatik Geri Y&uuml;kleme<\/td>\n<\/tr>\n<tr>\n<td>PTZ Bo\u015fta \u0130ken<\/td>\n<td>Belirtilen periyotta komut var ise Preset \/ Tarama \/ Tur \/ Pattern&rsquo;i etkinle\u015ftirme<\/td>\n<\/tr>\n<tr>\n<td>Protokol<\/td>\n<td>DH-SD, Pelco-P\/D (Otomatik Tan\u0131ma)<\/td>\n<\/tr>\n<tr>\n<td><strong>Ak\u0131ll\u0131 Fonksiyonlar<\/strong><\/td>\n<td>&nbsp;<\/td>\n<\/tr>\n<tr>\n<td>Etkinlik Tetikleyici<\/td>\n<td>Hareket alg\u0131lama, Video kurcalama, Sahne de\u011fi\u015ftirme, A\u011f ba\u011flant\u0131 kesme, IP adresi &ccedil;ak\u0131\u015fmas\u0131, Yasad\u0131\u015f\u0131 Eri\u015fim, Depolama anormalli\u011fi<\/td>\n<\/tr>\n<tr>\n<td>Otomatik \u0130zleme<\/td>\n<td>Mevcut<\/td>\n<\/tr>\n<tr>\n<td>IVS<\/td>\n<td>Tripwire, Sald\u0131r\u0131, Terkedilmi\u015f \/ Eksik<\/td>\n<\/tr>\n<tr>\n<td>Geli\u015fmi\u015f Ak\u0131ll\u0131 Fonksiyonlar<\/td>\n<td>Y&uuml;z Alg\u0131lama, Is\u0131 Haritas\u0131<\/td>\n<\/tr>\n<tr>\n<td><strong>Video<\/strong><\/td>\n<td>&nbsp;<\/td>\n<\/tr>\n<tr>\n<td>S\u0131k\u0131\u015ft\u0131rma<\/td>\n<td>H.265 + \/ H.265 \/ H.264 + \/ H.264 \/ MJPEG (Alt Ak\u0131\u015f)<\/td>\n<\/tr>\n<tr>\n<td>Ak\u0131\u015f Kapasitesi \/<br \/>\n\t\t\tAk\u0131\u015f Kimlik Do\u011frulamas\u0131<\/td>\n<td>3&rsquo;l&uuml; ak\u0131\u015f \/ Mevcut<\/td>\n<\/tr>\n<tr>\n<td>&Ccedil;&ouml;z&uuml;n&uuml;rl&uuml;k<\/td>\n<td>1080P(1920&times;1080)\/1.3M(1280&times;960)\/720P(1280&times;<br \/>\n\t\t\t720)\/D1(704&times;576\/704&times;480)\/CIF(352&times;288\/352&times;240)<\/td>\n<\/tr>\n<tr>\n<td>Frame Oran\u0131<\/td>\n<td>Ana ak\u0131\u015f: 1080P \/ 1.3M \/ 720P (1 ~ 50 \/ 60fps)<\/p>\n<p>&nbsp;<\/p>\n<p>Alt ak\u0131\u015f1: D1 \/ CIF (1 ~ 25 \/ 30fps)<\/p>\n<p>Alt ak\u0131\u015f2: 1080P \/ 1.3M \/ 720P \/ D1 \/ CIF (1 ~ 25 \/ 30fps)<\/p>\n<\/td>\n<\/tr>\n<tr>\n<td>Bit H\u0131z\u0131 Kontrol&uuml;<\/td>\n<td>CBR \/ VBR<\/td>\n<\/tr>\n<tr>\n<td>Bit Oran\u0131<\/td>\n<td>H.265 \/ H.264: 448K ~ 8192Kbps<\/td>\n<\/tr>\n<tr>\n<td>Gece\/G&uuml;nd&uuml;z<\/td>\n<td colspan=\"1\">Otomatik (ICR) \/ Renkli \/ S\/B<\/td>\n<\/tr>\n<tr>\n<td>Arka I\u015f\u0131k Telafisi<\/td>\n<td colspan=\"1\">BLC \/ HLC \/ WDR (120dB)<\/td>\n<\/tr>\n<tr>\n<td>Beyaz Dengesi<\/td>\n<td colspan=\"1\">Otomatik, ATW, Kapal\u0131, A&ccedil;\u0131k, Manuel<\/td>\n<\/tr>\n<tr>\n<td>Kazan&ccedil; Kontrol&uuml;<\/td>\n<td colspan=\"1\">Otomatik\/Manuel<\/td>\n<\/tr>\n<tr>\n<td>Parazit Azaltma<\/td>\n<td colspan=\"1\">Ultra DNR (2D \/ 3D)<\/td>\n<\/tr>\n<tr>\n<td>Hareket Alg\u0131lama<\/td>\n<td>Mevcut<\/td>\n<\/tr>\n<tr>\n<td>ROI<\/td>\n<td>Mevcut<\/td>\n<\/tr>\n<tr>\n<td>Elektronik G&ouml;r&uuml;nt&uuml;&nbsp;\u0130stikrar (EIS)<\/td>\n<td>Mevcut<\/td>\n<\/tr>\n<tr>\n<td>Ultra Defog (Anti Sis)<\/td>\n<td>Mevcut<\/td>\n<\/tr>\n<tr>\n<td>Dijital Zoom<\/td>\n<td>16x<\/td>\n<\/tr>\n<tr>\n<td>Flip<\/td>\n<td>180&deg;<\/td>\n<\/tr>\n<tr>\n<td>&Ouml;zel Alan Maskelemesi<\/td>\n<td colspan=\"1\">24 Alana Kadar<\/td>\n<\/tr>\n<tr>\n<td><strong>Ses<\/strong><\/td>\n<td colspan=\"1\">&nbsp;<\/td>\n<\/tr>\n<tr>\n<td>S\u0131k\u0131\u015ft\u0131rma<\/td>\n<td colspan=\"1\">G.711a \/ G.711Mu \/ AAC \/ G.722 \/ G.726 \/ G.729 \/ MPEG2-L2<\/td>\n<\/tr>\n<tr>\n<td><strong>Network<\/strong><\/td>\n<td colspan=\"1\">&nbsp;<\/td>\n<\/tr>\n<tr>\n<td>Ethernet<\/td>\n<td colspan=\"1\">RJ-45 (10Base-T\/100Base-TX)<\/td>\n<\/tr>\n<tr>\n<td>Protokol<\/td>\n<td colspan=\"1\">IPv4\/IPv6, HTTP, HTTPS, SSL, TCP\/IP, UDP, UPnP,<br \/>\n\t\t\tICMP, IGMP, SNMP, RTSP, RTP, SMTP, NTP,DHCP,<br \/>\n\t\t\tDNS,PPPOE,DDNS,FTP, IP Filter,QoS,Bonjour,802.1x<\/td>\n<\/tr>\n<tr>\n<td>ONVIF<\/td>\n<td colspan=\"1\">ONVIF Profili S &amp; G, API<\/td>\n<\/tr>\n<tr>\n<td>Ak\u0131\u015f Metodu<\/td>\n<td>Tek\/&Ccedil;ok Noktaya Yay\u0131n<\/td>\n<\/tr>\n<tr>\n<td>Maks. Kullan\u0131c\u0131 Eri\u015fimi<\/td>\n<td colspan=\"1\">20 kullan\u0131c\u0131 \/ S\u0131n\u0131rs\u0131z<\/td>\n<\/tr>\n<tr>\n<td>Direkt Depolama<\/td>\n<td>NAS (A\u011fa Ba\u011fl\u0131 Depolama), Yerel PC<br \/>\n\t\t\tanl\u0131k kay\u0131t, Micro SD kart 256GB<\/td>\n<\/tr>\n<tr>\n<td>Web G&ouml;r&uuml;nt&uuml;leyici<\/td>\n<td>IE, Chrome, Firefox, Safari<\/td>\n<\/tr>\n<tr>\n<td>Yaz\u0131l\u0131m Y&ouml;netimi<\/td>\n<td>Ak\u0131ll\u0131 PSS, DSS&nbsp;,&nbsp;DMSS<\/td>\n<\/tr>\n<tr>\n<td>Ak\u0131ll\u0131 Telefon<\/td>\n<td colspan=\"1\">IOS, Android<\/td>\n<\/tr>\n<tr>\n<td><strong>Sertifikalar<\/strong><\/td>\n<td>&nbsp;<\/td>\n<\/tr>\n<tr>\n<td>Sertifikalar<\/td>\n<td>CE: EN55032 \/ EN55024 \/ EN50130-4<\/p>\n<p>&nbsp;<\/p>\n<p>FCC: B&ouml;l&uuml;m15 alt b&ouml;l&uuml;m B, ANSI C63.4-2014<\/p>\n<\/td>\n<\/tr>\n<tr>\n<td><strong>Aray&uuml;z<\/strong><\/td>\n<td colspan=\"1\">&nbsp;<\/td>\n<\/tr>\n<tr>\n<td>Video Aray&uuml;z&uuml;<\/td>\n<td colspan=\"1\">1 port(BNC, 1.0V[p-p], 75&Omega;)<\/td>\n<\/tr>\n<tr>\n<td>Ses Aray&uuml;z&uuml;<\/td>\n<td colspan=\"1\">1\/1<\/td>\n<\/tr>\n<tr>\n<td>RS485<\/td>\n<td colspan=\"1\">1<\/td>\n<\/tr>\n<tr>\n<td>Alarm<\/td>\n<td>7\/2<\/td>\n<\/tr>\n<tr>\n<td><strong>Genel<\/strong><\/td>\n<td colspan=\"1\">&nbsp;<\/td>\n<\/tr>\n<tr>\n<td>G&uuml;&ccedil; Kayna\u011f\u0131<\/td>\n<td colspan=\"1\">AC24V\/3A(&plusmn;25%), Hi-PoE<\/td>\n<\/tr>\n<tr>\n<td>G&uuml;&ccedil; T&uuml;ketimi<\/td>\n<td colspan=\"1\">24W , 38W (IR)<\/td>\n<\/tr>\n<tr>\n<td>&Ccedil;al\u0131\u015fma Ko\u015fullar\u0131<\/td>\n<td colspan=\"1\">-40 &deg; C ~ 60 &deg; C (-40 &deg; F ~ 140 &deg; F) \/% 95&rsquo;den az RH<\/td>\n<\/tr>\n<tr>\n<td>Koruma Sertifikas\u0131<\/td>\n<td colspan=\"1\">IP67<\/td>\n<\/tr>\n<tr>\n<td>Dayan\u0131kl\u0131l\u0131k Sertifikas\u0131<\/td>\n<td>&ndash;<\/td>\n<\/tr>\n<tr>\n<td><strong>Kasa<\/strong><\/td>\n<td>&nbsp;<\/td>\n<\/tr>\n<tr>\n<td>Kasa<\/td>\n<td>Metal<\/td>\n<\/tr>\n<tr>\n<td>Boyutlar<\/td>\n<td colspan=\"1\">&Phi;240mm&times;357mm<\/td>\n<\/tr>\n<tr>\n<td>Net A\u011f\u0131rl\u0131k<\/td>\n<td>6.75 kg<\/td>\n<\/tr>\n<\/tbody>\n<\/table>\n<p><img loading=\"lazy\" alt=\"\" height=\"586\" sizes=\"(max-width: 412px) 100vw, 412px\" src=\"https:\/\/www.okisan.com\/wp-content\/uploads\/2017\/01\/SD6AL830V-HNI-7.png\" srcset=\"https:\/\/www.okisan.com\/wp-content\/uploads\/2017\/01\/SD6AL830V-HNI-7-120x171.png 120w, https:\/\/www.okisan.com\/wp-content\/uploads\/2017\/01\/SD6AL830V-HNI-7-150x213.png 150w, https:\/\/www.okisan.com\/wp-content\/uploads\/2017\/01\/SD6AL830V-HNI-7-200x284.png 200w, https:\/\/www.okisan.com\/wp-content\/uploads\/2017\/01\/SD6AL830V-HNI-7-300x427.png 300w, https:\/\/www.okisan.com\/wp-content\/uploads\/2017\/01\/SD6AL830V-HNI-7-400x569.png 400w, https:\/\/www.okisan.com\/wp-content\/uploads\/2017\/01\/SD6AL830V-HNI-7.png 412w\" width=\"412\" \/><\/p>\n<p><img loading=\"lazy\" alt=\"\" height=\"704\" sizes=\"(max-width: 500px) 100vw, 500px\" src=\"https:\/\/www.okisan.com\/wp-content\/uploads\/2017\/09\/AKSESUARLAR-500x704.png\" srcset=\"https:\/\/www.okisan.com\/wp-content\/uploads\/2017\/09\/AKSESUARLAR-120x169.png 120w, https:\/\/www.okisan.com\/wp-content\/uploads\/2017\/09\/AKSESUARLAR-150x211.png 150w, https:\/\/www.okisan.com\/wp-content\/uploads\/2017\/09\/AKSESUARLAR-200x281.png 200w, https:\/\/www.okisan.com\/wp-content\/uploads\/2017\/09\/AKSESUARLAR-300x422.png 300w, https:\/\/www.okisan.com\/wp-content\/uploads\/2017\/09\/AKSESUARLAR-400x563.png 400w, https:\/\/www.okisan.com\/wp-content\/uploads\/2017\/09\/AKSESUARLAR-500x704.png 500w, https:\/\/www.okisan.com\/wp-content\/uploads\/2017\/09\/AKSESUARLAR.png 555w\" width=\"500\" \/><\/p>\n","protected":false},"excerpt":{"rendered":"<p>1\/2.8&rdquo; 2Megapiksel STARVIS&trade; CMOS Gu\u0308&ccedil;lu\u0308 45x Optik Zoom Maks. 50\/60fps@1080P Otomatik izleme ve IVS Hi-PoE mevcut 550m&rsquo;ye kadar IR mesafesi IP67 Model Dahua SD6AL245U-HNI Teknik &Ouml;zellikleri Kamera &nbsp; G&ouml;r&uuml;nt&uuml; Sens&ouml;r&uuml; 1 \/ 2.8 &rdquo;&nbsp;STARVIS &trade;&nbsp;CMOS Efektif Piksel 1920 (H) x 1080 (V), 2 Megapiksel RAM \/ ROM 1024M\/128M Tarama Sistemi Progresif Elektronik Shutter H\u0131z\u0131 1\/1 [&#8230;]\n","protected":false},"featured_media":896,"comment_status":"closed","ping_status":"closed","template":"","meta":[],"_links":{"self":[{"href":"https:\/\/nilbilisim.com.tr\/magaza\/wp-json\/wp\/v2\/product\/895"}],"collection":[{"href":"https:\/\/nilbilisim.com.tr\/magaza\/wp-json\/wp\/v2\/product"}],"about":[{"href":"https:\/\/nilbilisim.com.tr\/magaza\/wp-json\/wp\/v2\/types\/product"}],"replies":[{"embeddable":true,"href":"https:\/\/nilbilisim.com.tr\/magaza\/wp-json\/wp\/v2\/comments?post=895"}],"wp:featuredmedia":[{"embeddable":true,"href":"https:\/\/nilbilisim.com.tr\/magaza\/wp-json\/wp\/v2\/media\/896"}],"wp:attachment":[{"href":"https:\/\/nilbilisim.com.tr\/magaza\/wp-json\/wp\/v2\/media?parent=895"}],"curies":[{"name":"wp","href":"https:\/\/api.w.org\/{rel}","templated":true}]}}