{"id":899,"date":"2021-01-19T06:32:02","date_gmt":"2021-01-19T06:32:02","guid":{"rendered":"https:\/\/nilbilisim.com.tr\/magaza\/urun\/dahua-ptz12240-lr8-n-2mp-40x-network-lazer-ir-konumlandarma-sistemi\/"},"modified":"2024-07-01T01:43:27","modified_gmt":"2024-06-30T22:43:27","slug":"dahua-ptz12240-lr8-n-2mp-40x-network-lazer-ir-konumlandarma-sistemi","status":"publish","type":"product","link":"https:\/\/nilbilisim.com.tr\/magaza\/urun\/dahua-ptz12240-lr8-n-2mp-40x-network-lazer-ir-konumlandarma-sistemi\/","title":{"rendered":"Dahua PTZ12240-LR8-N 2MP 40x Network Lazer IR Konumland\u0131rma Sistemi"},"content":{"rendered":"<ul>\n<li>1 \/ 2.8 &ldquo;2Megapiksel CMOS<\/li>\n<li>G&uuml;&ccedil;l&uuml; 40x optik zoom<\/li>\n<li>&Uuml;&ccedil;l&uuml; ak\u0131\u015f \u015fifreleme mevcut<\/li>\n<li>Maks. 25 \/ 30fps @ 1080P, 25\/30\/50 \/ 60fps @ 720P<\/li>\n<li>Otomatik izleme ve IVS<\/li>\n<li>IR 800m&rsquo;ye kadar mesafe<\/li>\n<li>IP66<\/li>\n<\/ul>\n<table border=\"1\" cellpadding=\"5\" cellspacing=\"1\">\n<tbody>\n<tr>\n<td><strong>Model<\/strong><\/td>\n<td><strong>Dahua PTZ12240-LR8-N Teknik &Ouml;zellikleri<\/strong><\/td>\n<\/tr>\n<tr>\n<td><strong>Kamera<\/strong><\/td>\n<td colspan=\"1\">&nbsp;<\/td>\n<\/tr>\n<tr>\n<td>G&ouml;r&uuml;nt&uuml; Sens&ouml;r&uuml;<\/td>\n<td colspan=\"1\">1 \/ 2.8 &ldquo;CMOS<\/td>\n<\/tr>\n<tr>\n<td>&Ccedil;&ouml;z&uuml;n&uuml;rl&uuml;k<\/td>\n<td colspan=\"1\">1920 (H) x 1080 (V), 2 megapiksel<\/td>\n<\/tr>\n<tr>\n<td>RAM \/ ROM<\/td>\n<td>1024M \/ 64M<\/td>\n<\/tr>\n<tr>\n<td>Tarama Sistemi<\/td>\n<td colspan=\"1\">Progresif<\/td>\n<\/tr>\n<tr>\n<td>Elektronik Shutter H\u0131z\u0131<\/td>\n<td colspan=\"1\">1\/1 s ~ 1 \/ 30,000s<\/td>\n<\/tr>\n<tr>\n<td>Min. Ayd\u0131nlatma<\/td>\n<td colspan=\"1\">Renk: 0.05Lux@Fl.6; 0Lux@F1.6 (IR)<\/td>\n<\/tr>\n<tr>\n<td>S\/N Oran\u0131<\/td>\n<td colspan=\"1\">55 dB&rsquo;den fazla<\/td>\n<\/tr>\n<tr>\n<td>IR Mesafesi<\/td>\n<td>800 m&rsquo;ye (2625 ft) kadar mesafe<\/td>\n<\/tr>\n<tr>\n<td>IR A&ccedil;ma \/ Kapama Kontrol&uuml;<\/td>\n<td colspan=\"1\">Otomatik \/ Manuel<\/td>\n<\/tr>\n<tr>\n<td>IR LED<\/td>\n<td>Lazer mod&uuml;l&uuml;<\/td>\n<\/tr>\n<tr>\n<td><strong>Lens<\/strong><\/td>\n<td colspan=\"1\">&nbsp;<\/td>\n<\/tr>\n<tr>\n<td>Odak Uzakl\u0131\u011f\u0131<\/td>\n<td colspan=\"1\">7.9 mm ~ 316 mm<\/td>\n<\/tr>\n<tr>\n<td>Maks. A&ccedil;\u0131kl\u0131k<\/td>\n<td colspan=\"1\">F1.6 ~ F6.1<\/td>\n<\/tr>\n<tr>\n<td>G&ouml;r&uuml;\u015f A&ccedil;\u0131s\u0131<\/td>\n<td colspan=\"1\">H: 41.5 &deg; ~ 1.1 &deg;<\/td>\n<\/tr>\n<tr>\n<td>Optik Zoom<\/td>\n<td colspan=\"1\">40x<\/td>\n<\/tr>\n<tr>\n<td>Odak Kontrol&uuml;<\/td>\n<td>Otomatik \/ Manuel<\/td>\n<\/tr>\n<tr>\n<td>Yak\u0131n Odak Mesafesi<\/td>\n<td colspan=\"1\">100mm ~ 1000mm<\/td>\n<\/tr>\n<tr>\n<td><strong>PTZ<\/strong><\/td>\n<td colspan=\"1\">&nbsp;<\/td>\n<\/tr>\n<tr>\n<td>Pan \/ Tilt Aral\u0131\u011f\u0131<\/td>\n<td colspan=\"1\">Pan: 0&deg; ~ 360&deg; endless; Tilt: -90&deg; ~ 45&deg;<\/td>\n<\/tr>\n<tr>\n<td>Manuel H\u0131z\u0131 Kontrol&uuml;<\/td>\n<td colspan=\"1\">Pan: 0.1&deg; ~160&deg; \/s; Tilt: 0.1&deg; ~60&deg; \/s<\/td>\n<\/tr>\n<tr>\n<td>Preset H\u0131z\u0131<\/td>\n<td colspan=\"1\">Pan:160&deg; \/s; Tilt: 60&deg; \/s<\/td>\n<\/tr>\n<tr>\n<td>Preset<\/td>\n<td colspan=\"1\">300<\/td>\n<\/tr>\n<tr>\n<td>PTZ Modu<\/td>\n<td colspan=\"1\">5 Pattern, 8 Tur, Otomatik Tarama, Otomatik Pan<\/td>\n<\/tr>\n<tr>\n<td>H\u0131z Ayar\u0131<\/td>\n<td colspan=\"1\">\u0130nsan odakl\u0131 odak uzakl\u0131\u011f\u0131 \/ h\u0131z uyarlamas\u0131<\/td>\n<\/tr>\n<tr>\n<td>Eylem Durumu<\/td>\n<td colspan=\"1\">G&uuml;&ccedil; kesintisinden sonra &ouml;nceki PTZ&rsquo;ye ve lens durumuna otomatik olarak geri y&uuml;kleme<\/td>\n<\/tr>\n<tr>\n<td>PTZ Bo\u015fta \u0130ken<\/td>\n<td colspan=\"1\">Belirtilen periyotta komut olmad\u0131\u011f\u0131nda Preset \/ Tarama \/ Tur \/ Pattern&rsquo;i etkinle\u015ftirme<\/td>\n<\/tr>\n<tr>\n<td>Protokol<\/td>\n<td colspan=\"1\">DH-SD, Pelco-P\/D (Otomatik Tan\u0131ma)<\/td>\n<\/tr>\n<tr>\n<td><strong>Ak\u0131ll\u0131 Fonksiyonlar<\/strong><\/td>\n<td>&nbsp;<\/td>\n<\/tr>\n<tr>\n<td>Otomatik \u0130zleme<\/td>\n<td>Mevcut<\/td>\n<\/tr>\n<tr>\n<td>IVS<\/td>\n<td>Tripwire, Sald\u0131r\u0131, Terk \/ Kay\u0131p, Y&uuml;z Tespiti<\/td>\n<\/tr>\n<tr>\n<td><strong>Video<\/strong><\/td>\n<td colspan=\"1\">&nbsp;<\/td>\n<\/tr>\n<tr>\n<td>S\u0131k\u0131\u015ft\u0131rma<\/td>\n<td colspan=\"1\">H.264 \/ MJPEG<\/td>\n<\/tr>\n<tr>\n<td>G&ouml;r&uuml;nt&uuml; Ak\u0131\u015f Kapasitesi<\/td>\n<td>3&rsquo;l&uuml; Ak\u0131\u015f<\/td>\n<\/tr>\n<tr>\n<td>&Ccedil;&ouml;z&uuml;n&uuml;rl&uuml;k<\/td>\n<td>1080P (1920 &times; 1080)&nbsp;\/&nbsp;720P (1280 &times; 720) \/ D1 (704 &times; 576\/704 &times; 480) \/ CIF (352 &times; 288\/352 &times; 240)<\/td>\n<\/tr>\n<tr>\n<td>Frame Oran\u0131<\/td>\n<td colspan=\"1\">Ana ak\u0131m: 1080P (1 ~ 25 \/ 30fps), 720P (1 ~ 50 \/ 60fps)<\/p>\n<p>&nbsp;<\/p>\n<p>Alt ak\u0131\u015f1: D1 \/ CIF (1 ~ 25 \/ 30fps)<\/p>\n<p>Alt ak\u0131\u015f2: 1080P \/ 720P \/ D1 \/ CIF (1 ~ 25 \/ 30fps)<\/p>\n<\/td>\n<\/tr>\n<tr>\n<td>Bit H\u0131z\u0131 Kontrol&uuml;<\/td>\n<td colspan=\"1\">CBR \/ VBR<\/td>\n<\/tr>\n<tr>\n<td>Bit Oran\u0131<\/td>\n<td colspan=\"1\">H.264: 448K ~ 8192Kbps, MJPEG: 4096K ~ 20480Kbps<\/td>\n<\/tr>\n<tr>\n<td>G&uuml;nd&uuml;z Gece<\/td>\n<td colspan=\"1\">Otomatik (ICR) \/ Renkli \/ S \/ B<\/td>\n<\/tr>\n<tr>\n<td>Arka I\u015f\u0131k Telafisi<\/td>\n<td colspan=\"1\">BLC \/ HLC \/ DWDR<\/td>\n<\/tr>\n<tr>\n<td>Beyaz Dengesi<\/td>\n<td colspan=\"1\">Otomatik, ATW, Kapal\u0131, A&ccedil;\u0131k, Manuel<\/td>\n<\/tr>\n<tr>\n<td>Kazan&ccedil; Kontrol&uuml;<\/td>\n<td>Otomatik \/ Manuel<\/td>\n<\/tr>\n<tr>\n<td>Parazit Azaltma<\/td>\n<td>Ultra DNR (2D \/ 3D)<\/td>\n<\/tr>\n<tr>\n<td>Hareket Alg\u0131lama<\/td>\n<td>Mevcut<\/td>\n<\/tr>\n<tr>\n<td>ROI<\/td>\n<td>Mevcut<\/td>\n<\/tr>\n<tr>\n<td>Elektronik G&ouml;r&uuml;nt&uuml;<\/p>\n<p>&nbsp;<\/p>\n<p>\u0130stikrar (EIS)<\/p>\n<\/td>\n<td>Mevcut<\/td>\n<\/tr>\n<tr>\n<td>Ultra Defog (Anti Sis)<\/td>\n<td>Mevcut<\/td>\n<\/tr>\n<tr>\n<td>Dijital Zoom<\/td>\n<td>16x<\/td>\n<\/tr>\n<tr>\n<td>Flip<\/td>\n<td>180&deg;<\/td>\n<\/tr>\n<tr>\n<td>&Ouml;zel Alan Maskelemesi<\/td>\n<td>24 alana kadar<\/td>\n<\/tr>\n<tr>\n<td><strong>Ses<\/strong><\/td>\n<td colspan=\"1\">&nbsp;<\/td>\n<\/tr>\n<tr>\n<td>S\u0131k\u0131\u015ft\u0131rma<\/td>\n<td colspan=\"1\">G.711a \/ G.711mu \/ G.726 \/ AAC<\/td>\n<\/tr>\n<tr>\n<td><strong>Network<\/strong><\/td>\n<td colspan=\"1\">&nbsp;<\/td>\n<\/tr>\n<tr>\n<td>Ethernet<\/td>\n<td colspan=\"1\">RJ-45 (10Base-T\/100Base-TX)<\/td>\n<\/tr>\n<tr>\n<td>Protokol<\/td>\n<td colspan=\"1\">IPv4 \/ IPv6, HTTP, HTTPS, SSL, TCP \/ IP, UDP, UPnP, ICMP, IGMP, SNMP, RTSP, RTP, SMTP, NTP, DHCP, DNS, PPPOE, DDNS, FTP, IP Filtresi, QoS, Bonjour, 802.1 x<\/td>\n<\/tr>\n<tr>\n<td>ONVIF<\/td>\n<td colspan=\"1\">ONVIF, PSIA, CGI<\/td>\n<\/tr>\n<tr>\n<td>Ak\u0131\u015f Metodu<\/td>\n<td>Tek Noktaya Yay\u0131n \/ &Ccedil;ok Noktaya Yay\u0131n<\/td>\n<\/tr>\n<tr>\n<td>Maks. Kullan\u0131c\u0131 Eri\u015fimi<\/td>\n<td colspan=\"1\">20 kullan\u0131c\u0131<\/td>\n<\/tr>\n<tr>\n<td>Kenar Depolama Alan\u0131<\/td>\n<td>Anl\u0131k kay\u0131t i&ccedil;in yerel PC, Micro SD kart 128GB<\/td>\n<\/tr>\n<tr>\n<td>Web G&ouml;r&uuml;nt&uuml;leyici<\/td>\n<td>IE, Chrome, Firefox, Safari<\/td>\n<\/tr>\n<tr>\n<td>Yaz\u0131l\u0131m Y&ouml;netimi<\/td>\n<td>Ak\u0131ll\u0131 PSS, DSS<\/td>\n<\/tr>\n<tr>\n<td>Ak\u0131ll\u0131 Telefon Deste\u011fi<\/td>\n<td colspan=\"1\">IOS, Android<\/td>\n<\/tr>\n<tr>\n<td><strong>Sertifikalar<\/strong><\/td>\n<td>&nbsp;<\/td>\n<\/tr>\n<tr>\n<td>Sertifikalar<\/td>\n<td>CE: EN55032 \/ EN55024 \/ EN50130-4<\/p>\n<p>&nbsp;<\/p>\n<p>FCC: B&ouml;l&uuml;m15 alt b&ouml;l&uuml;m B, ANSI C63.4-2014<\/p>\n<p>UL: UL60950-1 + CAN \/ CSA C22.2&nbsp;,&nbsp;No.60950-1<\/p>\n<\/td>\n<\/tr>\n<tr>\n<td><strong>Aray&uuml;z<\/strong><\/td>\n<td colspan=\"1\">&nbsp;<\/td>\n<\/tr>\n<tr>\n<td>Video Aray&uuml;z&uuml;<\/td>\n<td colspan=\"1\">1<\/td>\n<\/tr>\n<tr>\n<td>Ses Aray&uuml;z&uuml;<\/td>\n<td>1\/1<\/td>\n<\/tr>\n<tr>\n<td>RS485<\/td>\n<td colspan=\"1\">1<\/td>\n<\/tr>\n<tr>\n<td>Alarm<\/td>\n<td colspan=\"1\">7\/2<\/td>\n<\/tr>\n<tr>\n<td><strong>Genel<\/strong><\/td>\n<td colspan=\"1\">&nbsp;<\/td>\n<\/tr>\n<tr>\n<td>G&uuml;&ccedil; Kayna\u011f\u0131<\/td>\n<td colspan=\"1\">AC24V \/ 8A (&plusmn;% 25)<\/td>\n<\/tr>\n<tr>\n<td>G&uuml;&ccedil; T&uuml;ketimi<\/td>\n<td colspan=\"1\">70W, 90W (IR, Is\u0131t\u0131c\u0131)<\/td>\n<\/tr>\n<tr>\n<td>&Ccedil;al\u0131\u015fma Ko\u015fullar\u0131<\/td>\n<td colspan=\"1\">-40 &deg; C ~ 70 &deg; C (-40 &deg; F ~ + 158 &deg; F) \/% 95&rsquo;den daha d&uuml;\u015f&uuml;k RH<\/td>\n<\/tr>\n<tr>\n<td>Koruma Sertifikas\u0131<\/td>\n<td>IP66<\/td>\n<\/tr>\n<tr>\n<td>Dayan\u0131kl\u0131l\u0131k Sertifikas\u0131<\/td>\n<td>&ndash;<\/td>\n<\/tr>\n<tr>\n<td>Kasa<\/td>\n<td>Metal<\/td>\n<\/tr>\n<tr>\n<td>Boyutlar<\/td>\n<td colspan=\"1\">&Phi;252 (mm) x 360 (mm) x 464 (mm)<\/td>\n<\/tr>\n<tr>\n<td>Net A\u011f\u0131rl\u0131k<\/td>\n<td colspan=\"1\">12.87kg<\/td>\n<\/tr>\n<\/tbody>\n<\/table>\n<p>&nbsp;<\/p>\n<p><img loading=\"lazy\" alt=\"\" height=\"447\" sizes=\"(max-width: 436px) 100vw, 436px\" src=\"https:\/\/www.okisan.com\/wp-content\/uploads\/2016\/05\/PTZ12240-LR8-N-1.jpg\" srcset=\"https:\/\/www.okisan.com\/wp-content\/uploads\/2016\/05\/PTZ12240-LR8-N-1-120x123.png 120w, https:\/\/www.okisan.com\/wp-content\/uploads\/2016\/05\/PTZ12240-LR8-N-1-150x154.png 150w, https:\/\/www.okisan.com\/wp-content\/uploads\/2016\/05\/PTZ12240-LR8-N-1-200x205.png 200w, https:\/\/www.okisan.com\/wp-content\/uploads\/2016\/05\/PTZ12240-LR8-N-1-300x308.png 300w, https:\/\/www.okisan.com\/wp-content\/uploads\/2016\/05\/PTZ12240-LR8-N-1-400x410.png 400w, https:\/\/www.okisan.com\/wp-content\/uploads\/2016\/05\/PTZ12240-LR8-N-1.jpg 436w\" width=\"436\" \/><\/p>\n","protected":false},"excerpt":{"rendered":"<p>1 \/ 2.8 &ldquo;2Megapiksel CMOS G&uuml;&ccedil;l&uuml; 40x optik zoom &Uuml;&ccedil;l&uuml; ak\u0131\u015f \u015fifreleme mevcut Maks. 25 \/ 30fps @ 1080P, 25\/30\/50 \/ 60fps @ 720P Otomatik izleme ve IVS IR 800m&rsquo;ye kadar mesafe IP66 Model Dahua PTZ12240-LR8-N Teknik &Ouml;zellikleri Kamera &nbsp; G&ouml;r&uuml;nt&uuml; Sens&ouml;r&uuml; 1 \/ 2.8 &ldquo;CMOS &Ccedil;&ouml;z&uuml;n&uuml;rl&uuml;k 1920 (H) x 1080 (V), 2 megapiksel RAM [&#8230;]\n","protected":false},"featured_media":900,"comment_status":"closed","ping_status":"closed","template":"","meta":[],"_links":{"self":[{"href":"https:\/\/nilbilisim.com.tr\/magaza\/wp-json\/wp\/v2\/product\/899"}],"collection":[{"href":"https:\/\/nilbilisim.com.tr\/magaza\/wp-json\/wp\/v2\/product"}],"about":[{"href":"https:\/\/nilbilisim.com.tr\/magaza\/wp-json\/wp\/v2\/types\/product"}],"replies":[{"embeddable":true,"href":"https:\/\/nilbilisim.com.tr\/magaza\/wp-json\/wp\/v2\/comments?post=899"}],"wp:featuredmedia":[{"embeddable":true,"href":"https:\/\/nilbilisim.com.tr\/magaza\/wp-json\/wp\/v2\/media\/900"}],"wp:attachment":[{"href":"https:\/\/nilbilisim.com.tr\/magaza\/wp-json\/wp\/v2\/media?parent=899"}],"curies":[{"name":"wp","href":"https:\/\/api.w.org\/{rel}","templated":true}]}}