{"id":901,"date":"2021-01-19T06:32:11","date_gmt":"2021-01-19T06:32:11","guid":{"rendered":"https:\/\/nilbilisim.com.tr\/magaza\/urun\/dahua-ptz12248v-lr8-n-2mp-48x-network-lazer-ir-konumlandarma-sistemi\/"},"modified":"2024-07-01T01:43:27","modified_gmt":"2024-06-30T22:43:27","slug":"dahua-ptz12248v-lr8-n-2mp-48x-network-lazer-ir-konumlandarma-sistemi","status":"publish","type":"product","link":"https:\/\/nilbilisim.com.tr\/magaza\/urun\/dahua-ptz12248v-lr8-n-2mp-48x-network-lazer-ir-konumlandarma-sistemi\/","title":{"rendered":"Dahua PTZ12248V-LR8-N 2MP 48x Network Lazer IR Konumland\u0131rma Sistemi"},"content":{"rendered":"<ul>\n<li>1 \/ 1.9 &ldquo;2Megapiksel CMOS<\/li>\n<li>G&uuml;&ccedil;l&uuml; 48x optik zoom<\/li>\n<li>Starlight teknolojisi<\/li>\n<li>&Uuml;&ccedil;l&uuml; ak\u0131\u015f kodlama mevcut<\/li>\n<li>Maks. 50\/60fps@1080P<\/li>\n<li>Otomatik izleme ve IVS<\/li>\n<li>IR 1200m&rsquo;ye kadar mesafe<\/li>\n<li>IP66<\/li>\n<li><img loading=\"lazy\" alt=\"\" data-pagespeed-url-hash=\"1631889041\" height=\"53\" onload=\"pagespeed.CriticalImages.checkImageForCriticality(this);\" src=\"https:\/\/www.okisan.com\/wp-content\/uploads\/2017\/10\/20170930170427_80784.png\" width=\"490\" \/><\/li>\n<\/ul>\n<table border=\"1\" cellpadding=\"5\" cellspacing=\"1\">\n<tbody>\n<tr>\n<td><strong>Model<\/strong><\/td>\n<td><strong>Dahua PTZ12248V-LR8-N Teknik &Ouml;zellikleri<\/strong><\/td>\n<\/tr>\n<tr>\n<td><strong>Kamera<\/strong><\/td>\n<td colspan=\"1\">&nbsp;<\/td>\n<\/tr>\n<tr>\n<td>G&ouml;r&uuml;nt&uuml; Sens&ouml;r&uuml;<\/td>\n<td colspan=\"1\">1 \/ 1.9 &ldquo;CMOS<\/td>\n<\/tr>\n<tr>\n<td>Efektif Piksel<\/td>\n<td colspan=\"1\">1920(H) x 1080(V), 2 Megapiksel<\/td>\n<\/tr>\n<tr>\n<td>RAM \/ ROM<\/td>\n<td>1024M \/ 128M<\/td>\n<\/tr>\n<tr>\n<td>Tarama Sistemi<\/td>\n<td colspan=\"1\">Progresif<\/td>\n<\/tr>\n<tr>\n<td>Elektronik Shutter H\u0131z\u0131<\/td>\n<td colspan=\"1\">1\/1 ~ 1\/30,000s<\/td>\n<\/tr>\n<tr>\n<td>Min. Ayd\u0131nlatma<\/td>\n<td colspan=\"1\">Renk: 0.001 Lux@F1.4;&nbsp;0Lux@F1.4 (IR)<\/td>\n<\/tr>\n<tr>\n<td>S\/N Oran\u0131<\/td>\n<td colspan=\"1\">55 dB&rsquo;den fazla<\/td>\n<\/tr>\n<tr>\n<td>IR Mesafesi<\/td>\n<td colspan=\"1\">1200m&rsquo;ye (3937ft) kadar mesafe<\/td>\n<\/tr>\n<tr>\n<td>IR A&ccedil;\u0131k \/ Kapal\u0131 Kontrol<\/td>\n<td>Otomatik \/ Manuel<\/td>\n<\/tr>\n<tr>\n<td>IR LED<\/td>\n<td>Lazer mod&uuml;l&uuml;<\/td>\n<\/tr>\n<tr>\n<td><strong>Lens<\/strong><\/td>\n<td colspan=\"1\">&nbsp;<\/td>\n<\/tr>\n<tr>\n<td>Odak Uzakl\u0131\u011f\u0131<\/td>\n<td colspan=\"1\">5.7mm ~ 275mm<\/td>\n<\/tr>\n<tr>\n<td>Maksimum A&ccedil;\u0131kl\u0131k<\/td>\n<td colspan=\"1\">F1.4 ~ F4.5<\/td>\n<\/tr>\n<tr>\n<td>G&ouml;r&uuml;\u015f A&ccedil;\u0131s\u0131<\/td>\n<td colspan=\"1\">H: 64.55 &deg; ~ 1.5 &deg;<\/td>\n<\/tr>\n<tr>\n<td>Optik Zoom<\/td>\n<td>48x<\/td>\n<\/tr>\n<tr>\n<td>Odak Kontrol&uuml;<\/td>\n<td>Otomatik \/ Manuel<\/td>\n<\/tr>\n<tr>\n<td>Yak\u0131n Odak Mesafesi<\/td>\n<td colspan=\"1\">100mm ~ 1000mm<\/td>\n<\/tr>\n<tr>\n<td><strong>PTZ<\/strong><\/td>\n<td colspan=\"1\">&nbsp;<\/td>\n<\/tr>\n<tr>\n<td>Pan \/ Tilt Aral\u0131\u011f\u0131<\/td>\n<td colspan=\"1\">Pan: 0&deg; ~ 360&deg; endless; Tilt: -90&deg; ~ 45&deg;<\/td>\n<\/tr>\n<tr>\n<td>Manuel Kontrol H\u0131z\u0131<\/td>\n<td colspan=\"1\">Pan: 0.1&deg; ~160&deg; \/s; Tilt: 0.1&deg; ~60&deg; \/s<\/td>\n<\/tr>\n<tr>\n<td>Preset H\u0131z\u0131<\/td>\n<td colspan=\"1\">Pan:160&deg; \/s; Tilt: 60&deg; \/s<\/td>\n<\/tr>\n<tr>\n<td>Preset<\/td>\n<td colspan=\"1\">300<\/td>\n<\/tr>\n<tr>\n<td>PTZ Modu<\/td>\n<td colspan=\"1\">5 Pattern, 8 Tur, Otomatik Tarama, Otomatik Pan<\/td>\n<\/tr>\n<tr>\n<td>H\u0131z Ayar\u0131<\/td>\n<td colspan=\"1\">Ki\u015fi Odakl\u0131 Odak Uzunlu\u011fu \/ H\u0131z Adaptasyonu<\/td>\n<\/tr>\n<tr>\n<td>Eylem Durumu<\/td>\n<td colspan=\"1\">G&uuml;&ccedil; Kesintisinden sonra &ouml;nceki PTZ ve Lens durumuna Otomatik&nbsp;geri y&uuml;kleme<\/td>\n<\/tr>\n<tr>\n<td>PTZ Bo\u015fta \u0130ken<\/td>\n<td colspan=\"1\">Belirli bir s&uuml;re i&ccedil;erisinde herhangi bir komut verilmedi\u011fi&nbsp;takdirde Preset\/Tarama\/Tur\/Pattern&rsquo;i Aktif etme<\/td>\n<\/tr>\n<tr>\n<td>Protokol<\/td>\n<td colspan=\"1\">DH-SD, Pelco-P\/D (Otomatik Tan\u0131ma)<\/td>\n<\/tr>\n<tr>\n<td><strong>Ak\u0131ll\u0131 Fonksiyonlar<\/strong><\/td>\n<td>&nbsp;<\/td>\n<\/tr>\n<tr>\n<td>Otomatik \u0130zleme<\/td>\n<td>Mevcut<\/td>\n<\/tr>\n<tr>\n<td>IVS<\/td>\n<td>Tripwire, Sald\u0131r\u0131, Terk \/ Kay\u0131p, Y&uuml;z Tespiti<\/td>\n<\/tr>\n<tr>\n<td><strong>Video<\/strong><\/td>\n<td colspan=\"1\">&nbsp;<\/td>\n<\/tr>\n<tr>\n<td>S\u0131k\u0131\u015ft\u0131rma<\/td>\n<td colspan=\"1\">H.265 + \/ H.265 \/ H.264 + \/ H.264 \/ MJPEG<\/td>\n<\/tr>\n<tr>\n<td>G&ouml;r&uuml;nt&uuml; Ak\u0131\u015f Kapasitesi<\/td>\n<td>3&rsquo;l&uuml; ak\u0131\u015f<\/td>\n<\/tr>\n<tr>\n<td>&Ccedil;&ouml;z&uuml;n&uuml;rl&uuml;k<\/td>\n<td colspan=\"1\">1080P (1920 &times; 1080) \/1.3M (1280&times;960) \/ 720P (1280 &times; 720) \/ D1 (704 &times; 576\/704 &times; 480) \/ CIF (352 &times; 288\/352 &times; 240)<\/td>\n<\/tr>\n<tr>\n<td>Frame Oran\u0131<\/td>\n<td>Ana ak\u0131\u015f&nbsp;:&nbsp;1080P \/ 1.3M \/ 720P (1 ~ 50 \/ 60fps)<\/p>\n<p>&nbsp;<\/p>\n<p>Alt ak\u0131\u015f1: D1 \/ CIF (1 ~ 25 \/ 30fps)<\/p>\n<p>Alt ak\u0131\u015f 2: 1080P \/ 1.3M \/ 720P (1 ~ 25 \/ 30fps)<\/p>\n<\/td>\n<\/tr>\n<tr>\n<td>Bit H\u0131z\u0131 Kontrol&uuml;<\/td>\n<td>CBR \/ VBR<\/td>\n<\/tr>\n<tr>\n<td>Bit Oran\u0131<\/td>\n<td>H.265 \/ H.264: 448K ~ 8192Kbps<\/td>\n<\/tr>\n<tr>\n<td>G&uuml;nd&uuml;z Gece<\/td>\n<td>Otomatik (ICR) \/ Renkli \/ S \/ B<\/td>\n<\/tr>\n<tr>\n<td>Arka I\u015f\u0131k Telafisi<\/td>\n<td>BLC \/ HLC \/ WDR (120dB)<\/td>\n<\/tr>\n<tr>\n<td>Beyaz Dengesi<\/td>\n<td>Otomatik, ATW, Kapal\u0131, A&ccedil;\u0131k, Manuel<\/td>\n<\/tr>\n<tr>\n<td>Kazan&ccedil; Kontrol&uuml;<\/td>\n<td>Otomatik \/ Manuel<\/td>\n<\/tr>\n<tr>\n<td>Parazit Azaltma<\/td>\n<td>Ultra DNR (2D \/ 3D)<\/td>\n<\/tr>\n<tr>\n<td>Hareket Alg\u0131lama<\/td>\n<td>Mevcut<\/td>\n<\/tr>\n<tr>\n<td>ROI<\/td>\n<td>Mevcut<\/td>\n<\/tr>\n<tr>\n<td>Elektronik G&ouml;r&uuml;nt&uuml;<\/p>\n<p>&nbsp;<\/p>\n<p>\u0130stikrar (EIS)<\/p>\n<\/td>\n<td>Mevcut<\/td>\n<\/tr>\n<tr>\n<td>Ultra Defog (Anti Sis)<\/td>\n<td>Mevcut<\/td>\n<\/tr>\n<tr>\n<td>Dijital Zoom<\/td>\n<td>16x<\/td>\n<\/tr>\n<tr>\n<td>Flip<\/td>\n<td>180&deg;<\/td>\n<\/tr>\n<tr>\n<td>&Ouml;zel Alan Maskelemesi<\/td>\n<td>24 b&ouml;lgeye kadar<\/td>\n<\/tr>\n<tr>\n<td><strong>Ses<\/strong><\/td>\n<td colspan=\"1\">&nbsp;<\/td>\n<\/tr>\n<tr>\n<td>S\u0131k\u0131\u015ft\u0131rma<\/td>\n<td colspan=\"1\">G.711a \/ G.711Mu \/ AAC \/ G.722 \/ G.726 \/ MPEG2-L2<\/td>\n<\/tr>\n<tr>\n<td><strong>Network<\/strong><\/td>\n<td colspan=\"1\">&nbsp;<\/td>\n<\/tr>\n<tr>\n<td>Ethernet<\/td>\n<td colspan=\"1\">RJ-45 (100Base-TX \/ 1000Base-T)<\/td>\n<\/tr>\n<tr>\n<td>Protokol<\/td>\n<td colspan=\"1\">IPv4 \/ IPv6, HTTP, HTTPS, SSL, TCP \/ IP, UDP, UPnP, ICMP, IGMP, SNMP, RTSP, RTP, SMTP, NTP, DHCP, DNS, PPPOE, DDNS, FTP,&nbsp;IP Filtresi, QoS, Bonjour, 802.1 x<\/td>\n<\/tr>\n<tr>\n<td>ONVIF<\/td>\n<td colspan=\"1\">ONVIF PSIA CGI<\/td>\n<\/tr>\n<tr>\n<td>Ak\u0131\u015f Metodu<\/td>\n<td>Tek Noktaya Yay\u0131n \/ &Ccedil;ok Noktaya Yay\u0131n<\/td>\n<\/tr>\n<tr>\n<td>Maks. Kullan\u0131c\u0131 Eri\u015fim<\/td>\n<td colspan=\"1\">20 kullan\u0131c\u0131<\/td>\n<\/tr>\n<tr>\n<td>Direkt Depolama<\/td>\n<td>NAS (Network Attached Storage), an\u0131nda kay\u0131t i&ccedil;in Yerel PC, 128GB Micro SD kart\u0131<\/td>\n<\/tr>\n<tr>\n<td>Web G&ouml;r&uuml;nt&uuml;leyici<\/td>\n<td>IE, Chrome, Firefox, Safari<\/td>\n<\/tr>\n<tr>\n<td>Yaz\u0131l\u0131m Y&ouml;netimi<\/td>\n<td>Ak\u0131ll\u0131 PSS, DSS<\/td>\n<\/tr>\n<tr>\n<td>Ak\u0131ll\u0131 Telefon<\/td>\n<td colspan=\"1\">IOS, Android<\/td>\n<\/tr>\n<tr>\n<td><strong>Sertifikalar<\/strong><\/td>\n<td>&nbsp;<\/td>\n<\/tr>\n<tr>\n<td>Sertifikalar<\/td>\n<td>CE: EN55032 \/ EN55024 \/ EN50130-4<\/p>\n<p>&nbsp;<\/p>\n<p>FCC: B&ouml;l&uuml;m15 alt b&ouml;l&uuml;m B, ANSI C63.4-2014<\/p>\n<\/td>\n<\/tr>\n<tr>\n<td><strong>Aray&uuml;z<\/strong><\/td>\n<td colspan=\"1\">&nbsp;<\/td>\n<\/tr>\n<tr>\n<td>Video Aray&uuml;z&uuml;<\/td>\n<td colspan=\"1\">1<\/td>\n<\/tr>\n<tr>\n<td>Ses G \/ &Ccedil;<\/td>\n<td colspan=\"1\">1\/1<\/td>\n<\/tr>\n<tr>\n<td>RS485<\/td>\n<td colspan=\"1\">1<\/td>\n<\/tr>\n<tr>\n<td>Alarm&nbsp;G \/ &Ccedil;<\/td>\n<td>7\/2<\/td>\n<\/tr>\n<tr>\n<td><strong>G&uuml;&ccedil;<\/strong><\/td>\n<td colspan=\"1\">&nbsp;<\/td>\n<\/tr>\n<tr>\n<td>G&uuml;&ccedil; Kayna\u011f\u0131<\/td>\n<td colspan=\"1\">AC24V \/ 8A (&plusmn;% 25)<\/td>\n<\/tr>\n<tr>\n<td>G&uuml;&ccedil; T&uuml;ketimi<\/td>\n<td colspan=\"1\">70W, 90W (IR)<\/td>\n<\/tr>\n<tr>\n<td><strong>&Ccedil;evre Ko\u015fullar\u0131<\/strong><\/td>\n<td>&nbsp;<\/td>\n<\/tr>\n<tr>\n<td>&Ccedil;al\u0131\u015fma Ko\u015fullar\u0131<\/td>\n<td colspan=\"1\">-40 &deg; C ~ 70 &deg; C (-40 &deg; F ~ + 158 &deg; F) \/% 95 RH&rsquo;den d&uuml;\u015f&uuml;k<\/td>\n<\/tr>\n<tr>\n<td>Koruma Sertifikas\u0131<\/td>\n<td>IP66<\/td>\n<\/tr>\n<tr>\n<td>Dayan\u0131kl\u0131l\u0131k Sertifikas\u0131<\/td>\n<td>&ndash;<\/td>\n<\/tr>\n<tr>\n<td>Kasa<\/td>\n<td>Metal<\/td>\n<\/tr>\n<tr>\n<td>Boyutlar<\/td>\n<td colspan=\"1\">&Phi;252 (mm) x 345 (mm) x 474 (mm)<\/td>\n<\/tr>\n<tr>\n<td>Net A\u011f\u0131rl\u0131k<\/td>\n<td colspan=\"1\">15kg<\/td>\n<\/tr>\n<\/tbody>\n<\/table>\n<p>&nbsp;<\/p>\n<p><img loading=\"lazy\" alt=\"\" height=\"351\" sizes=\"(max-width: 500px) 100vw, 500px\" src=\"https:\/\/www.okisan.com\/wp-content\/uploads\/2017\/10\/PTZ12248V-LR8-N-b-500x351.png\" srcset=\"https:\/\/www.okisan.com\/wp-content\/uploads\/2017\/10\/PTZ12248V-LR8-N-b-120x84.png 120w, https:\/\/www.okisan.com\/wp-content\/uploads\/2017\/10\/PTZ12248V-LR8-N-b-150x105.png 150w, https:\/\/www.okisan.com\/wp-content\/uploads\/2017\/10\/PTZ12248V-LR8-N-b-200x140.png 200w, https:\/\/www.okisan.com\/wp-content\/uploads\/2017\/10\/PTZ12248V-LR8-N-b-300x210.png 300w, https:\/\/www.okisan.com\/wp-content\/uploads\/2017\/10\/PTZ12248V-LR8-N-b-400x281.png 400w, https:\/\/www.okisan.com\/wp-content\/uploads\/2017\/10\/PTZ12248V-LR8-N-b-500x351.png 500w, https:\/\/www.okisan.com\/wp-content\/uploads\/2017\/10\/PTZ12248V-LR8-N-b-600x421.png 600w, https:\/\/www.okisan.com\/wp-content\/uploads\/2017\/10\/PTZ12248V-LR8-N-b-768x539.png 768w, https:\/\/www.okisan.com\/wp-content\/uploads\/2017\/10\/PTZ12248V-LR8-N-b-800x561.png 800w, https:\/\/www.okisan.com\/wp-content\/uploads\/2017\/10\/PTZ12248V-LR8-N-b.png 804w\" width=\"500\" \/><\/p>\n","protected":false},"excerpt":{"rendered":"<p>1 \/ 1.9 &ldquo;2Megapiksel CMOS G&uuml;&ccedil;l&uuml; 48x optik zoom Starlight teknolojisi &Uuml;&ccedil;l&uuml; ak\u0131\u015f kodlama mevcut Maks. 50\/60fps@1080P Otomatik izleme ve IVS IR 1200m&rsquo;ye kadar mesafe IP66 Model Dahua PTZ12248V-LR8-N Teknik &Ouml;zellikleri Kamera &nbsp; G&ouml;r&uuml;nt&uuml; Sens&ouml;r&uuml; 1 \/ 1.9 &ldquo;CMOS Efektif Piksel 1920(H) x 1080(V), 2 Megapiksel RAM \/ ROM 1024M \/ 128M Tarama Sistemi Progresif [&#8230;]\n","protected":false},"featured_media":902,"comment_status":"closed","ping_status":"closed","template":"","meta":[],"_links":{"self":[{"href":"https:\/\/nilbilisim.com.tr\/magaza\/wp-json\/wp\/v2\/product\/901"}],"collection":[{"href":"https:\/\/nilbilisim.com.tr\/magaza\/wp-json\/wp\/v2\/product"}],"about":[{"href":"https:\/\/nilbilisim.com.tr\/magaza\/wp-json\/wp\/v2\/types\/product"}],"replies":[{"embeddable":true,"href":"https:\/\/nilbilisim.com.tr\/magaza\/wp-json\/wp\/v2\/comments?post=901"}],"wp:featuredmedia":[{"embeddable":true,"href":"https:\/\/nilbilisim.com.tr\/magaza\/wp-json\/wp\/v2\/media\/902"}],"wp:attachment":[{"href":"https:\/\/nilbilisim.com.tr\/magaza\/wp-json\/wp\/v2\/media?parent=901"}],"curies":[{"name":"wp","href":"https:\/\/api.w.org\/{rel}","templated":true}]}}