{"id":903,"date":"2021-01-19T06:32:19","date_gmt":"2021-01-19T06:32:19","guid":{"rendered":"https:\/\/nilbilisim.com.tr\/magaza\/urun\/dahua-mptz4400-2030ulb-nt-2mp-network-mobil-konumlandarma-sistemi\/"},"modified":"2024-07-01T01:43:27","modified_gmt":"2024-06-30T22:43:27","slug":"dahua-mptz4400-2030ulb-nt-2mp-network-mobil-konumlandarma-sistemi","status":"publish","type":"product","link":"https:\/\/nilbilisim.com.tr\/magaza\/urun\/dahua-mptz4400-2030ulb-nt-2mp-network-mobil-konumlandarma-sistemi\/","title":{"rendered":"Dahua MPTZ4400-2030ULB-NT 2MP Network Mobil Konumland\u0131rma Sistemi"},"content":{"rendered":"<ul>\n<li>2MP m&uuml;kemmel g&ouml;r&uuml;nt&uuml; kalitesi<\/li>\n<li>G&uuml;&ccedil;l&uuml; 30x optik zoom<\/li>\n<li>Pan aral\u0131\u011f\u0131: 360 &deg; sonsuz, 80 &deg; \/ s&rsquo;ye kadar h\u0131z<\/li>\n<li>255 &Ouml;n Ayar, 6 Tur, 4 Pattern<\/li>\n<li>500m&rsquo;ye kadar lazer mesafesi<\/li>\n<li>&Ccedil;oklu network izleme: Web g&ouml;r&uuml;nt&uuml;leyici, CMS (DSS \/ PSS) &amp; DMSS<\/li>\n<li>DC 12V ~ 24V G&uuml;&ccedil; Kayna\u011f\u0131<\/li>\n<li>IP67, TVS 3000V Y\u0131ld\u0131r\u0131mdan Korunma, A\u015f\u0131r\u0131 Gerilim Korumas\u0131 ve Gerilim Ge&ccedil;ici Koruma<\/li>\n<\/ul>\n<table border=\"1\" cellpadding=\"5\" cellspacing=\"1\">\n<tbody>\n<tr>\n<td><strong>Model<\/strong><\/td>\n<td><strong>Dahua MPTZ4400-2030ULB-NT Teknik &Ouml;zellikleri<\/strong><\/td>\n<\/tr>\n<tr>\n<td><strong>Kamera<\/strong><\/td>\n<td>&nbsp;<\/td>\n<\/tr>\n<tr>\n<td>G&ouml;r&uuml;nt&uuml; Sens&ouml;r&uuml;<\/td>\n<td>1 \/ 2,8 &ldquo;CMOS<\/td>\n<\/tr>\n<tr>\n<td>Etkin Pikseller<\/td>\n<td>1920 &times; 1080,2.42 Megapiksel<\/td>\n<\/tr>\n<tr>\n<td>Yatay &Ccedil;&ouml;z&uuml;n&uuml;rl&uuml;k<\/td>\n<td>&ge;1000TVL<\/td>\n<\/tr>\n<tr>\n<td>Minimum Ayd\u0131nlatma<\/td>\n<td>Renk: 0.005Lux@F1.6<\/p>\n<p>&nbsp;<\/p>\n<p>0 Lux:0.0005Lux@F1.6<\/p>\n<\/td>\n<\/tr>\n<tr>\n<td>Kazan&ccedil; Kontrol&uuml;<\/td>\n<td>Otomatik \/ Manuel<\/td>\n<\/tr>\n<tr>\n<td>3DNR<\/td>\n<td>Mevcut<\/td>\n<\/tr>\n<tr>\n<td>2DNR<\/td>\n<td>Mevcut<\/td>\n<\/tr>\n<tr>\n<td>S \/ N Oran\u0131<\/td>\n<td>55dB<\/td>\n<\/tr>\n<tr>\n<td>Beyaz Dengesi<\/td>\n<td>Otomatik \/ Manuel \/ Par&ccedil;a \/ D\u0131\u015f Mekan \/ \u0130&ccedil; Mekan \/ D\u0131\u015f Mekan Otomatik \/ Sodyum Lamba<\/td>\n<\/tr>\n<tr>\n<td>Elektronik Shutter H\u0131z\u0131<\/td>\n<td>1\/1 ~ 1 \/ 30000s<\/td>\n<\/tr>\n<tr>\n<td>Sars\u0131nt\u0131 &Ouml;nleyici<\/td>\n<td>Mevcut<\/td>\n<\/tr>\n<tr>\n<td>Ultra Defog (Anti Sis)<\/td>\n<td>Mevcut<\/td>\n<\/tr>\n<tr>\n<td>Arka I\u015f\u0131k Telafisi<\/td>\n<td>Mevcut<\/td>\n<\/tr>\n<tr>\n<td>WDR<\/td>\n<td>Mevcut<\/td>\n<\/tr>\n<tr>\n<td>HLC<\/td>\n<td>Mevcut<\/td>\n<\/tr>\n<tr>\n<td>Dijital Zoom<\/td>\n<td>16x<\/td>\n<\/tr>\n<tr>\n<td>G&uuml;nd&uuml;z\/Gece<\/td>\n<td>AutoICR<\/td>\n<\/tr>\n<tr>\n<td>Odak Kontrol&uuml;<\/td>\n<td>Otomatik \/ Yar\u0131 Otomatik \/ Manuel<\/td>\n<\/tr>\n<tr>\n<td>Odak Uzakl\u0131\u011f\u0131<\/td>\n<td>4.5 mm ~ 135mm<\/td>\n<\/tr>\n<tr>\n<td>Zoom H\u0131z\u0131<\/td>\n<td>4s<\/td>\n<\/tr>\n<tr>\n<td>Baipingheng<\/td>\n<td>Yatay: 67.8 ~ 2.77 &deg; (geni\u015f tele)<\/td>\n<\/tr>\n<tr>\n<td>Yak\u0131n Odak Mesafesi<\/td>\n<td>100mm ~ 1000 mm (geni\u015f tele)<\/td>\n<\/tr>\n<tr>\n<td>Optik Zoom<\/td>\n<td>30x<\/td>\n<\/tr>\n<tr>\n<td>Maks. Diyafram<\/td>\n<td>F1.6 ~ F4.4<\/td>\n<\/tr>\n<tr>\n<td><strong>Video<\/strong><\/td>\n<td>&nbsp;<\/td>\n<\/tr>\n<tr>\n<td>Ana Ak\u0131\u015f<\/td>\n<td>50 Hz: 25 fps (1920 &times; 1080), 50fps (1920 &times; 1080), 25fps (1280 960 x), 25 fps (1280 &times; 720);<\/p>\n<p>&nbsp;<\/p>\n<p>60 Hz: 30 fps (1920 &times; 1080), 60 fps (1920 &times; 1080), 30 fps (1280 &times; 960), 30 fps (1280 &times; 720)<\/p>\n<\/td>\n<\/tr>\n<tr>\n<td>Alt Ak\u0131\u015f 1<\/td>\n<td>50 Hz: 25 fps (704 x 576), 25 fps (352 x 288)<\/p>\n<p>&nbsp;<\/p>\n<p>60 Hz: 30 fps (704 x 480), 30 fps (352 x 240),<\/p>\n<\/td>\n<\/tr>\n<tr>\n<td>Alt Ak\u0131\u015f 2<\/td>\n<td>50 Hz: 25fps oteller (1080 1920 &times;), 25 fps (1280 &times; 960), 25 fps (1280 &times; 720);<\/p>\n<p>&nbsp;<\/p>\n<p>60 Hz: 30 fps (1920 &times; 1080), 30 fps (960 1280 &times;), 30 fps (1280 &times; 720)<\/p>\n<\/td>\n<\/tr>\n<tr>\n<td>Video S\u0131k\u0131\u015ft\u0131rma<\/td>\n<td>H.265 \/ H.264BaselineProfile \/ H.264MainProfile \/ H.264HighProfile \/ M-JPEG<\/td>\n<\/tr>\n<tr>\n<td>Ses S\u0131k\u0131\u015ft\u0131rma<\/td>\n<td>G.711a \/ G.711Mu \/ AAC \/ G.722 \/ G.726 \/ MPEG2-L2<\/td>\n<\/tr>\n<tr>\n<td>Sesli \u0130nterkom<\/td>\n<td>Mevcut<\/td>\n<\/tr>\n<tr>\n<td>Protokol<\/td>\n<td>IPv4 \/ IPv6, HTTP, HTTPS, 802.1x, QoS, FTP, SMTP, UPnP, SNMP, DNS, DDNS, NTP, RTSP, RTP, TCP, UDP, IGMP, ICMP, DHCP, PPPoE<\/td>\n<\/tr>\n<tr>\n<td>YG<\/td>\n<td>Mevcut<\/td>\n<\/tr>\n<tr>\n<td>SVC<\/td>\n<td>Mevcut<\/td>\n<\/tr>\n<tr>\n<td>Zon Odaklanma<\/td>\n<td>Mevcut<\/td>\n<\/tr>\n<tr>\n<td>Zaman Diaplay<\/td>\n<td>Mevcut<\/td>\n<\/tr>\n<tr>\n<td>API<\/td>\n<td>Destek API&rsquo;si, Destek standart protokol&uuml; (Onvif, CGI, GB \/ T28181), dahua SDK ve 3. parti deste\u011fi<\/td>\n<\/tr>\n<tr>\n<td>Web G&ouml;r&uuml;nt&uuml;leyici<\/td>\n<td>Yukar\u0131daki IE7&rsquo;yi destekleyin, google, firefox, safari<\/td>\n<\/tr>\n<tr>\n<td>Maks. Kullan\u0131c\u0131 Eri\u015fimi<\/td>\n<td>Maksimum 20 kullan\u0131c\u0131<\/td>\n<\/tr>\n<tr>\n<td>G&uuml;venlik &Ouml;nlemleri<\/td>\n<td>Kullan\u0131c\u0131 Do\u011frulama (Kullan\u0131c\u0131 Kimli\u011fi ve \u015eifre), Ana Bilgisayar Do\u011frulama (MAC adresi), HTTPS \u015eifreleme, IEEE 802.1x Ba\u011flant\u0131 Noktas\u0131 Tabanl\u0131 A\u011f Eri\u015fim kontrol&uuml;<\/td>\n<\/tr>\n<tr>\n<td>Kullan\u0131c\u0131 Y&ouml;netimi<\/td>\n<td>&Ccedil;ok seviyeli kullan\u0131c\u0131 y&ouml;netimi<\/td>\n<\/tr>\n<tr>\n<td><strong>PTZ<\/strong><\/td>\n<td>&nbsp;<\/td>\n<\/tr>\n<tr>\n<td>Pan Aral\u0131\u011f\u0131<\/td>\n<td>360 &deg;<\/td>\n<\/tr>\n<tr>\n<td>Pan H\u0131z\u0131<\/td>\n<td>0.5 ~ 80 &deg;<\/td>\n<\/tr>\n<tr>\n<td>E\u011fim Aral\u0131\u011f\u0131<\/td>\n<td>-15 &deg; 90 &deg; &lsquo;<\/td>\n<\/tr>\n<tr>\n<td>E\u011fim H\u0131z\u0131<\/td>\n<td>0.5 ~ 60 &deg;<\/td>\n<\/tr>\n<tr>\n<td>Haz\u0131r Ayarlar<\/td>\n<td>255<\/td>\n<\/tr>\n<tr>\n<td>Tur<\/td>\n<td>6 tur, her biri i&ccedil;in 18 &ouml;n ayar<\/td>\n<\/tr>\n<tr>\n<td>Pattern<\/td>\n<td>4<\/td>\n<\/tr>\n<tr>\n<td>Kapanma Kurtarma<\/td>\n<td>Mevcut<\/td>\n<\/tr>\n<tr>\n<td><strong>Lazer<\/strong><\/td>\n<td>&nbsp;<\/td>\n<\/tr>\n<tr>\n<td>Lazer Mesafesi<\/td>\n<td>500m<\/td>\n<\/tr>\n<tr>\n<td>Lazer A&ccedil;\u0131s\u0131<\/td>\n<td>Zoom ile ayarlanabilir<\/td>\n<\/tr>\n<tr>\n<td><strong>Genel<\/strong><\/td>\n<td>&nbsp;<\/td>\n<\/tr>\n<tr>\n<td>G&uuml;&ccedil;<\/td>\n<td>DC 12 ~ 24V, geni\u015f voltaj giri\u015fi<\/td>\n<\/tr>\n<tr>\n<td>G&uuml;&ccedil; T&uuml;ketimi<\/td>\n<td>36W<\/td>\n<\/tr>\n<tr>\n<td>Koruma Seviyesi<\/td>\n<td>IP67, TVS 3000V Y\u0131ld\u0131r\u0131mdan Korunma, Dalgalanma Korumas\u0131 ve Gerilim Ge&ccedil;ici Korumas\u0131<\/td>\n<\/tr>\n<tr>\n<td>&Ccedil;al\u0131\u015fma S\u0131cakl\u0131\u011f\u0131<\/td>\n<td>-30 &deg; C ~ 65 &deg; C<\/td>\n<\/tr>\n<tr>\n<td>&Ccedil;al\u0131\u015fma Nemi<\/td>\n<td>&lt;% 90<\/td>\n<\/tr>\n<tr>\n<td>Net A\u011f\u0131rl\u0131k<\/td>\n<td>6.5 kg<\/td>\n<\/tr>\n<\/tbody>\n<\/table>\n","protected":false},"excerpt":{"rendered":"<p>2MP m&uuml;kemmel g&ouml;r&uuml;nt&uuml; kalitesi G&uuml;&ccedil;l&uuml; 30x optik zoom Pan aral\u0131\u011f\u0131: 360 &deg; sonsuz, 80 &deg; \/ s&rsquo;ye kadar h\u0131z 255 &Ouml;n Ayar, 6 Tur, 4 Pattern 500m&rsquo;ye kadar lazer mesafesi &Ccedil;oklu network izleme: Web g&ouml;r&uuml;nt&uuml;leyici, CMS (DSS \/ PSS) &amp; DMSS DC 12V ~ 24V G&uuml;&ccedil; Kayna\u011f\u0131 IP67, TVS 3000V Y\u0131ld\u0131r\u0131mdan Korunma, A\u015f\u0131r\u0131 Gerilim Korumas\u0131 [&#8230;]\n","protected":false},"featured_media":904,"comment_status":"closed","ping_status":"closed","template":"","meta":[],"_links":{"self":[{"href":"https:\/\/nilbilisim.com.tr\/magaza\/wp-json\/wp\/v2\/product\/903"}],"collection":[{"href":"https:\/\/nilbilisim.com.tr\/magaza\/wp-json\/wp\/v2\/product"}],"about":[{"href":"https:\/\/nilbilisim.com.tr\/magaza\/wp-json\/wp\/v2\/types\/product"}],"replies":[{"embeddable":true,"href":"https:\/\/nilbilisim.com.tr\/magaza\/wp-json\/wp\/v2\/comments?post=903"}],"wp:featuredmedia":[{"embeddable":true,"href":"https:\/\/nilbilisim.com.tr\/magaza\/wp-json\/wp\/v2\/media\/904"}],"wp:attachment":[{"href":"https:\/\/nilbilisim.com.tr\/magaza\/wp-json\/wp\/v2\/media?parent=903"}],"curies":[{"name":"wp","href":"https:\/\/api.w.org\/{rel}","templated":true}]}}