{"id":906,"date":"2021-01-19T07:27:18","date_gmt":"2021-01-19T07:27:18","guid":{"rendered":"https:\/\/nilbilisim.com.tr\/magaza\/urun\/nil-biliim-ok-680-auto-tracking-21mp-30x-ptz-lazerli-ex-proof-kamera\/"},"modified":"2024-07-01T01:43:27","modified_gmt":"2024-06-30T22:43:27","slug":"nil-biliim-ok-680-auto-tracking-21mp-30x-ptz-lazerli-ex-proof-kamera","status":"publish","type":"product","link":"https:\/\/nilbilisim.com.tr\/magaza\/urun\/nil-biliim-ok-680-auto-tracking-21mp-30x-ptz-lazerli-ex-proof-kamera\/","title":{"rendered":"Nil Bili\u015fim OK-680 Auto-tracking 2.1Mp 30x PTZ Lazerli Ex-Proof Kamera"},"content":{"rendered":"<ul>\n<li>Vandal-proof ,IP68<\/li>\n<li>304 Paslanmaz &Ccedil;elik yap\u0131, 5mm g&ouml;vde kal\u0131nl\u0131\u011f\u0131<\/li>\n<li>Toza kar\u015f\u0131 direnli nanometrik film ile kaplanm\u0131\u015f 10mm kal\u0131nl\u0131\u011f\u0131nda g&uuml;&ccedil;lendirilmi\u015f temper cam<\/li>\n<li>Cam temizli\u011fini sa\u011flamak i&ccedil;in dahili silecek sistemi<\/li>\n<li>D&uuml;\u015f&uuml;k operasyon s\u0131cakl\u0131k gereksinimi: -20&deg;C ~+60&deg;C<\/li>\n<li>Step motor &amp; &ldquo;Worm&rdquo; motor<\/li>\n<li>\u0130yi dengelenmi\u015f kompakt yap\u0131<\/li>\n<li>Ak\u0131ll\u0131 telefotik h\u0131z limitleri<\/li>\n<li>Geni\u015f g&uuml;&ccedil; besleme aral\u0131\u011f\u0131:86~265VAC<\/li>\n<li>360&deg; Yatay otomatik tarama<\/li>\n<li>&plusmn;90&deg; Dikey rotasyon aral\u0131\u011f\u0131<\/li>\n<li>256\/128 dolan\u0131m preset noktas\u0131<\/li>\n<li>500m&rsquo;ye kadar uzanabilen lazer ayd\u0131nlatma ile uzun gece g&ouml;r&uuml;\u015f mesafesi<\/li>\n<li>30X optik, 2MP zoom kamera<\/li>\n<li>Dire\u011fe veya duvara g&ouml;re ayarlanabilen esnek montaj imkan\u0131<\/li>\n<\/ul>\n<table border=\"1\" cellpadding=\"5\" cellspacing=\"1\">\n<tbody>\n<tr>\n<td><strong>Model<\/strong><\/td>\n<td><strong>OK-680<\/strong><\/td>\n<\/tr>\n<tr>\n<td><strong>Vandal Proof Data<\/strong><\/td>\n<td>&nbsp;<\/td>\n<\/tr>\n<tr>\n<td>Muhafaza Malzemesi<\/td>\n<td>Paslanmaz &ccedil;elik 304,Kamera durum Kal\u0131nl\u0131\u011f\u0131 5mm,&Uuml;st muhafaza Kal\u0131nl\u0131\u011f\u0131 5mm, Kulaklar Kal\u0131nl\u0131\u011f\u0131 1 mm<\/td>\n<\/tr>\n<tr>\n<td>Pencere Cam\u0131<\/td>\n<td>G&uuml;&ccedil;l&uuml; temperli cam, kal\u0131nl\u0131k 10mm<\/td>\n<\/tr>\n<tr>\n<td><strong>&Ccedil;al\u0131\u015fma Ortam\u0131<\/strong><\/td>\n<td>&nbsp;<\/td>\n<\/tr>\n<tr>\n<td>&Ccedil;al\u0131\u015fma S\u0131cakl\u0131\u011f\u0131<\/td>\n<td>-20~60&deg;C<\/td>\n<\/tr>\n<tr>\n<td>Hava Bas\u0131nc\u0131<\/td>\n<td>80KPa~106KPa<\/td>\n<\/tr>\n<tr>\n<td>Nem<\/td>\n<td>&le;95% (+25)<\/td>\n<\/tr>\n<tr>\n<td><strong>Mekanik<\/strong><\/td>\n<td>&nbsp;<\/td>\n<\/tr>\n<tr>\n<td>Muhafaza Malzemesi<\/td>\n<td>Stainless steel 304, optional 316L<\/td>\n<\/tr>\n<tr>\n<td>Koruma Protokol&uuml;<\/td>\n<td>IP68<\/td>\n<\/tr>\n<tr>\n<td>Oto Tracking<\/td>\n<td>Yatay:0~360&deg; s&uuml;rekli, Dikey:&plusmn;90&deg;<\/td>\n<\/tr>\n<tr>\n<td>D&ouml;nme H\u0131z\u0131<\/td>\n<td>0~45&deg;\/sn<\/td>\n<\/tr>\n<tr>\n<td>Silecek<\/td>\n<td>Mevcut<\/td>\n<\/tr>\n<tr>\n<td>Montaj<\/td>\n<td>Duvar veya direk, \u0130&ccedil; \/ d\u0131\u015f<\/td>\n<\/tr>\n<tr>\n<td>Net A\u011f\u0131rl\u0131\u011f\u0131<\/td>\n<td>20Kg (Duvar braketi ile)<\/td>\n<\/tr>\n<tr>\n<td>Kablo Di\u015fli Delik<\/td>\n<td>1 adet &ndash; G3\/4<\/td>\n<\/tr>\n<tr>\n<td><strong>Lazer I\u015f\u0131\u011f\u0131<\/strong><\/td>\n<td>&nbsp;<\/td>\n<\/tr>\n<tr>\n<td>Karanl\u0131kta G&ouml;rme<\/td>\n<td>Laser light: 500 metre<\/td>\n<\/tr>\n<tr>\n<td>Wave Length<\/td>\n<td>808 &plusmn;5nm<\/td>\n<\/tr>\n<tr>\n<td>Ayd\u0131nlatma A&ccedil;\u0131s\u0131<\/td>\n<td>Elektrik Senkron zoom 68~1.5&deg;C S&uuml;rekli ve ayarlanabilir<\/td>\n<\/tr>\n<tr>\n<td>Ayd\u0131nlatma Mesafesi<\/td>\n<td>Uzak 500; yak\u0131n 80m<\/td>\n<\/tr>\n<tr>\n<td>Ayd\u0131nlatma Aral\u0131\u011f\u0131<\/td>\n<td>360&deg;, 78.5 bin sqm<\/td>\n<\/tr>\n<tr>\n<td>Lazer I\u015f\u0131k G&uuml;c&uuml;<\/td>\n<td>9w<\/td>\n<\/tr>\n<tr>\n<td><strong>Elektrik<\/strong><\/td>\n<td>&nbsp;<\/td>\n<\/tr>\n<tr>\n<td>Elektrik<\/td>\n<td>DS-2ZCN3007(B), 2MP, 30X, PELCO-D, 2400bps<\/td>\n<\/tr>\n<tr>\n<td>&Ccedil;al\u0131\u015fma Gerilimi<\/td>\n<td>AC85~265V<\/td>\n<\/tr>\n<tr>\n<td>Elektrik Ak\u0131m\u0131<\/td>\n<td>&le;500mA<\/td>\n<\/tr>\n<tr>\n<td>G&uuml;&ccedil;<\/td>\n<td>&lt;100W<\/td>\n<\/tr>\n<tr>\n<td>\u0130leti\u015fim Protokol&uuml;<\/td>\n<td>PELCO-D<\/td>\n<\/tr>\n<tr>\n<td>\u0130leti\u015fim H\u0131z\u0131<\/td>\n<td>2400bps<\/td>\n<\/tr>\n<tr>\n<td>&Ccedil;\u0131k\u0131\u015f Modu<\/td>\n<td>RJ45<\/td>\n<\/tr>\n<tr>\n<td>Preset<\/td>\n<td>128: do\u011fruluk&le;0.1&ordm; (Opsiyonel 256)<\/td>\n<\/tr>\n<tr>\n<td>Kablo Ba\u011flant\u0131s\u0131<\/td>\n<td>A\u011f kablosu +3-core power<\/td>\n<\/tr>\n<tr>\n<td><strong>Kamera &Ouml;zellikleri<\/strong><\/td>\n<td>&nbsp;<\/td>\n<\/tr>\n<tr>\n<td>G&ouml;r&uuml;nt&uuml; Sens&ouml;r&uuml;<\/td>\n<td>1\/2.8&rdquo; Progressive Scan CMOS<\/td>\n<\/tr>\n<tr>\n<td rowspan=\"2\">Efektif Piksel<\/td>\n<td>50HZ:25fps(1920&times;1080) 60HZ:30fps(1920&times;1080)<\/td>\n<\/tr>\n<tr>\n<td>50HZ:25fps(1280&times;720) 60HZ:30fps(1280&times;720)<\/td>\n<\/tr>\n<tr>\n<td>Optik Zoom<\/td>\n<td>30X ,4.3-129mm<\/td>\n<\/tr>\n<tr>\n<td>Dijital Zoom<\/td>\n<td>12X<\/td>\n<\/tr>\n<tr>\n<td>Diyafram Aral\u0131\u011f\u0131<\/td>\n<td>F1.6-F3.5<\/td>\n<\/tr>\n<tr>\n<td>G&ouml;r&uuml;\u015f A&ccedil;\u0131s\u0131<\/td>\n<td>61.4-2.9 derecesi (geni\u015f -tele)<\/td>\n<\/tr>\n<tr>\n<td><strong>G&uuml;nd&uuml;z &amp; Gece<\/strong><\/td>\n<td>&nbsp;<\/td>\n<\/tr>\n<tr>\n<td>Zoom H\u0131z<\/td>\n<td>2.7sn. (optik, geni\u015f tele)<\/td>\n<\/tr>\n<tr>\n<td>G&uuml;nd&uuml;z &amp; Gece<\/td>\n<td>ICR<\/td>\n<\/tr>\n<tr>\n<td>Odak Modu<\/td>\n<td>Otomatik \/ manuel \/ tek dokunu\u015fla<\/td>\n<\/tr>\n<tr>\n<td>G&uuml;nd&uuml;z &amp; Gece Modu<\/td>\n<td>Otomatik \/ Renk \/ BW<\/td>\n<\/tr>\n<tr>\n<td>Deklan\u015f&ouml;r Zaman\u0131<\/td>\n<td>1\/1sec-1\/30,000 sn<\/td>\n<\/tr>\n<tr>\n<td>Beyaz Dengesi<\/td>\n<td>Otomatik 1 \/ Otomatik 2 \/ A&ccedil;\u0131k \/ Kapal\u0131 \/ Manuel \/Sodyum Lamba \/ Floresan Lamba<\/td>\n<\/tr>\n<tr>\n<td>BLC<\/td>\n<td>ON\/OFF<\/td>\n<\/tr>\n<tr>\n<td>Pozlama Telafisi<\/td>\n<td>10 seviyeleri ayarlanabilir<\/td>\n<\/tr>\n<tr>\n<td>Kazan&ccedil;<\/td>\n<td>16 seviyeleri ayarlanabilir<\/td>\n<\/tr>\n<tr>\n<td>Kazan&ccedil; S\u0131n\u0131rlama<\/td>\n<td>16 seviyeleri ayarlanabilir<\/td>\n<\/tr>\n<tr>\n<td>DNR<\/td>\n<td>3D DNR<\/td>\n<\/tr>\n<tr>\n<td>Mirror<\/td>\n<td>Destek<\/td>\n<\/tr>\n<tr>\n<td>Dijital WDR<\/td>\n<td>ON\/OFF, 15 seviyeleri ayarlanabilir<\/td>\n<\/tr>\n<tr>\n<td>G&ouml;r&uuml;nt&uuml;leme Ayar\u0131<\/td>\n<td>Doygunluk, parlakl\u0131k, kontrast, ayarlanabilir Netlik<\/td>\n<\/tr>\n<tr>\n<td>Video S\u0131k\u0131\u015ft\u0131rma<\/td>\n<td>H.264 main profile\/MJPEG<\/td>\n<\/tr>\n<tr>\n<td>Video Bit oran\u0131<\/td>\n<td>32kbps-16mbps<\/td>\n<\/tr>\n<tr>\n<td>Ses S\u0131k\u0131\u015ft\u0131rma<\/td>\n<td>G.722.1\/G.711-a law\/G.711-u law\/MP2L2\/G.726<\/td>\n<\/tr>\n<tr>\n<td>Network Depolama<\/td>\n<td>SD card<\/td>\n<\/tr>\n<tr>\n<td>G&ouml;r&uuml;nt&uuml;leme Ayar\u0131<\/td>\n<td>Zoom Kamera mod&uuml;l&uuml;n&uuml;n fonksiyonu d\u0131\u015far\u0131dan yaz\u0131l\u0131m\u0131 veya web tarayici Ile ayarlanabilir<\/td>\n<\/tr>\n<tr>\n<td>Alarm<\/td>\n<td>Hareket alg\u0131lama, sabotaj alarm\u0131, HDD full , HDD hatas\u0131, TCP\/IP, HTTP, DHCP, DDNS, RTP, RTSP, PPPoE, SMTP,<\/td>\n<\/tr>\n<tr>\n<td>Protokoller<\/td>\n<td>NTP, UPnP, SNMP, FTP, 802.1*, QoS, HTTPS IPv6(SIP,SRTP opsyonel)<\/td>\n<\/tr>\n<tr>\n<td>Standartlar<\/td>\n<td>ONVIF, PSIA, CGI, ISAPI<\/td>\n<\/tr>\n<tr>\n<td>\u0130leti\u015fim Aray&uuml;z&uuml;<\/td>\n<td>1 RJ45 10M\/100M self-adaptive Ethernet aray&uuml;z&uuml;, 1 RS-485<\/td>\n<\/tr>\n<tr>\n<td>Video &Ccedil;\u0131k\u0131\u015f\u0131<\/td>\n<td>Dual Core1 Vp-p Kompozit &Ccedil;\u0131k\u0131\u015f\u0131 (75&Omega;)<\/td>\n<\/tr>\n<tr>\n<td>Lens<\/td>\n<td>Mesafe: 10mm-1500mm (Geni\u015f Tele) A&ccedil;\u0131s\u0131: 58,3-3,2 derece (Geni\u015f Tele)<\/td>\n<\/tr>\n<tr>\n<td>S\/N Oran\u0131<\/td>\n<td>52dB den fazla<\/td>\n<\/tr>\n<tr>\n<td>Minimum Ayd\u0131nlatma<\/td>\n<td>Renkli: 0.05Lux @ (F1.6, AGC ON) S \/ B: 0.01Lux @ (F1.6, AGC ON)<\/td>\n<\/tr>\n<tr>\n<td>G&uuml;&ccedil;<\/td>\n<td>DC12V\/PoE<\/td>\n<\/tr>\n<tr>\n<td>Boyutlar<\/td>\n<td>Y447 x G320 x U320<\/td>\n<\/tr>\n<tr>\n<td>&Ccedil;al\u0131\u015fma Voltaj\u0131<\/td>\n<td>200 VAC<\/td>\n<\/tr>\n<\/tbody>\n<\/table>\n","protected":false},"excerpt":{"rendered":"<p>Vandal-proof ,IP68 304 Paslanmaz &Ccedil;elik yap\u0131, 5mm g&ouml;vde kal\u0131nl\u0131\u011f\u0131 Toza kar\u015f\u0131 direnli nanometrik film ile kaplanm\u0131\u015f 10mm kal\u0131nl\u0131\u011f\u0131nda g&uuml;&ccedil;lendirilmi\u015f temper cam Cam temizli\u011fini sa\u011flamak i&ccedil;in dahili silecek sistemi D&uuml;\u015f&uuml;k operasyon s\u0131cakl\u0131k gereksinimi: -20&deg;C ~+60&deg;C Step motor &amp; &ldquo;Worm&rdquo; motor \u0130yi dengelenmi\u015f kompakt yap\u0131 Ak\u0131ll\u0131 telefotik h\u0131z limitleri Geni\u015f g&uuml;&ccedil; besleme aral\u0131\u011f\u0131:86~265VAC 360&deg; Yatay otomatik tarama [&#8230;]\n","protected":false},"featured_media":907,"comment_status":"closed","ping_status":"closed","template":"","meta":[],"_links":{"self":[{"href":"https:\/\/nilbilisim.com.tr\/magaza\/wp-json\/wp\/v2\/product\/906"}],"collection":[{"href":"https:\/\/nilbilisim.com.tr\/magaza\/wp-json\/wp\/v2\/product"}],"about":[{"href":"https:\/\/nilbilisim.com.tr\/magaza\/wp-json\/wp\/v2\/types\/product"}],"replies":[{"embeddable":true,"href":"https:\/\/nilbilisim.com.tr\/magaza\/wp-json\/wp\/v2\/comments?post=906"}],"wp:featuredmedia":[{"embeddable":true,"href":"https:\/\/nilbilisim.com.tr\/magaza\/wp-json\/wp\/v2\/media\/907"}],"wp:attachment":[{"href":"https:\/\/nilbilisim.com.tr\/magaza\/wp-json\/wp\/v2\/media?parent=906"}],"curies":[{"name":"wp","href":"https:\/\/api.w.org\/{rel}","templated":true}]}}