{"id":912,"date":"2021-01-19T07:27:23","date_gmt":"2021-01-19T07:27:23","guid":{"rendered":"https:\/\/nilbilisim.com.tr\/magaza\/urun\/dahua-ex-mp500-l30h-explosion-proof-ptz-infrared-kamera\/"},"modified":"2024-07-01T01:43:26","modified_gmt":"2024-06-30T22:43:26","slug":"dahua-ex-mp500-l30h-explosion-proof-ptz-infrared-kamera","status":"publish","type":"product","link":"https:\/\/nilbilisim.com.tr\/magaza\/urun\/dahua-ex-mp500-l30h-explosion-proof-ptz-infrared-kamera\/","title":{"rendered":"Dahua EX-MP500 L30H Explosion Proof PTZ Infrared Kamera"},"content":{"rendered":"<ul>\n<li>2 MP Full HD Ex-Proof Lazer PTZ Dome IP Kamera&nbsp;&nbsp;&nbsp;&nbsp; &nbsp;&nbsp;&nbsp;&nbsp;&nbsp;&nbsp;&nbsp;&nbsp;&nbsp;&nbsp;&nbsp;&nbsp;&nbsp;&nbsp;&nbsp;&nbsp;&nbsp;&nbsp;&nbsp;&nbsp;&nbsp;&nbsp;&nbsp;&nbsp;&nbsp;&nbsp;&nbsp;&nbsp;&nbsp;&nbsp;&nbsp;<\/li>\n<li>Paslanmaz &Ccedil;elik<\/li>\n<li><a data-tipcontent=\"&lt;span style='float:right;cursor:pointer;' onClick='javascript:closeJQTip(60)'&gt;&lt;img src='\/components\/com_seoglossary\/assets\/images\/closebox.png' alt='x'&gt;&lt;\/span&gt;&lt;div&gt; &lt;div&gt;&lt;strong&gt;IP Koruma S\u0131n\u0131f\u0131&lt;\/strong&gt;&lt;\/div&gt; &lt;div&gt;\u00a0&lt;\/div&gt; &lt;div&gt;\n&lt;strong&gt;IP65&lt;\/strong&gt; D\u00fc\u015f\u00fck bas\u0131n\u00e7l\u0131 su jetlerinden herhangi bir y\u00f6nden korunmu\u015ftur. Toplam toz giri\u015finden korunmu\u015ftur.&lt;\/div&gt; &lt;div&gt;\u00a0&lt;\/div&gt; &lt;div&gt;\n&lt;strong&gt;IP66&lt;\/strong&gt; Y\u00fcksek bas\u0131n\u00e7l\u0131 su jetlerinden herhangi bir y\u00f6nden korunuyor. Toplam toz giri\u015finden korunmu\u015ftur.&lt;br&gt; &lt;br&gt;&lt;strong&gt;&lt;\/strong&gt; &lt;div&gt;\u00a0&lt;\/div&gt; &lt;div&gt;\n&lt;strong&gt;IP67&lt;\/strong&gt; 15 santimetre ile 1 metre derinli\u011fe kadar dald\u0131r\u0131larak korunmu\u015ftur. Toplam toz giri\u015finden korunmu\u015ftur.&lt;br&gt; &lt;br&gt;&lt;strong&gt;&lt;\/strong&gt; &lt;div&gt;\u00a0&lt;\/div&gt; &lt;div&gt;\n&lt;strong&gt;IP68&lt;\/strong&gt; Uzun s\u00fcreli dald\u0131rmadan belirli bir bas\u0131nca kadar korunmu\u015ftur. Toplam toz giri\u015finden korunmu\u015ftur.&lt;br&gt; &lt;div&gt;\u00a0&lt;\/div&gt; &lt;div&gt;\n&lt;br&gt;&lt;strong&gt;&lt;\/strong&gt; &lt;div&gt;\n&lt;strong&gt;IP69K&lt;\/strong&gt; Buhar p\u00fcsk\u00fcrtmeli temizlikten korunmu\u015ftur. Toplam toz giri\u015finden korunmu\u015ftur.&lt;\/div&gt; &lt;\/div&gt; &lt;\/div&gt; &lt;\/div&gt; &lt;\/div&gt; &lt;\/div&gt;\" data-tipdelayclose=\"500\" data-tipeventout=\"mouseout\" data-tipmaxwidth=\"300\" data-tipmouseleave=\"false\" data-tiptheme=\"tipthemeflatdark\" href=\"https:\/\/www.rimaelektronik.com\/terimler\/ip-koruma-sinifi.html\" id=\"jqeasytooltip60\" title=\"IP67\">IP67<\/a><\/li>\n<li>Exd II CT6 &amp; DIP A20 \/ TA \/ T6 &Ccedil;ift Patlamaya Dayan\u0131kl\u0131l\u0131k S\u0131n\u0131f\u0131,<\/li>\n<li>30x Optik Zoom,<\/li>\n<li>Lazer G.Mesafesi: 500m<\/li>\n<li>360&deg; Yatay D&ouml;n&uuml;\u015f, -90~+90&deg; Dikey D&ouml;n&uuml;\u015f, 80&nbsp;<a data-tipcontent=\"&lt;span style='float:right;cursor:pointer;' onClick='javascript:closeJQTip(18)'&gt;&lt;img src='\/components\/com_seoglossary\/assets\/images\/closebox.png' alt='x'&gt;&lt;\/span&gt;&lt;p&gt;Hareketli kameralarda, herhangi bir bakis a\u00e7isinin daha \u00f6nceden programlanarak, istenildigi anda program dahilinde ya da alarm durumunda hizlica gitmesi istenen pozisyondur.&lt;\/p&gt;\" data-tipdelayclose=\"500\" data-tipeventout=\"mouseout\" data-tipmaxwidth=\"300\" data-tipmouseleave=\"false\" data-tiptheme=\"tipthemeflatdark\" href=\"https:\/\/www.rimaelektronik.com\/terimler\/57-preset.html\" id=\"jqeasytooltip18\" title=\"Preset\">Preset<\/a><\/li>\n<li><a data-tipcontent=\"&lt;span style='float:right;cursor:pointer;' onClick='javascript:closeJQTip(20)'&gt;&lt;img src='\/components\/com_seoglossary\/assets\/images\/closebox.png' alt='x'&gt;&lt;\/span&gt;\n&lt;p&gt;&lt;img src=&quot;https:\/\/www.rimaelektronik.com\/images\/stories\/25\/2014\/terim\/osd_logo.png&quot; alt=&quot;osd_logo&quot; width=&quot;28&quot; height=&quot;28&quot;&gt;&lt;\/p&gt; &lt;p&gt;Men\u00fc Sistemi&lt;\/p&gt;\n\" data-tipdelayclose=\"500\" data-tipeventout=\"mouseout\" data-tipmaxwidth=\"300\" data-tipmouseleave=\"false\" data-tiptheme=\"tipthemeflatdark\" href=\"https:\/\/www.rimaelektronik.com\/terimler\/84-osd.html\" id=\"jqeasytooltip20\" title=\"OSD\">OSD<\/a>, Voltaj Korumas\u0131<\/li>\n<li>Y\u0131ld\u0131r\u0131m Korumas\u0131<\/li>\n<li>AC24V, -20&deg;C~+60&deg;C, 35kg,<\/li>\n<li>Montaj: Duvar, Silecek<\/li>\n<li>128Gb Micro SD Memory<\/li>\n<\/ul>\n<table border=\"1\" cellpadding=\"5\" cellspacing=\"1\">\n<tbody>\n<tr>\n<td><strong>Sertifika<\/strong><\/td>\n<td colspan=\"1\">&nbsp;<\/td>\n<\/tr>\n<tr>\n<td>Sertifika \u0130\u015fareti<\/td>\n<td colspan=\"1\">Exd\u2161C T6 GB\/DIP A20 TA, T6<\/td>\n<\/tr>\n<tr>\n<td>Sertifika Numaras\u0131<\/td>\n<td colspan=\"1\">CNEx14.0068<\/td>\n<\/tr>\n<tr>\n<td>Standartlar<\/td>\n<td>Q\/320412 ZAF013-2013<\/td>\n<\/tr>\n<tr>\n<td><strong>Mekanik<\/strong><\/td>\n<td colspan=\"1\">&nbsp;<\/td>\n<\/tr>\n<tr>\n<td>Housing<\/td>\n<td colspan=\"1\">Paslanmaz &ccedil;elik 304 veya 316L<\/td>\n<\/tr>\n<tr>\n<td>IP<\/td>\n<td colspan=\"1\">IP68<\/td>\n<\/tr>\n<tr>\n<td>Kablo Di\u015f Deli\u011fi<\/td>\n<td colspan=\"1\">1 Adet G3 \/ 4 veya NPT3 \/ 4<\/td>\n<\/tr>\n<tr>\n<td>Silecek<\/td>\n<td>Mevcut<\/td>\n<\/tr>\n<tr>\n<td><strong>Elektrik<\/strong><\/td>\n<td colspan=\"1\">&nbsp;<\/td>\n<\/tr>\n<tr>\n<td>Voltaj<\/td>\n<td colspan=\"1\">AC85V\uff5eAC265V veya DC24Vor AC24V<\/td>\n<\/tr>\n<tr>\n<td>G&uuml;&ccedil;<\/td>\n<td colspan=\"1\">50W \/ 70W (termostatl\u0131)<\/td>\n<\/tr>\n<tr>\n<td><strong>&Ccedil;evre Ko\u015fullar\u0131<\/strong><\/td>\n<td colspan=\"1\">&nbsp;<\/td>\n<\/tr>\n<tr>\n<td>&Ccedil;al\u0131\u015fma S\u0131cakl\u0131\u011f\u0131<\/td>\n<td colspan=\"1\">-25 ile +60\u2103<\/td>\n<\/tr>\n<tr>\n<td>Hava Bas\u0131nc\u0131<\/td>\n<td colspan=\"1\">80Kpa&rsquo;dan 106Kpa&rsquo;ya<\/td>\n<\/tr>\n<tr>\n<td>Ba\u011f\u0131l Nem<\/td>\n<td colspan=\"1\">\u2266% 95 (yo\u011funla\u015fma yok)<\/td>\n<\/tr>\n<tr>\n<td><strong>I\u015f\u0131k<\/strong><\/td>\n<td>&nbsp;<\/td>\n<\/tr>\n<tr>\n<td>I\u015f\u0131k Mesafesi<\/td>\n<td>100m<\/td>\n<\/tr>\n<tr>\n<td>I\u015f\u0131k Kontrol&uuml;<\/td>\n<td>Mevcut<\/td>\n<\/tr>\n<tr>\n<td><strong>Pan &amp; Tilt<\/strong><\/td>\n<td>&nbsp;<\/td>\n<\/tr>\n<tr>\n<td>Yatay<\/td>\n<td>360&deg;<\/td>\n<\/tr>\n<tr>\n<td>Yatay H\u0131z<\/td>\n<td>0.1-45&deg;\/s<\/td>\n<\/tr>\n<tr>\n<td>Dikey<\/td>\n<td>&nbsp;-90 ile +90&deg;<\/td>\n<\/tr>\n<tr>\n<td>Cruise Tarama<\/td>\n<td>Mevcut<\/td>\n<\/tr>\n<tr>\n<td>Keep Watch<\/td>\n<td>Mevcut<\/td>\n<\/tr>\n<tr>\n<td>Preset<\/td>\n<td>64\/128\/255\/300<\/td>\n<\/tr>\n<tr>\n<td>Resume Fonksiyonu<\/td>\n<td>Mevcut<\/td>\n<\/tr>\n<tr>\n<td>Otomatik Cruise<\/td>\n<td>Mevcut<\/td>\n<\/tr>\n<tr>\n<td>Otomatik Tarama<\/td>\n<td>Mevcut<\/td>\n<\/tr>\n<tr>\n<td><strong>Kamera<\/strong><\/td>\n<td>&nbsp;<\/td>\n<\/tr>\n<tr>\n<td>G&ouml;r&uuml;nt&uuml; Sens&ouml;r&uuml;<\/td>\n<td>1\/2.8&Prime; Exmor CMOS<\/td>\n<\/tr>\n<tr>\n<td>Etkin Piksel<\/td>\n<td>1944(H)x1092(V), 2Megapiksel<\/td>\n<\/tr>\n<tr>\n<td>Min.&nbsp;Ayd\u0131nlatma<\/td>\n<td>Renk 0.05Lux\/F1.6 &nbsp; B\/W: 0.005Lux\/F1.6<\/td>\n<\/tr>\n<tr>\n<td>Shutter Zaman\u0131<\/td>\n<td>1\/1 sn ~ 1 \/ 30.000 sn<\/td>\n<\/tr>\n<tr>\n<td>G&uuml;nd&uuml;z &amp; Gece<\/td>\n<td>Otomatik ICR<\/td>\n<\/tr>\n<tr>\n<td>S \/ N Oran\u0131<\/td>\n<td>50dB&rsquo;dan fazla<\/td>\n<\/tr>\n<tr>\n<td><strong>Lens<\/strong><\/td>\n<td colspan=\"1\">&nbsp;<\/td>\n<\/tr>\n<tr>\n<td>Odak Uzakl\u0131\u011f\u0131<\/td>\n<td colspan=\"1\">4.3-129mm, 30X optik<\/td>\n<\/tr>\n<tr>\n<td>Diyafram Menzili<\/td>\n<td>F1.6-F5<\/td>\n<\/tr>\n<tr>\n<td>G&ouml;r&uuml;\u015f A&ccedil;\u0131s\u0131<\/td>\n<td>54.1-3.2 derece (Geni\u015f Tele)<\/td>\n<\/tr>\n<tr>\n<td>Min.&nbsp;&Ccedil;al\u0131\u015fma Mesafesi<\/td>\n<td colspan=\"1\">100mm-1000mm (Geni\u015f&nbsp;Tele)<\/td>\n<\/tr>\n<tr>\n<td><strong>Kontrol<\/strong><\/td>\n<td colspan=\"1\">&nbsp;<\/td>\n<\/tr>\n<tr>\n<td>Odak Modu<\/td>\n<td colspan=\"1\">Otomatik \/&nbsp;Manuel<\/td>\n<\/tr>\n<tr>\n<td>Gain<\/td>\n<td colspan=\"1\">Otomatik \/&nbsp;Manuel<\/td>\n<\/tr>\n<tr>\n<td>Beyaz Dengesi<\/td>\n<td colspan=\"1\">Otomatik beyaz dengesi 1 \/ otomatik beyaz dengesi 2 \/ Manuel \/ otomatik<\/td>\n<\/tr>\n<tr>\n<td>Parazit Azaltma<\/td>\n<td colspan=\"1\">2D\/3D<\/td>\n<\/tr>\n<tr>\n<td>&Ouml;zel Alan Maskelemesi<\/td>\n<td colspan=\"1\">24 alana kadar<\/td>\n<\/tr>\n<tr>\n<td>Video<\/td>\n<td>2D \/ 3D DNR, mirror, parlakl\u0131k, Kontrast, Netlik ayarl\u0131<\/td>\n<\/tr>\n<tr>\n<td>Dijital Zoom<\/td>\n<td colspan=\"1\">&nbsp;X16<\/td>\n<\/tr>\n<tr>\n<td><strong>Genel<\/strong><\/td>\n<td colspan=\"1\">&nbsp;<\/td>\n<\/tr>\n<tr>\n<td>Kablo<\/td>\n<td>entegre kablo<\/td>\n<\/tr>\n<tr>\n<td>Boyutlar<\/td>\n<td>530*280*396mm<\/td>\n<\/tr>\n<tr>\n<td>Net A\u011f\u0131rl\u0131k<\/td>\n<td>27kg<\/td>\n<\/tr>\n<tr>\n<td>Mounted&nbsp;<\/td>\n<td>duvar, direk<\/td>\n<\/tr>\n<tr>\n<td>Duvar Deste\u011fi<\/td>\n<td>ZAZ610B<\/td>\n<\/tr>\n<\/tbody>\n<\/table>\n<p>&nbsp;<\/p>\n<p><img loading=\"lazy\" alt=\"\" height=\"189\" sizes=\"(max-width: 500px) 100vw, 500px\" src=\"https:\/\/www.okisan.com\/wp-content\/uploads\/2017\/10\/4-500x189.png\" srcset=\"https:\/\/www.okisan.com\/wp-content\/uploads\/2017\/10\/4-120x45.png 120w, https:\/\/www.okisan.com\/wp-content\/uploads\/2017\/10\/4-150x57.png 150w, https:\/\/www.okisan.com\/wp-content\/uploads\/2017\/10\/4-200x76.png 200w, https:\/\/www.okisan.com\/wp-content\/uploads\/2017\/10\/4-300x113.png 300w, https:\/\/www.okisan.com\/wp-content\/uploads\/2017\/10\/4-400x151.png 400w, https:\/\/www.okisan.com\/wp-content\/uploads\/2017\/10\/4-500x189.png 500w, https:\/\/www.okisan.com\/wp-content\/uploads\/2017\/10\/4.png 537w\" width=\"500\" \/><\/p>\n","protected":false},"excerpt":{"rendered":"<p>2 MP Full HD Ex-Proof Lazer PTZ Dome IP Kamera&nbsp;&nbsp;&nbsp;&nbsp; &nbsp;&nbsp;&nbsp;&nbsp;&nbsp;&nbsp;&nbsp;&nbsp;&nbsp;&nbsp;&nbsp;&nbsp;&nbsp;&nbsp;&nbsp;&nbsp;&nbsp;&nbsp;&nbsp;&nbsp;&nbsp;&nbsp;&nbsp;&nbsp;&nbsp;&nbsp;&nbsp;&nbsp;&nbsp;&nbsp;&nbsp; Paslanmaz &Ccedil;elik IP67 Exd II CT6 &amp; DIP A20 \/ TA \/ T6 &Ccedil;ift Patlamaya Dayan\u0131kl\u0131l\u0131k S\u0131n\u0131f\u0131, 30x Optik Zoom, Lazer G.Mesafesi: 500m 360&deg; Yatay D&ouml;n&uuml;\u015f, -90~+90&deg; Dikey D&ouml;n&uuml;\u015f, 80&nbsp;Preset OSD, Voltaj Korumas\u0131 Y\u0131ld\u0131r\u0131m Korumas\u0131 AC24V, -20&deg;C~+60&deg;C, 35kg, Montaj: Duvar, Silecek 128Gb Micro SD [&#8230;]\n","protected":false},"featured_media":913,"comment_status":"closed","ping_status":"closed","template":"","meta":[],"_links":{"self":[{"href":"https:\/\/nilbilisim.com.tr\/magaza\/wp-json\/wp\/v2\/product\/912"}],"collection":[{"href":"https:\/\/nilbilisim.com.tr\/magaza\/wp-json\/wp\/v2\/product"}],"about":[{"href":"https:\/\/nilbilisim.com.tr\/magaza\/wp-json\/wp\/v2\/types\/product"}],"replies":[{"embeddable":true,"href":"https:\/\/nilbilisim.com.tr\/magaza\/wp-json\/wp\/v2\/comments?post=912"}],"wp:featuredmedia":[{"embeddable":true,"href":"https:\/\/nilbilisim.com.tr\/magaza\/wp-json\/wp\/v2\/media\/913"}],"wp:attachment":[{"href":"https:\/\/nilbilisim.com.tr\/magaza\/wp-json\/wp\/v2\/media?parent=912"}],"curies":[{"name":"wp","href":"https:\/\/api.w.org\/{rel}","templated":true}]}}