{"id":926,"date":"2021-01-19T07:27:55","date_gmt":"2021-01-19T07:27:55","guid":{"rendered":"https:\/\/nilbilisim.com.tr\/magaza\/urun\/dahua-hac-hdbw2120r-vf-13mp-waterproof-hdcvi-kamera\/"},"modified":"2024-07-01T01:43:23","modified_gmt":"2024-06-30T22:43:23","slug":"dahua-hac-hdbw2120r-vf-13mp-waterproof-hdcvi-kamera","status":"publish","type":"product","link":"https:\/\/nilbilisim.com.tr\/magaza\/urun\/dahua-hac-hdbw2120r-vf-13mp-waterproof-hdcvi-kamera\/","title":{"rendered":"Dahua HAC-HDBW2120R-VF 1.3MP Waterproof HDCVI Kamera"},"content":{"rendered":"<ul>\n<li>1\/3&Prime; 1.3 Megapiksel CMOS<\/li>\n<li>25\/30\/50\/60fps@720P<\/li>\n<li>Yu\u0308ksek H\u0131z&nbsp;Uzun Mesafe Real-Time \u0130letim<\/li>\n<li>HD ve SD de\u011fi\u015ftirilebilir<\/li>\n<li>OSD Menu\u0308, Koaksiyel Kablo &Uuml;zerinden Kontrol<\/li>\n<li>DWDR Gece\/Gu\u0308ndu\u0308z (ICR), AWB, AGC, BLC, 3DNR<\/li>\n<li>2.7~12 mm vari-focal lens<\/li>\n<li>IR LED G.Mesafesi: 30m, Ak\u0131ll\u0131 IR<\/li>\n<li>IP67, IK10, DC12V<\/li>\n<\/ul>\n<table border=\"1\" cellpadding=\"5\" cellspacing=\"1\">\n<tbody>\n<tr>\n<td><strong>Model<\/strong><\/td>\n<td colspan=\"1\"><strong>Dahua HAC-HDBW2120R-VF Teknik &Ouml;zellikleri<\/strong><\/td>\n<\/tr>\n<tr>\n<td><strong>Kamera<\/strong><\/td>\n<td colspan=\"1\">&nbsp;<\/td>\n<\/tr>\n<tr>\n<td>G&ouml;r&uuml;nt&uuml; Sens&ouml;r&uuml;<\/td>\n<td colspan=\"1\">1\/3&rdquo; 1.3Megapixel CMOS<\/td>\n<\/tr>\n<tr>\n<td>Efektif Piksel<\/td>\n<td colspan=\"1\">1305(H)&times;977(V)<\/td>\n<\/tr>\n<tr>\n<td>Elektronik Shutter H\u0131z\u0131<\/td>\n<td colspan=\"1\">1\/3s~1\/100,000s<\/td>\n<\/tr>\n<tr>\n<td>Video Frame Oran\u0131<\/td>\n<td colspan=\"1\">25\/50fps@720P<\/td>\n<\/tr>\n<tr>\n<td>Senkronizasyon<\/td>\n<td colspan=\"1\">Dahili<\/td>\n<\/tr>\n<tr>\n<td>Min. Ayd\u0131nlatma<\/td>\n<td colspan=\"1\">0.01Lux\/F1.4, 0Lux (IR)<\/td>\n<\/tr>\n<tr>\n<td>Video &Ccedil;\u0131k\u0131\u015f\u0131<\/td>\n<td colspan=\"1\">1 kanall\u0131 BNC HDCVI y&uuml;ksek &ccedil;&ouml;z&uuml;n&uuml;rl&uuml;kl&uuml; video &ccedil;\u0131k\u0131\u015f\u0131 \/ CVBS standart &ccedil;&ouml;z&uuml;n&uuml;rl&uuml;kl&uuml; video &ccedil;\u0131k\u0131\u015f (Se&ccedil;ilebilir)<\/td>\n<\/tr>\n<tr>\n<td><strong>Kamera &Ouml;zellikleri<\/strong><\/td>\n<td colspan=\"1\">&nbsp;<\/td>\n<\/tr>\n<tr>\n<td>Maks. G&ouml;r&uuml;\u015f Mesafesi<\/td>\n<td colspan=\"1\">30M, Ak\u0131ll\u0131 IR<\/td>\n<\/tr>\n<tr>\n<td>Gece\/G&uuml;nd&uuml;z<\/td>\n<td colspan=\"1\">Otomatik (ICR) \/ Renkli \/ S\/B<\/td>\n<\/tr>\n<tr>\n<td>Parazit Azaltma<\/td>\n<td colspan=\"1\">2D\/3D<\/td>\n<\/tr>\n<tr>\n<td>OSD Men&uuml;<\/td>\n<td colspan=\"1\">Mevcut<\/td>\n<\/tr>\n<tr>\n<td><strong>Lens<\/strong><\/td>\n<td colspan=\"1\">&nbsp;<\/td>\n<\/tr>\n<tr>\n<td>Odak Uzakl\u0131\u011f\u0131<\/td>\n<td colspan=\"1\">2.7~12mm<\/td>\n<\/tr>\n<tr>\n<td>G&ouml;r&uuml;\u015f A&ccedil;\u0131s\u0131<\/td>\n<td colspan=\"1\">H: 87.6&ordm;~27.9&ordm;<\/td>\n<\/tr>\n<tr>\n<td>Lens Tipi<\/td>\n<td colspan=\"1\">Manuel \/ Sabit Iris<\/td>\n<\/tr>\n<tr>\n<td>Montaj Tipi<\/td>\n<td colspan=\"1\">&Phi;14<\/td>\n<\/tr>\n<tr>\n<td><strong>Genel<\/strong><\/td>\n<td colspan=\"1\">&nbsp;<\/td>\n<\/tr>\n<tr>\n<td>G&uuml;&ccedil;<\/td>\n<td colspan=\"1\">DC12V&plusmn;%20<\/td>\n<\/tr>\n<tr>\n<td>G&uuml;&ccedil; T&uuml;ketimi<\/td>\n<td colspan=\"1\">Maks. 5.8W<\/td>\n<\/tr>\n<tr>\n<td>&Ccedil;al\u0131\u015fma Ko\u015fullar\u0131<\/td>\n<td colspan=\"1\">-30&deg; C~ +60&deg;C, &lt;95%RH<\/td>\n<\/tr>\n<tr>\n<td>\u0130letim Mesafesi<\/td>\n<td colspan=\"1\">75-3 Coaxial Kablo &uuml;zerinden 800m&rsquo;den fazla<\/td>\n<\/tr>\n<tr>\n<td>Koruma Sertifikas\u0131<\/td>\n<td colspan=\"1\">IP67<\/td>\n<\/tr>\n<tr>\n<td>Dayan\u0131kl\u0131l\u0131k Sertifikas\u0131<\/td>\n<td colspan=\"1\">IK10<\/td>\n<\/tr>\n<tr>\n<td>Boyutlar<\/td>\n<td colspan=\"1\">&Phi;122mm&times;89mm<\/td>\n<\/tr>\n<tr>\n<td>A\u011f\u0131rl\u0131k<\/td>\n<td colspan=\"1\">0.45kg<\/td>\n<\/tr>\n<tr>\n<td>Malzeme<\/td>\n<td colspan=\"1\">Metal<\/td>\n<\/tr>\n<\/tbody>\n<\/table>\n","protected":false},"excerpt":{"rendered":"<p>1\/3&Prime; 1.3 Megapiksel CMOS 25\/30\/50\/60fps@720P Yu\u0308ksek H\u0131z&nbsp;Uzun Mesafe Real-Time \u0130letim HD ve SD de\u011fi\u015ftirilebilir OSD Menu\u0308, Koaksiyel Kablo &Uuml;zerinden Kontrol DWDR Gece\/Gu\u0308ndu\u0308z (ICR), AWB, AGC, BLC, 3DNR 2.7~12 mm vari-focal lens IR LED G.Mesafesi: 30m, Ak\u0131ll\u0131 IR IP67, IK10, DC12V Model Dahua HAC-HDBW2120R-VF Teknik &Ouml;zellikleri Kamera &nbsp; G&ouml;r&uuml;nt&uuml; Sens&ouml;r&uuml; 1\/3&rdquo; 1.3Megapixel CMOS Efektif Piksel 1305(H)&times;977(V) [&#8230;]\n","protected":false},"featured_media":927,"comment_status":"closed","ping_status":"closed","template":"","meta":[],"_links":{"self":[{"href":"https:\/\/nilbilisim.com.tr\/magaza\/wp-json\/wp\/v2\/product\/926"}],"collection":[{"href":"https:\/\/nilbilisim.com.tr\/magaza\/wp-json\/wp\/v2\/product"}],"about":[{"href":"https:\/\/nilbilisim.com.tr\/magaza\/wp-json\/wp\/v2\/types\/product"}],"replies":[{"embeddable":true,"href":"https:\/\/nilbilisim.com.tr\/magaza\/wp-json\/wp\/v2\/comments?post=926"}],"wp:featuredmedia":[{"embeddable":true,"href":"https:\/\/nilbilisim.com.tr\/magaza\/wp-json\/wp\/v2\/media\/927"}],"wp:attachment":[{"href":"https:\/\/nilbilisim.com.tr\/magaza\/wp-json\/wp\/v2\/media?parent=926"}],"curies":[{"name":"wp","href":"https:\/\/api.w.org\/{rel}","templated":true}]}}