{"id":972,"date":"2021-01-19T07:31:46","date_gmt":"2021-01-19T07:31:46","guid":{"rendered":"https:\/\/nilbilisim.com.tr\/magaza\/urun\/dahua-ipc-hf8331ep-3mp-wdr-ultra-smart-network-kamera\/"},"modified":"2024-07-01T01:43:16","modified_gmt":"2024-06-30T22:43:16","slug":"dahua-ipc-hf8331ep-3mp-wdr-ultra-smart-network-kamera","status":"publish","type":"product","link":"https:\/\/nilbilisim.com.tr\/magaza\/urun\/dahua-ipc-hf8331ep-3mp-wdr-ultra-smart-network-kamera\/","title":{"rendered":"Dahua IPC-HF8331EP 3MP WDR Ultra-Smart Network Kamera"},"content":{"rendered":"<ul>\n<li>1\/2.8&rdquo; 3 Megapiksel progressif scan CMOS<\/li>\n<li>H.265\/H.264\/MJPEG &ccedil;ift codec deste\u011fi<\/li>\n<li>Ak\u0131ll\u0131 3 l&uuml; yay\u0131n deste\u011fi<\/li>\n<li>Maks 25\/30fps@3MP(2048&times;1536)<\/li>\n<li>140dB&rsquo;e kadar Ultra WDR<\/li>\n<li>Ultra 3D DNR<\/li>\n<li>Ultra Defog, ROI, EIS<\/li>\n<li>Ak\u0131ll\u0131 Fonksiyon<\/li>\n<li>ABF<\/li>\n<li>Bulit-in Mic<\/li>\n<\/ul>\n<table border=\"1\" cellpadding=\"5\" cellspacing=\"1\">\n<tbody>\n<tr>\n<td><strong>Kamera<\/strong><\/td>\n<td colspan=\"1\">&nbsp;<\/td>\n<\/tr>\n<tr>\n<td>G&ouml;r&uuml;nt&uuml; Sens&ouml;r&uuml;<\/td>\n<td colspan=\"1\">1\/2.8&rdquo; 3Megapiksel CMOS<\/td>\n<\/tr>\n<tr>\n<td>Efektif Piksel<\/td>\n<td colspan=\"1\">2048(H)x1536(V)<\/td>\n<\/tr>\n<tr>\n<td>Tarama Sistemi<\/td>\n<td colspan=\"1\">Progresif<\/td>\n<\/tr>\n<tr>\n<td>Elektronik Shutter H\u0131z\u0131<\/td>\n<td colspan=\"1\">Otomatik \/ Manuel, 1\/3(4) ~ 1\/10000s<\/td>\n<\/tr>\n<tr>\n<td>Min. Ayd\u0131nlatma<\/td>\n<td colspan=\"1\">0. 005Lux\/F1.2(Renkli), 0.0005Lux\/F1.2(IR A&ccedil;\u0131k)<\/td>\n<\/tr>\n<tr>\n<td>S\/N Oran\u0131<\/td>\n<td colspan=\"1\">50 dB den &ccedil;ok<\/td>\n<\/tr>\n<tr>\n<td>Video &Ccedil;\u0131k\u0131\u015f\u0131<\/td>\n<td colspan=\"1\">1 kanal BNC\uff081.0Vp-p,75&Omega;\uff09<\/td>\n<\/tr>\n<tr>\n<td><strong>Kamera &Ouml;zellikleri<\/strong><\/td>\n<td colspan=\"1\">&nbsp;<\/td>\n<\/tr>\n<tr>\n<td>Maks. G&ouml;r&uuml;\u015f Mesafesi<\/td>\n<td colspan=\"1\">&ndash;<\/td>\n<\/tr>\n<tr>\n<td>Gece\/G&uuml;nd&uuml;z<\/td>\n<td colspan=\"1\">Otomatik (ICR) \/ Renkli \/ S\/B<\/td>\n<\/tr>\n<tr>\n<td>Arka I\u015f\u0131k Tanzimi<\/td>\n<td colspan=\"1\">BLC \/ HLC \/ WDR(140dB)<\/td>\n<\/tr>\n<tr>\n<td>Beyaz Dengesi<\/td>\n<td colspan=\"1\">Otomatik\/Manuel<\/td>\n<\/tr>\n<tr>\n<td>Kazan&ccedil; Kontrol&uuml;<\/td>\n<td colspan=\"1\">Otomatik\/Manuel<\/td>\n<\/tr>\n<tr>\n<td>Parazit Azaltma<\/td>\n<td colspan=\"1\">3D<\/td>\n<\/tr>\n<tr>\n<td>&Ouml;zel Alan Maskeleme<\/td>\n<td colspan=\"1\">4 Alana Kadar<\/td>\n<\/tr>\n<tr>\n<td>EIS<\/td>\n<td colspan=\"1\">Mevcut<\/td>\n<\/tr>\n<tr>\n<td>Ultra Defog (Anti Sis)<\/td>\n<td colspan=\"1\">Mevcut<\/td>\n<\/tr>\n<tr>\n<td>Ak\u0131ll\u0131 Focus<\/td>\n<td colspan=\"1\">ABF<\/td>\n<\/tr>\n<tr>\n<td><strong>Lens<\/strong><\/td>\n<td colspan=\"1\">&nbsp;<\/td>\n<\/tr>\n<tr>\n<td>Montaj Tipi<\/td>\n<td colspan=\"1\">C\/CS<\/td>\n<\/tr>\n<tr>\n<td><strong>Video<\/strong><\/td>\n<td colspan=\"1\">&nbsp;<\/td>\n<\/tr>\n<tr>\n<td>S\u0131k\u0131\u015ft\u0131rma Format\u0131<\/td>\n<td colspan=\"1\">H.265 \/ H.264 \/ MJPEG<\/td>\n<\/tr>\n<tr>\n<td>&Ccedil;&ouml;z&uuml;n&uuml;rl&uuml;k<\/td>\n<td colspan=\"1\">3M(2048&times;1536)\/1080P(1920&times;1080)\/720P(1280&times;720)\/D1(704&times;576)\/CIF(352&times;288)<\/td>\n<\/tr>\n<tr>\n<td rowspan=\"3\">Frame Oran\u0131<\/td>\n<td colspan=\"1\">Ana Ak\u0131\u015f :&nbsp;3M\/1080P\/720P(1~25\/30fps)<\/td>\n<\/tr>\n<tr>\n<td colspan=\"1\">Alt Ak\u0131\u015f 1 :&nbsp;D1\/CIF(1 ~ 25\/30fps)<\/td>\n<\/tr>\n<tr>\n<td colspan=\"1\">Alt Ak\u0131\u015f 2 :&nbsp;1080P\/720P\/D1(1 ~ 25\/30fps)<\/td>\n<\/tr>\n<tr>\n<td>Bit Oran\u0131<\/td>\n<td colspan=\"1\">H.264: 40K ~ 10Mbps<\/td>\n<\/tr>\n<tr>\n<td>ROI<\/td>\n<td colspan=\"1\">4 Alana Kadar<\/td>\n<\/tr>\n<tr>\n<td><strong>Ses<\/strong><\/td>\n<td colspan=\"1\">&nbsp;<\/td>\n<\/tr>\n<tr>\n<td>S\u0131k\u0131\u015ft\u0131rma<\/td>\n<td colspan=\"1\">G.711a\/ G.711u<\/td>\n<\/tr>\n<tr>\n<td>Aray&uuml;z&uuml;<\/td>\n<td colspan=\"1\">1\/1 kanal Giri\u015f\/&Ccedil;\u0131k\u0131\u015f (Dahili Mikrofon)<\/td>\n<\/tr>\n<tr>\n<td><strong>Ak\u0131ll\u0131 Fonksiyonlar<\/strong><\/td>\n<td colspan=\"1\">&nbsp;<\/td>\n<\/tr>\n<tr>\n<td>Ak\u0131ll\u0131 Alg\u0131lama<\/td>\n<td colspan=\"1\">Tripwire, \u0130hlal,Sahne de\u011fi\u015fikli\u011fi,Y&uuml;z Alg\u0131lama,Ses Alg\u0131lama,&nbsp;Terk \/ Eksik<\/td>\n<\/tr>\n<tr>\n<td>Ak\u0131ll\u0131 Fonksiyon<\/td>\n<td>\u0130nsan Sayma,S\u0131cakl\u0131k haritas\u0131<\/td>\n<\/tr>\n<tr>\n<td><strong>Network<\/strong><\/td>\n<td colspan=\"1\">&nbsp;<\/td>\n<\/tr>\n<tr>\n<td>Ethernet<\/td>\n<td colspan=\"1\">RJ-45 (10\/100Base-T)<\/td>\n<\/tr>\n<tr>\n<td>Wi-Fi<\/td>\n<td colspan=\"1\">&ndash;<\/td>\n<\/tr>\n<tr>\n<td>Protokoller<\/td>\n<td colspan=\"1\">IPv4\/IPv6, HTTP, HTTPS, SSL, TCP\/IP, UDP, UPnP, ICMP, IGMP, SNMP, RTSP, RTP,SMTP, NTP, DHCP, DNS, PPPOE, DDNS, FTP, IP Filter, QoS, Bonjour<\/td>\n<\/tr>\n<tr>\n<td>ONVIF<\/td>\n<td colspan=\"1\">ONVIF,PSIA,CGI<\/td>\n<\/tr>\n<tr>\n<td>Maks. Kullan\u0131c\u0131 Giri\u015fi<\/td>\n<td colspan=\"1\">20 kullan\u0131c\u0131<\/td>\n<\/tr>\n<tr>\n<td>Ak\u0131ll\u0131 Telefon Deste\u011fi<\/td>\n<td colspan=\"1\">iPhone, iPad, Android, Windows Phone<\/td>\n<\/tr>\n<tr>\n<td><strong>Aray&uuml;z<\/strong><\/td>\n<td colspan=\"1\">&nbsp;<\/td>\n<\/tr>\n<tr>\n<td>Bellek Yuvas\u0131<\/td>\n<td colspan=\"1\">Micro SD Maks 128GB<\/td>\n<\/tr>\n<tr>\n<td>RS485<\/td>\n<td colspan=\"1\">&ndash;<\/td>\n<\/tr>\n<tr>\n<td>Alarm<\/td>\n<td colspan=\"1\">2\/1 Kanal Giri\u015f\/&Ccedil;\u0131k\u0131\u015f<\/td>\n<\/tr>\n<tr>\n<td>PIR Sens&ouml;r Mesafesi<\/td>\n<td colspan=\"1\">&ndash;<\/td>\n<\/tr>\n<tr>\n<td><strong>Genel<\/strong><\/td>\n<td colspan=\"1\">&nbsp;<\/td>\n<\/tr>\n<tr>\n<td>G&uuml;&ccedil;<\/td>\n<td colspan=\"1\">DC12V\/AC24V, PoE (802.3af)<\/td>\n<\/tr>\n<tr>\n<td>G&uuml;&ccedil; T&uuml;ketimi<\/td>\n<td colspan=\"1\">Maks 10W(ICR ve ABF a&ccedil;\u0131k, Motorize Lens)<\/td>\n<\/tr>\n<tr>\n<td>&Ccedil;al\u0131\u015fma Ortam\u0131<\/td>\n<td colspan=\"1\">-30&deg; C~ +60&deg;C, &lt;95%RH<\/td>\n<\/tr>\n<tr>\n<td>Darbeye Dayan\u0131kl\u0131l\u0131k<\/td>\n<td colspan=\"1\">&ndash;<\/td>\n<\/tr>\n<tr>\n<td>Boyutlar<\/td>\n<td colspan=\"1\">71.4mm&times;65.5mm&times;135.4mm<\/td>\n<\/tr>\n<tr>\n<td>A\u011f\u0131rl\u0131k<\/td>\n<td colspan=\"1\">0.58kg<\/td>\n<\/tr>\n<\/tbody>\n<\/table>\n","protected":false},"excerpt":{"rendered":"<p>1\/2.8&rdquo; 3 Megapiksel progressif scan CMOS H.265\/H.264\/MJPEG &ccedil;ift codec deste\u011fi Ak\u0131ll\u0131 3 l&uuml; yay\u0131n deste\u011fi Maks 25\/30fps@3MP(2048&times;1536) 140dB&rsquo;e kadar Ultra WDR Ultra 3D DNR Ultra Defog, ROI, EIS Ak\u0131ll\u0131 Fonksiyon ABF Bulit-in Mic Kamera &nbsp; G&ouml;r&uuml;nt&uuml; Sens&ouml;r&uuml; 1\/2.8&rdquo; 3Megapiksel CMOS Efektif Piksel 2048(H)x1536(V) Tarama Sistemi Progresif Elektronik Shutter H\u0131z\u0131 Otomatik \/ Manuel, 1\/3(4) ~ 1\/10000s [&#8230;]\n","protected":false},"featured_media":973,"comment_status":"closed","ping_status":"closed","template":"","meta":[],"_links":{"self":[{"href":"https:\/\/nilbilisim.com.tr\/magaza\/wp-json\/wp\/v2\/product\/972"}],"collection":[{"href":"https:\/\/nilbilisim.com.tr\/magaza\/wp-json\/wp\/v2\/product"}],"about":[{"href":"https:\/\/nilbilisim.com.tr\/magaza\/wp-json\/wp\/v2\/types\/product"}],"replies":[{"embeddable":true,"href":"https:\/\/nilbilisim.com.tr\/magaza\/wp-json\/wp\/v2\/comments?post=972"}],"wp:featuredmedia":[{"embeddable":true,"href":"https:\/\/nilbilisim.com.tr\/magaza\/wp-json\/wp\/v2\/media\/973"}],"wp:attachment":[{"href":"https:\/\/nilbilisim.com.tr\/magaza\/wp-json\/wp\/v2\/media?parent=972"}],"curies":[{"name":"wp","href":"https:\/\/api.w.org\/{rel}","templated":true}]}}