{"id":976,"date":"2021-01-19T07:31:53","date_gmt":"2021-01-19T07:31:53","guid":{"rendered":"https:\/\/nilbilisim.com.tr\/magaza\/urun\/dahua-ipc-hfw1431sp-0360b-4mp-wdr-ir-mini-bullet-kamera\/"},"modified":"2024-07-01T01:43:15","modified_gmt":"2024-06-30T22:43:15","slug":"dahua-ipc-hfw1431sp-0360b-4mp-wdr-ir-mini-bullet-kamera","status":"publish","type":"product","link":"https:\/\/nilbilisim.com.tr\/magaza\/urun\/dahua-ipc-hfw1431sp-0360b-4mp-wdr-ir-mini-bullet-kamera\/","title":{"rendered":"Dahua IPC-HFW1431SP-0360B 4MP WDR IR Mini-Bullet Kamera"},"content":{"rendered":"<ul>\n<li>1\/3 &rdquo;4 Megapiksel progresif CMOS<\/li>\n<li>H.265 ve H.264 &ccedil;ift ak\u0131\u015fl\u0131 kodlama<\/li>\n<li>20fps @ 4M (2688 &times; 1520) ve 25 \/ 30fps @ 3M (2304 &times; 1296)<\/li>\n<li>WDR (120dB), G&uuml;nd&uuml;z \/ Gece (ICR ), 3DNR, AWB, AGC, BLC<\/li>\n<li>&Ccedil;oklu network izleme: Web g&ouml;r&uuml;nt&uuml;leyici, CMS (DSS \/ PSS) ve DMSS<\/li>\n<li>3,6 mm sabit lens (2,8 opsiyonel)<\/li>\n<li>Maksimum IR LED&rsquo;leri Uzunluk 30m<\/li>\n<li>IP67, PoE<\/li>\n<\/ul>\n<table border=\"1\" cellpadding=\"5\" cellspacing=\"1\" id=\"table001\">\n<tbody>\n<tr>\n<td colspan=\"2\"><strong>Dahua IPC-HFW1431SP-0360B Teknik &Ouml;zellikleri<\/strong><\/td>\n<\/tr>\n<tr>\n<td colspan=\"2\"><strong>Kamera<\/strong><\/td>\n<\/tr>\n<tr>\n<td>G&ouml;r&uuml;nt&uuml; Sens&ouml;r&uuml;<\/td>\n<td>1\/3 &rdquo;4 Megapiksel progresif CMOS<\/td>\n<\/tr>\n<tr>\n<td>Efekif Piksel<\/td>\n<td>2688 (H), x1520 (V)<\/td>\n<\/tr>\n<tr>\n<td>RAM \/ ROM<\/td>\n<td>512\/32 MB<\/td>\n<\/tr>\n<tr>\n<td>Tarama Sistemi<\/td>\n<td>Progresif<\/td>\n<\/tr>\n<tr>\n<td>Elektronik Shutter H\u0131z\u0131<\/td>\n<td>Otomatik \/ Manuel, 1\/3 ~ 1 \/ 100000s<\/td>\n<\/tr>\n<tr>\n<td>Minimum Ayd\u0131nlatma<\/td>\n<td>0.08Lux \/ F2.0 (Renkli, 1 \/ 3s, 30IRE)<\/p>\n<p>&nbsp;<\/p>\n<p>0.3Lux \/ F2.0 (Renkli, 1 \/ 30s, 30IRE)<\/p>\n<p>0Lux \/ F2.0 (IR)<\/p>\n<\/td>\n<\/tr>\n<tr>\n<td>S \/ N Oran\u0131<\/td>\n<td>50dB&rsquo;den fazla<\/td>\n<\/tr>\n<tr>\n<td>IR Mesafesi<\/td>\n<td>30m&rsquo;ye kadar mesafe (98ft)<\/td>\n<\/tr>\n<tr>\n<td>IR A&ccedil;\u0131k \/ Kapal\u0131 Kontrol<\/td>\n<td>Otomatik \/ Manuel<\/td>\n<\/tr>\n<tr>\n<td>IR LED<\/td>\n<td>18<\/td>\n<\/tr>\n<tr>\n<td colspan=\"2\"><strong>Lens<\/strong><\/td>\n<\/tr>\n<tr>\n<td>Lens Tipi<\/td>\n<td>Sabit<\/td>\n<\/tr>\n<tr>\n<td>Montaj Tipi<\/td>\n<td>Board-in<\/td>\n<\/tr>\n<tr>\n<td>Odak Uzakl\u0131\u011f\u0131<\/td>\n<td>3.6mm (2.8mm opsiyonel)<\/td>\n<\/tr>\n<tr>\n<td>Maks. A&ccedil;\u0131kl\u0131k<\/td>\n<td>F2.0 \/ F2.0<\/td>\n<\/tr>\n<tr>\n<td>G&ouml;r&uuml;\u015f A&ccedil;\u0131s\u0131<\/td>\n<td>H: 104 &deg; \/ 87 &deg;, V: 57 &deg; \/ 48 &deg;<\/td>\n<\/tr>\n<tr>\n<td>Netlik Ayar\u0131<\/td>\n<td>Sabit<\/td>\n<\/tr>\n<tr>\n<td>Odak Mesafesini Kapatma<\/td>\n<td>&ndash;<\/td>\n<\/tr>\n<tr>\n<td><strong>PTZ<\/strong><\/td>\n<td>&nbsp;<\/td>\n<\/tr>\n<tr>\n<td>Pan\/Tilt Aral\u0131\u011f\u0131<\/td>\n<td>Pan:0&deg; ~360&deg; ;Tilt:0&deg; ~90&deg; ;D&ouml;nd&uuml;rme:0&deg; ~360&deg;<\/td>\n<\/tr>\n<tr>\n<td><strong>Ak\u0131ll\u0131 Fonksiyonlar<\/strong><\/td>\n<td>&nbsp;<\/td>\n<\/tr>\n<tr>\n<td>Etkinlik Tetikleyici<\/td>\n<td>Hareket alg\u0131lama, Video kurcalama, Sahne de\u011fi\u015ftirme, A\u011f ba\u011flant\u0131s\u0131n\u0131n kesilmesi, IP adresi &ccedil;ak\u0131\u015fmas\u0131, Yasa d\u0131\u015f\u0131 eri\u015fim, Depolama anormalli\u011fi<\/td>\n<\/tr>\n<tr>\n<td>IVS<\/td>\n<td>Tripwire, \u0130zinsiz Giri\u015f<\/td>\n<\/tr>\n<tr>\n<td colspan=\"2\"><strong>Video<\/strong><\/td>\n<\/tr>\n<tr>\n<td>S\u0131k\u0131\u015ft\u0131rma<\/td>\n<td>H.265 \/ H.264H \/ MJPEG (Alt Ak\u0131\u015f)<\/td>\n<\/tr>\n<tr>\n<td>Ak\u0131ll\u0131 Codec<\/td>\n<td>H.265 + \/ H.264 +<\/td>\n<\/tr>\n<tr>\n<td>G&ouml;r&uuml;nt&uuml; Ak\u0131\u015f Kapasitesi<\/td>\n<td>2&rsquo;li ak\u0131\u015f<\/td>\n<\/tr>\n<tr>\n<td>&Ccedil;&ouml;z&uuml;n&uuml;rl&uuml;k<\/td>\n<td>4M (2688&times;1520) \/ 3M &uuml;zere (2304 x 1296) \/ 1080P (1920 x 1080) \/ 720P (1280 x 720) \/ VGA (640 x 480) \/ D1 (704 x 576\/704 x 480) \/ (352 x 288 CIF \/ &times; 240 352)<\/td>\n<\/tr>\n<tr>\n<td>Frame Oran\u0131<\/td>\n<td>Ana Ak\u0131\u015f: 4M (1 ~ 20fps) \/ 3M (1 ~ 25 \/ 30fps)<\/p>\n<p>&nbsp;<\/p>\n<p>Alt Ak\u0131\u015f: D1 (1 ~ 25 \/ 30fps)<\/p>\n<\/td>\n<\/tr>\n<tr>\n<td>Bit H\u0131z\u0131 Kontrol&uuml;<\/td>\n<td>CBR \/ VBR<\/td>\n<\/tr>\n<tr>\n<td>Bit H\u0131z\u0131<\/td>\n<td>H.265: 12K ~ 8448Kbps<\/p>\n<p>&nbsp;<\/p>\n<p>H.264: 32K ~ 10240Kbps<\/p>\n<\/td>\n<\/tr>\n<tr>\n<td>G&uuml;nd&uuml;z \/ Gece<\/td>\n<td>Otomatik (ICR) \/ Renkli \/ S \/ B<\/td>\n<\/tr>\n<\/tbody>\n<\/table>\n<table border=\"1\" cellpadding=\"5\" cellspacing=\"1\" id=\"table002\">\n<tbody>\n<tr>\n<td>BLC Modu<\/td>\n<td>BLC \/ HLC \/ WDR (120dB)<\/td>\n<\/tr>\n<tr>\n<td>Beyaz Dengesi<\/td>\n<td>Otomatik \/ Do\u011fal \/ Sokak Lambas\u0131 \/ A&ccedil;\u0131k \/ Manuel<\/td>\n<\/tr>\n<tr>\n<td>Kazan&ccedil; Kontrol&uuml;<\/td>\n<td>Otomatik \/ Manuel<\/td>\n<\/tr>\n<tr>\n<td>Parazit Azaltma<\/td>\n<td>3D DNR<\/td>\n<\/tr>\n<tr>\n<td>Hareket Alg\u0131lama<\/td>\n<td>Kapal\u0131 \/ A&ccedil;\u0131k (4 B&ouml;lge, Dikd&ouml;rtgen)<\/td>\n<\/tr>\n<tr>\n<td>ROI<\/td>\n<td>Kapal\u0131 \/ A&ccedil;\u0131k (4 B&ouml;lge)<\/td>\n<\/tr>\n<tr>\n<td>Elektronik G&ouml;r&uuml;nt&uuml;<\/td>\n<td>&ndash;<\/td>\n<\/tr>\n<tr>\n<td>Ak\u0131ll\u0131 IR<\/td>\n<td>Mevcut<\/td>\n<\/tr>\n<tr>\n<td>Dijital Zoom<\/td>\n<td>16x<\/td>\n<\/tr>\n<tr>\n<td>Flip<\/td>\n<td>0&deg;\/90&deg;\/180&deg;\/270&deg;<\/td>\n<\/tr>\n<tr>\n<td>Mirror<\/td>\n<td>Kapal\u0131 \/ A&ccedil;\u0131k<\/td>\n<\/tr>\n<tr>\n<td>&Ouml;zel Alan Maskelemesi<\/td>\n<td>Kapal\u0131 \/ A&ccedil;\u0131k (4 Alan, Dikd&ouml;rtgen)<\/td>\n<\/tr>\n<tr>\n<td colspan=\"2\"><strong>Ses<\/strong><\/td>\n<\/tr>\n<tr>\n<td>S\u0131k\u0131\u015ft\u0131rma<\/td>\n<td>&ndash;<\/td>\n<\/tr>\n<tr>\n<td colspan=\"2\"><strong>Network<\/strong><\/td>\n<\/tr>\n<tr>\n<td>Ethernet<\/td>\n<td>RJ-45 (10 \/ 100Base-T)<\/td>\n<\/tr>\n<tr>\n<td>Protokol<\/td>\n<td>HTTP; HTTPS, TCP; ARP, RTSP, RTP, RTCP, UDP, STMP;<\/p>\n<p>&nbsp;<\/p>\n<p>FTP; DHCP; DNS; DDNS; PPPoE; IPv4 \/ V6; QoS; UPnP;<\/p>\n<p>NTP; Bonjour; IEEE 802.1X; &Ccedil;ok Noktaya Yay\u0131n; ICMP; IGMP; TLS<\/p>\n<\/td>\n<\/tr>\n<tr>\n<td>ONVIF<\/td>\n<td>ONVIF Profili S &amp; G, API<\/td>\n<\/tr>\n<tr>\n<td>Ak\u0131\u015f Y&ouml;ntemi<\/td>\n<td>Tekli \/ &Ccedil;oklu<\/td>\n<\/tr>\n<tr>\n<td>Maks. Kullan\u0131c\u0131 Eri\u015fimi<\/td>\n<td>10 Kullan\u0131c\u0131 \/ 20 Kullan\u0131c\u0131<\/td>\n<\/tr>\n<tr>\n<td>Direkt Depolama<\/td>\n<td>NAS<br \/>\n\t\t\tAnl\u0131k kay\u0131t i&ccedil;in yerel PC<\/td>\n<\/tr>\n<tr>\n<td>Web G&ouml;r&uuml;nt&uuml;leyici<\/td>\n<td>IE, Chrome, Firefox, Safari<\/td>\n<\/tr>\n<tr>\n<td>Yaz\u0131l\u0131m Y&ouml;netimi<\/td>\n<td>Ak\u0131ll\u0131 PSS, DSS, DMSS<\/td>\n<\/tr>\n<tr>\n<td>Ak\u0131ll\u0131 Telefon<\/td>\n<td>IOS, Android<\/td>\n<\/tr>\n<tr>\n<td><strong>Sertifikalar<\/strong><\/td>\n<td>&nbsp;<\/td>\n<\/tr>\n<tr>\n<td>Sertifikalar<\/td>\n<td>CE (EN 60950:2000)<br \/>\n\t\t\tUL:UL60950-1<br \/>\n\t\t\tFCC: FCC Part 15 Subpart B<\/td>\n<\/tr>\n<tr>\n<td colspan=\"2\"><strong>Aray&uuml;z<\/strong><\/td>\n<\/tr>\n<tr>\n<td>Video Aray&uuml;z&uuml;<\/td>\n<td>&ndash;<\/td>\n<\/tr>\n<tr>\n<td>Ses Aray&uuml;z&uuml;<\/td>\n<td>&ndash;<\/td>\n<\/tr>\n<tr>\n<td>RS485<\/td>\n<td>&ndash;<\/td>\n<\/tr>\n<tr>\n<td>Alarm<\/td>\n<td>&ndash;<\/td>\n<\/tr>\n<tr>\n<td colspan=\"2\"><strong>G&uuml;&ccedil;<\/strong><\/td>\n<\/tr>\n<tr>\n<td>G&uuml;&ccedil; Kayna\u011f\u0131<\/td>\n<td>DC12V, PoE (IEEE 802.3af)<\/td>\n<\/tr>\n<tr>\n<td>G&uuml;&ccedil; T&uuml;ketimi<\/td>\n<td>&lt;5,5 W<\/td>\n<\/tr>\n<\/tbody>\n<\/table>\n<table border=\"1\" cellpadding=\"5\" cellspacing=\"1\" id=\"table003\">\n<tbody>\n<tr>\n<td colspan=\"2\"><strong>&Ccedil;evre Ko\u015fullar\u0131<\/strong><\/td>\n<\/tr>\n<tr>\n<td>&Ccedil;al\u0131\u015fma Ko\u015fullar\u0131<\/td>\n<td>-30 &deg; C ~ + 60 &deg; C (-22 &deg; F ~ + 140 &deg; F) \/ az% 95 RH<\/td>\n<\/tr>\n<tr>\n<td>Dayan\u0131kl\u0131l\u0131k Ko\u015fullar\u0131<\/td>\n<td>-30 &deg; C ~ + 60 &deg; C (-22 &deg; F ~ + 140 &deg; F) \/ az% 95 RH<\/td>\n<\/tr>\n<tr>\n<td>Koruma Sertifikas\u0131<\/td>\n<td>IP67<\/td>\n<\/tr>\n<tr>\n<td>Dayan\u0131kl\u0131l\u0131k Sertifikas\u0131<\/td>\n<td>&ndash;<\/td>\n<\/tr>\n<tr>\n<td colspan=\"2\"><strong>Kasa<\/strong><\/td>\n<\/tr>\n<tr>\n<td>Kasa<\/td>\n<td>Metal + Plastik<\/td>\n<\/tr>\n<tr>\n<td>Boyutlar<\/td>\n<td>&Phi;70mm x 164.7mm<\/td>\n<\/tr>\n<tr>\n<td>Net A\u011f\u0131rl\u0131k<\/td>\n<td>0.38Kg<\/td>\n<\/tr>\n<\/tbody>\n<\/table>\n","protected":false},"excerpt":{"rendered":"<p>1\/3 &rdquo;4 Megapiksel progresif CMOS H.265 ve H.264 &ccedil;ift ak\u0131\u015fl\u0131 kodlama 20fps @ 4M (2688 &times; 1520) ve 25 \/ 30fps @ 3M (2304 &times; 1296) WDR (120dB), G&uuml;nd&uuml;z \/ Gece (ICR ), 3DNR, AWB, AGC, BLC &Ccedil;oklu network izleme: Web g&ouml;r&uuml;nt&uuml;leyici, CMS (DSS \/ PSS) ve DMSS 3,6 mm sabit lens (2,8 opsiyonel) Maksimum [&#8230;]\n","protected":false},"featured_media":977,"comment_status":"closed","ping_status":"closed","template":"","meta":[],"_links":{"self":[{"href":"https:\/\/nilbilisim.com.tr\/magaza\/wp-json\/wp\/v2\/product\/976"}],"collection":[{"href":"https:\/\/nilbilisim.com.tr\/magaza\/wp-json\/wp\/v2\/product"}],"about":[{"href":"https:\/\/nilbilisim.com.tr\/magaza\/wp-json\/wp\/v2\/types\/product"}],"replies":[{"embeddable":true,"href":"https:\/\/nilbilisim.com.tr\/magaza\/wp-json\/wp\/v2\/comments?post=976"}],"wp:featuredmedia":[{"embeddable":true,"href":"https:\/\/nilbilisim.com.tr\/magaza\/wp-json\/wp\/v2\/media\/977"}],"wp:attachment":[{"href":"https:\/\/nilbilisim.com.tr\/magaza\/wp-json\/wp\/v2\/media?parent=976"}],"curies":[{"name":"wp","href":"https:\/\/api.w.org\/{rel}","templated":true}]}}