{"id":986,"date":"2021-01-19T07:32:26","date_gmt":"2021-01-19T07:32:26","guid":{"rendered":"https:\/\/nilbilisim.com.tr\/magaza\/urun\/dahua-ipc-hdbw2531ep-s-s2-5mp-lite-ir-sabit-dome-network-kamera\/"},"modified":"2024-07-01T01:43:14","modified_gmt":"2024-06-30T22:43:14","slug":"dahua-ipc-hdbw2531ep-s-s2-5mp-lite-ir-sabit-dome-network-kamera","status":"publish","type":"product","link":"https:\/\/nilbilisim.com.tr\/magaza\/urun\/dahua-ipc-hdbw2531ep-s-s2-5mp-lite-ir-sabit-dome-network-kamera\/","title":{"rendered":"Dahua IPC-HDBW2531EP-S-S2 5MP Lite IR sabit Dome Network Kamera"},"content":{"rendered":"<ul>\n<li>5MP, 1 \/ 2,7 &rdquo;CMOS g&ouml;r&uuml;nt&uuml; sens&ouml;r&uuml;,<\/li>\n<li>H.265 kodek,<\/li>\n<li>Dahili IR LED, maksimum IR mesafesi: 30 m<\/li>\n<li>ROI, SMART H.264 \/ H.265, esnek kodlama, &ccedil;e\u015fitli bant geni\u015fli\u011fi ve depolama ortamlar\u0131na uygulanabilir<\/li>\n<li>&Ccedil;e\u015fitli izleme sahnelerine uygulanabilen d&ouml;nd&uuml;rme modu, WDR, 3D DNR, HLC, BLC, dijital filigran ekleme<\/li>\n<li>IP67,IK10 korumas\u0131<\/li>\n<\/ul>\n<p>&nbsp;<\/p>\n","protected":false},"excerpt":{"rendered":"<p>5MP, 1 \/ 2,7 &rdquo;CMOS g&ouml;r&uuml;nt&uuml; sens&ouml;r&uuml;, H.265 kodek, Dahili IR LED, maksimum IR mesafesi: 30 m ROI, SMART H.264 \/ H.265, esnek kodlama, &ccedil;e\u015fitli bant geni\u015fli\u011fi ve depolama ortamlar\u0131na uygulanabilir &Ccedil;e\u015fitli izleme sahnelerine uygulanabilen d&ouml;nd&uuml;rme modu, WDR, 3D DNR, HLC, BLC, dijital filigran ekleme IP67,IK10 korumas\u0131 &nbsp;<\/p>\n","protected":false},"featured_media":987,"comment_status":"closed","ping_status":"closed","template":"","meta":[],"_links":{"self":[{"href":"https:\/\/nilbilisim.com.tr\/magaza\/wp-json\/wp\/v2\/product\/986"}],"collection":[{"href":"https:\/\/nilbilisim.com.tr\/magaza\/wp-json\/wp\/v2\/product"}],"about":[{"href":"https:\/\/nilbilisim.com.tr\/magaza\/wp-json\/wp\/v2\/types\/product"}],"replies":[{"embeddable":true,"href":"https:\/\/nilbilisim.com.tr\/magaza\/wp-json\/wp\/v2\/comments?post=986"}],"wp:featuredmedia":[{"embeddable":true,"href":"https:\/\/nilbilisim.com.tr\/magaza\/wp-json\/wp\/v2\/media\/987"}],"wp:attachment":[{"href":"https:\/\/nilbilisim.com.tr\/magaza\/wp-json\/wp\/v2\/media?parent=986"}],"curies":[{"name":"wp","href":"https:\/\/api.w.org\/{rel}","templated":true}]}}