{"id":996,"date":"2021-01-19T07:32:50","date_gmt":"2021-01-19T07:32:50","guid":{"rendered":"https:\/\/nilbilisim.com.tr\/magaza\/urun\/dahua-sd60430u-hni-4mp-30x-ptz-network-kamera\/"},"modified":"2024-07-01T01:43:12","modified_gmt":"2024-06-30T22:43:12","slug":"dahua-sd60430u-hni-4mp-30x-ptz-network-kamera","status":"publish","type":"product","link":"https:\/\/nilbilisim.com.tr\/magaza\/urun\/dahua-sd60430u-hni-4mp-30x-ptz-network-kamera\/","title":{"rendered":"Dahua SD60430U-HNI 4MP 30x PTZ Network Kamera"},"content":{"rendered":"<ul>\n<li>1\/3 &rdquo;4 Megapiksel CMOS<\/li>\n<li>G&uuml;&ccedil;l&uuml; 30x optik zoom<\/li>\n<li>H.265 Kodlama<\/li>\n<li>Maks.&nbsp;25 \/ 30fps @ 4M \/ 3M&nbsp;, 25\/30\/50&nbsp;\/ 60fps @ 1080P<\/li>\n<li>Otomatik \u0130zleme ve IVS<\/li>\n<li>PoE +<\/li>\n<li>IP67, IK10<\/li>\n<\/ul>\n<table border=\"1\" cellpadding=\"5\" cellspacing=\"1\" id=\"table001\">\n<tbody>\n<tr>\n<td colspan=\"3\"><strong>Dahua SD60430U-HNI Teknik &Ouml;zellikleri<\/strong><\/td>\n<\/tr>\n<tr>\n<td colspan=\"3\"><strong>Kamera<\/strong><\/td>\n<\/tr>\n<tr>\n<td colspan=\"2\">G&ouml;r&uuml;nt&uuml; Sens&ouml;r&uuml;<\/td>\n<td>1\/3 &rdquo;CMOS<\/td>\n<\/tr>\n<tr>\n<td colspan=\"2\">Etkin Piksel<\/td>\n<td>2592 (H) x 1520 (V), 4 Megapiksel<\/td>\n<\/tr>\n<tr>\n<td colspan=\"2\">RAM \/ ROM<\/td>\n<td>1024M \/ 128M<\/td>\n<\/tr>\n<tr>\n<td colspan=\"2\">Tarama Sistemi<\/td>\n<td>Progresif<\/td>\n<\/tr>\n<tr>\n<td colspan=\"2\">Elektronik Shutter H\u0131z\u0131<\/td>\n<td>1\/1 s ~ 1 \/ 30,000s<\/td>\n<\/tr>\n<tr>\n<td colspan=\"2\">Minimum Ayd\u0131nlatma<\/td>\n<td>Renk: 0.05Lux@F1.6;&nbsp;S \/ B: 0.005Lux@F1.6<\/td>\n<\/tr>\n<tr>\n<td colspan=\"2\">S \/ N Oran\u0131<\/td>\n<td>55 dB&rsquo;den fazla<\/td>\n<\/tr>\n<tr>\n<td colspan=\"2\">IR Mesafesi<\/td>\n<td>&ndash;<\/td>\n<\/tr>\n<tr>\n<td colspan=\"2\">IR A&ccedil;\u0131k \/ Kapal\u0131 Kontrol&uuml;<\/td>\n<td>&ndash;<\/td>\n<\/tr>\n<tr>\n<td colspan=\"2\">IR Led&rsquo;leri<\/td>\n<td>&ndash;<\/td>\n<\/tr>\n<tr>\n<td colspan=\"3\"><strong>Lens<\/strong><\/td>\n<\/tr>\n<tr>\n<td colspan=\"2\">Odak Uzakl\u0131\u011f\u0131<\/td>\n<td>4.5 mm ~ 135mm<\/td>\n<\/tr>\n<tr>\n<td colspan=\"2\">Maks. A&ccedil;\u0131kl\u0131k<\/td>\n<td>F1.6 ~ F4.4<\/td>\n<\/tr>\n<tr>\n<td colspan=\"2\">G&ouml;r&uuml;\u015f A&ccedil;\u0131s\u0131<\/td>\n<td>H: 60 &deg; ~ 2.2 &deg;<\/td>\n<\/tr>\n<tr>\n<td colspan=\"2\">Optik Zoom<\/td>\n<td>30x<\/td>\n<\/tr>\n<tr>\n<td colspan=\"2\">Odak Kontrol&uuml;<\/td>\n<td>Otomatik \/ Manuel<\/td>\n<\/tr>\n<tr>\n<td colspan=\"2\">Yak\u0131n Odak Mesafesi<\/td>\n<td>100mm ~ 1000mm<\/td>\n<\/tr>\n<tr>\n<td colspan=\"3\"><strong>Pan \/ Tilt \/ Flip<\/strong><\/td>\n<\/tr>\n<tr>\n<td colspan=\"2\">Pan \/ Tilt \/ Flip<\/td>\n<td>Pan: 0&deg; ~ 360&deg; endless; Tilt: -20&deg; ~ 90&deg;,Otomatik flip 180&deg;<\/td>\n<\/tr>\n<tr>\n<td colspan=\"2\">Manuel Kontrol H\u0131z\u0131<\/td>\n<td>Pan: 0.1&deg; ~300&deg; \/s; Tilt: 0.1&deg; ~150&deg; \/s<\/td>\n<\/tr>\n<tr>\n<td colspan=\"2\">Ayarlanabilir H\u0131z<\/td>\n<td>Pan: 600&deg; \/s; Tilt: 500&deg; \/s<\/td>\n<\/tr>\n<tr>\n<td colspan=\"2\">Presets<\/td>\n<td>300<\/td>\n<\/tr>\n<tr>\n<td colspan=\"2\">PTZ Modu<\/td>\n<td>5 Pattern, 8 Tur, Otomatik Pan, Otomatik Tarama<\/td>\n<\/tr>\n<tr>\n<td colspan=\"2\">H\u0131z Ayar\u0131<\/td>\n<td>\u0130nsan odakl\u0131 odak uzakl\u0131\u011f\u0131 \/ h\u0131z adaptasyonu<\/td>\n<\/tr>\n<tr>\n<td colspan=\"2\">PTZ Bo\u015fta \u0130ken<\/td>\n<td>Belirtilen periyotta komut yoksa Preset \/ Scan \/ Tour \/ Pattern&rsquo;i etkinle\u015ftirme<\/td>\n<\/tr>\n<tr>\n<td colspan=\"2\">Eylem Durumu<\/td>\n<td>G&uuml;&ccedil; kesildi\u011finde &ouml;nceki PTZ ve lens durumuna otomatik geri y&uuml;kleme<\/td>\n<\/tr>\n<tr>\n<td colspan=\"2\">Protokol<\/td>\n<td>DH-SD, Pelco-P \/ D (Otomatik tan\u0131ma)<\/td>\n<\/tr>\n<tr>\n<td colspan=\"2\"><strong>Ak\u0131ll\u0131 Fonksiyonlar<\/strong><\/td>\n<td>&nbsp;<\/td>\n<\/tr>\n<tr>\n<td colspan=\"2\">Olay Tetikleyicisi<\/td>\n<td>Hareket alg\u0131lama, Video kurcalama, Sahne de\u011fi\u015ftirme, A\u011f ba\u011flant\u0131s\u0131n\u0131n kesilmesi, IP adresi &ccedil;ak\u0131\u015fmas\u0131, Yasad\u0131\u015f\u0131 Eri\u015fim, Depolama bozuklu\u011fu<\/td>\n<\/tr>\n<tr>\n<td colspan=\"2\">Otomatik \u0130zleme<\/td>\n<td>Mevcut<\/td>\n<\/tr>\n<tr>\n<td colspan=\"2\">IVS<\/td>\n<td>Tripwire, Davetsiz Misafir, Terkedilmi\u015f \/ Kay\u0131p<\/td>\n<\/tr>\n<tr>\n<td colspan=\"2\">Geli\u015fmi\u015f Ak\u0131ll\u0131 Fonksiyonlar<\/td>\n<td>Y&uuml;z Alg\u0131lama, Is\u0131 Haritas\u0131<\/td>\n<\/tr>\n<tr>\n<td colspan=\"3\"><strong>Video<\/strong><\/td>\n<\/tr>\n<tr>\n<td colspan=\"2\">S\u0131k\u0131\u015ft\u0131rma<\/td>\n<td>H.265 + \/ H.265 \/ H.264 + \/ H.264<\/td>\n<\/tr>\n<tr>\n<td colspan=\"2\">G&ouml;r&uuml;nt&uuml; Ak\u0131\u015f Kapasitesi<\/td>\n<td>3&rsquo;l&uuml; ak\u0131\u015f<\/td>\n<\/tr>\n<tr>\n<td colspan=\"2\">&Ccedil;&ouml;z&uuml;n&uuml;rl&uuml;k<\/td>\n<td>4M (2592 x 1520), \/ 3M &uuml;zere (2304 x 1296) \/ 1080P (1920 x 1080) \/ 720P (1280 x 720) \/ D1 (704 x 576\/704 x 480) \/ CIF (352 x 288\/352 x 240)<\/td>\n<\/tr>\n<tr>\n<td rowspan=\"3\">Frame H\u0131z\u0131<\/td>\n<td>Ana Ak\u0131\u015f<\/td>\n<td>4M \/ 3M (1 ~ 25 \/ 30fps), 1080P \/ 1.3M \/ 720P (1 ~ 50 \/ 60fps)<\/td>\n<\/tr>\n<tr>\n<td>Alt Ak\u0131\u015f 1<\/td>\n<td>D1 \/ CIF (1 ~ 25 \/ 30fps)<\/td>\n<\/tr>\n<tr>\n<td>Alt Ak\u0131\u015f 2<\/td>\n<td>1080P \/ 1.3M \/ 720P \/ D1 \/ CIF (1 ~ 25 \/ 30fps)<\/td>\n<\/tr>\n<\/tbody>\n<\/table>\n<table border=\"1\" cellpadding=\"5\" cellspacing=\"1\" id=\"table002\">\n<tbody>\n<tr>\n<td>Bit H\u0131z\u0131 Kontrol&uuml;<\/td>\n<td>CBR \/ VBR<\/td>\n<\/tr>\n<tr>\n<td>Bit H\u0131z\u0131<\/td>\n<td>H.265 \/ H.264: 448 K ~ 8192 Kb \/ sn<\/td>\n<\/tr>\n<tr>\n<td>G&uuml;nd&uuml;z Gece<\/td>\n<td>Otomatik (ICR) \/ Renkli \/ S \/ B<\/td>\n<\/tr>\n<tr>\n<td>Arka I\u015f\u0131k Telafisi<\/td>\n<td>BLC \/ HLC \/ WDR (120dB)<\/td>\n<\/tr>\n<tr>\n<td>Beyaz Dengesi<\/td>\n<td>Otomatik, ATW, Kapal\u0131, A&ccedil;\u0131k, Manuel<\/td>\n<\/tr>\n<tr>\n<td>Kazan&ccedil; Kontrol&uuml;<\/td>\n<td>Otomatik \/ Manuel<\/td>\n<\/tr>\n<tr>\n<td>Parazit Azaltma<\/td>\n<td>Ultra DNR (2D \/ 3D)<\/td>\n<\/tr>\n<tr>\n<td>Hareket Alg\u0131lama<\/td>\n<td>Mevcut<\/td>\n<\/tr>\n<tr>\n<td>ROI<\/td>\n<td>Mevcut<\/td>\n<\/tr>\n<tr>\n<td>Elektronik G&ouml;r&uuml;nt&uuml; Sabitleme (EIS)<\/td>\n<td>Mevcut<\/td>\n<\/tr>\n<tr>\n<td>Ultra Defog (Anti Sis)<\/td>\n<td>Mevcut<\/td>\n<\/tr>\n<tr>\n<td>Dijital Zoom<\/td>\n<td>16x<\/td>\n<\/tr>\n<tr>\n<td>Flip<\/td>\n<td>180&deg;<\/td>\n<\/tr>\n<tr>\n<td>&Ouml;zel Alan Maskeleme<\/td>\n<td>24 alana kadar<\/td>\n<\/tr>\n<tr>\n<td><strong>Ses<\/strong><\/td>\n<td>&nbsp;<\/td>\n<\/tr>\n<tr>\n<td>S\u0131k\u0131\u015ft\u0131rma<\/td>\n<td>G.711a \/ G.711Mu \/ AAC \/ G.722 \/ G.726 \/ G.729 \/ MPEG2-L2<\/td>\n<\/tr>\n<tr>\n<td colspan=\"2\"><strong>Network<\/strong><\/td>\n<\/tr>\n<tr>\n<td>Ethernet<\/td>\n<td>RJ-45 (10Base-T \/ 100Base-TX)<\/td>\n<\/tr>\n<tr>\n<td>Protokol<\/td>\n<td>IPv4 \/ IPv6, HTTP, HTTPS, SSL, TCP \/ IP, UDP, UPnP,<\/p>\n<p>&nbsp;<\/p>\n<p>ICMP, IGMP, SNMP, RTSP, RTP, SMTP, NTP, DHCP,<\/p>\n<p>DNS, PPPOE, DDNS, FTP,&nbsp;IP Filtresi, QoS, Bonjour, 802.1x<\/p>\n<\/td>\n<\/tr>\n<tr>\n<td>ONVIF<\/td>\n<td>ONVIF Profili S&amp;G, API<\/td>\n<\/tr>\n<tr>\n<td>Ak\u0131\u015f Y&ouml;ntemi<\/td>\n<td>Tek noktaya yay\u0131n \/ &Ccedil;ok noktaya yay\u0131n<\/td>\n<\/tr>\n<tr>\n<td>Maks.&nbsp;Kullan\u0131c\u0131 Eri\u015fimi<\/td>\n<td>20 kullan\u0131c\u0131<\/td>\n<\/tr>\n<tr>\n<td>Direkt Depolama<\/td>\n<td>NAS (A\u011fa Ba\u011fl\u0131 Depolama), anl\u0131k kay\u0131t i&ccedil;in Yerel Bilgisayar, Micro SD kart 256GB<\/td>\n<\/tr>\n<tr>\n<td>Web G&ouml;r&uuml;nt&uuml;leyici<\/td>\n<td>IE, Chrome, Firefox, Safari<\/td>\n<\/tr>\n<tr>\n<td>Yaz\u0131l\u0131m Y&ouml;netimi<\/td>\n<td>Ak\u0131ll\u0131 PSS, DSS, DMSS<\/td>\n<\/tr>\n<tr>\n<td>Ak\u0131ll\u0131 Telefon<\/td>\n<td>IOS, Android<\/td>\n<\/tr>\n<tr>\n<td><strong>Sertifikalar<\/strong><\/td>\n<td>&nbsp;<\/td>\n<\/tr>\n<tr>\n<td>Sertifikalar<\/td>\n<td>CE: EN55032 \/ EN55024 \/ EN50130-4<\/p>\n<p>&nbsp;<\/p>\n<p>FCC: B&ouml;l&uuml;m 15 alt b&ouml;l&uuml;m&uuml;B, ANSI C63.4- 2014<\/p>\n<p>UL: UL60950-1 + CAN \/ CSA C22.2&nbsp;,&nbsp;No.60950-1<\/p>\n<\/td>\n<\/tr>\n<tr>\n<td><strong>Aray&uuml;z<\/strong><\/td>\n<td>&nbsp;<\/td>\n<\/tr>\n<tr>\n<td>Video Arabirimi<\/td>\n<td>1 port(BNC, 1.0V[p-p], 75&Omega;)<\/td>\n<\/tr>\n<tr>\n<td>RS485<\/td>\n<td>1<\/td>\n<\/tr>\n<tr>\n<td>Ses Giri\u015f \/ &Ccedil;\u0131k\u0131\u015f<\/td>\n<td>1\/1<\/td>\n<\/tr>\n<tr>\n<td>Alarm G \/ &Ccedil;<\/td>\n<td>7\/2<\/td>\n<\/tr>\n<tr>\n<td colspan=\"2\"><strong>Genel<\/strong><\/td>\n<\/tr>\n<tr>\n<td>G&uuml;&ccedil; Kayna\u011f\u0131<\/td>\n<td>AC24V \/ 3A (&plusmn;% 25), PoE + (802.3at)<\/td>\n<\/tr>\n<tr>\n<td>G&uuml;&ccedil; T&uuml;ketimi<\/td>\n<td>13W, 20W (Is\u0131t\u0131c\u0131 a&ccedil;\u0131k)<\/td>\n<\/tr>\n<\/tbody>\n<\/table>\n<table border=\"1\" cellpadding=\"5\" cellspacing=\"1\" id=\"table003\">\n<tbody>\n<tr>\n<td>&Ccedil;al\u0131\u015fma Ko\u015fullar\u0131<\/td>\n<td>-40 &deg; C ~ 70 &deg; C (-40 &deg; F ~ + 158 &deg; F) \/% 95&rsquo;ten az RH<\/td>\n<\/tr>\n<tr>\n<td>Koruma Sertifikas\u0131<\/td>\n<td>IP67<\/td>\n<\/tr>\n<tr>\n<td>Dayan\u0131kl\u0131l\u0131k Sertifikas\u0131<\/td>\n<td>IK10<\/td>\n<\/tr>\n<tr>\n<td>Kasa<\/td>\n<td>Metal<\/td>\n<\/tr>\n<tr>\n<td>Boyutlar<\/td>\n<td>&Phi;222 (mm) x 292 (mm)<\/td>\n<\/tr>\n<tr>\n<td>Net A\u011f\u0131rl\u0131k<\/td>\n<td>3.5 kg<\/td>\n<\/tr>\n<\/tbody>\n<\/table>\n","protected":false},"excerpt":{"rendered":"<p>1\/3 &rdquo;4 Megapiksel CMOS G&uuml;&ccedil;l&uuml; 30x optik zoom H.265 Kodlama Maks.&nbsp;25 \/ 30fps @ 4M \/ 3M&nbsp;, 25\/30\/50&nbsp;\/ 60fps @ 1080P Otomatik \u0130zleme ve IVS PoE + IP67, IK10 Dahua SD60430U-HNI Teknik &Ouml;zellikleri Kamera G&ouml;r&uuml;nt&uuml; Sens&ouml;r&uuml; 1\/3 &rdquo;CMOS Etkin Piksel 2592 (H) x 1520 (V), 4 Megapiksel RAM \/ ROM 1024M \/ 128M Tarama Sistemi [&#8230;]\n","protected":false},"featured_media":997,"comment_status":"closed","ping_status":"closed","template":"","meta":[],"_links":{"self":[{"href":"https:\/\/nilbilisim.com.tr\/magaza\/wp-json\/wp\/v2\/product\/996"}],"collection":[{"href":"https:\/\/nilbilisim.com.tr\/magaza\/wp-json\/wp\/v2\/product"}],"about":[{"href":"https:\/\/nilbilisim.com.tr\/magaza\/wp-json\/wp\/v2\/types\/product"}],"replies":[{"embeddable":true,"href":"https:\/\/nilbilisim.com.tr\/magaza\/wp-json\/wp\/v2\/comments?post=996"}],"wp:featuredmedia":[{"embeddable":true,"href":"https:\/\/nilbilisim.com.tr\/magaza\/wp-json\/wp\/v2\/media\/997"}],"wp:attachment":[{"href":"https:\/\/nilbilisim.com.tr\/magaza\/wp-json\/wp\/v2\/media?parent=996"}],"curies":[{"name":"wp","href":"https:\/\/api.w.org\/{rel}","templated":true}]}}